{"id":20508,"date":"2026-05-12T13:37:44","date_gmt":"2026-05-12T12:37:44","guid":{"rendered":"https:\/\/elitenutritionmaroc.com\/?post_type=product&#038;p=20508"},"modified":"2026-05-12T14:37:39","modified_gmt":"2026-05-12T13:37:39","slug":"nitro-tech-whey-protein-18kg-muscletech","status":"publish","type":"product","link":"https:\/\/elitenutritionmaroc.com\/ar\/product\/nitro-tech-whey-protein-18kg-muscletech\/","title":{"rendered":"Nitro tech whey protein 1,8kg MuscleTech"},"content":{"rendered":"<div class=\"qMYqUG_convSearchResultHighlightRoot\">\n<div class=\"\" data-turn-id-container=\"request-WEB:a1e206e0-24e5-4e3d-bad6-d6e16fdc86e3-6\" data-is-intersecting=\"true\">\n<div class=\"relative w-full overflow-visible\">\n<section class=\"text-token-text-primary w-full focus:outline-none [--shadow-height:45px] has-data-writing-block:pointer-events-none has-data-writing-block:-mt-(--shadow-height) has-data-writing-block:pt-(--shadow-height) [&amp;:has([data-writing-block])&gt;*]:pointer-events-auto R6Vx5W_threadScrollVars scroll-mb-[calc(var(--scroll-root-safe-area-inset-bottom,0px)+var(--thread-response-height))] scroll-mt-[calc(var(--header-height)+min(200px,max(70px,20svh)))]\" dir=\"auto\" data-turn-id=\"request-WEB:a1e206e0-24e5-4e3d-bad6-d6e16fdc86e3-6\" data-turn-id-container=\"request-WEB:a1e206e0-24e5-4e3d-bad6-d6e16fdc86e3-6\" data-testid=\"conversation-turn-14\" data-scroll-anchor=\"false\" data-turn=\"assistant\">\n<div class=\"text-base my-auto mx-auto pb-10 [--thread-content-margin:var(--thread-content-margin-xs,calc(var(--spacing)*4))] @w-sm\/main:[--thread-content-margin:var(--thread-content-margin-sm,calc(var(--spacing)*6))] @w-lg\/main:[--thread-content-margin:var(--thread-content-margin-lg,calc(var(--spacing)*16))] px-(--thread-content-margin)\">\n<div class=\"[--thread-content-max-width:40rem] @w-lg\/main:[--thread-content-max-width:48rem] mx-auto max-w-(--thread-content-max-width) flex-1 group\/turn-messages focus-visible:outline-hidden relative flex w-full min-w-0 flex-col agent-turn\">\n<div class=\"flex max-w-full flex-col gap-4 grow\">\n<div class=\"min-h-8 text-message relative flex w-full flex-col items-end gap-2 text-start break-words whitespace-normal outline-none keyboard-focused:focus-ring [.text-message+&amp;]:mt-1\" dir=\"auto\" tabindex=\"0\" data-message-author-role=\"assistant\" data-message-id=\"51700811-ea1b-41f3-b206-99098b884de8\" data-message-model-slug=\"gpt-5-5\" data-turn-start-message=\"true\">\n<div class=\"flex w-full flex-col gap-1 empty:hidden\">\n<div class=\"markdown prose dark:prose-invert wrap-break-word w-full light markdown-new-styling\">\n<p data-start=\"0\" data-end=\"80\"><strong data-start=\"3\" data-end=\"80\">NITRO-TECH WHEY PROTEIN 1,8KG \u2013 MUSCLETECH | MUSCLE, FORCE &amp; R\u00c9CUP\u00c9RATION<\/strong><\/p>\n<p data-start=\"82\" data-end=\"464\">Nitro-Tech\u00ae de <span class=\"hover:entity-accent entity-underline inline cursor-pointer align-baseline\"><span class=\"whitespace-normal\">MuscleTech<\/span><\/span> est une whey prot\u00e9ine avanc\u00e9e con\u00e7ue pour soutenir la prise de muscle, la r\u00e9cup\u00e9ration et l\u2019am\u00e9lioration des performances physiques. Sa formule associe des prot\u00e9ines de whey de haute qualit\u00e9 avec de la cr\u00e9atine monohydrate afin d\u2019offrir un soutien complet aux sportifs recherchant force, r\u00e9cup\u00e9ration et d\u00e9veloppement musculaire.<\/p>\n<p data-start=\"466\" data-end=\"632\">Gr\u00e2ce \u00e0 son m\u00e9lange de whey isolate, whey concentrate et peptides hydrolys\u00e9s, Nitro-Tech\u00ae assure une absorption rapide et efficace des prot\u00e9ines apr\u00e8s l\u2019entra\u00eenement.<\/p>\n<p data-start=\"466\" data-end=\"632\">\n<p data-start=\"634\" data-end=\"681\">\u2705 <strong data-start=\"636\" data-end=\"681\">Bienfaits cl\u00e9s de Nitro-Tech Whey Protein<\/strong><\/p>\n<p data-start=\"683\" data-end=\"741\">\ud83d\udcaa Soutient le d\u00e9veloppement de la masse musculaire maigre<\/p>\n<p data-start=\"743\" data-end=\"800\">\u26a1 Aide \u00e0 am\u00e9liorer la force et les performances physiques<\/p>\n<p data-start=\"802\" data-end=\"861\">\ud83e\uddec Favorise la r\u00e9cup\u00e9ration musculaire apr\u00e8s l\u2019entra\u00eenement<\/p>\n<p data-start=\"863\" data-end=\"936\">\ud83d\udd25 Contient naturellement des BCAA pour soutenir la r\u00e9paration musculaire<\/p>\n<p data-start=\"938\" data-end=\"1021\">\ud83d\ude80 Formule enrichie en cr\u00e9atine pour optimiser la puissance et l\u2019\u00e9nergie musculaire<\/p>\n<p data-start=\"1023\" data-end=\"1065\">\ud83e\udd64 Texture onctueuse et saveurs gourmandes<\/p>\n<\/div>\n<p data-start=\"1023\" data-end=\"1065\">\n<div class=\"markdown prose dark:prose-invert wrap-break-word w-full light markdown-new-styling\">\n<p data-start=\"1067\" data-end=\"1110\">\ud83e\uddea <strong data-start=\"1070\" data-end=\"1110\">Composition principale (par portion)<\/strong><\/p>\n<ul data-start=\"1112\" data-end=\"1300\">\n<li data-section-id=\"tlku6m\" data-start=\"1112\" data-end=\"1141\">30 g de prot\u00e9ines de whey<\/li>\n<li data-section-id=\"1nzjo06\" data-start=\"1142\" data-end=\"1173\">3 g de cr\u00e9atine monohydrate<\/li>\n<li data-section-id=\"1fywsbe\" data-start=\"1174\" data-end=\"1242\">M\u00e9lange de whey concentrate, whey isolate et peptides hydrolys\u00e9s<\/li>\n<li data-section-id=\"70nesr\" data-start=\"1243\" data-end=\"1300\">Acides amin\u00e9s naturellement pr\u00e9sents, incluant les BCAA<\/li>\n<\/ul>\n<p data-start=\"1302\" data-end=\"1392\">\ud83d\udc49 Formule multi-phases con\u00e7ue pour une digestion rapide et un soutien musculaire optimal.<\/p>\n<\/div>\n<p data-start=\"1302\" data-end=\"1392\">\n<div class=\"markdown prose dark:prose-invert wrap-break-word w-full light markdown-new-styling\">\n<p data-start=\"1394\" data-end=\"1428\">\u2699\ufe0f <strong data-start=\"1397\" data-end=\"1428\">Caract\u00e9ristiques du produit<\/strong><\/p>\n<ul data-start=\"1430\" data-end=\"1595\">\n<li data-section-id=\"zqhsag\" data-start=\"1430\" data-end=\"1449\">Format : 1,8 kg<\/li>\n<li data-section-id=\"12ak8ve\" data-start=\"1450\" data-end=\"1488\">Whey prot\u00e9ine enrichie en cr\u00e9atine<\/li>\n<li data-section-id=\"2bpuxj\" data-start=\"1489\" data-end=\"1547\">M\u00e9lange haute qualit\u00e9 pour r\u00e9cup\u00e9ration et performance<\/li>\n<li data-section-id=\"1a3zrm2\" data-start=\"1548\" data-end=\"1595\">Id\u00e9al apr\u00e8s l\u2019entra\u00eenement ou entre les repas<\/li>\n<\/ul>\n<p>&nbsp;<\/p>\n<p data-start=\"1597\" data-end=\"1626\">\ud83d\udd52 <strong data-start=\"1600\" data-end=\"1626\">Conseils d\u2019utilisation<\/strong><\/p>\n<p data-start=\"1628\" data-end=\"1706\">M\u00e9langer 1 dose avec 200 \u00e0 300 ml d\u2019eau ou de lait selon la texture souhait\u00e9e.<\/p>\n<p data-start=\"1708\" data-end=\"1809\">Consommer apr\u00e8s l\u2019entra\u00eenement ou \u00e0 tout moment de la journ\u00e9e afin d\u2019augmenter l\u2019apport en prot\u00e9ines.<\/p>\n<\/div>\n<p data-start=\"1708\" data-end=\"1809\">\n<div class=\"markdown prose dark:prose-invert wrap-break-word w-full light markdown-new-styling\">\n<p data-start=\"1811\" data-end=\"1828\">\ud83c\udfaf <strong data-start=\"1814\" data-end=\"1828\">Pour qui ?<\/strong><\/p>\n<p data-start=\"1830\" data-end=\"1882\">Sportifs souhaitant d\u00e9velopper leur masse musculaire<\/p>\n<p data-start=\"1884\" data-end=\"1921\">Pratiquants de musculation et fitness<\/p>\n<p data-start=\"1923\" data-end=\"1965\">Athl\u00e8tes recherchant force et r\u00e9cup\u00e9ration<\/p>\n<p data-start=\"1967\" data-end=\"2032\">Personnes souhaitant augmenter leur apport quotidien en prot\u00e9ines<\/p>\n<p data-start=\"2034\" data-end=\"2085\">Entra\u00eenements intensifs et objectifs de performance<\/p>\n<p data-start=\"2034\" data-end=\"2085\">\n<p data-start=\"2087\" data-end=\"2105\">\u26a0\ufe0f <strong data-start=\"2090\" data-end=\"2105\">Pr\u00e9cautions<\/strong><\/p>\n<p data-start=\"2107\" data-end=\"2371\">Compl\u00e9ment alimentaire \u00e0 utiliser dans le cadre d\u2019une alimentation vari\u00e9e et \u00e9quilibr\u00e9e ainsi qu\u2019un mode de vie sain. Ne pas d\u00e9passer la dose journali\u00e8re recommand\u00e9e. Conserver dans un endroit frais, sec et \u00e0 l\u2019abri de la lumi\u00e8re. Tenir hors de port\u00e9e des enfants.<\/p>\n<\/div>\n<p data-start=\"2107\" data-end=\"2371\">\n<div class=\"markdown prose dark:prose-invert wrap-break-word w-full light markdown-new-styling\">\n<p data-start=\"2373\" data-end=\"2410\">\ud83d\ude80 <strong data-start=\"2376\" data-end=\"2410\">Pourquoi choisir Nitro-Tech\u00ae ?<\/strong><\/p>\n<p data-start=\"2412\" data-end=\"2648\" data-is-last-node=\"\" data-is-only-node=\"\">\u2714\ufe0f 30 g de prot\u00e9ines par portion<br data-start=\"2444\" data-end=\"2447\" \/>\u2714\ufe0f Cr\u00e9atine int\u00e9gr\u00e9e pour soutenir force et performance<br data-start=\"2502\" data-end=\"2505\" \/>\u2714\ufe0f M\u00e9lange de whey \u00e0 absorption rapide<br data-start=\"2543\" data-end=\"2546\" \/>\u2714\ufe0f Riche en BCAA naturellement pr\u00e9sents<br data-start=\"2585\" data-end=\"2588\" \/>\u2714\ufe0f Produit reconnu mondialement par les sportifs et athl\u00e8tes<\/p>\n<\/div>\n<\/div>\n<\/div>\n<\/div>\n<div class=\"z-0 flex min-h-[46px] justify-start\"><\/div>\n<div class=\"mt-3 w-full empty:hidden\">\n<div class=\"text-center\"><\/div>\n<\/div>\n<\/div>\n<\/div>\n<\/section>\n<div class=\"contents\"><\/div>\n<\/div>\n<\/div>\n<\/div>\n<div class=\"pointer-events-none -mt-px h-px translate-y-[calc(var(--scroll-root-safe-area-inset-bottom)-14*var(--spacing))]\" aria-hidden=\"true\"><\/div>\n","protected":false},"excerpt":{"rendered":"<h3>\ud83d\udd25 Key Benefits:<\/h3>\n<ul>\n<li>\ud83d\udca5 <strong>High-Quality Whey Protein<\/strong> \u2013 30g of protein per serving from whey peptides and isolate.<\/li>\n<li>\u26a1 <strong>Enhanced with 3g of Creatine<\/strong> \u2013 Supports strength, power, and muscle mass.<\/li>\n<li>\ud83c\udfcb\ufe0f\u200d\u2642\ufe0f <strong>Rich in BCAAs &amp; Glutamine<\/strong> \u2013 6.6g of BCAAs and 5g of glutamine for muscle recovery.<\/li>\n<li>\ud83d\ude80 <strong>Fast Absorption<\/strong> \u2013 Quick digestion for optimal post-workout muscle repair.<\/li>\n<li>\ud83c\udf43 <strong>Low in Fat &amp; Sugar<\/strong> \u2013 A clean protein source with minimal additives.<\/li>\n<\/ul>","protected":false},"featured_media":20509,"comment_status":"open","ping_status":"closed","template":"","meta":[],"product_brand":[220],"product_cat":[485],"product_tag":[],"class_list":{"0":"post-20508","1":"product","2":"type-product","3":"status-publish","4":"has-post-thumbnail","6":"product_brand-muscletech","7":"product_cat-proteines","9":"first","10":"instock","11":"shipping-taxable","12":"purchasable","13":"product-type-simple"},"_links":{"self":[{"href":"https:\/\/elitenutritionmaroc.com\/ar\/wp-json\/wp\/v2\/product\/20508","targetHints":{"allow":["GET"]}}],"collection":[{"href":"https:\/\/elitenutritionmaroc.com\/ar\/wp-json\/wp\/v2\/product"}],"about":[{"href":"https:\/\/elitenutritionmaroc.com\/ar\/wp-json\/wp\/v2\/types\/product"}],"replies":[{"embeddable":true,"href":"https:\/\/elitenutritionmaroc.com\/ar\/wp-json\/wp\/v2\/comments?post=20508"}],"version-history":[{"count":1,"href":"https:\/\/elitenutritionmaroc.com\/ar\/wp-json\/wp\/v2\/product\/20508\/revisions"}],"predecessor-version":[{"id":20510,"href":"https:\/\/elitenutritionmaroc.com\/ar\/wp-json\/wp\/v2\/product\/20508\/revisions\/20510"}],"wp:featuredmedia":[{"embeddable":true,"href":"https:\/\/elitenutritionmaroc.com\/ar\/wp-json\/wp\/v2\/media\/20509"}],"wp:attachment":[{"href":"https:\/\/elitenutritionmaroc.com\/ar\/wp-json\/wp\/v2\/media?parent=20508"}],"wp:term":[{"taxonomy":"product_brand","embeddable":true,"href":"https:\/\/elitenutritionmaroc.com\/ar\/wp-json\/wp\/v2\/product_brand?post=20508"},{"taxonomy":"product_cat","embeddable":true,"href":"https:\/\/elitenutritionmaroc.com\/ar\/wp-json\/wp\/v2\/product_cat?post=20508"},{"taxonomy":"product_tag","embeddable":true,"href":"https:\/\/elitenutritionmaroc.com\/ar\/wp-json\/wp\/v2\/product_tag?post=20508"}],"curies":[{"name":"wp","href":"https:\/\/api.w.org\/{rel}","templated":true}]}}