{"id":20495,"date":"2026-05-12T13:23:14","date_gmt":"2026-05-12T12:23:14","guid":{"rendered":"https:\/\/elitenutritionmaroc.com\/?post_type=product&#038;p=20495"},"modified":"2026-05-12T13:23:15","modified_gmt":"2026-05-12T12:23:15","slug":"the-curse-pre-workout-250g-jnx-sports-energie-focus-pump-extreme","status":"publish","type":"product","link":"https:\/\/elitenutritionmaroc.com\/ar\/product\/the-curse-pre-workout-250g-jnx-sports-energie-focus-pump-extreme\/","title":{"rendered":"THE CURSE\u00ae PRE-WORKOUT 250G \u2013 JNX SPORTS | \u00c9NERGIE, FOCUS &#038; PUMP EXTR\u00caME"},"content":{"rendered":"<p data-start=\"0\" data-end=\"78\"><strong data-start=\"3\" data-end=\"78\">HE CURSE PRE-WORKOUT 250G \u2013 JNX SPORTS | \u00c9NERGIE, FOCUS &amp; PUMP EXTR\u00caME<\/strong><\/p>\n<p data-start=\"80\" data-end=\"407\">The Curse de <span class=\"hover:entity-accent entity-underline inline cursor-pointer align-baseline\"><span class=\"whitespace-normal\">JNX Sports<\/span><\/span> est un pr\u00e9-workout puissant con\u00e7u pour booster l\u2019\u00e9nergie, am\u00e9liorer la concentration et maximiser les performances pendant l\u2019entra\u00eenement. Sa formule avanc\u00e9e aide \u00e0 augmenter l\u2019endurance, la force et la congestion musculaire pour des s\u00e9ances plus intenses et plus productives.<\/p>\n<p data-start=\"409\" data-end=\"625\">Gr\u00e2ce \u00e0 sa composition sans sucre, sans gluten et adapt\u00e9e aux v\u00e9gans, The Curse convient parfaitement aux sportifs recherchant un booster efficace avant leurs entra\u00eenements de musculation, fitness ou cardio intensif.<\/p>\n<p data-start=\"627\" data-end=\"660\">\u2705 <strong data-start=\"629\" data-end=\"660\">Bienfaits cl\u00e9s de The Curse<\/strong><\/p>\n<p data-start=\"662\" data-end=\"700\">\u26a1 \u00c9nergie intense avant l\u2019entra\u00eenement<\/p>\n<p data-start=\"702\" data-end=\"759\">\ud83d\udcaa Am\u00e9lioration de la force et des performances physiques<\/p>\n<p data-start=\"761\" data-end=\"822\">\ud83d\udd25 Favorise une congestion musculaire puissante (muscle pump)<\/p>\n<p data-start=\"824\" data-end=\"866\">\ud83e\udde0 Focus mental et concentration optimis\u00e9s<\/p>\n<p data-start=\"868\" data-end=\"927\">\u23f1\ufe0f Permet de s\u2019entra\u00eener plus longtemps et plus intens\u00e9ment<\/p>\n<p data-start=\"929\" data-end=\"978\">\ud83d\ude80 Soutient l\u2019endurance et la motivation sportive<\/p>\n<p data-start=\"980\" data-end=\"1028\">\ud83c\udf31 Sans gluten, sans soja et convient aux v\u00e9gans<\/p>\n<p data-start=\"1030\" data-end=\"1064\">\ud83e\uddea <strong data-start=\"1033\" data-end=\"1064\">Caract\u00e9ristiques du produit<\/strong><\/p>\n<ul data-start=\"1066\" data-end=\"1255\">\n<li data-section-id=\"q275hu\" data-start=\"1066\" data-end=\"1100\">Ar\u00f4mes naturels et artificiels<\/li>\n<li data-section-id=\"d6zx1\" data-start=\"1101\" data-end=\"1115\">Sans sucre<\/li>\n<li data-section-id=\"1f2bb5y\" data-start=\"1116\" data-end=\"1131\">Sans gluten<\/li>\n<li data-section-id=\"1t5uv80\" data-start=\"1132\" data-end=\"1145\">Sans soja<\/li>\n<li data-section-id=\"baewyq\" data-start=\"1146\" data-end=\"1169\">Convient aux v\u00e9gans<\/li>\n<li data-section-id=\"1oykd1a\" data-start=\"1170\" data-end=\"1255\">Fabriqu\u00e9 dans un \u00e9tablissement respectant les bonnes pratiques de fabrication (GMP)<\/li>\n<\/ul>\n<p data-start=\"1257\" data-end=\"1355\">\ud83d\udc49 Pr\u00e9-workout reconnu pour son \u00e9nergie explosive et son effet focus avant les s\u00e9ances intensives.<\/p>\n<p data-start=\"1357\" data-end=\"1386\">\ud83d\udd52 <strong data-start=\"1360\" data-end=\"1386\">\u0646\u0635\u0627\u0626\u062d \u0644\u0644\u0627\u0633\u062a\u062e\u062f\u0627\u0645<\/strong><\/p>\n<p data-start=\"1388\" data-end=\"1493\">M\u00e9langer 1 dose dans 200 \u00e0 250 ml d\u2019eau froide et consommer environ 20 \u00e0 30 minutes avant l\u2019entra\u00eenement.<\/p>\n<p data-start=\"1495\" data-end=\"1565\">Commencer avec une demi-dose afin d\u2019\u00e9valuer la tol\u00e9rance individuelle.<\/p>\n<p data-start=\"1567\" data-end=\"1584\">\ud83c\udfaf <strong data-start=\"1570\" data-end=\"1584\">Pour qui ?<\/strong><\/p>\n<p data-start=\"1586\" data-end=\"1630\">Sportifs recherchant un pr\u00e9-workout puissant<\/p>\n<p data-start=\"1632\" data-end=\"1669\">\u0645\u0645\u0627\u0631\u0633\u0648 \u0643\u0645\u0627\u0644 \u0627\u0644\u0623\u062c\u0633\u0627\u0645 \u0648\u0627\u0644\u0644\u064a\u0627\u0642\u0629 \u0627\u0644\u0628\u062f\u0646\u064a\u0629<\/p>\n<p data-start=\"1671\" data-end=\"1721\">Athl\u00e8tes souhaitant am\u00e9liorer \u00e9nergie et endurance<\/p>\n<p data-start=\"1723\" data-end=\"1784\">Personnes recherchant un meilleur focus mental avant l\u2019effort<\/p>\n<p data-start=\"1786\" data-end=\"1838\">Entra\u00eenements intensifs et s\u00e9ances haute performance<\/p>\n<p data-start=\"1840\" data-end=\"1858\">\u26a0\ufe0f <strong data-start=\"1843\" data-end=\"1858\">Pr\u00e9cautions<\/strong><\/p>\n<p data-start=\"1860\" data-end=\"2263\" data-is-last-node=\"\" data-is-only-node=\"\">Compl\u00e9ment alimentaire r\u00e9serv\u00e9 \u00e0 l\u2019adulte. Contient des stimulants, d\u00e9conseill\u00e9 aux enfants, femmes enceintes ou allaitantes et personnes sensibles \u00e0 la caf\u00e9ine. Ne pas d\u00e9passer la dose journali\u00e8re recommand\u00e9e. \u00c0 utiliser dans le cadre d\u2019une alimentation vari\u00e9e et \u00e9quilibr\u00e9e ainsi qu\u2019un mode de vie sain. Conserver dans un endroit frais, sec et \u00e0 l\u2019abri de la lumi\u00e8re. Tenir hors de port\u00e9e des enfants.<\/p>","protected":false},"excerpt":{"rendered":"<p>HE CURSE PRE-WORKOUT 250G \u2013 JNX SPORTS | \u00c9NERGIE, FOCUS &amp; PUMP EXTR\u00caME The Curse de JNX Sports est un<\/p>","protected":false},"featured_media":20496,"comment_status":"open","ping_status":"closed","template":"","meta":[],"product_brand":[688],"product_cat":[489],"product_tag":[],"class_list":{"0":"post-20495","1":"product","2":"type-product","3":"status-publish","4":"has-post-thumbnail","6":"product_brand-jnx","7":"product_cat-energie","9":"first","10":"instock","11":"shipping-taxable","12":"purchasable","13":"product-type-simple"},"_links":{"self":[{"href":"https:\/\/elitenutritionmaroc.com\/ar\/wp-json\/wp\/v2\/product\/20495","targetHints":{"allow":["GET"]}}],"collection":[{"href":"https:\/\/elitenutritionmaroc.com\/ar\/wp-json\/wp\/v2\/product"}],"about":[{"href":"https:\/\/elitenutritionmaroc.com\/ar\/wp-json\/wp\/v2\/types\/product"}],"replies":[{"embeddable":true,"href":"https:\/\/elitenutritionmaroc.com\/ar\/wp-json\/wp\/v2\/comments?post=20495"}],"version-history":[{"count":1,"href":"https:\/\/elitenutritionmaroc.com\/ar\/wp-json\/wp\/v2\/product\/20495\/revisions"}],"predecessor-version":[{"id":20497,"href":"https:\/\/elitenutritionmaroc.com\/ar\/wp-json\/wp\/v2\/product\/20495\/revisions\/20497"}],"wp:featuredmedia":[{"embeddable":true,"href":"https:\/\/elitenutritionmaroc.com\/ar\/wp-json\/wp\/v2\/media\/20496"}],"wp:attachment":[{"href":"https:\/\/elitenutritionmaroc.com\/ar\/wp-json\/wp\/v2\/media?parent=20495"}],"wp:term":[{"taxonomy":"product_brand","embeddable":true,"href":"https:\/\/elitenutritionmaroc.com\/ar\/wp-json\/wp\/v2\/product_brand?post=20495"},{"taxonomy":"product_cat","embeddable":true,"href":"https:\/\/elitenutritionmaroc.com\/ar\/wp-json\/wp\/v2\/product_cat?post=20495"},{"taxonomy":"product_tag","embeddable":true,"href":"https:\/\/elitenutritionmaroc.com\/ar\/wp-json\/wp\/v2\/product_tag?post=20495"}],"curies":[{"name":"wp","href":"https:\/\/api.w.org\/{rel}","templated":true}]}}