{"id":20356,"date":"2026-03-27T01:41:58","date_gmt":"2026-03-27T00:41:58","guid":{"rendered":"https:\/\/elitenutritionmaroc.com\/?post_type=product&#038;p=20356"},"modified":"2026-03-27T01:41:59","modified_gmt":"2026-03-27T00:41:59","slug":"veera-sante-omega-3-coeur-cerveau-3000-mg-60-capsules","status":"publish","type":"product","link":"https:\/\/elitenutritionmaroc.com\/ar\/product\/veera-sante-omega-3-coeur-cerveau-3000-mg-60-capsules\/","title":{"rendered":"VEERA SANT\u00c9 OMEGA 3 C\u0152UR &#038; CERVEAU 3000 MG 60 CAPSULES"},"content":{"rendered":"<div class=\"Y3BBE\" data-sfc-cp=\"\" data-sfc-root=\"c\" data-sfc-cb=\"\" data-hveid=\"CAEQAA\" data-processed=\"true\">\n<section class=\"text-token-text-primary w-full focus:outline-none [--shadow-height:45px] has-data-writing-block:pointer-events-none has-data-writing-block:-mt-(--shadow-height) has-data-writing-block:pt-(--shadow-height) [&amp;:has([data-writing-block])&gt;*]:pointer-events-auto scroll-mt-(--header-height)\" dir=\"auto\" data-turn-id=\"d5650cea-4f5f-4515-8564-a96b3d2dfa2d\" data-testid=\"conversation-turn-1\" data-scroll-anchor=\"false\" data-turn=\"user\"><\/section>\n<section class=\"text-token-text-primary w-full focus:outline-none [--shadow-height:45px] has-data-writing-block:pointer-events-none has-data-writing-block:-mt-(--shadow-height) has-data-writing-block:pt-(--shadow-height) [&amp;:has([data-writing-block])&gt;*]:pointer-events-auto scroll-mt-[calc(var(--header-height)+min(200px,max(70px,20svh)))]\" dir=\"auto\" data-turn-id=\"request-WEB:60d8b50c-60da-4f60-9c02-62fdd354050c-0\" data-testid=\"conversation-turn-2\" data-scroll-anchor=\"true\" data-turn=\"assistant\">\n<div class=\"text-base my-auto mx-auto pb-10 [--thread-content-margin:var(--thread-content-margin-xs,calc(var(--spacing)*4))] @w-sm\/main:[--thread-content-margin:var(--thread-content-margin-sm,calc(var(--spacing)*6))] @w-lg\/main:[--thread-content-margin:var(--thread-content-margin-lg,calc(var(--spacing)*16))] px-(--thread-content-margin)\">\n<div class=\"[--thread-content-max-width:40rem] @w-lg\/main:[--thread-content-max-width:48rem] mx-auto max-w-(--thread-content-max-width) flex-1 group\/turn-messages focus-visible:outline-hidden relative flex w-full min-w-0 flex-col agent-turn\">\n<div class=\"flex max-w-full flex-col gap-4 grow\">\n<div class=\"min-h-8 text-message relative flex w-full flex-col items-end gap-2 text-start break-words whitespace-normal outline-none keyboard-focused:focus-ring [.text-message+&amp;]:mt-1\" dir=\"auto\" tabindex=\"0\" data-message-author-role=\"assistant\" data-message-id=\"e2817c65-6fe0-410b-851a-d44ed97537f7\" data-message-model-slug=\"gpt-5-3\" data-turn-start-message=\"true\">\n<div class=\"flex w-full flex-col gap-1 empty:hidden\">\n<div class=\"markdown prose dark:prose-invert w-full wrap-break-word light markdown-new-styling\">\n<p data-start=\"0\" data-end=\"55\">\u0623\u0648\u0645\u064a\u063a\u0627 3 OMECOR \u0644\u0644\u0642\u0644\u0628 \u0648\u0627\u0644\u062f\u0645\u0627\u063a \u2013 Veera Sant\u00e9 (60 \u0643\u0628\u0633\u0648\u0644\u0629)<\/p>\n<p data-start=\"57\" data-end=\"277\">\u0647\u0648 \u0645\u0643\u0645\u0644 \u063a\u0630\u0627\u0626\u064a \u0637\u0628\u064a\u0639\u064a \u064a\u0639\u062a\u0645\u062f \u0639\u0644\u0649 \u0632\u064a\u062a \u0627\u0644\u0633\u0645\u0643\u060c \u063a\u0646\u064a \u0628\u0627\u0644\u0623\u062d\u0645\u0627\u0636 \u0627\u0644\u062f\u0647\u0646\u064a\u0629 \u0623\u0648\u0645\u064a\u063a\u0627 3\u060c \u0627\u0644\u0636\u0631\u0648\u0631\u064a\u0629 \u0644\u0635\u062d\u0629 \u0627\u0644\u0642\u0644\u0628 \u0648\u0627\u0644\u062f\u0645\u0627\u063a \u0648\u0627\u0644\u0645\u0641\u0627\u0635\u0644. \u064a\u0633\u0627\u0647\u0645 \u0632\u064a\u062a \u0627\u0644\u0633\u0645\u0643\u060c \u0643\u0645\u0635\u062f\u0631 \u0644\u0644\u0623\u0648\u0645\u064a\u063a\u0627 3\u060c \u0641\u064a \u062e\u0641\u0636 \u0646\u0633\u0628\u0629 \u0627\u0644\u062f\u0647\u0648\u0646 \u0627\u0644\u062b\u0644\u0627\u062b\u064a\u0629\u060c \u0648\u062a\u062d\u0633\u064a\u0646 \u0627\u0644\u0648\u0638\u0627\u0626\u0641 \u0627\u0644\u0625\u062f\u0631\u0627\u0643\u064a\u0629\u060c \u0648\u062a\u062e\u0641\u064a\u0641 \u0622\u0644\u0627\u0645 \u0627\u0644\u0645\u0641\u0627\u0635\u0644.<\/p>\n<p data-start=\"279\" data-end=\"291\"><strong data-start=\"279\" data-end=\"291\">\u0627\u0644\u0641\u0648\u0627\u0626\u062f:<\/strong><\/p>\n<ul data-start=\"292\" data-end=\"451\">\n<li data-section-id=\"dvk5xb\" data-start=\"292\" data-end=\"326\">\u062f\u0639\u0645 \u0635\u062d\u0629 \u0627\u0644\u0642\u0644\u0628 \u0648\u0627\u0644\u0623\u0648\u0639\u064a\u0629 \u0627\u0644\u062f\u0645\u0648\u064a\u0629<\/li>\n<li data-section-id=\"u0oh6c\" data-start=\"327\" data-end=\"347\">\u062a\u0639\u0632\u064a\u0632 \u0635\u062d\u0629 \u0627\u0644\u062f\u0645\u0627\u063a<\/li>\n<li data-section-id=\"1nmb3o0\" data-start=\"348\" data-end=\"369\">\u062a\u062d\u0633\u064a\u0646 \u0635\u062d\u0629 \u0627\u0644\u0645\u0641\u0627\u0635\u0644<\/li>\n<li data-section-id=\"gun701\" data-start=\"370\" data-end=\"401\">\u062a\u0642\u0644\u064a\u0644 \u0645\u0633\u062a\u0648\u0649 \u0627\u0644\u062f\u0647\u0648\u0646 \u0627\u0644\u062b\u0644\u0627\u062b\u064a\u0629<\/li>\n<li data-section-id=\"tqhsa7\" data-start=\"402\" data-end=\"428\">\u062a\u062d\u0633\u064a\u0646 \u0627\u0644\u0648\u0638\u0627\u0626\u0641 \u0627\u0644\u0645\u0639\u0631\u0641\u064a\u0629<\/li>\n<li data-section-id=\"80qcz\" data-start=\"429\" data-end=\"451\">\u062a\u062e\u0641\u064a\u0641 \u0622\u0644\u0627\u0645 \u0627\u0644\u0645\u0641\u0627\u0635\u0644<\/li>\n<\/ul>\n<p data-start=\"453\" data-end=\"465\"><strong data-start=\"453\" data-end=\"465\">\u0627\u0644\u062e\u0635\u0627\u0626\u0635:<\/strong><\/p>\n<ul data-start=\"466\" data-end=\"597\">\n<li data-section-id=\"1hhlnui\" data-start=\"466\" data-end=\"480\">\u0637\u0628\u064a\u0639\u064a 100%<\/li>\n<li data-section-id=\"3bl86o\" data-start=\"481\" data-end=\"514\">\u0645\u0635\u062f\u0631 \u0639\u0627\u0644\u064a \u0627\u0644\u062c\u0648\u062f\u0629 \u0645\u0646 \u0632\u064a\u062a \u0627\u0644\u0633\u0645\u0643<\/li>\n<li data-section-id=\"kw5e4b\" data-start=\"515\" data-end=\"560\">\u063a\u0646\u064a \u0628\u0627\u0644\u0623\u062d\u0645\u0627\u0636 \u0627\u0644\u062f\u0647\u0646\u064a\u0629 \u0623\u0648\u0645\u064a\u063a\u0627 3 (EPA \u0648 DHA)<\/li>\n<li data-section-id=\"2iwa0q\" data-start=\"561\" data-end=\"597\">\u0645\u0646\u0627\u0633\u0628 \u0644\u0644\u0646\u0628\u0627\u062a\u064a\u064a\u0646 \u0648\u0627\u0644\u0646\u0628\u0627\u062a\u064a\u064a\u0646 \u0627\u0644\u0635\u0631\u0641<\/li>\n<\/ul>\n<p data-start=\"599\" data-end=\"684\"><strong data-start=\"599\" data-end=\"619\">\u0637\u0631\u064a\u0642\u0629 \u0627\u0644\u0627\u0633\u062a\u062e\u062f\u0627\u0645:<\/strong><br \/>\n\u062a\u0646\u0627\u0648\u0644 2 \u0625\u0644\u0649 3 \u0643\u0628\u0633\u0648\u0644\u0627\u062a \u064a\u0648\u0645\u064a\u064b\u0627 \u0645\u0639 \u0643\u0648\u0628 \u0643\u0628\u064a\u0631 \u0645\u0646 \u0627\u0644\u0645\u0627\u0621 \u0623\u062b\u0646\u0627\u0621 \u0627\u0644\u0648\u062c\u0628\u0627\u062a.<\/p>\n<p data-start=\"686\" data-end=\"863\" data-is-last-node=\"\" data-is-only-node=\"\">\u0627\u0643\u062a\u0634\u0641 \u0642\u0648\u0629 \u0623\u0648\u0645\u064a\u063a\u0627 3 \u0644\u0644\u0642\u0644\u0628 \u0648\u0627\u0644\u062f\u0645\u0627\u063a (60 \u0643\u0628\u0633\u0648\u0644\u0629) \u0645\u0646 Eric Favre<\/p>\n<\/div>\n<\/div>\n<\/div>\n<\/div>\n<\/div>\n<\/div>\n<\/section>\n<p>Om\u00e9ga 3 OMECOR Coeur &amp; Cerveau Veera Sant\u00e9 60 Capsules<\/p>\n<p>est un compl\u00e9ment alimentaire naturel \u00e0 base d\u2019huile de poisson, riche en acides gras om\u00e9ga-3, essentiels pour la sant\u00e9 cardiovasculaire, c\u00e9r\u00e9brale et articulaire. L\u2019huile de poisson, source d\u2019om\u00e9ga-3, contribue \u00e0 r\u00e9duire le taux de triglyc\u00e9rides, \u00e0 am\u00e9liorer la fonction cognitive et \u00e0 soulager les douleurs articulaires.<\/p>\n<p>&nbsp;<\/p>\n<p><b>Bienfaits:<\/b><\/p>\n<ul>\n<li>Sant\u00e9 cardiovasculaire<\/li>\n<li>Sant\u00e9 c\u00e9r\u00e9brale<\/li>\n<li>Sant\u00e9 articulaire<\/li>\n<li>R\u00e9duction du taux de triglyc\u00e9rides<\/li>\n<li>Am\u00e9lioration de la fonction cognitive<\/li>\n<li>Soulagement des douleurs articulaires<\/li>\n<\/ul>\n<p><b>Caract\u00e9ristiques:<\/b><\/p>\n<ul>\n<li>100% naturel<\/li>\n<li>Source d\u2019huile de poisson de haute qualit\u00e9<\/li>\n<li>Riche en acides gras om\u00e9ga-3 (EPA et DHA)<\/li>\n<li>Convient aux v\u00e9g\u00e9tariens et aux v\u00e9g\u00e9taliens<\/li>\n<\/ul>\n<p><b>Utilisation:<\/b><\/p>\n<p>Prendre 2 \u00e0 3 capsules par jour avec un grand verre d\u2019eau, au cours des repas.<\/p>\n<p><b>D\u00e9couvrez la puissance de Om\u00e9ga 3 Coeur &amp; Cerveau Eric Favre 60 capsules\u00a0<\/b><\/p>\n<\/div>\n","protected":false},"excerpt":{"rendered":"<p>\u0623\u0648\u0645\u064a\u063a\u0627 3 OMECOR \u0644\u0644\u0642\u0644\u0628 \u0648\u0627\u0644\u062f\u0645\u0627\u063a \u2013 Veera Sant\u00e9 (60 \u0643\u0628\u0633\u0648\u0644\u0629) \u0647\u0648 \u0645\u0643\u0645\u0644 \u063a\u0630\u0627\u0626\u064a \u0637\u0628\u064a\u0639\u064a \u064a\u0639\u062a\u0645\u062f \u0639\u0644\u0649 \u0632\u064a\u062a \u0627\u0644\u0633\u0645\u0643\u060c \u063a\u0646\u064a \u0628\u0627\u0644\u0623\u062d\u0645\u0627\u0636<\/p>","protected":false},"featured_media":20357,"comment_status":"open","ping_status":"closed","template":"","meta":[],"product_brand":[276],"product_cat":[486],"product_tag":[],"class_list":{"0":"post-20356","1":"product","2":"type-product","3":"status-publish","4":"has-post-thumbnail","6":"product_brand-ericfavre","7":"product_cat-vitamines-et-mineraux","9":"first","10":"instock","11":"shipping-taxable","12":"purchasable","13":"product-type-simple"},"_links":{"self":[{"href":"https:\/\/elitenutritionmaroc.com\/ar\/wp-json\/wp\/v2\/product\/20356","targetHints":{"allow":["GET"]}}],"collection":[{"href":"https:\/\/elitenutritionmaroc.com\/ar\/wp-json\/wp\/v2\/product"}],"about":[{"href":"https:\/\/elitenutritionmaroc.com\/ar\/wp-json\/wp\/v2\/types\/product"}],"replies":[{"embeddable":true,"href":"https:\/\/elitenutritionmaroc.com\/ar\/wp-json\/wp\/v2\/comments?post=20356"}],"version-history":[{"count":2,"href":"https:\/\/elitenutritionmaroc.com\/ar\/wp-json\/wp\/v2\/product\/20356\/revisions"}],"predecessor-version":[{"id":20359,"href":"https:\/\/elitenutritionmaroc.com\/ar\/wp-json\/wp\/v2\/product\/20356\/revisions\/20359"}],"wp:featuredmedia":[{"embeddable":true,"href":"https:\/\/elitenutritionmaroc.com\/ar\/wp-json\/wp\/v2\/media\/20357"}],"wp:attachment":[{"href":"https:\/\/elitenutritionmaroc.com\/ar\/wp-json\/wp\/v2\/media?parent=20356"}],"wp:term":[{"taxonomy":"product_brand","embeddable":true,"href":"https:\/\/elitenutritionmaroc.com\/ar\/wp-json\/wp\/v2\/product_brand?post=20356"},{"taxonomy":"product_cat","embeddable":true,"href":"https:\/\/elitenutritionmaroc.com\/ar\/wp-json\/wp\/v2\/product_cat?post=20356"},{"taxonomy":"product_tag","embeddable":true,"href":"https:\/\/elitenutritionmaroc.com\/ar\/wp-json\/wp\/v2\/product_tag?post=20356"}],"curies":[{"name":"wp","href":"https:\/\/api.w.org\/{rel}","templated":true}]}}