{"id":20349,"date":"2026-03-27T01:29:39","date_gmt":"2026-03-27T00:29:39","guid":{"rendered":"https:\/\/elitenutritionmaroc.com\/?post_type=product&#038;p=20349"},"modified":"2026-03-27T01:29:40","modified_gmt":"2026-03-27T00:29:40","slug":"eric-favre-bcaa-8-1-1-zero-vegan-500g","status":"publish","type":"product","link":"https:\/\/elitenutritionmaroc.com\/ar\/product\/eric-favre-bcaa-8-1-1-zero-vegan-500g\/","title":{"rendered":"Eric Favre BCAA 8.1.1 ZERO Vegan 500g"},"content":{"rendered":"<div class=\"elementor-element elementor-element-379879c elementor-widget elementor-widget-heading\" data-id=\"379879c\" data-element_type=\"widget\" data-widget_type=\"heading.default\">\n<div class=\"elementor-widget-container\">\n<h2 class=\"elementor-heading-title elementor-size-default\">\u0645\u064a\u0632\u0627\u062a :<\/h2>\n<\/div>\n<\/div>\n<div class=\"elementor-element elementor-element-00767c1 elementor-widget elementor-widget-woocommerce-product-short-description\" data-id=\"00767c1\" data-element_type=\"widget\" data-widget_type=\"woocommerce-product-short-description.default\">\n<div class=\"elementor-widget-container\">\n<div class=\"woocommerce-product-details__short-description\">\n<ul>\n<li>BCAA<\/li>\n<li>\u0628\u0646\u0627\u0621 \u0627\u0644\u0639\u0636\u0644\u0627\u062a<\/li>\n<li>\u0627\u0646\u062a\u0639\u0627\u0634 \u0627\u0644\u0639\u0636\u0644\u0627\u062a<\/li>\n<li>\u062a\u0648\u0642\u064a\u0641 \u0627\u0644\u0647\u062f\u0645 \u0627\u0644\u0639\u0636\u0644\u064a<\/li>\n<li>\u0642\u0628\u0644 \/ \u0623\u062b\u0646\u0627\u0621 \/ \u0623\u0648 \u0628\u0639\u062f \u0627\u0644\u062a\u062f\u0631\u064a\u0628<\/li>\n<\/ul>\n<h2>BCAA 8:1:1 Zero 500g Eric Favre<\/h2>\n<p>Les acides amin\u00e9s \u00e0 cha\u00eene ramifi\u00e9e, ou B.C.A.A. (branched-chain amino acids), regroupent trois acides amin\u00e9s essentiels : la leucine, l&rsquo;isoleucine et la valine. Ils sont abondamment pr\u00e9sents dans les tissus musculaires et jouent un r\u00f4le essentiel dans la constitution des muscles. Il est donc imp\u00e9ratif de les inclure dans son r\u00e9gime alimentaire lors de la pratique de tout sport, que ce soit le bodybuilding, le fitness, les sports d&rsquo;endurance, les sports explosifs, et ainsi de suite. \u00c9tant donn\u00e9 que notre organisme ne les produit pas naturellement, leur apport provient de l&rsquo;alimentation ou de la prise de suppl\u00e9ments. BCAA 8:1:1 est compos\u00e9 de huit parties de leucine pour une partie d&rsquo;isoleucine et une partie de valine.<\/p>\n<h2>CONSEILS D&rsquo;UTILISATION<\/h2>\n<p>Diluez 1 mesure dans 250ml d\u2019eau froide\/ M\u00e9langez et consommez.<\/p>\n<p>Prendre 1 mesure avant l\u2019entra\u00eenement puis 1 mesure apr\u00e8s.<\/p>\n<\/div>\n<\/div>\n<\/div>","protected":false},"excerpt":{"rendered":"<p>\u0645\u064a\u0632\u0627\u062a : BCAA \u0628\u0646\u0627\u0621 \u0627\u0644\u0639\u0636\u0644\u0627\u062a \u0627\u0646\u062a\u0639\u0627\u0634 \u0627\u0644\u0639\u0636\u0644\u0627\u062a \u062a\u0648\u0642\u064a\u0641 \u0627\u0644\u0647\u062f\u0645 \u0627\u0644\u0639\u0636\u0644\u064a \u0642\u0628\u0644 \/ \u0623\u062b\u0646\u0627\u0621 \/ \u0623\u0648 \u0628\u0639\u062f \u0627\u0644\u062a\u062f\u0631\u064a\u0628 BCAA 8:1:1 Zero<\/p>","protected":false},"featured_media":20351,"comment_status":"open","ping_status":"closed","template":"","meta":[],"product_brand":[276],"product_cat":[509],"product_tag":[],"class_list":{"0":"post-20349","1":"product","2":"type-product","3":"status-publish","4":"has-post-thumbnail","6":"product_brand-ericfavre","7":"product_cat-acides-amines-au-maroc","9":"first","10":"instock","11":"shipping-taxable","12":"purchasable","13":"product-type-simple"},"_links":{"self":[{"href":"https:\/\/elitenutritionmaroc.com\/ar\/wp-json\/wp\/v2\/product\/20349","targetHints":{"allow":["GET"]}}],"collection":[{"href":"https:\/\/elitenutritionmaroc.com\/ar\/wp-json\/wp\/v2\/product"}],"about":[{"href":"https:\/\/elitenutritionmaroc.com\/ar\/wp-json\/wp\/v2\/types\/product"}],"replies":[{"embeddable":true,"href":"https:\/\/elitenutritionmaroc.com\/ar\/wp-json\/wp\/v2\/comments?post=20349"}],"version-history":[{"count":2,"href":"https:\/\/elitenutritionmaroc.com\/ar\/wp-json\/wp\/v2\/product\/20349\/revisions"}],"predecessor-version":[{"id":20353,"href":"https:\/\/elitenutritionmaroc.com\/ar\/wp-json\/wp\/v2\/product\/20349\/revisions\/20353"}],"wp:featuredmedia":[{"embeddable":true,"href":"https:\/\/elitenutritionmaroc.com\/ar\/wp-json\/wp\/v2\/media\/20351"}],"wp:attachment":[{"href":"https:\/\/elitenutritionmaroc.com\/ar\/wp-json\/wp\/v2\/media?parent=20349"}],"wp:term":[{"taxonomy":"product_brand","embeddable":true,"href":"https:\/\/elitenutritionmaroc.com\/ar\/wp-json\/wp\/v2\/product_brand?post=20349"},{"taxonomy":"product_cat","embeddable":true,"href":"https:\/\/elitenutritionmaroc.com\/ar\/wp-json\/wp\/v2\/product_cat?post=20349"},{"taxonomy":"product_tag","embeddable":true,"href":"https:\/\/elitenutritionmaroc.com\/ar\/wp-json\/wp\/v2\/product_tag?post=20349"}],"curies":[{"name":"wp","href":"https:\/\/api.w.org\/{rel}","templated":true}]}}