{"id":19868,"date":"2026-01-22T19:47:18","date_gmt":"2026-01-22T18:47:18","guid":{"rendered":"https:\/\/elitenutritionmaroc.com\/?post_type=product&#038;p=19868"},"modified":"2026-01-22T19:47:18","modified_gmt":"2026-01-22T18:47:18","slug":"l-carnitine-vital-250mg","status":"publish","type":"product","link":"https:\/\/elitenutritionmaroc.com\/ar\/product\/l-carnitine-vital-250mg\/","title":{"rendered":"\u0644-\u0643\u0627\u0631\u0646\u064a\u062a\u064a\u0646 \u0641\u064a\u062a\u0627\u0644+ 250 \u0645\u0644\u062c\u0645"},"content":{"rendered":"<h3 data-start=\"1073\" data-end=\"1141\">\ud83d\udd25 \u0625\u0644-\u0643\u0627\u0631\u0646\u064a\u062a\u064a\u0646 250 \u0645\u0644\u063a \u0641\u064a\u062a\u0627\u0644+ \u2013 \u0637\u0627\u0642\u0629\u060c \u062a\u0639\u0631\u064a\u0641 \u0648\u0623\u062f\u0627\u0621<\/h3>\n<p data-start=\"1143\" data-end=\"1487\" class=\" translation-block\"><strong data-start=\"1143\" data-end=\"1172\"> L-Carnitine 250 mg Vital+ \u0647\u0648 \u0645\u0643\u0645\u0644 \u063a\u0630\u0627\u0626\u064a \u0645\u0635\u0645\u0645 \u0644\u062f\u0639\u0645 \u062d\u0631\u0642 \u0627\u0644\u062f\u0647\u0648\u0646\u060c \u0648\u062a\u062d\u0633\u064a\u0646 \u0627\u0644\u062a\u0645\u062b\u064a\u0644 \u0627\u0644\u063a\u0630\u0627\u0626\u064a \u0644\u0644\u0637\u0627\u0642\u0629\u060c \u0648\u062a\u0639\u0632\u064a\u0632 \u0627\u0644\u0623\u062f\u0627\u0621 \u0627\u0644\u0631\u064a\u0627\u0636\u064a \u0627\u0644\u0623\u0641\u0636\u0644. \u062a\u0644\u0639\u0628 L-Carnitine \u062f\u0648\u0631\u064b\u0627 \u0631\u0626\u064a\u0633\u064a\u064b\u0627 \u0641\u064a <strong data-start=\"1389\" data-end=\"1441\">\u0646\u0642\u0644 \u0627\u0644\u0623\u062d\u0645\u0627\u0636 \u0627\u0644\u062f\u0647\u0646\u064a\u0629 \u0625\u0644\u0649 \u0627\u0644\u0645\u064a\u062a\u0648\u0643\u0648\u0646\u062f\u0631\u064a\u0627<\/strong>\u060c \u062d\u064a\u062b \u062a\u064f\u0633\u062a\u062e\u062f\u0645 \u0643\u0645\u0635\u062f\u0631 \u0644\u0644\u0637\u0627\u0642\u0629.<\/p>\n<p data-start=\"1489\" data-end=\"1710\" class=\" translation-block\">\u0645\u062b\u0627\u0644\u064a\u0629 \u0641\u064a \u0645\u0631\u062d\u0644\u0629 <strong data-start=\"1508\" data-end=\"1526\">\u0641\u0642\u062f\u0627\u0646 \u0627\u0644\u0648\u0632\u0646<\/strong>\u060c \u0623\u0648 <strong data-start=\"1531\" data-end=\"1540\">\u0627\u0644\u062a\u0646\u0634\u064a\u0641<\/strong> \u0623\u0648 <strong data-start=\"1547\" data-end=\"1575\">\u0625\u0639\u0627\u062f\u0629 \u062a\u0634\u0643\u064a\u0644 \u0627\u0644\u062c\u0633\u0645<\/strong>\u060c \u062a\u0633\u0627\u0639\u062f L-Carnitine Vital+ \u0623\u064a\u0636\u064b\u0627 \u0639\u0644\u0649 <strong data-start=\"1616\" data-end=\"1639\">\u062a\u0623\u062e\u064a\u0631 \u0627\u0644\u062a\u0639\u0628<\/strong>\u060c \u0648\u062a\u062d\u0633\u064a\u0646 <strong data-start=\"1653\" data-end=\"1666\">\u0627\u0644\u062a\u062d\u0645\u0644<\/strong> \u0648\u062f\u0639\u0645 <strong data-start=\"1682\" data-end=\"1709\">\u0627\u0644\u0627\u0633\u062a\u0634\u0641\u0627\u0621 \u0627\u0644\u0639\u0636\u0644\u064a<\/strong>.<\/p>\n<p data-start=\"1489\" data-end=\"1710\"><img fetchpriority=\"high\" decoding=\"async\" class=\"alignnone size-medium wp-image-19872\" src=\"https:\/\/elitenutritionmaroc.com\/wp-content\/uploads\/2026\/01\/L-Carnitine-Vital-250mg-1-300x300.jpg\" alt=\"L-Carnitine Vital+ 250mg (2)\" width=\"300\" height=\"300\" srcset=\"https:\/\/elitenutritionmaroc.com\/wp-content\/uploads\/2026\/01\/L-Carnitine-Vital-250mg-1-300x300.jpg 300w, https:\/\/elitenutritionmaroc.com\/wp-content\/uploads\/2026\/01\/L-Carnitine-Vital-250mg-1-800x800.jpg 800w, https:\/\/elitenutritionmaroc.com\/wp-content\/uploads\/2026\/01\/L-Carnitine-Vital-250mg-1-150x150.jpg 150w, https:\/\/elitenutritionmaroc.com\/wp-content\/uploads\/2026\/01\/L-Carnitine-Vital-250mg-1-768x768.jpg 768w, https:\/\/elitenutritionmaroc.com\/wp-content\/uploads\/2026\/01\/L-Carnitine-Vital-250mg-1-860x860.jpg 860w, https:\/\/elitenutritionmaroc.com\/wp-content\/uploads\/2026\/01\/L-Carnitine-Vital-250mg-1-430x430.jpg 430w, https:\/\/elitenutritionmaroc.com\/wp-content\/uploads\/2026\/01\/L-Carnitine-Vital-250mg-1-700x700.jpg 700w, https:\/\/elitenutritionmaroc.com\/wp-content\/uploads\/2026\/01\/L-Carnitine-Vital-250mg-1.jpg 1024w\" sizes=\"(max-width: 300px) 100vw, 300px\" \/><\/p>\n<h3 data-start=\"1717\" data-end=\"1737\">\u2705 \u0627\u0644\u0641\u0648\u0627\u0626\u062f \u0627\u0644\u0631\u0626\u064a\u0633\u064a\u0629<\/h3>\n<ul data-start=\"1739\" data-end=\"2030\">\n<li data-start=\"1739\" data-end=\"1785\">\n<p data-start=\"1741\" data-end=\"1785\" class=\" translation-block\">\ud83d\udd25 <strong data-start=\"1744\" data-end=\"1783\"> \u064a\u0639\u0632\u0632 \u062d\u0631\u0642 \u0627\u0644\u062f\u0647\u0648\u0646<\/p>\n<\/li>\n<li data-start=\"1786\" data-end=\"1829\">\n<p data-start=\"1788\" data-end=\"1829\" class=\" translation-block\">\u26a1 <strong data-start=\"1790\" data-end=\"1827\"> \u064a\u0632\u064a\u062f \u0645\u0646 \u0627\u0644\u0637\u0627\u0642\u0629 \u0648\u0627\u0644\u0642\u062f\u0631\u0629 \u0639\u0644\u0649 \u0627\u0644\u062a\u062d\u0645\u0644<\/p>\n<\/li>\n<li data-start=\"1830\" data-end=\"1891\">\n<p data-start=\"1832\" data-end=\"1891\" class=\" translation-block\">\ud83e\udde0 <strong data-start=\"1835\" data-end=\"1889\"> \u062a\u062d\u0633\u064a\u0646 \u0627\u0633\u062a\u062e\u062f\u0627\u0645 \u0627\u0644\u062f\u0647\u0648\u0646 \u0643\u0648\u0642\u0648\u062f <\/strong> \u064a\u062d\u0633\u0646 \u0627\u0633\u062a\u062e\u062f\u0627\u0645 \u0627\u0644\u062f\u0647\u0648\u0646 \u0643\u0648\u0642\u0648\u062f<\/p>\n<\/li>\n<li data-start=\"1892\" data-end=\"1945\">\n<p data-start=\"1894\" data-end=\"1945\" class=\" translation-block\">\ud83d\udcaa <strong data-start=\"1897\" data-end=\"1943\"> \u064a\u062f\u0639\u0645 \u0627\u0644\u0623\u062f\u0627\u0621 \u0648\u0627\u0644\u062a\u0639\u0627\u0641\u064a<\/p>\n<\/li>\n<li data-start=\"1946\" data-end=\"1988\">\n<p data-start=\"1948\" data-end=\"1988\" class=\" translation-block\">\ud83c\udfaf <strong data-start=\"1951\" data-end=\"1986\"> \u0645\u0633\u0627\u0639\u062f\u0629 \u0641\u064a \u062a\u062d\u062f\u064a\u062f \u0627\u0644\u0639\u0636\u0644\u0627\u062a<\/p>\n<\/li>\n<li data-start=\"1989\" data-end=\"2030\">\n<p data-start=\"1991\" data-end=\"2030\" class=\" translation-block\">\ud83e\uddec <strong data-start=\"1994\" data-end=\"2030\"> \u062c\u0631\u0639\u0629 \u062f\u0642\u064a\u0642\u0629: 250 \u0645\u0644\u063a \u0644\u0643\u0644 \u062c\u0631\u0639\u0629<\/p>\n<\/li>\n<\/ul>\n<h3 data-start=\"2037\" data-end=\"2069\">\ud83e\uddea \u0627\u0644\u062a\u0631\u0643\u064a\u0628\u0629 (\u0644\u0643\u0644 \u062d\u0635\u0629)<\/h3>\n<ul data-start=\"2071\" data-end=\"2163\">\n<li data-start=\"2071\" data-end=\"2099\">\n<p data-start=\"2073\" data-end=\"2099\"><strong data-start=\"2073\" data-end=\"2097\">\u0627\u0644\u0640-\u0643\u0627\u0631\u0646\u064a\u062a\u064a\u0646: 250 \u0645\u0644\u063a<\/strong><\/p>\n<\/li>\n<li data-start=\"2100\" data-end=\"2163\">\n<p data-start=\"2102\" data-end=\"2163\">\u0645\u0643\u0648\u0646\u0627\u062a \u0623\u062e\u0631\u0649: \u0645\u0648\u0627\u062f \u0645\u0633\u0627\u0639\u062f\u0629 (\u062d\u0633\u0628 \u062a\u0631\u0643\u064a\u0628\u0629 \u0627\u0644\u0634\u0631\u0643\u0629 \u0627\u0644\u0645\u0635\u0646\u0639\u0629)<\/p>\n<\/li>\n<\/ul>\n<p><img decoding=\"async\" class=\"alignnone size-medium wp-image-19871\" src=\"https:\/\/elitenutritionmaroc.com\/wp-content\/uploads\/2026\/01\/L-Carnitine-Vital-250mg-3-300x300.jpg\" alt=\"L-Carnitine Vital+ 250mg (2)\" width=\"300\" height=\"300\" srcset=\"https:\/\/elitenutritionmaroc.com\/wp-content\/uploads\/2026\/01\/L-Carnitine-Vital-250mg-3-300x300.jpg 300w, https:\/\/elitenutritionmaroc.com\/wp-content\/uploads\/2026\/01\/L-Carnitine-Vital-250mg-3-800x800.jpg 800w, https:\/\/elitenutritionmaroc.com\/wp-content\/uploads\/2026\/01\/L-Carnitine-Vital-250mg-3-150x150.jpg 150w, https:\/\/elitenutritionmaroc.com\/wp-content\/uploads\/2026\/01\/L-Carnitine-Vital-250mg-3-768x768.jpg 768w, https:\/\/elitenutritionmaroc.com\/wp-content\/uploads\/2026\/01\/L-Carnitine-Vital-250mg-3-860x860.jpg 860w, https:\/\/elitenutritionmaroc.com\/wp-content\/uploads\/2026\/01\/L-Carnitine-Vital-250mg-3-430x430.jpg 430w, https:\/\/elitenutritionmaroc.com\/wp-content\/uploads\/2026\/01\/L-Carnitine-Vital-250mg-3-700x700.jpg 700w, https:\/\/elitenutritionmaroc.com\/wp-content\/uploads\/2026\/01\/L-Carnitine-Vital-250mg-3.jpg 1024w\" sizes=\"(max-width: 300px) 100vw, 300px\" \/><\/p>\n<h3 data-start=\"2170\" data-end=\"2199\">\ud83d\udd52 \u0646\u0635\u0627\u0626\u062d \u0627\u0644\u0627\u0633\u062a\u062e\u062f\u0627\u0645<\/h3>\n<ul data-start=\"2201\" data-end=\"2404\">\n<li data-start=\"2201\" data-end=\"2241\">\n<p data-start=\"2203\" data-end=\"2241\" class=\" translation-block\">\u062a\u0646\u0627\u0648\u0644 <strong data-start=\"2211\" data-end=\"2239\"> 1 \u0625\u0644\u0649 2 \u0623\u0642\u0631\u0627\u0635 \u064a\u0648\u0645\u064a\u0627\u064b<\/p>\n<\/li>\n<li data-start=\"2242\" data-end=\"2307\">\n<p data-start=\"2244\" data-end=\"2307\" class=\" translation-block\">\u064a\u0641\u0636\u0644 <strong data-start=\"2258\" data-end=\"2282\">\u0642\u0628\u0644 \u0627\u0644\u062a\u0645\u0631\u064a\u0646<\/strong> \u0623\u0648 <strong data-start=\"2286\" data-end=\"2305\"> \u0641\u064a \u0627\u0644\u0635\u0628\u0627\u062d \u0639\u0644\u0649 \u0645\u0639\u062f\u0629 \u0641\u0627\u0631\u063a\u0629<\/p>\n<\/li>\n<li data-start=\"2308\" data-end=\"2343\">\n<p data-start=\"2310\" data-end=\"2343\">\u062a\u0646\u0627\u0648\u0644 \u0645\u0639 \u0643\u0648\u0628 \u0645\u0646 \u0627\u0644\u0645\u0627\u0621<\/p>\n<\/li>\n<li data-start=\"2344\" data-end=\"2404\">\n<p data-start=\"2346\" data-end=\"2404\">\u064a\u0645\u0643\u0646 \u062f\u0645\u062c\u0647\u0627 \u0645\u0639 \u0628\u0631\u0646\u0627\u0645\u062c \u0643\u0627\u0631\u062f\u064a\u0648 \u0623\u0648 \u0643\u0645\u0627\u0644 \u0627\u0644\u0623\u062c\u0633\u0627\u0645<\/p>\n<\/li>\n<\/ul>\n<p><img decoding=\"async\" class=\"alignnone size-medium wp-image-19870\" src=\"https:\/\/elitenutritionmaroc.com\/wp-content\/uploads\/2026\/01\/L-Carnitine-Vital-250mg-2-300x300.jpg\" alt=\"L-Carnitine Vital+ 250mg (2)\" width=\"300\" height=\"300\" srcset=\"https:\/\/elitenutritionmaroc.com\/wp-content\/uploads\/2026\/01\/L-Carnitine-Vital-250mg-2-300x300.jpg 300w, https:\/\/elitenutritionmaroc.com\/wp-content\/uploads\/2026\/01\/L-Carnitine-Vital-250mg-2-800x800.jpg 800w, https:\/\/elitenutritionmaroc.com\/wp-content\/uploads\/2026\/01\/L-Carnitine-Vital-250mg-2-150x150.jpg 150w, https:\/\/elitenutritionmaroc.com\/wp-content\/uploads\/2026\/01\/L-Carnitine-Vital-250mg-2-768x768.jpg 768w, https:\/\/elitenutritionmaroc.com\/wp-content\/uploads\/2026\/01\/L-Carnitine-Vital-250mg-2-860x860.jpg 860w, https:\/\/elitenutritionmaroc.com\/wp-content\/uploads\/2026\/01\/L-Carnitine-Vital-250mg-2-430x430.jpg 430w, https:\/\/elitenutritionmaroc.com\/wp-content\/uploads\/2026\/01\/L-Carnitine-Vital-250mg-2-700x700.jpg 700w, https:\/\/elitenutritionmaroc.com\/wp-content\/uploads\/2026\/01\/L-Carnitine-Vital-250mg-2.jpg 1024w\" sizes=\"(max-width: 300px) 100vw, 300px\" \/><\/p>\n<h3 data-start=\"2411\" data-end=\"2428\">\ud83c\udfaf \u0644\u0645\u0646\u061f<\/h3>\n<ul data-start=\"2430\" data-end=\"2649\">\n<li data-start=\"2430\" data-end=\"2473\">\n<p data-start=\"2432\" data-end=\"2473\" class=\" translation-block\">\u0623\u0634\u062e\u0627\u0635 \u0641\u064a <strong> \u0641\u0642\u062f\u0627\u0646 \u0627\u0644\u0648\u0632\u0646 \/ \u0627\u0644\u062a\u0646\u0634\u064a\u0641<\/strong><\/p>\n<\/li>\n<li data-start=\"2474\" data-end=\"2534\">\n<p data-start=\"2476\" data-end=\"2534\" class=\" translation-block\">\u0631\u064a\u0627\u0636\u064a\u0648\u0646 \u064a\u0628\u062d\u062b\u0648\u0646 \u0639\u0646 \u0627\u0644\u0645\u0632\u064a\u062f \u0645\u0646<strong data-start=\"2502\" data-end=\"2513\"> \u0637\u0627\u0642\u0629<\/strong> \u0648\u0627\u0644\u062a\u062d\u0645\u0644 \u0627\u0644\u062a\u062d\u0645\u0644<\/p>\n<\/li>\n<li data-start=\"2535\" data-end=\"2585\">\n<p data-start=\"2537\" data-end=\"2585\" class=\" translation-block\">\u0627\u0644\u0631\u064a\u0627\u0636\u064a\u0648\u0646 \u0641\u064a \u0645\u0631\u062d\u0644\u0629 <strong data-start=\"2558\" data-end=\"2583\"> \u062a\u0639\u0631\u064a\u0641 \u0627\u0644\u0639\u0636\u0644\u0627\u062a<\/p>\n<\/li>\n<li data-start=\"2586\" data-end=\"2649\">\n<p data-start=\"2588\" data-end=\"2649\" class=\" translation-block\">\u0623\u0634\u062e\u0627\u0635 \u064a\u0631\u063a\u0628\u0648\u0646 \u0641\u064a \u062a\u062d\u0633\u064a\u0646 &lt;strong \u0628\u064a\u0627\u0646\u0627\u062a \u0627\u0644\u0628\u062f\u0627\u064a\u0629=&quot;2624&quot; \u0628\u064a\u0627\u0646\u0627\u062a \u0627\u0644\u0646\u0647\u0627\u064a\u0629=&quot;2649&quot; \u0627\u0644\u0623\u064a\u0636 \u0627\u0644\u062f\u0647\u0646\u064a<\/p>\n<\/li>\n<\/ul>","protected":false},"excerpt":{"rendered":"<p>\ud83d\udd25 L-CARNITINE 250 MG VITAL+ \u2013 \u00c9NERGIE, D\u00c9FINITION &amp; PERFORMANCE L-Carnitine 250 mg Vital+ est un compl\u00e9ment alimentaire con\u00e7u pour<\/p>","protected":false},"featured_media":19869,"comment_status":"open","ping_status":"closed","template":"","meta":[],"product_brand":[285],"product_cat":[623],"product_tag":[630,629,631,632],"class_list":{"0":"post-19868","1":"product","2":"type-product","3":"status-publish","4":"has-post-thumbnail","6":"product_brand-vital","7":"product_cat-fat-burnuer","8":"product_tag-burner","9":"product_tag-fat","10":"product_tag-l-carnitine","11":"product_tag-vital","13":"first","14":"instock","15":"shipping-taxable","16":"purchasable","17":"product-type-simple"},"_links":{"self":[{"href":"https:\/\/elitenutritionmaroc.com\/ar\/wp-json\/wp\/v2\/product\/19868","targetHints":{"allow":["GET"]}}],"collection":[{"href":"https:\/\/elitenutritionmaroc.com\/ar\/wp-json\/wp\/v2\/product"}],"about":[{"href":"https:\/\/elitenutritionmaroc.com\/ar\/wp-json\/wp\/v2\/types\/product"}],"replies":[{"embeddable":true,"href":"https:\/\/elitenutritionmaroc.com\/ar\/wp-json\/wp\/v2\/comments?post=19868"}],"version-history":[{"count":0,"href":"https:\/\/elitenutritionmaroc.com\/ar\/wp-json\/wp\/v2\/product\/19868\/revisions"}],"wp:featuredmedia":[{"embeddable":true,"href":"https:\/\/elitenutritionmaroc.com\/ar\/wp-json\/wp\/v2\/media\/19869"}],"wp:attachment":[{"href":"https:\/\/elitenutritionmaroc.com\/ar\/wp-json\/wp\/v2\/media?parent=19868"}],"wp:term":[{"taxonomy":"product_brand","embeddable":true,"href":"https:\/\/elitenutritionmaroc.com\/ar\/wp-json\/wp\/v2\/product_brand?post=19868"},{"taxonomy":"product_cat","embeddable":true,"href":"https:\/\/elitenutritionmaroc.com\/ar\/wp-json\/wp\/v2\/product_cat?post=19868"},{"taxonomy":"product_tag","embeddable":true,"href":"https:\/\/elitenutritionmaroc.com\/ar\/wp-json\/wp\/v2\/product_tag?post=19868"}],"curies":[{"name":"wp","href":"https:\/\/api.w.org\/{rel}","templated":true}]}}