{"id":19697,"date":"2026-01-22T14:01:39","date_gmt":"2026-01-22T13:01:39","guid":{"rendered":"https:\/\/elitenutritionmaroc.com\/?post_type=product&#038;p=19697"},"modified":"2026-01-22T14:03:09","modified_gmt":"2026-01-22T13:03:09","slug":"mass-premium-v-bulk-5-44-kg","status":"publish","type":"product","link":"https:\/\/elitenutritionmaroc.com\/ar\/product\/mass-premium-v-bulk-5-44-kg\/","title":{"rendered":"\u0645\u0627\u0633 \u0628\u0631\u064a\u0645\u064a\u0648\u0645 \u0641-\u0628\u0627\u0644\u0643 5.44 \u0643\u062c\u0645"},"content":{"rendered":"<h3 data-start=\"1115\" data-end=\"1192\">\u26a1 \u0645\u0627\u0633 \u0628\u0631\u064a\u0645\u064a\u0648\u0645 V-BULK 5.44 \u0643\u062c\u0645 \u2013 \u0645\u0643\u0645\u0644 \u063a\u0630\u0627\u0626\u064a \u0639\u0627\u0644\u064a \u0627\u0644\u0628\u0631\u0648\u062a\u064a\u0646 \u0644\u0632\u064a\u0627\u062f\u0629 \u0627\u0644\u0643\u062a\u0644\u0629 \u0627\u0644\u0639\u0636\u0644\u064a\u0629<\/h3>\n<p data-start=\"1194\" data-end=\"1527\" class=\" translation-block\"><strong data-start=\"\u201d1194\u201c\" data-end=\"\u201d1225\u201c\">Mass Premium V-Bulk 5.44 kg<\/strong> \u0647\u0648 <strong data-start=\"\u20191233\u2018\" data-end=\"\u201d1257\u201c\">\u0645\u0643\u0645\u0644 \u063a\u0630\u0627\u0626\u064a \u0639\u0627\u0644\u064a \u0627\u0644\u062c\u0648\u062f\u0629<\/strong> \u0645\u0635\u0645\u0645 \u062e\u0635\u064a\u0635\u064b\u0627 \u0644\u0644\u0631\u064a\u0627\u0636\u064a\u064a\u0646 \u0644\u0627\u0639\u0628\u064a \u0643\u0645\u0627\u0644 \u0627\u0644\u0623\u062c\u0633\u0627\u0645 \u0648\u0645\u062d\u0628\u064a \u0631\u0641\u0639 \u0627\u0644\u0623\u062b\u0642\u0627\u0644 \u0627\u0644\u0630\u064a\u0646 \u064a\u0631\u063a\u0628\u0648\u0646 \u0641\u064a \u0627\u0644\u062d\u0635\u0648\u0644 \u0639\u0644\u0649 <strong data-start=\"\u201d1368\u201c\" data-end=\"\u201d1400\u201c\">\u0641\u0627\u0626\u0636 \u0633\u0639\u0631\u064a \u0639\u0627\u0644\u064a \u0627\u0644\u062c\u0648\u062f\u0629<\/strong>\u060c \u0648\u062a\u0639\u0632\u064a\u0632 <strong data-start=\"\u20191415\u2018\" data-end=\"\u201d1447\u201c\">\u0646\u0645\u0648 \u0627\u0644\u0639\u0636\u0644\u0627\u062a \u0628\u0634\u0643\u0644 \u0635\u062d\u064a<\/strong> \u0648\u062f\u0639\u0645 \u062a\u062f\u0631\u064a\u0628\u0627\u062a\u0647\u0645 \u0627\u0644\u0645\u0643\u062b\u0641\u0629.<\/p>\n<p data-start=\"1529\" data-end=\"1854\" class=\" translation-block\">\u064a\u062c\u0645\u0639 \u0647\u0630\u0627 \u0627\u0644\u0645\u0643\u0645\u0644 \u0627\u0644\u063a\u0630\u0627\u0626\u064a \u0628\u064a\u0646 <strong data-start=\"\u201d1550\u201c\" data-end=\"\u201d1581\u201c\">\u0645\u062c\u0645\u0648\u0639\u0629 \u0643\u0627\u0645\u0644\u0629 \u0645\u0646 \u0627\u0644\u0628\u0631\u0648\u062a\u064a\u0646\u0627\u062a<\/strong> \u0648<strong data-start=\"\u20191587\u2018\" data-end=\"\u201d1609\u201c\">\u0627\u0644\u0643\u0631\u0628\u0648\u0647\u064a\u062f\u0631\u0627\u062a \u0627\u0644\u0645\u0639\u0642\u062f\u0629<\/strong> \u0648 <strong data-start=\"\u201d1615\u201c\" data-end=\"\u201d1650\u201c\">\u0627\u0644\u0623\u062d\u0645\u0627\u0636 \u0627\u0644\u0623\u0645\u064a\u0646\u064a\u0629 \u0627\u0644\u0623\u0633\u0627\u0633\u064a\u0629 (BCAA)<\/strong> \u0648<strong data-start=\"\u201d1658\u201c\" data-end=\"\u20191682\u2018\">\u0627\u0644\u0645\u063a\u0630\u064a\u0627\u062a \u0627\u0644\u062f\u0642\u064a\u0642\u0629 \u0627\u0644\u0631\u0626\u064a\u0633\u064a\u0629<\/strong> \u0644\u062a\u0648\u0641\u064a\u0631 \u0637\u0627\u0642\u0629 \u0645\u0633\u062a\u0642\u0631\u0629 \u0648\u062a\u0633\u0631\u064a\u0639 <strong data-start=\"\u201d1730\u201c\" data-end=\"\u201d1757\u201c\">\u0627\u0633\u062a\u0639\u0627\u062f\u0629 \u0627\u0644\u0639\u0636\u0644\u0627\u062a<\/strong> \u0648\u062a\u062d\u0633\u064a\u0646 \u0646\u0645\u0648 \u0627\u0644\u0639\u0636\u0644\u0627\u062a \u0639\u0644\u0649 \u0627\u0644\u0645\u062f\u0649 \u0627\u0644\u0637\u0648\u064a\u0644.<\/p>\n<p data-start=\"1529\" data-end=\"1854\"><img fetchpriority=\"high\" decoding=\"async\" class=\"alignnone size-medium wp-image-19705\" src=\"https:\/\/elitenutritionmaroc.com\/wp-content\/uploads\/2026\/01\/Mass-Premium-V-Bulk-5.44-kg-1-300x300.jpg\" alt=\"\" width=\"300\" height=\"300\" srcset=\"https:\/\/elitenutritionmaroc.com\/wp-content\/uploads\/2026\/01\/Mass-Premium-V-Bulk-5.44-kg-1-300x300.jpg 300w, https:\/\/elitenutritionmaroc.com\/wp-content\/uploads\/2026\/01\/Mass-Premium-V-Bulk-5.44-kg-1-800x800.jpg 800w, https:\/\/elitenutritionmaroc.com\/wp-content\/uploads\/2026\/01\/Mass-Premium-V-Bulk-5.44-kg-1-150x150.jpg 150w, https:\/\/elitenutritionmaroc.com\/wp-content\/uploads\/2026\/01\/Mass-Premium-V-Bulk-5.44-kg-1-768x768.jpg 768w, https:\/\/elitenutritionmaroc.com\/wp-content\/uploads\/2026\/01\/Mass-Premium-V-Bulk-5.44-kg-1-860x860.jpg 860w, https:\/\/elitenutritionmaroc.com\/wp-content\/uploads\/2026\/01\/Mass-Premium-V-Bulk-5.44-kg-1-430x430.jpg 430w, https:\/\/elitenutritionmaroc.com\/wp-content\/uploads\/2026\/01\/Mass-Premium-V-Bulk-5.44-kg-1-700x700.jpg 700w, https:\/\/elitenutritionmaroc.com\/wp-content\/uploads\/2026\/01\/Mass-Premium-V-Bulk-5.44-kg-1.jpg 1440w\" sizes=\"(max-width: 300px) 100vw, 300px\" \/><\/p>\n<h3 data-start=\"1861\" data-end=\"1881\">\u2705 \u0627\u0644\u0645\u0632\u0627\u064a\u0627 \u0627\u0644\u0631\u0626\u064a\u0633\u064a\u0629<\/h3>\n<ul data-start=\"1883\" data-end=\"2647\">\n<li data-start=\"1883\" data-end=\"2032\">\n<p data-start=\"1885\" data-end=\"2032\" class=\" translation-block\">\ud83d\udcaa <strong data-start=\"1888\" data-end=\"1909\"> \u0628\u0631\u0648\u062a\u064a\u0646\u0627\u062a \u0641\u0627\u062e\u0631\u0629: \u0645\u0632\u064a\u062c \u0645\u0646 \u0645\u0635\u0644 \u0627\u0644\u0644\u0628\u0646\u060c \u0648\u0627\u0644\u0639\u0632\u0644 \u0648\u0645\u0635\u0627\u062f\u0631 \u0623\u062e\u0631\u0649 \u0644\u062f\u0639\u0645 \u0646\u0645\u0648 \u0627\u0644\u0639\u0636\u0644\u0627\u062a.<\/p>\n<\/li>\n<li data-start=\"2033\" data-end=\"2149\">\n<p data-start=\"2035\" data-end=\"2149\" class=\" translation-block\">\ud83c\udf5e <strong data-start=\"2038\" data-end=\"2060\"> \u0627\u0644\u0643\u0631\u0628\u0648\u0647\u064a\u062f\u0631\u0627\u062a \u0627\u0644\u0645\u0639\u0642\u062f\u0629<\/strong> : \u0637\u0627\u0642\u0629 \u0645\u0633\u062a\u062f\u0627\u0645\u0629 \u0628\u062f\u0648\u0646 \u0627\u0631\u062a\u0641\u0627\u0639\u0627\u062a \u0645\u0641\u0627\u062c\u0626\u0629 \u0641\u064a \u0646\u0633\u0628\u0629 \u0627\u0644\u0633\u0643\u0631 \u0641\u064a \u0627\u0644\u062f\u0645.<\/p>\n<\/li>\n<li data-start=\"2150\" data-end=\"2278\">\n<p data-start=\"2152\" data-end=\"2278\" class=\" translation-block\">\u26a1 <strong data-start=\"2154\" data-end=\"2169\"> BCAA \u0645\u0634\u0645\u0648\u0644\u0627\u062a (\u0628\u0645\u0627 \u0641\u064a \u0630\u0644\u0643 \u0627\u0644\u0644\u064a\u0648\u0633\u064a\u0646) : \u062a\u0639\u0632\u0632 \u062a\u062e\u0644\u064a\u0642 \u0627\u0644\u0628\u0631\u0648\u062a\u064a\u0646 \u0648\u0627\u0644\u062a\u0639\u0627\u0641\u064a.<\/p>\n<\/li>\n<li data-start=\"2279\" data-end=\"2420\">\n<p data-start=\"2281\" data-end=\"2420\" class=\" translation-block\">\ud83e\udde0 <strong data-start=\"2284\" data-end=\"2319\"> \u0627\u0644\u0641\u064a\u062a\u0627\u0645\u064a\u0646\u0627\u062a \u0648\u0627\u0644\u0645\u0639\u0627\u062f\u0646 \u0627\u0644\u0623\u0633\u0627\u0633\u064a\u0629: \u062a\u062f\u0639\u0645 \u0627\u0644\u0623\u064a\u0636 \u0627\u0644\u0637\u0627\u0642\u064a \u0648\u0627\u0644\u0635\u062d\u0629 \u0627\u0644\u0639\u0627\u0645\u0629.<\/p>\n<\/li>\n<li data-start=\"2421\" data-end=\"2530\">\n<p data-start=\"2423\" data-end=\"2530\" class=\" translation-block\">\ud83d\udeab <strong data-start=\"2426\" data-end=\"2449\"> \u0632\u064a\u0631\u0648 \u0633\u0643\u0631\u064a\u0627\u062a \u0645\u0636\u0627\u0641\u0629: \u062a\u0631\u0643\u064a\u0628\u0629 \u0645\u0648\u062c\u0647\u0629 \u0644\u0632\u064a\u0627\u062f\u0629 \u0627\u0644\u0643\u062a\u0644\u0629 \u0627\u0644\u0639\u0636\u0644\u064a\u0629 \u0627\u0644\u0646\u0642\u064a\u0629.<\/p>\n<\/li>\n<li data-start=\"2531\" data-end=\"2647\">\n<p data-start=\"2533\" data-end=\"2647\" class=\" translation-block\">\ud83c\udfcb\ufe0f\u200d\u2642\ufe0f <strong data-start=\"2540\" data-end=\"2561\"> \u0637\u0627\u0642\u0629 \u0645\u0645\u062a\u062f\u0629<\/strong> : \u0645\u062b\u0627\u0644\u064a \u0628\u0639\u062f \u0627\u0644\u062a\u0645\u0631\u064a\u0646 \u0623\u0648 \u0628\u064a\u0646 \u0627\u0644\u0648\u062c\u0628\u0627\u062a.<\/p>\n<\/li>\n<\/ul>\n<h3 data-start=\"2654\" data-end=\"2694\">\ud83e\udde0 \u0644\u0645\u0627\u0630\u0627 \u062a\u062e\u062a\u0627\u0631 Premium V-Bulk\u061f<\/h3>\n<p data-start=\"2696\" data-end=\"3076\">Contrairement \u00e0 certains gainers riches en sucres simples, le <strong data-start=\"2758\" data-end=\"2776\">Premium V-Bulk<\/strong> mise sur des <strong data-start=\"2790\" data-end=\"2821\">macronutriments qualitatifs<\/strong>, visant \u00e0 optimiser l\u2019apport \u00e9nerg\u00e9tique tout en limitant le stockage excessif de graisses. C\u2019est un gainer particuli\u00e8rement adapt\u00e9 \u00e0 ceux qui veulent <strong data-start=\"2973\" data-end=\"3038\">prendre du poids tout en maximisant la masse musculaire s\u00e8che<\/strong>.<\/p>\n<p data-start=\"2696\" data-end=\"3076\"><img decoding=\"async\" class=\"alignnone size-medium wp-image-19704\" src=\"https:\/\/elitenutritionmaroc.com\/wp-content\/uploads\/2026\/01\/Mass-Premium-V-Bulk-5.44-kg-3-300x300.jpg\" alt=\"MASS PREMIUM V-BULK 5.44KG\" width=\"300\" height=\"300\" srcset=\"https:\/\/elitenutritionmaroc.com\/wp-content\/uploads\/2026\/01\/Mass-Premium-V-Bulk-5.44-kg-3-300x300.jpg 300w, https:\/\/elitenutritionmaroc.com\/wp-content\/uploads\/2026\/01\/Mass-Premium-V-Bulk-5.44-kg-3-800x800.jpg 800w, https:\/\/elitenutritionmaroc.com\/wp-content\/uploads\/2026\/01\/Mass-Premium-V-Bulk-5.44-kg-3-150x150.jpg 150w, https:\/\/elitenutritionmaroc.com\/wp-content\/uploads\/2026\/01\/Mass-Premium-V-Bulk-5.44-kg-3-768x768.jpg 768w, https:\/\/elitenutritionmaroc.com\/wp-content\/uploads\/2026\/01\/Mass-Premium-V-Bulk-5.44-kg-3-860x860.jpg 860w, https:\/\/elitenutritionmaroc.com\/wp-content\/uploads\/2026\/01\/Mass-Premium-V-Bulk-5.44-kg-3-430x430.jpg 430w, https:\/\/elitenutritionmaroc.com\/wp-content\/uploads\/2026\/01\/Mass-Premium-V-Bulk-5.44-kg-3-700x700.jpg 700w, https:\/\/elitenutritionmaroc.com\/wp-content\/uploads\/2026\/01\/Mass-Premium-V-Bulk-5.44-kg-3.jpg 1024w\" sizes=\"(max-width: 300px) 100vw, 300px\" \/><\/p>\n<h3 data-start=\"3083\" data-end=\"3112\">\ud83d\udd52 \u0646\u0635\u0627\u0626\u062d \u0627\u0644\u0627\u0633\u062a\u062e\u062f\u0627\u0645<\/h3>\n<ul data-start=\"3114\" data-end=\"3365\">\n<li data-start=\"3114\" data-end=\"3201\">\n<p data-start=\"3116\" data-end=\"3201\">M\u00e9langer une portion de <strong data-start=\"3140\" data-end=\"3150\">V-Bulk<\/strong> avec de l\u2019eau, du lait ou une boisson nutritive.<\/p>\n<\/li>\n<li data-start=\"3202\" data-end=\"3283\">\n<p data-start=\"3204\" data-end=\"3283\" class=\" translation-block\">\u062a\u0646\u0627\u0648\u0644 <strong data-start=\"3214\" data-end=\"3238\">\u0628\u0639\u062f \u0627\u0644\u062a\u0645\u0631\u064a\u0646<\/strong> \u0644\u062a\u0639\u0632\u064a\u0632 \u0627\u0644\u062a\u0639\u0627\u0641\u064a \u0627\u0644\u0639\u0636\u0644\u064a.<\/p>\n<\/li>\n<li data-start=\"3284\" data-end=\"3365\">\n<p data-start=\"3286\" data-end=\"3365\" class=\" translation-block\">\u064a\u0645\u0643\u0646 \u062a\u0646\u0627\u0648\u0644\u0647 &lt;strong \u0628\u064a\u0646 \u0627\u0644\u0648\u062c\u0628\u0627\u062a<\/strong> \u0644\u0625\u0643\u0645\u0627\u0644 \u0627\u0644\u0645\u062f\u062e\u0648\u0644 \u0627\u0644\u064a\u0648\u0645\u064a \u0645\u0646 \u0627\u0644\u0633\u0639\u0631\u0627\u062a \u0627\u0644\u062d\u0631\u0627\u0631\u064a\u0629.<\/p>\n<\/li>\n<\/ul>\n<p data-start=\"3367\" data-end=\"3452\"><em data-start=\"3367\" data-end=\"3452\">\u0642\u0645 \u0628\u062a\u0639\u062f\u064a\u0644 \u0627\u0644\u0643\u0645\u064a\u0629 \u0648\u0641\u0642\u064b\u0627 \u0644\u0627\u062d\u062a\u064a\u0627\u062c\u0627\u062a\u0643 \u0627\u0644\u0633\u0639\u0631\u0627\u062a \u0627\u0644\u062d\u0631\u0627\u0631\u064a\u0629 \u0648\u0628\u0631\u0646\u0627\u0645\u062c\u0643 \u0627\u0644\u062a\u062f\u0631\u064a\u0628\u064a.<\/em><\/p>\n<p data-start=\"3367\" data-end=\"3452\"><img decoding=\"async\" class=\"alignnone size-medium wp-image-19703\" src=\"https:\/\/elitenutritionmaroc.com\/wp-content\/uploads\/2026\/01\/Mass-Premium-V-Bulk-5.44-kg-2-300x300.jpg\" alt=\"MASS PREMIUM V-BULK 5.44KG\" width=\"300\" height=\"300\" srcset=\"https:\/\/elitenutritionmaroc.com\/wp-content\/uploads\/2026\/01\/Mass-Premium-V-Bulk-5.44-kg-2-300x300.jpg 300w, https:\/\/elitenutritionmaroc.com\/wp-content\/uploads\/2026\/01\/Mass-Premium-V-Bulk-5.44-kg-2-800x800.jpg 800w, https:\/\/elitenutritionmaroc.com\/wp-content\/uploads\/2026\/01\/Mass-Premium-V-Bulk-5.44-kg-2-150x150.jpg 150w, https:\/\/elitenutritionmaroc.com\/wp-content\/uploads\/2026\/01\/Mass-Premium-V-Bulk-5.44-kg-2-768x768.jpg 768w, https:\/\/elitenutritionmaroc.com\/wp-content\/uploads\/2026\/01\/Mass-Premium-V-Bulk-5.44-kg-2-860x860.jpg 860w, https:\/\/elitenutritionmaroc.com\/wp-content\/uploads\/2026\/01\/Mass-Premium-V-Bulk-5.44-kg-2-430x430.jpg 430w, https:\/\/elitenutritionmaroc.com\/wp-content\/uploads\/2026\/01\/Mass-Premium-V-Bulk-5.44-kg-2-700x700.jpg 700w, https:\/\/elitenutritionmaroc.com\/wp-content\/uploads\/2026\/01\/Mass-Premium-V-Bulk-5.44-kg-2.jpg 1024w\" sizes=\"(max-width: 300px) 100vw, 300px\" \/><\/p>\n<h3 data-start=\"3459\" data-end=\"3476\">\ud83c\udfaf \u0644\u0645\u0646\u061f<\/h3>\n<ul data-start=\"3478\" data-end=\"3698\">\n<li data-start=\"3478\" data-end=\"3519\">\n<p data-start=\"3480\" data-end=\"3519\" class=\" translation-block\">\u0627\u0644\u0631\u064a\u0627\u0636\u064a\u0648\u0646 \u0627\u0644\u0630\u064a\u0646 \u064a\u0633\u0639\u0648\u0646 \u0625\u0644\u0649 <strong data-start=\"\u201d3278\u201c\" data-end=\"\u201d3307\u201c\">\u0632\u064a\u0627\u062f\u0629 \u0627\u0644\u0643\u062a\u0644\u0629 \u0627\u0644\u0639\u0636\u0644\u064a\u0629 \u0623\u0648 \u0627\u0644\u0628\u0644\u0648\u0643\u064a\u0646\u062c<\/strong><\/p>\n<\/li>\n<li data-start=\"3520\" data-end=\"3580\">\n<p data-start=\"3522\" data-end=\"3580\">\u0627\u0644\u0623\u0634\u062e\u0627\u0635 \u0627\u0644\u0630\u064a\u0646 \u064a\u062c\u062f\u0648\u0646 \u0635\u0639\u0648\u0628\u0629 \u0641\u064a \u0632\u064a\u0627\u062f\u0629 \u0627\u0644\u0648\u0632\u0646<\/p>\n<\/li>\n<li data-start=\"3581\" data-end=\"3626\">\n<p data-start=\"3583\" data-end=\"3626\">\u0644\u0627\u0639\u0628\u064a \u0643\u0645\u0627\u0644 \u0627\u0644\u0623\u062c\u0633\u0627\u0645 \u0648\u0645\u0645\u0627\u0631\u0633\u064a \u0631\u064a\u0627\u0636\u0629 \u0643\u0645\u0627\u0644 \u0627\u0644\u0623\u062c\u0633\u0627\u0645<\/p>\n<\/li>\n<li data-start=\"3627\" data-end=\"3698\">\n<p data-start=\"3629\" data-end=\"3698\">\u0623\u064a \u0634\u062e\u0635 \u064a\u0633\u0639\u0649 \u0644\u0632\u064a\u0627\u062f\u0629 \u0645\u062f\u062e\u0648\u0644\u0647 \u0627\u0644\u064a\u0648\u0645\u064a \u0645\u0646 \u0627\u0644\u0637\u0627\u0642\u0629<\/p>\n<\/li>\n<\/ul>","protected":false},"excerpt":{"rendered":"<p>\u26a1 MASS PREMIUM V-BULK 5.44 KG \u2013 GAINER HIGH-PROTEIN POUR MASSE MUSCULAIRE Mass Premium V-Bulk 5.44 kg est un gainer<\/p>","protected":false},"featured_media":19699,"comment_status":"open","ping_status":"closed","template":"","meta":[],"product_brand":[603],"product_cat":[499],"product_tag":[],"class_list":{"0":"post-19697","1":"product","2":"type-product","3":"status-publish","4":"has-post-thumbnail","6":"product_brand-victor-martinez","7":"product_cat-gainers","9":"first","10":"instock","11":"shipping-taxable","12":"purchasable","13":"product-type-variable","14":"has-default-attributes"},"_links":{"self":[{"href":"https:\/\/elitenutritionmaroc.com\/ar\/wp-json\/wp\/v2\/product\/19697","targetHints":{"allow":["GET"]}}],"collection":[{"href":"https:\/\/elitenutritionmaroc.com\/ar\/wp-json\/wp\/v2\/product"}],"about":[{"href":"https:\/\/elitenutritionmaroc.com\/ar\/wp-json\/wp\/v2\/types\/product"}],"replies":[{"embeddable":true,"href":"https:\/\/elitenutritionmaroc.com\/ar\/wp-json\/wp\/v2\/comments?post=19697"}],"version-history":[{"count":0,"href":"https:\/\/elitenutritionmaroc.com\/ar\/wp-json\/wp\/v2\/product\/19697\/revisions"}],"wp:featuredmedia":[{"embeddable":true,"href":"https:\/\/elitenutritionmaroc.com\/ar\/wp-json\/wp\/v2\/media\/19699"}],"wp:attachment":[{"href":"https:\/\/elitenutritionmaroc.com\/ar\/wp-json\/wp\/v2\/media?parent=19697"}],"wp:term":[{"taxonomy":"product_brand","embeddable":true,"href":"https:\/\/elitenutritionmaroc.com\/ar\/wp-json\/wp\/v2\/product_brand?post=19697"},{"taxonomy":"product_cat","embeddable":true,"href":"https:\/\/elitenutritionmaroc.com\/ar\/wp-json\/wp\/v2\/product_cat?post=19697"},{"taxonomy":"product_tag","embeddable":true,"href":"https:\/\/elitenutritionmaroc.com\/ar\/wp-json\/wp\/v2\/product_tag?post=19697"}],"curies":[{"name":"wp","href":"https:\/\/api.w.org\/{rel}","templated":true}]}}