{"id":19615,"date":"2026-01-22T05:18:27","date_gmt":"2026-01-22T04:18:27","guid":{"rendered":"https:\/\/elitenutritionmaroc.com\/?post_type=product&#038;p=19615"},"modified":"2026-02-06T18:51:23","modified_gmt":"2026-02-06T17:51:23","slug":"collagen-complex-dy-nutrition-300g","status":"publish","type":"product","link":"https:\/\/elitenutritionmaroc.com\/ar\/product\/collagen-complex-dy-nutrition-300g\/","title":{"rendered":"Collagen Complex DY Nutrition 300g"},"content":{"rendered":"<h3 data-start=\"1087\" data-end=\"1156\">\ud83e\uddb4 COLLAGEN COMPLEX \u2013 SOUTIEN ARTICULAIRE &amp; BEAUT\u00c9 DE L\u2019INT\u00c9RIEUR<\/h3>\n<p data-start=\"1158\" data-end=\"1380\"><strong data-start=\"1158\" data-end=\"1178\">Collagen Complex<\/strong> de <strong data-start=\"1182\" data-end=\"1198\">DY Nutrition<\/strong> est une formule avanc\u00e9e \u00e0 base de <strong data-start=\"1233\" data-end=\"1263\">collag\u00e8ne de haute qualit\u00e9<\/strong>, con\u00e7ue pour soutenir la <strong data-start=\"1289\" data-end=\"1316\">sant\u00e9 des articulations<\/strong>, la <strong data-start=\"1321\" data-end=\"1348\">r\u00e9cup\u00e9ration musculaire<\/strong> et l\u2019<strong data-start=\"1354\" data-end=\"1379\">\u00e9lasticit\u00e9 de la peau<\/strong>.<\/p>\n<p data-start=\"1382\" data-end=\"1592\">Indispensable pour les <strong data-start=\"1405\" data-end=\"1417\">sportifs<\/strong>, les personnes actives ou toute personne souhaitant pr\u00e9server son <strong data-start=\"1484\" data-end=\"1517\">capital articulaire et cutan\u00e9<\/strong>, ce compl\u00e9ment contribue \u00e0 une meilleure mobilit\u00e9 et au bien-\u00eatre g\u00e9n\u00e9ral.<\/p>\n<p data-start=\"1382\" data-end=\"1592\"><img fetchpriority=\"high\" decoding=\"async\" class=\"alignnone size-medium wp-image-19619\" src=\"https:\/\/elitenutritionmaroc.com\/wp-content\/uploads\/2026\/01\/Collagen-Complex-DY-Nutrition-300g-\u2013-Articulations-Peau-3-300x300.webp\" alt=\"Collagen Complex DY Nutrition 300g \u2013 Articulations &amp; Peau (1)\" width=\"300\" height=\"300\" srcset=\"https:\/\/elitenutritionmaroc.com\/wp-content\/uploads\/2026\/01\/Collagen-Complex-DY-Nutrition-300g-\u2013-Articulations-Peau-3-300x300.webp 300w, https:\/\/elitenutritionmaroc.com\/wp-content\/uploads\/2026\/01\/Collagen-Complex-DY-Nutrition-300g-\u2013-Articulations-Peau-3-800x800.webp 800w, https:\/\/elitenutritionmaroc.com\/wp-content\/uploads\/2026\/01\/Collagen-Complex-DY-Nutrition-300g-\u2013-Articulations-Peau-3-150x150.webp 150w, https:\/\/elitenutritionmaroc.com\/wp-content\/uploads\/2026\/01\/Collagen-Complex-DY-Nutrition-300g-\u2013-Articulations-Peau-3-768x768.webp 768w, https:\/\/elitenutritionmaroc.com\/wp-content\/uploads\/2026\/01\/Collagen-Complex-DY-Nutrition-300g-\u2013-Articulations-Peau-3-1536x1536.webp 1536w, https:\/\/elitenutritionmaroc.com\/wp-content\/uploads\/2026\/01\/Collagen-Complex-DY-Nutrition-300g-\u2013-Articulations-Peau-3-860x860.webp 860w, https:\/\/elitenutritionmaroc.com\/wp-content\/uploads\/2026\/01\/Collagen-Complex-DY-Nutrition-300g-\u2013-Articulations-Peau-3-430x430.webp 430w, https:\/\/elitenutritionmaroc.com\/wp-content\/uploads\/2026\/01\/Collagen-Complex-DY-Nutrition-300g-\u2013-Articulations-Peau-3-700x700.webp 700w, https:\/\/elitenutritionmaroc.com\/wp-content\/uploads\/2026\/01\/Collagen-Complex-DY-Nutrition-300g-\u2013-Articulations-Peau-3.webp 1800w\" sizes=\"(max-width: 300px) 100vw, 300px\" \/><\/p>\n<h3 data-start=\"1599\" data-end=\"1619\">\u2705 \u0627\u0644\u0641\u0648\u0627\u0626\u062f \u0627\u0644\u0631\u0626\u064a\u0633\u064a\u0629<\/h3>\n<ul data-start=\"1621\" data-end=\"1924\">\n<li data-start=\"1621\" data-end=\"1679\">\n<p data-start=\"1623\" data-end=\"1679\">\ud83e\uddb4 Soutien des <strong data-start=\"1638\" data-end=\"1677\">articulations, tendons et ligaments<\/strong><\/p>\n<\/li>\n<li data-start=\"1680\" data-end=\"1755\">\n<p data-start=\"1682\" data-end=\"1755\">\ud83d\udc86 Am\u00e9lioration de la <strong data-start=\"1704\" data-end=\"1726\">qualit\u00e9 de la peau<\/strong>, des cheveux et des ongles<\/p>\n<\/li>\n<li data-start=\"1756\" data-end=\"1805\">\n<p data-start=\"1758\" data-end=\"1805\">\ud83c\udfcb\ufe0f Aide \u00e0 la <strong data-start=\"1772\" data-end=\"1803\">r\u00e9cup\u00e9ration apr\u00e8s l\u2019effort<\/strong><\/p>\n<\/li>\n<li data-start=\"1806\" data-end=\"1865\">\n<p data-start=\"1808\" data-end=\"1865\">\ud83d\udd04 Contribue \u00e0 la <strong data-start=\"1826\" data-end=\"1863\">souplesse et mobilit\u00e9 articulaire<\/strong><\/p>\n<\/li>\n<li data-start=\"1866\" data-end=\"1924\">\n<p data-start=\"1868\" data-end=\"1924\">\ud83e\uddec Collag\u00e8ne facile \u00e0 consommer, assimilation optimale<\/p>\n<\/li>\n<\/ul>\n<h3 data-start=\"1931\" data-end=\"1975\">\ud83e\uddec Pourquoi le collag\u00e8ne est essentiel ?<\/h3>\n<p data-start=\"1977\" data-end=\"2218\">Le collag\u00e8ne est une <strong data-start=\"1998\" data-end=\"2031\">prot\u00e9ine structurelle majeure<\/strong> du corps humain. Avec l\u2019\u00e2ge ou l\u2019entra\u00eenement intensif, sa production diminue. Une suppl\u00e9mentation r\u00e9guli\u00e8re aide \u00e0 <strong data-start=\"2148\" data-end=\"2184\">pr\u00e9server les tissus conjonctifs<\/strong> et \u00e0 limiter l\u2019usure articulaire.<\/p>\n<p data-start=\"1977\" data-end=\"2218\"><img decoding=\"async\" class=\"alignnone size-medium wp-image-19618\" src=\"https:\/\/elitenutritionmaroc.com\/wp-content\/uploads\/2026\/01\/Collagen-Complex-DY-Nutrition-300g-\u2013-Articulations-Peau-1-333x300.png\" alt=\"Collagen Complex DY Nutrition 300g \u2013 Articulations &amp; Peau (1)\" width=\"333\" height=\"300\" srcset=\"https:\/\/elitenutritionmaroc.com\/wp-content\/uploads\/2026\/01\/Collagen-Complex-DY-Nutrition-300g-\u2013-Articulations-Peau-1-333x300.png 333w, https:\/\/elitenutritionmaroc.com\/wp-content\/uploads\/2026\/01\/Collagen-Complex-DY-Nutrition-300g-\u2013-Articulations-Peau-1-889x800.png 889w, https:\/\/elitenutritionmaroc.com\/wp-content\/uploads\/2026\/01\/Collagen-Complex-DY-Nutrition-300g-\u2013-Articulations-Peau-1-768x691.png 768w, https:\/\/elitenutritionmaroc.com\/wp-content\/uploads\/2026\/01\/Collagen-Complex-DY-Nutrition-300g-\u2013-Articulations-Peau-1-860x774.png 860w, https:\/\/elitenutritionmaroc.com\/wp-content\/uploads\/2026\/01\/Collagen-Complex-DY-Nutrition-300g-\u2013-Articulations-Peau-1-430x387.png 430w, https:\/\/elitenutritionmaroc.com\/wp-content\/uploads\/2026\/01\/Collagen-Complex-DY-Nutrition-300g-\u2013-Articulations-Peau-1-700x630.png 700w, https:\/\/elitenutritionmaroc.com\/wp-content\/uploads\/2026\/01\/Collagen-Complex-DY-Nutrition-300g-\u2013-Articulations-Peau-1-150x135.png 150w, https:\/\/elitenutritionmaroc.com\/wp-content\/uploads\/2026\/01\/Collagen-Complex-DY-Nutrition-300g-\u2013-Articulations-Peau-1.png 900w\" sizes=\"(max-width: 333px) 100vw, 333px\" \/><\/p>\n<h3 data-start=\"2225\" data-end=\"2254\">\ud83d\udd52 \u0646\u0635\u0627\u0626\u062d \u0627\u0644\u0627\u0633\u062a\u062e\u062f\u0627\u0645<\/h3>\n<ul data-start=\"2256\" data-end=\"2413\">\n<li data-start=\"2256\" data-end=\"2329\">\n<p data-start=\"2258\" data-end=\"2329\">M\u00e9langer <strong data-start=\"2267\" data-end=\"2292\">1 dose (environ 10 g)<\/strong> dans de l\u2019eau, un jus ou un shaker<\/p>\n<\/li>\n<li data-start=\"2330\" data-end=\"2413\">\n<p data-start=\"2332\" data-end=\"2413\">\u00c0 consommer <strong data-start=\"2344\" data-end=\"2363\">1 fois par jour<\/strong>, de pr\u00e9f\u00e9rence le matin ou apr\u00e8s l\u2019entra\u00eenement<\/p>\n<\/li>\n<\/ul>\n<h3 data-start=\"2420\" data-end=\"2437\">\ud83c\udfaf \u0644\u0645\u0646\u061f<\/h3>\n<ul data-start=\"2439\" data-end=\"2631\">\n<li data-start=\"2439\" data-end=\"2508\">\n<p data-start=\"2441\" data-end=\"2508\">Sportifs (musculation, fitness, cross-training, sports de combat)<\/p>\n<\/li>\n<li data-start=\"2509\" data-end=\"2556\">\n<p data-start=\"2511\" data-end=\"2556\">Personnes souffrant d\u2019inconfort articulaire<\/p>\n<\/li>\n<li data-start=\"2557\" data-end=\"2611\">\n<p data-start=\"2559\" data-end=\"2611\">Hommes et femmes soucieux de leur peau et mobilit\u00e9<\/p>\n<\/li>\n<li data-start=\"2612\" data-end=\"2631\">\n<p data-start=\"2614\" data-end=\"2631\">\u0627\u0633\u062a\u062e\u062f\u0627\u0645 \u064a\u0648\u0645\u064a \u0628\u0633\u064a\u0637<\/p>\n<\/li>\n<\/ul>\n<p><img decoding=\"async\" class=\"alignnone size-medium wp-image-19621\" src=\"https:\/\/elitenutritionmaroc.com\/wp-content\/uploads\/2026\/01\/Collagen-Complex-DY-Nutrition-300g-\u2013-Articulations-Peau-2-new-300x300.webp\" alt=\"Collagen Complex DY Nutrition\" width=\"300\" height=\"300\" srcset=\"https:\/\/elitenutritionmaroc.com\/wp-content\/uploads\/2026\/01\/Collagen-Complex-DY-Nutrition-300g-\u2013-Articulations-Peau-2-new-300x300.webp 300w, https:\/\/elitenutritionmaroc.com\/wp-content\/uploads\/2026\/01\/Collagen-Complex-DY-Nutrition-300g-\u2013-Articulations-Peau-2-new-800x800.webp 800w, https:\/\/elitenutritionmaroc.com\/wp-content\/uploads\/2026\/01\/Collagen-Complex-DY-Nutrition-300g-\u2013-Articulations-Peau-2-new-150x150.webp 150w, https:\/\/elitenutritionmaroc.com\/wp-content\/uploads\/2026\/01\/Collagen-Complex-DY-Nutrition-300g-\u2013-Articulations-Peau-2-new-768x768.webp 768w, https:\/\/elitenutritionmaroc.com\/wp-content\/uploads\/2026\/01\/Collagen-Complex-DY-Nutrition-300g-\u2013-Articulations-Peau-2-new-1536x1536.webp 1536w, https:\/\/elitenutritionmaroc.com\/wp-content\/uploads\/2026\/01\/Collagen-Complex-DY-Nutrition-300g-\u2013-Articulations-Peau-2-new-2048x2048.webp 2048w, https:\/\/elitenutritionmaroc.com\/wp-content\/uploads\/2026\/01\/Collagen-Complex-DY-Nutrition-300g-\u2013-Articulations-Peau-2-new-860x860.webp 860w, https:\/\/elitenutritionmaroc.com\/wp-content\/uploads\/2026\/01\/Collagen-Complex-DY-Nutrition-300g-\u2013-Articulations-Peau-2-new-430x430.webp 430w, https:\/\/elitenutritionmaroc.com\/wp-content\/uploads\/2026\/01\/Collagen-Complex-DY-Nutrition-300g-\u2013-Articulations-Peau-2-new-700x700.webp 700w\" sizes=\"(max-width: 300px) 100vw, 300px\" \/><\/p>\n<h3 data-start=\"2638\" data-end=\"2656\">\u26a0\ufe0f \u0627\u062d\u062a\u064a\u0627\u0637\u0627\u062a<\/h3>\n<p data-start=\"2658\" data-end=\"2804\">Compl\u00e9ment alimentaire. Ne remplace pas une alimentation vari\u00e9e et \u00e9quilibr\u00e9e. Respecter les doses recommand\u00e9es. Tenir hors de port\u00e9e des enfants.<\/p>","protected":false},"excerpt":{"rendered":"<p>\ud83e\uddb4 COLLAGEN COMPLEX \u2013 SOUTIEN ARTICULAIRE &amp; BEAUT\u00c9 DE L\u2019INT\u00c9RIEUR Collagen Complex de DY Nutrition est une formule avanc\u00e9e \u00e0<\/p>","protected":false},"featured_media":19617,"comment_status":"open","ping_status":"closed","template":"","meta":[],"product_brand":[594],"product_cat":[595],"product_tag":[596,597,598],"class_list":{"0":"post-19615","1":"product","2":"type-product","3":"status-publish","4":"has-post-thumbnail","6":"product_brand-doryan","7":"product_cat-collagen","8":"product_tag-collagen","9":"product_tag-dy","10":"product_tag-nutrition","12":"first","13":"outofstock","14":"shipping-taxable","15":"purchasable","16":"product-type-simple"},"_links":{"self":[{"href":"https:\/\/elitenutritionmaroc.com\/ar\/wp-json\/wp\/v2\/product\/19615","targetHints":{"allow":["GET"]}}],"collection":[{"href":"https:\/\/elitenutritionmaroc.com\/ar\/wp-json\/wp\/v2\/product"}],"about":[{"href":"https:\/\/elitenutritionmaroc.com\/ar\/wp-json\/wp\/v2\/types\/product"}],"replies":[{"embeddable":true,"href":"https:\/\/elitenutritionmaroc.com\/ar\/wp-json\/wp\/v2\/comments?post=19615"}],"version-history":[{"count":1,"href":"https:\/\/elitenutritionmaroc.com\/ar\/wp-json\/wp\/v2\/product\/19615\/revisions"}],"predecessor-version":[{"id":20239,"href":"https:\/\/elitenutritionmaroc.com\/ar\/wp-json\/wp\/v2\/product\/19615\/revisions\/20239"}],"wp:featuredmedia":[{"embeddable":true,"href":"https:\/\/elitenutritionmaroc.com\/ar\/wp-json\/wp\/v2\/media\/19617"}],"wp:attachment":[{"href":"https:\/\/elitenutritionmaroc.com\/ar\/wp-json\/wp\/v2\/media?parent=19615"}],"wp:term":[{"taxonomy":"product_brand","embeddable":true,"href":"https:\/\/elitenutritionmaroc.com\/ar\/wp-json\/wp\/v2\/product_brand?post=19615"},{"taxonomy":"product_cat","embeddable":true,"href":"https:\/\/elitenutritionmaroc.com\/ar\/wp-json\/wp\/v2\/product_cat?post=19615"},{"taxonomy":"product_tag","embeddable":true,"href":"https:\/\/elitenutritionmaroc.com\/ar\/wp-json\/wp\/v2\/product_tag?post=19615"}],"curies":[{"name":"wp","href":"https:\/\/api.w.org\/{rel}","templated":true}]}}