{"id":19579,"date":"2026-01-22T04:04:50","date_gmt":"2026-01-22T03:04:50","guid":{"rendered":"https:\/\/elitenutritionmaroc.com\/?post_type=product&#038;p=19579"},"modified":"2026-01-22T04:04:50","modified_gmt":"2026-01-22T03:04:50","slug":"protege-torse-et-poitrine","status":"publish","type":"product","link":"https:\/\/elitenutritionmaroc.com\/ar\/product\/protege-torse-et-poitrine\/","title":{"rendered":"\u0648\u0627\u0642\u064a \u0627\u0644\u0635\u062f\u0631 \u0648\u0627\u0644\u0628\u0637\u0646"},"content":{"rendered":"<h3 data-start=\"1041\" data-end=\"1098\">\ud83e\udd4a \u0648\u0627\u0642\u064a \u0627\u0644\u0635\u062f\u0631 \u0648\u0627\u0644\u0635\u062f\u0631 \u2013 \u0627\u0644\u0623\u0645\u0627\u0646 \u0648\u0627\u0644\u0623\u062f\u0627\u0621<\/h3>\n<p data-start=\"1100\" data-end=\"1403\" class=\" translation-block\">\u0627\u0644<strong data-start=\"1103\" data-end=\"1132\"> \u0648\u0627\u0642\u064a \u0627\u0644\u0635\u062f\u0631 \u0648\u0627\u0644\u0635\u062f\u0631 \u0645\u0635\u0645\u0645 \u0644\u062a\u0648\u0641\u064a\u0631 \u062d\u0645\u0627\u064a\u0629 \u0642\u0635\u0648\u0649 \u0644\u0644\u062c\u0632\u0621 \u0627\u0644\u0639\u0644\u0648\u064a \u0645\u0646 \u0627\u0644\u062c\u0633\u0645 \u0623\u062b\u0646\u0627\u0621 \u0627\u0644\u062a\u062f\u0631\u064a\u0628\u0627\u062a \u0648\u0627\u0644\u0645\u0628\u0627\u0631\u064a\u0627\u062a. \u064a\u0645\u062a\u0635 \u0627\u0644\u0635\u062f\u0645\u0627\u062a \u0628\u0641\u0639\u0627\u0644\u064a\u0629 \u0639\u0644\u0649 \u0645\u0633\u062a\u0648\u0649 <strong data-start=\"1279\" data-end=\"1291\">\u0627\u0644\u0635\u062f\u0631<\/strong>\u060c \u0648<strong data-start=\"1297\" data-end=\"1306\">\u0627\u0644\u0623\u0636\u0644\u0627\u0639<\/strong> \u0648<strong data-start=\"1313\" data-end=\"1322\">\u0627\u0644\u062c\u0632\u0621 \u0627\u0644\u0639\u0644\u0648\u064a \u0645\u0646 \u0627\u0644\u062c\u0633\u0645<\/strong>\u060c \u0645\u0639 \u0636\u0645\u0627\u0646 <strong data-start=\"1344\" data-end=\"1365\">\u0631\u0627\u062d\u0629 \u0645\u0645\u062a\u0627\u0632\u0629<\/strong> \u0648\u062d\u0631\u064a\u0629 \u062d\u0631\u0643\u0629 \u0645\u062b\u0627\u0644\u064a\u0629.<\/p>\n<p data-start=\"1405\" data-end=\"1512\" class=\" translation-block\">\u0636\u0631\u0648\u0631\u064a \u0644\u0644\u0645\u0644\u0627\u0643\u0645\u0629\u060c \u0627\u0644\u0643\u064a\u0643 \u0628\u0648\u0643\u0633\u064a\u0646\u063a\u060c \u0627\u0644\u0645\u0648\u0627\u064a \u062a\u0627\u064a\u060c MMA \u0648\u063a\u064a\u0631\u0647\u0627 \u0645\u0646 \u0631\u064a\u0627\u0636\u0627\u062a \u0627\u0644\u0642\u062a\u0627\u0644.<\/p>\n<p data-start=\"1405\" data-end=\"1512\"><img fetchpriority=\"high\" decoding=\"async\" class=\"alignnone size-medium wp-image-19582\" src=\"https:\/\/elitenutritionmaroc.com\/wp-content\/uploads\/2026\/01\/PROTEGE-TORSE-ET-POITRINE-2-300x300.jpeg\" alt=\"Prot\u00e8ge-Torse et Poitrine\" width=\"300\" height=\"300\" srcset=\"https:\/\/elitenutritionmaroc.com\/wp-content\/uploads\/2026\/01\/PROTEGE-TORSE-ET-POITRINE-2-300x300.jpeg 300w, https:\/\/elitenutritionmaroc.com\/wp-content\/uploads\/2026\/01\/PROTEGE-TORSE-ET-POITRINE-2-150x150.jpeg 150w, https:\/\/elitenutritionmaroc.com\/wp-content\/uploads\/2026\/01\/PROTEGE-TORSE-ET-POITRINE-2-430x430.jpeg 430w, https:\/\/elitenutritionmaroc.com\/wp-content\/uploads\/2026\/01\/PROTEGE-TORSE-ET-POITRINE-2.jpeg 612w\" sizes=\"(max-width: 300px) 100vw, 300px\" \/><\/p>\n<h3 data-start=\"1519\" data-end=\"1539\">\u2705 \u0627\u0644\u0645\u0632\u0627\u064a\u0627 \u0627\u0644\u0631\u0626\u064a\u0633\u064a\u0629<\/h3>\n<ul data-start=\"1541\" data-end=\"1832\">\n<li data-start=\"1541\" data-end=\"1596\">\n<p data-start=\"1543\" data-end=\"1596\">\ud83d\udee1\ufe0f \u062d\u0645\u0627\u064a\u0629 \u0645\u0639\u0632\u0632\u0629 \u0644\u0644\u0635\u062f\u0631 \u0648\u0627\u0644\u0635\u062f\u0631<\/p>\n<\/li>\n<li data-start=\"1597\" data-end=\"1632\">\n<p data-start=\"1599\" data-end=\"1632\">\u26a1 \u0627\u0645\u062a\u0635\u0627\u0635 \u0641\u0639\u0627\u0644 \u0644\u0644\u0635\u062f\u0645\u0627\u062a<\/p>\n<\/li>\n<li data-start=\"1633\" data-end=\"1686\">\n<p data-start=\"1635\" data-end=\"1686\">\ud83d\udd12 \u062a\u062b\u0628\u064a\u062a \u0622\u0645\u0646 \u0628\u0641\u0636\u0644 \u0627\u0644\u0623\u062d\u0632\u0645\u0629 \u0627\u0644\u0642\u0627\u0628\u0644\u0629 \u0644\u0644\u062a\u0639\u062f\u064a\u0644<\/p>\n<\/li>\n<li data-start=\"1687\" data-end=\"1735\">\n<p data-start=\"1689\" data-end=\"1735\">\ud83d\udca8 \u0627\u0644\u0631\u0627\u062d\u0629 \u0648\u0627\u0644\u062a\u0647\u0648\u064a\u0629 \u0623\u062b\u0646\u0627\u0621 \u0627\u0644\u062c\u0647\u062f<\/p>\n<\/li>\n<li data-start=\"1736\" data-end=\"1780\">\n<p data-start=\"1738\" data-end=\"1780\">\ud83c\udfcb\ufe0f \u0645\u0642\u0627\u0648\u0645 \u0644\u0644\u062a\u062f\u0631\u064a\u0628 \u0627\u0644\u0645\u0643\u062b\u0641<\/p>\n<\/li>\n<li data-start=\"1781\" data-end=\"1832\">\n<p data-start=\"1783\" data-end=\"1832\">\ud83c\udfaf \u0645\u0646\u0627\u0633\u0628 \u0644\u0644\u062a\u062f\u0631\u064a\u0628 \u0648\u0627\u0644\u0645\u0645\u0627\u0631\u0633\u0627\u062a \u0627\u0644\u062a\u0642\u0646\u064a\u0629<\/p>\n<\/li>\n<\/ul>\n<h3 data-start=\"1839\" data-end=\"1882\">\ud83c\udfaf \u0644\u0645\u0627\u0630\u0627 \u062a\u0633\u062a\u062e\u062f\u0645 \u0648\u0627\u0642\u064a \u0627\u0644\u0635\u062f\u0631\u061f<\/h3>\n<p data-start=\"1884\" data-end=\"2111\" class=\" translation-block\">\u064a\u0633\u0627\u0639\u062f \u0648\u0627\u0642\u064a \u0627\u0644\u0635\u062f\u0631 \u0639\u0644\u0649 <strong data-start=\"1911\" data-end=\"1947\">\u062a\u0642\u0644\u064a\u0644 \u0645\u062e\u0627\u0637\u0631 \u0627\u0644\u0625\u0635\u0627\u0628\u0627\u062a<\/strong>\u060c \u0648\u0627\u0644\u062a\u062f\u0631\u064a\u0628 \u0628\u0634\u0643\u0644 \u0623\u0643\u062b\u0631 \u0643\u062b\u0627\u0641\u0629 \u0648\u0628\u062b\u0642\u0629 \u062a\u0627\u0645\u0629. \u0625\u0646\u0647 \u0645\u062b\u0627\u0644\u064a \u0644\u062c\u0644\u0633\u0627\u062a <strong data-start=\"2037\" data-end=\"2049\">\u0627\u0644\u062a\u062f\u0631\u064a\u0628 \u0627\u0644\u062a\u0628\u0627\u062f\u0644\u064a<\/strong>\u060c \u0648\u0627\u0644\u062a\u062f\u0631\u064a\u0628\u0627\u062a \u0627\u0644\u062a\u0642\u0646\u064a\u0629\u060c \u0648\u0627\u0644\u062a\u0645\u0627\u0631\u064a\u0646 \u0630\u0627\u062a \u0627\u0644\u062a\u0623\u062b\u064a\u0631 \u0627\u0644\u0639\u0627\u0644\u064a.<\/p>\n<p data-start=\"1884\" data-end=\"2111\"><img decoding=\"async\" class=\"alignnone size-medium wp-image-19584\" src=\"https:\/\/elitenutritionmaroc.com\/wp-content\/uploads\/2026\/01\/PROTEGE-TORSE-ET-POITRINE-1-300x300.jpg\" alt=\"Prot\u00e8ge-Torse et Poitrine\" width=\"300\" height=\"300\" srcset=\"https:\/\/elitenutritionmaroc.com\/wp-content\/uploads\/2026\/01\/PROTEGE-TORSE-ET-POITRINE-1-300x300.jpg 300w, https:\/\/elitenutritionmaroc.com\/wp-content\/uploads\/2026\/01\/PROTEGE-TORSE-ET-POITRINE-1-150x150.jpg 150w, https:\/\/elitenutritionmaroc.com\/wp-content\/uploads\/2026\/01\/PROTEGE-TORSE-ET-POITRINE-1-430x430.jpg 430w, https:\/\/elitenutritionmaroc.com\/wp-content\/uploads\/2026\/01\/PROTEGE-TORSE-ET-POITRINE-1.jpg 612w\" sizes=\"(max-width: 300px) 100vw, 300px\" \/><\/p>\n<h3 data-start=\"2118\" data-end=\"2147\">\ud83d\udd52 \u0646\u0635\u0627\u0626\u062d \u0627\u0644\u0627\u0633\u062a\u062e\u062f\u0627\u0645<\/h3>\n<ol data-start=\"2149\" data-end=\"2363\">\n<li data-start=\"2149\" data-end=\"2195\">\n<p data-start=\"2152\" data-end=\"2195\">\u0648\u0636\u0639 \u0648\u0627\u0642\u064a \u0627\u0644\u0635\u062f\u0631 \u0639\u0644\u0649 \u0627\u0644\u0635\u062f\u0631<\/p>\n<\/li>\n<li data-start=\"2196\" data-end=\"2258\">\n<p data-start=\"2199\" data-end=\"2258\">\u0636\u0628\u0637 \u0627\u0644\u0623\u062d\u0632\u0645\u0629 \u0644\u062a\u0648\u0641\u064a\u0631 \u062f\u0639\u0645 \u062b\u0627\u0628\u062a \u0648\u0645\u0631\u064a\u062d<\/p>\n<\/li>\n<li data-start=\"2259\" data-end=\"2309\">\n<p data-start=\"2262\" data-end=\"2309\">\u0627\u0633\u062a\u062e\u062f\u0627\u0645\u0647 \u0623\u062b\u0646\u0627\u0621 \u0627\u0644\u062a\u062f\u0631\u064a\u0628\u0627\u062a \u0648\u0627\u0644\u0645\u0628\u0627\u0631\u064a\u0627\u062a<\/p>\n<\/li>\n<li data-start=\"2310\" data-end=\"2363\">\n<p data-start=\"2313\" data-end=\"2363\">\u062a\u0646\u0638\u064a\u0641 \u0628\u0627\u0646\u062a\u0638\u0627\u0645 \u0644\u0644\u062d\u0641\u0627\u0638 \u0639\u0644\u0649 \u0646\u0638\u0627\u0641\u0629 \u0645\u062b\u0627\u0644\u064a\u0629<\/p>\n<\/li>\n<\/ol>\n<p><img decoding=\"async\" class=\"alignnone size-medium wp-image-19581\" src=\"https:\/\/elitenutritionmaroc.com\/wp-content\/uploads\/2026\/01\/PROTEGE-TORSE-ET-POITRINE-3-275x300.jpg\" alt=\"Prot\u00e8ge-Torse et Poitrine\" width=\"275\" height=\"300\" srcset=\"https:\/\/elitenutritionmaroc.com\/wp-content\/uploads\/2026\/01\/PROTEGE-TORSE-ET-POITRINE-3-275x300.jpg 275w, https:\/\/elitenutritionmaroc.com\/wp-content\/uploads\/2026\/01\/PROTEGE-TORSE-ET-POITRINE-3-430x469.jpg 430w, https:\/\/elitenutritionmaroc.com\/wp-content\/uploads\/2026\/01\/PROTEGE-TORSE-ET-POITRINE-3-150x164.jpg 150w, https:\/\/elitenutritionmaroc.com\/wp-content\/uploads\/2026\/01\/PROTEGE-TORSE-ET-POITRINE-3.jpg 458w\" sizes=\"(max-width: 275px) 100vw, 275px\" \/><\/p>\n<h3 data-start=\"2370\" data-end=\"2387\">\ud83e\udd4b \u0644\u0645\u0646\u061f<\/h3>\n<ul data-start=\"2389\" data-end=\"2525\">\n<li data-start=\"2389\" data-end=\"2423\">\n<p data-start=\"2391\" data-end=\"2423\">\u0645\u0644\u0627\u0643\u0645\u0648\u0646 \u0645\u0628\u062a\u062f\u0626\u0648\u0646 \u0648\u0645\u062d\u062a\u0631\u0641\u0648\u0646<\/p>\n<\/li>\n<li data-start=\"2424\" data-end=\"2459\">\n<p data-start=\"2426\" data-end=\"2459\">\u0645\u0645\u0627\u0631\u0633\u0648 \u0641\u0646\u0648\u0646 \u0627\u0644\u0642\u062a\u0627\u0644<\/p>\n<\/li>\n<li data-start=\"2460\" data-end=\"2484\">\n<p data-start=\"2462\" data-end=\"2484\">\u0627\u0644\u0645\u062f\u0631\u0628\u0648\u0646 \u0648\u0627\u0644\u0623\u0646\u062f\u064a\u0629<\/p>\n<\/li>\n<li data-start=\"2485\" data-end=\"2525\">\n<p data-start=\"2487\" data-end=\"2525\">\u062a\u062f\u0631\u064a\u0628 \u0645\u0643\u062b\u0641 \u0623\u0648 \u0645\u0646\u0627\u0641\u0633\u0629<\/p>\n<\/li>\n<\/ul>","protected":false},"excerpt":{"rendered":"<p>\ud83e\udd4a PROT\u00c8GE-TORSE ET POITRINE \u2013 S\u00c9CURIT\u00c9 &amp; PERFORMANCE Le Prot\u00e8ge-Torse et Poitrine est con\u00e7u pour offrir une protection maximale du<\/p>","protected":false},"featured_media":19586,"comment_status":"open","ping_status":"closed","template":"","meta":[],"product_brand":[],"product_cat":[584],"product_tag":[],"class_list":{"0":"post-19579","1":"product","2":"type-product","3":"status-publish","4":"has-post-thumbnail","6":"product_cat-accessoires","8":"first","9":"instock","10":"shipping-taxable","11":"purchasable","12":"product-type-simple"},"_links":{"self":[{"href":"https:\/\/elitenutritionmaroc.com\/ar\/wp-json\/wp\/v2\/product\/19579","targetHints":{"allow":["GET"]}}],"collection":[{"href":"https:\/\/elitenutritionmaroc.com\/ar\/wp-json\/wp\/v2\/product"}],"about":[{"href":"https:\/\/elitenutritionmaroc.com\/ar\/wp-json\/wp\/v2\/types\/product"}],"replies":[{"embeddable":true,"href":"https:\/\/elitenutritionmaroc.com\/ar\/wp-json\/wp\/v2\/comments?post=19579"}],"version-history":[{"count":0,"href":"https:\/\/elitenutritionmaroc.com\/ar\/wp-json\/wp\/v2\/product\/19579\/revisions"}],"wp:featuredmedia":[{"embeddable":true,"href":"https:\/\/elitenutritionmaroc.com\/ar\/wp-json\/wp\/v2\/media\/19586"}],"wp:attachment":[{"href":"https:\/\/elitenutritionmaroc.com\/ar\/wp-json\/wp\/v2\/media?parent=19579"}],"wp:term":[{"taxonomy":"product_brand","embeddable":true,"href":"https:\/\/elitenutritionmaroc.com\/ar\/wp-json\/wp\/v2\/product_brand?post=19579"},{"taxonomy":"product_cat","embeddable":true,"href":"https:\/\/elitenutritionmaroc.com\/ar\/wp-json\/wp\/v2\/product_cat?post=19579"},{"taxonomy":"product_tag","embeddable":true,"href":"https:\/\/elitenutritionmaroc.com\/ar\/wp-json\/wp\/v2\/product_tag?post=19579"}],"curies":[{"name":"wp","href":"https:\/\/api.w.org\/{rel}","templated":true}]}}