{"id":19565,"date":"2026-01-22T03:44:12","date_gmt":"2026-01-22T02:44:12","guid":{"rendered":"https:\/\/elitenutritionmaroc.com\/?post_type=product&#038;p=19565"},"modified":"2026-01-22T03:44:12","modified_gmt":"2026-01-22T02:44:12","slug":"protege-tibia-boxe-bs-1019","status":"publish","type":"product","link":"https:\/\/elitenutritionmaroc.com\/ar\/product\/protege-tibia-boxe-bs-1019\/","title":{"rendered":"\u0648\u0627\u0642\u064a \u0627\u0644\u0633\u0627\u0642 \u0644\u0644\u0645\u0644\u0627\u0643\u0645\u0629 BS-1019"},"content":{"rendered":"<h3 data-start=\"1051\" data-end=\"1105\">\ud83e\udd4a \u0648\u0627\u0642\u064a \u0627\u0644\u0633\u0627\u0642\u064a\u0646 \u0644\u0644\u0645\u0644\u0627\u0643\u0645\u0629 BS-1019 \u2013 \u0627\u0644\u0623\u0645\u0627\u0646 \u0648\u0627\u0644\u0631\u0627\u062d\u0629<\/h3>\n<p data-start=\"1107\" data-end=\"1395\" class=\" translation-block\">\u0627\u0644<strong data-start=\"1110\" data-end=\"1140\"> <strong>\u062d\u0645\u0627\u064a\u0629 \u0627\u0644\u0633\u0627\u0642\u064a\u0646 \u0644\u0644\u0645\u0644\u0627\u0643\u0645\u0629 BS-1019<\/strong> \u0645\u0635\u0645\u0645\u0629 \u0644\u062d\u0645\u0627\u064a\u0629 \u0627\u0644\u0633\u0627\u0642\u064a\u0646 \u0623\u062b\u0646\u0627\u0621 \u0627\u0644\u062a\u062f\u0631\u064a\u0628\u0627\u062a\u060c \u0623\u0648 \u0627\u0644\u0645\u0646\u0627\u0632\u0644\u0627\u062a\u060c \u0623\u0648 \u0627\u0644\u0645\u0628\u0627\u0631\u064a\u0627\u062a. \u062a\u0635\u0645\u064a\u0645\u0647 \u0627\u0644\u0645\u0631\u064a\u062d \u064a\u0636\u0645\u0646 <strong data-start=\"1271\" data-end=\"1291\">\u062b\u0628\u0627\u062a\u064b\u0627 \u0645\u062b\u0627\u0644\u064a\u064b\u0627<\/strong>\u060c \u0648<strong data-start=\"1297\" data-end=\"1330\">\u0627\u0645\u062a\u0635\u0627\u0635\u064b\u0627 \u0641\u0639\u0627\u0644\u064b\u0627 \u0644\u0644\u0635\u062f\u0645\u0627\u062a<\/strong> \u0627\u0645\u062a\u0635\u0627\u0635 \u0627\u0644\u0635\u062f\u0645\u0627\u062a \u0627\u0644\u0641\u0639\u0627\u0644 \u0648 <strong data-start=\"1337\" data-end=\"1356\">\u0631\u0627\u062d\u0629 \u0642\u0635\u0648\u0649<\/strong>\u060c \u0645\u0645\u0627 \u064a\u0642\u0644\u0644 \u0645\u0646 \u0645\u062e\u0627\u0637\u0631 \u0627\u0644\u0625\u0635\u0627\u0628\u0627\u062a.<\/p>\n<p data-start=\"1397\" data-end=\"1518\" class=\" translation-block\">\u0645\u062b\u0627\u0644\u064a \u0644\u0640 <strong data-start=\"1411\" data-end=\"1419\">\u0627\u0644\u0645\u0644\u0627\u0643\u0645\u0629<\/strong>\u060c <strong data-start=\"1424\" data-end=\"1438\"> \u0643\u064a\u0643 \u0628\u0648\u0643\u0633\u064a\u0646\u063a<\/strong>\u060c \u0627\u0644<strong data-start=\"1443\" data-end=\"1456\"> \u0645\u0648\u0627\u064a \u062a\u0627\u064a<\/strong>\u060c \u0627\u0644<strong data-start=\"1461\" data-end=\"1468\"> MMA \u0648\u0643\u0644 \u0631\u064a\u0627\u0636\u0629 \u0642\u062a\u0627\u0644 \u062a\u062a\u0637\u0644\u0628 \u0627\u0633\u062a\u062e\u062f\u0627\u0645 \u0627\u0644\u0633\u0627\u0642\u064a\u0646.<\/p>\n<p data-start=\"1397\" data-end=\"1518\"><img fetchpriority=\"high\" decoding=\"async\" class=\"alignnone size-medium wp-image-19570\" src=\"https:\/\/elitenutritionmaroc.com\/wp-content\/uploads\/2026\/01\/PROTEGE-TIBIA-BOXE-300x300.png\" alt=\"PROTEGE TIBIA BOXE\" width=\"300\" height=\"300\" srcset=\"https:\/\/elitenutritionmaroc.com\/wp-content\/uploads\/2026\/01\/PROTEGE-TIBIA-BOXE-300x300.png 300w, https:\/\/elitenutritionmaroc.com\/wp-content\/uploads\/2026\/01\/PROTEGE-TIBIA-BOXE-150x150.png 150w, https:\/\/elitenutritionmaroc.com\/wp-content\/uploads\/2026\/01\/PROTEGE-TIBIA-BOXE-430x430.png 430w, https:\/\/elitenutritionmaroc.com\/wp-content\/uploads\/2026\/01\/PROTEGE-TIBIA-BOXE-700x700.png 700w, https:\/\/elitenutritionmaroc.com\/wp-content\/uploads\/2026\/01\/PROTEGE-TIBIA-BOXE.png 720w\" sizes=\"(max-width: 300px) 100vw, 300px\" \/><\/p>\n<h3 data-start=\"1525\" data-end=\"1545\">\u2705 \u0627\u0644\u0645\u0632\u0627\u064a\u0627 \u0627\u0644\u0631\u0626\u064a\u0633\u064a\u0629<\/h3>\n<ul data-start=\"1547\" data-end=\"1799\">\n<li data-start=\"1547\" data-end=\"1585\">\n<p data-start=\"1549\" data-end=\"1585\">\ud83e\uddb5 \u062d\u0645\u0627\u064a\u0629 \u0645\u0639\u0632\u0632\u0629 \u0644\u0644\u0633\u0627\u0642\u064a\u0646<\/p>\n<\/li>\n<li data-start=\"1586\" data-end=\"1623\">\n<p data-start=\"1588\" data-end=\"1623\">\u26a1 \u0627\u0645\u062a\u0635\u0627\u0635 \u0627\u0644\u0635\u062f\u0645\u0627\u062a \u0648\u0627\u0644\u062a\u0623\u062b\u064a\u0631\u0627\u062a<\/p>\n<\/li>\n<li data-start=\"1624\" data-end=\"1661\">\n<p data-start=\"1626\" data-end=\"1661\">\ud83d\udd12 \u062a\u062b\u0628\u064a\u062a \u0622\u0645\u0646 \u0648\u0642\u0627\u0628\u0644 \u0644\u0644\u062a\u0639\u062f\u064a\u0644<\/p>\n<\/li>\n<li data-start=\"1662\" data-end=\"1701\">\n<p data-start=\"1664\" data-end=\"1701\">\ud83d\udca8 \u0631\u0627\u062d\u0629 \u0645\u062b\u0627\u0644\u064a\u0629 \u0648\u0642\u0627\u0628\u0644\u064a\u0629 \u0644\u0644\u062a\u0646\u0641\u0633<\/p>\n<\/li>\n<li data-start=\"1702\" data-end=\"1753\">\n<p data-start=\"1704\" data-end=\"1753\">\ud83c\udfcb\ufe0f \u0645\u0642\u0627\u0648\u0645 \u0648\u062f\u0627\u0626\u0645 \u0644\u0644\u0627\u0633\u062a\u062e\u062f\u0627\u0645 \u0627\u0644\u0645\u0646\u062a\u0638\u0645<\/p>\n<\/li>\n<li data-start=\"1754\" data-end=\"1799\">\n<p data-start=\"1756\" data-end=\"1799\">\ud83c\udfaf \u0645\u062b\u0627\u0644\u064a \u0644\u0644\u062a\u062f\u0631\u064a\u0628 \u0648\u0627\u0644\u0645\u0646\u0627\u0641\u0633\u0629<\/p>\n<\/li>\n<\/ul>\n<h3 data-start=\"1806\" data-end=\"1842\">\ud83c\udfaf \u0644\u0645\u0627\u0630\u0627 \u062a\u062e\u062a\u0627\u0631 BS-1019\u061f<\/h3>\n<p data-start=\"1844\" data-end=\"2030\" class=\" translation-block\">\u0627\u0644<strong data-start=\"1847\" data-end=\"1872\"> \u0628\u0631\u0648\u062a\u064a\u062c-\u062a\u064a\u0628\u064a\u0627 BS-1019<\/strong> \u064a\u0648\u0641\u0631 \u062a\u0648\u0627\u0632\u0646\u064b\u0627 \u0645\u062b\u0627\u0644\u064a\u064b\u0627 \u0628\u064a\u0646 <strong data-start=\"1906\" data-end=\"1942\">\u0627\u0644\u0623\u0645\u0627\u0646 \u0648\u0627\u0644\u0631\u0627\u062d\u0629 \u0648\u0627\u0644\u0623\u062f\u0627\u0621<\/strong>\u060c \u0645\u0645\u0627 \u064a\u062a\u064a\u062d \u0644\u0643 <strong data-start=\"1963\" data-end=\"2002\">\u0627\u0644\u062a\u0631\u0643\u064a\u0632 \u0639\u0644\u0649 \u062a\u0642\u0646\u064a\u062a\u0643<\/strong> \u062f\u0648\u0646 \u062e\u0648\u0641 \u0645\u0646 \u0627\u0644\u0625\u0635\u0627\u0628\u0629.<\/p>\n<h3 data-start=\"2037\" data-end=\"2066\">\ud83d\udd52 \u0646\u0635\u0627\u0626\u062d \u0627\u0644\u0627\u0633\u062a\u062e\u062f\u0627\u0645<\/h3>\n<ol data-start=\"2068\" data-end=\"2295\">\n<li data-start=\"2068\" data-end=\"2114\">\n<p data-start=\"2071\" data-end=\"2114\">\u0648\u0636\u0639 \u0648\u0627\u0642\u064a \u0627\u0644\u0633\u0627\u0642 \u0639\u0644\u0649 \u0627\u0644\u0633\u0627\u0642<\/p>\n<\/li>\n<li data-start=\"2115\" data-end=\"2179\">\n<p data-start=\"2118\" data-end=\"2179\">\u0636\u0628\u0637 \u0627\u0644\u0623\u062d\u0632\u0645\u0629 \u0644\u062a\u0648\u0641\u064a\u0631 \u062f\u0639\u0645 \u062b\u0627\u0628\u062a \u0648\u0644\u0643\u0646 \u0645\u0631\u064a\u062d<\/p>\n<\/li>\n<li data-start=\"2180\" data-end=\"2236\">\n<p data-start=\"2183\" data-end=\"2236\">\u0627\u0633\u062a\u062e\u062f\u0627\u0645\u0647\u0627 \u0623\u062b\u0646\u0627\u0621 \u0627\u0644\u062a\u062f\u0631\u064a\u0628\u0627\u062a\u060c \u0623\u0648 \u0627\u0644\u0645\u0646\u0627\u0641\u0633\u0627\u062a\u060c \u0623\u0648 \u0627\u0644\u0645\u0639\u0627\u0631\u0643<\/p>\n<\/li>\n<li data-start=\"2237\" data-end=\"2295\">\n<p data-start=\"2240\" data-end=\"2295\">\u062a\u0646\u0638\u064a\u0641\u0647 \u0628\u0627\u0646\u062a\u0638\u0627\u0645 \u0644\u0625\u0637\u0627\u0644\u0629 \u0639\u0645\u0631\u0647 \u0627\u0644\u0627\u0641\u062a\u0631\u0627\u0636\u064a<\/p>\n<\/li>\n<\/ol>\n<p><img decoding=\"async\" class=\"alignnone size-medium wp-image-19567\" src=\"https:\/\/elitenutritionmaroc.com\/wp-content\/uploads\/2026\/01\/445c3705-3e26-46dd-afa9-7aafc812035c_cropped.jpg_720-300x300.jpg\" alt=\"PROTEGE TIBIA BOXE\" width=\"300\" height=\"300\" srcset=\"https:\/\/elitenutritionmaroc.com\/wp-content\/uploads\/2026\/01\/445c3705-3e26-46dd-afa9-7aafc812035c_cropped.jpg_720-300x300.jpg 300w, https:\/\/elitenutritionmaroc.com\/wp-content\/uploads\/2026\/01\/445c3705-3e26-46dd-afa9-7aafc812035c_cropped.jpg_720-150x150.jpg 150w, https:\/\/elitenutritionmaroc.com\/wp-content\/uploads\/2026\/01\/445c3705-3e26-46dd-afa9-7aafc812035c_cropped.jpg_720-430x430.jpg 430w, https:\/\/elitenutritionmaroc.com\/wp-content\/uploads\/2026\/01\/445c3705-3e26-46dd-afa9-7aafc812035c_cropped.jpg_720-700x700.jpg 700w, https:\/\/elitenutritionmaroc.com\/wp-content\/uploads\/2026\/01\/445c3705-3e26-46dd-afa9-7aafc812035c_cropped.jpg_720.jpg 720w\" sizes=\"(max-width: 300px) 100vw, 300px\" \/><\/p>\n<h3 data-start=\"2302\" data-end=\"2319\">\ud83e\udd4b \u0644\u0645\u0646\u061f<\/h3>\n<ul data-start=\"2321\" data-end=\"2521\">\n<li data-start=\"2321\" data-end=\"2355\">\n<p data-start=\"2323\" data-end=\"2355\">\u0645\u0644\u0627\u0643\u0645\u0648\u0646 \u0645\u0628\u062a\u062f\u0626\u0648\u0646 \u0623\u0648 \u0645\u062d\u062a\u0631\u0641\u0648\u0646<\/p>\n<\/li>\n<li data-start=\"2356\" data-end=\"2401\">\n<p data-start=\"2358\" data-end=\"2401\">\u0645\u0645\u0627\u0631\u0633\u0648 \u0627\u0644\u0643\u064a\u0643 \u0628\u0648\u0643\u0633\u064a\u0646\u063a\u060c \u0627\u0644\u0645\u0648\u0627\u064a \u062a\u0627\u064a\u060c MMA<\/p>\n<\/li>\n<li data-start=\"2402\" data-end=\"2468\">\n<p data-start=\"2404\" data-end=\"2468\">\u0643\u0644 \u0634\u062e\u0635 \u064a\u0628\u062d\u062b \u0639\u0646 \u0627\u0644\u062d\u0645\u0627\u064a\u0629 \u0648\u0627\u0644\u0631\u0627\u062d\u0629 \u0644\u0644\u0633\u0627\u0642\u064a\u0646<\/p>\n<\/li>\n<li data-start=\"2469\" data-end=\"2521\">\n<p data-start=\"2471\" data-end=\"2521\">\u0631\u064a\u0627\u0636\u064a\u0648\u0646 \u0641\u064a \u062a\u062f\u0631\u064a\u0628 \u0645\u0643\u062b\u0641 \u0623\u0648 \u0645\u0646\u0627\u0641\u0633\u0629<\/p>\n<\/li>\n<\/ul>","protected":false},"excerpt":{"rendered":"<p>\ud83e\udd4a PROT\u00c8GE-TIBIA BOXE BS-1019 \u2013 S\u00c9CURIT\u00c9 &amp; CONFORT Le Prot\u00e8ge-Tibia Boxe BS-1019 est con\u00e7u pour prot\u00e9ger les tibias pendant les<\/p>","protected":false},"featured_media":19566,"comment_status":"open","ping_status":"closed","template":"","meta":[],"product_brand":[589],"product_cat":[584],"product_tag":[],"class_list":{"0":"post-19565","1":"product","2":"type-product","3":"status-publish","4":"has-post-thumbnail","6":"product_brand-pakka","7":"product_cat-accessoires","9":"first","10":"instock","11":"shipping-taxable","12":"purchasable","13":"product-type-simple"},"_links":{"self":[{"href":"https:\/\/elitenutritionmaroc.com\/ar\/wp-json\/wp\/v2\/product\/19565","targetHints":{"allow":["GET"]}}],"collection":[{"href":"https:\/\/elitenutritionmaroc.com\/ar\/wp-json\/wp\/v2\/product"}],"about":[{"href":"https:\/\/elitenutritionmaroc.com\/ar\/wp-json\/wp\/v2\/types\/product"}],"replies":[{"embeddable":true,"href":"https:\/\/elitenutritionmaroc.com\/ar\/wp-json\/wp\/v2\/comments?post=19565"}],"version-history":[{"count":0,"href":"https:\/\/elitenutritionmaroc.com\/ar\/wp-json\/wp\/v2\/product\/19565\/revisions"}],"wp:featuredmedia":[{"embeddable":true,"href":"https:\/\/elitenutritionmaroc.com\/ar\/wp-json\/wp\/v2\/media\/19566"}],"wp:attachment":[{"href":"https:\/\/elitenutritionmaroc.com\/ar\/wp-json\/wp\/v2\/media?parent=19565"}],"wp:term":[{"taxonomy":"product_brand","embeddable":true,"href":"https:\/\/elitenutritionmaroc.com\/ar\/wp-json\/wp\/v2\/product_brand?post=19565"},{"taxonomy":"product_cat","embeddable":true,"href":"https:\/\/elitenutritionmaroc.com\/ar\/wp-json\/wp\/v2\/product_cat?post=19565"},{"taxonomy":"product_tag","embeddable":true,"href":"https:\/\/elitenutritionmaroc.com\/ar\/wp-json\/wp\/v2\/product_tag?post=19565"}],"curies":[{"name":"wp","href":"https:\/\/api.w.org\/{rel}","templated":true}]}}