{"id":19524,"date":"2026-01-22T01:55:29","date_gmt":"2026-01-22T00:55:29","guid":{"rendered":"https:\/\/elitenutritionmaroc.com\/?post_type=product&#038;p=19524"},"modified":"2026-01-22T01:56:05","modified_gmt":"2026-01-22T00:56:05","slug":"gants-de-boxe-bs-10-51","status":"publish","type":"product","link":"https:\/\/elitenutritionmaroc.com\/ar\/product\/gants-de-boxe-bs-10-51\/","title":{"rendered":"\u0642\u0641\u0627\u0632\u0627\u062a \u0627\u0644\u0645\u0644\u0627\u0643\u0645\u0629 BS 10-51"},"content":{"rendered":"<h3 data-start=\"1013\" data-end=\"1063\">\ud83e\udd4a \u0642\u0641\u0627\u0632\u0627\u062a \u0627\u0644\u0645\u0644\u0627\u0643\u0645\u0629 BS 10-51 \u2013 \u0627\u0644\u0631\u0627\u062d\u0629 \u0648\u0627\u0644\u0623\u0645\u0627\u0646<\/h3>\n<p data-start=\"1065\" data-end=\"1250\" class=\" translation-block\">\u0642\u0641\u0627\u0632\u0627\u062a \u0627\u0644\u0645\u0644\u0627\u0643\u0645\u0629 BS 10-51 \u0645\u0635\u0645\u0645\u0629 \u0644\u062a\u0648\u0641\u064a\u0631 <strong data-start=\"1124\" data-end=\"1173\">\u062d\u0645\u0627\u064a\u0629 \u0645\u062b\u0627\u0644\u064a\u0629 \u0644\u0644\u064a\u062f\u064a\u0646 \u0648\u0627\u0644\u0645\u0639\u0635\u0645\u064a\u0646<\/strong>\u060c \u0645\u0639 \u0636\u0645\u0627\u0646 <strong data-start=\"1195\" data-end=\"1216\">\u0631\u0627\u062d\u0629 \u0645\u0645\u062a\u0627\u0632\u0629<\/strong> \u0623\u062b\u0646\u0627\u0621 \u0627\u0644\u062a\u062f\u0631\u064a\u0628\u0627\u062a \u0627\u0644\u0645\u0646\u062a\u0638\u0645\u0629.<\/p>\n<p data-start=\"1252\" data-end=\"1437\" class=\" translation-block\">\u0645\u0646\u0627\u0633\u0628\u0629 \u0644\u0643\u0644 \u0645\u0646 <strong data-start=\"1276\" data-end=\"1293\">\u0627\u0644\u0645\u0644\u0627\u0643\u0645\u0629 \u0627\u0644\u0625\u0646\u062c\u0644\u064a\u0632\u064a\u0629<\/strong>\u060c \u0648<strong data-start=\"1298\" data-end=\"1316\">\u0645\u0644\u0627\u0643\u0645\u0629 \u0627\u0644\u0644\u064a\u0627\u0642\u0629 \u0627\u0644\u0628\u062f\u0646\u064a\u0629<\/strong>\u060c \u0648<strong data-start=\"1323\" data-end=\"1335\">\u0627\u0644\u062a\u062f\u0631\u064a\u0628 \u0627\u0644\u062a\u0628\u0627\u062f\u0644\u064a<\/strong>\u060c \u062a\u0636\u0645\u0646 \u0647\u0630\u0647 \u0627\u0644\u0642\u0641\u0627\u0632\u0627\u062a \u0627\u0645\u062a\u0635\u0627\u0635\u064b\u0627 \u0641\u0639\u0627\u0644\u064b\u0627 \u0644\u0644\u0635\u062f\u0645\u0627\u062a \u0648\u062b\u0628\u0627\u062a\u064b\u0627 \u062c\u064a\u062f\u064b\u0627 \u0623\u062b\u0646\u0627\u0621 \u0627\u0644\u0636\u0631\u0628\u0627\u062a.<\/p>\n<p data-start=\"1252\" data-end=\"1437\"><img fetchpriority=\"high\" decoding=\"async\" class=\"alignnone size-medium wp-image-19526\" src=\"https:\/\/elitenutritionmaroc.com\/wp-content\/uploads\/2026\/01\/GANTS-DE-BOXE-BS-10-51-1-300x300.jpg\" alt=\"GANTS DE BOXE BS 10-51\" width=\"300\" height=\"300\" srcset=\"https:\/\/elitenutritionmaroc.com\/wp-content\/uploads\/2026\/01\/GANTS-DE-BOXE-BS-10-51-1-300x300.jpg 300w, https:\/\/elitenutritionmaroc.com\/wp-content\/uploads\/2026\/01\/GANTS-DE-BOXE-BS-10-51-1-800x800.jpg 800w, https:\/\/elitenutritionmaroc.com\/wp-content\/uploads\/2026\/01\/GANTS-DE-BOXE-BS-10-51-1-150x150.jpg 150w, https:\/\/elitenutritionmaroc.com\/wp-content\/uploads\/2026\/01\/GANTS-DE-BOXE-BS-10-51-1-768x768.jpg 768w, https:\/\/elitenutritionmaroc.com\/wp-content\/uploads\/2026\/01\/GANTS-DE-BOXE-BS-10-51-1-860x860.jpg 860w, https:\/\/elitenutritionmaroc.com\/wp-content\/uploads\/2026\/01\/GANTS-DE-BOXE-BS-10-51-1-430x430.jpg 430w, https:\/\/elitenutritionmaroc.com\/wp-content\/uploads\/2026\/01\/GANTS-DE-BOXE-BS-10-51-1-700x700.jpg 700w, https:\/\/elitenutritionmaroc.com\/wp-content\/uploads\/2026\/01\/GANTS-DE-BOXE-BS-10-51-1.jpg 1024w\" sizes=\"(max-width: 300px) 100vw, 300px\" \/><\/p>\n<h3 data-start=\"1444\" data-end=\"1464\">\u2705 \u0627\u0644\u0645\u0632\u0627\u064a\u0627 \u0627\u0644\u0631\u0626\u064a\u0633\u064a\u0629<\/h3>\n<ul data-start=\"1466\" data-end=\"1689\">\n<li data-start=\"1466\" data-end=\"1501\">\n<p data-start=\"1468\" data-end=\"1501\">\ud83e\uddb5 \u062d\u0645\u0627\u064a\u0629 \u0645\u0639\u0632\u0632\u0629 \u0644\u0644\u0633\u0627\u0642\u064a\u0646<\/p>\n<\/li>\n<li data-start=\"1502\" data-end=\"1536\">\n<p data-start=\"1504\" data-end=\"1536\">\u26a1 \u0627\u0645\u062a\u0635\u0627\u0635 \u0641\u0639\u0627\u0644 \u0644\u0644\u0635\u062f\u0645\u0627\u062a<\/p>\n<\/li>\n<li data-start=\"1537\" data-end=\"1570\">\n<p data-start=\"1539\" data-end=\"1570\">\ud83d\udd12 \u0627\u0644\u062d\u0641\u0627\u0638 \u0627\u0644\u0622\u0645\u0646 \u0639\u0644\u0649 \u0627\u0644\u0645\u0639\u0635\u0645<\/p>\n<\/li>\n<li data-start=\"1571\" data-end=\"1606\">\n<p data-start=\"1573\" data-end=\"1606\">\ud83d\udca8 \u0631\u0627\u062d\u0629 \u0645\u062b\u0627\u0644\u064a\u0629 \u0648\u0642\u0627\u0628\u0644\u064a\u0629 \u0644\u0644\u062a\u0646\u0641\u0633<\/p>\n<\/li>\n<li data-start=\"1607\" data-end=\"1644\">\n<p data-start=\"1609\" data-end=\"1644\">\u2699\ufe0f \u0645\u0648\u0627\u062f \u0645\u0642\u0627\u0648\u0645\u0629 \u0648\u062f\u0627\u0626\u0645\u0629<\/p>\n<\/li>\n<li data-start=\"1645\" data-end=\"1689\">\n<p data-start=\"1647\" data-end=\"1689\">\ud83c\udfaf \u0645\u0646\u0627\u0633\u0628\u0629 \u0644\u0644\u062a\u062f\u0631\u064a\u0628 \u0648\u0627\u0644\u0645\u0628\u0627\u0631\u064a\u0627\u062a<\/p>\n<\/li>\n<\/ul>\n<h3 data-start=\"1696\" data-end=\"1740\">\ud83c\udfaf \u0644\u0645\u0627\u0630\u0627 \u062a\u062e\u062a\u0627\u0631 \u0642\u0641\u0627\u0632\u0627\u062a BS 10-51\u061f<\/h3>\n<p data-start=\"1742\" data-end=\"1988\" class=\" translation-block\">\u0627\u0644\u0645\u0639\u062f\u0627\u062a \u0627\u0644\u062c\u064a\u062f\u0629 \u0636\u0631\u0648\u0631\u064a\u0629 \u0644\u0644\u062a\u0642\u062f\u0645 \u0628\u0623\u0645\u0627\u0646. <strong data-start=\"1813\" data-end=\"1839\"> \u0642\u0641\u0627\u0632\u0627\u062a \u0627\u0644\u0645\u0644\u0627\u0643\u0645\u0629 BS 10-51<\/strong> \u062a\u0633\u0645\u062d \u0628\u062a\u062d\u0633\u064a\u0646 \u062c\u0648\u062f\u0629 \u062a\u062f\u0631\u064a\u0628\u0627\u062a\u0643 \u0645\u0639 \u062a\u0642\u0644\u064a\u0644 \u0645\u062e\u0627\u0637\u0631 \u0627\u0644\u0625\u0635\u0627\u0628\u0627\u062a\u060c \u0628\u0641\u0636\u0644 \u0627\u0644\u062b\u0628\u0627\u062a \u0627\u0644\u0645\u0648\u062b\u0648\u0642 \u0648\u0627\u0644\u0631\u0627\u062d\u0629 \u0627\u0644\u0645\u0633\u062a\u062f\u0627\u0645\u0629.<\/p>\n<h3 data-start=\"1995\" data-end=\"2024\">\ud83d\udd52 \u0646\u0635\u0627\u0626\u062d \u0627\u0644\u0627\u0633\u062a\u062e\u062f\u0627\u0645<\/h3>\n<ul data-start=\"2026\" data-end=\"2183\">\n<li data-start=\"2026\" data-end=\"2072\">\n<p data-start=\"2028\" data-end=\"2072\">\u0627\u062e\u062a\u064a\u0627\u0631 \u0627\u0644\u062d\u062c\u0645 \u0627\u0644\u0645\u0646\u0627\u0633\u0628 \u0644\u0645\u0645\u0627\u0631\u0633\u062a\u0643<\/p>\n<\/li>\n<li data-start=\"2073\" data-end=\"2125\">\n<p data-start=\"2075\" data-end=\"2125\">\u0627\u0633\u062a\u062e\u062f\u0645 \u0645\u0639 \u0634\u0631\u0627\u0626\u0637 \u0627\u0644\u062d\u0645\u0627\u064a\u0629 \u0625\u0630\u0627 \u0644\u0632\u0645 \u0627\u0644\u0623\u0645\u0631<\/p>\n<\/li>\n<li data-start=\"2126\" data-end=\"2183\">\n<p data-start=\"2128\" data-end=\"2183\">\u062a\u0647\u0648\u064a\u0629 \u0628\u0639\u062f \u0643\u0644 \u062c\u0644\u0633\u0629 \u0644\u062a\u062d\u0633\u064a\u0646 \u0627\u0644\u0645\u062a\u0627\u0646\u0629<\/p>\n<\/li>\n<\/ul>\n<h3 data-start=\"2190\" data-end=\"2207\">\ud83e\udd4b \u0644\u0645\u0646\u061f<\/h3>\n<ul data-start=\"2209\" data-end=\"2372\">\n<li data-start=\"2209\" data-end=\"2247\">\n<p data-start=\"2211\" data-end=\"2247\">\u0645\u0628\u062a\u062f\u0626\u0648\u0646 \u0648\u0645\u062a\u0645\u0631\u0633\u0648\u0646<\/p>\n<\/li>\n<li data-start=\"2248\" data-end=\"2281\">\n<p data-start=\"2250\" data-end=\"2281\">\u0627\u0644\u0645\u0644\u0627\u0643\u0645\u0629 \u0627\u0644\u0625\u0646\u062c\u0644\u064a\u0632\u064a\u0629\u060c \u0627\u0644\u0645\u0644\u0627\u0643\u0645\u0629 \u0627\u0644\u0644\u064a\u0627\u0642\u064a\u0629<\/p>\n<\/li>\n<li data-start=\"2282\" data-end=\"2325\">\n<p data-start=\"2284\" data-end=\"2325\">\u0631\u064a\u0627\u0636\u0627\u062a \u0642\u062a\u0627\u0644\u064a\u0629 \u0648\u062a\u062f\u0631\u064a\u0628 \u0643\u0627\u0631\u062f\u064a\u0648<\/p>\n<\/li>\n<li data-start=\"2326\" data-end=\"2372\">\n<p data-start=\"2328\" data-end=\"2372\">\u0627\u0644\u0627\u0633\u062a\u062e\u062f\u0627\u0645 \u0627\u0644\u0645\u0646\u062a\u0638\u0645 \u0641\u064a \u0627\u0644\u0635\u0627\u0644\u0629 \u0627\u0644\u0631\u064a\u0627\u0636\u064a\u0629 \u0623\u0648 \u0641\u064a \u0627\u0644\u0645\u0646\u0632\u0644<\/p>\n<\/li>\n<\/ul>","protected":false},"excerpt":{"rendered":"<p>\ud83e\udd4a GANTS DE BOXE BS 10-51 \u2013 CONFORT &amp; S\u00c9CURIT\u00c9 Les Gants de Boxe BS 10-51 sont con\u00e7us pour offrir<\/p>","protected":false},"featured_media":19525,"comment_status":"open","ping_status":"closed","template":"","meta":[],"product_brand":[589],"product_cat":[584],"product_tag":[],"class_list":{"0":"post-19524","1":"product","2":"type-product","3":"status-publish","4":"has-post-thumbnail","6":"product_brand-pakka","7":"product_cat-accessoires","9":"first","10":"instock","11":"shipping-taxable","12":"purchasable","13":"product-type-simple"},"_links":{"self":[{"href":"https:\/\/elitenutritionmaroc.com\/ar\/wp-json\/wp\/v2\/product\/19524","targetHints":{"allow":["GET"]}}],"collection":[{"href":"https:\/\/elitenutritionmaroc.com\/ar\/wp-json\/wp\/v2\/product"}],"about":[{"href":"https:\/\/elitenutritionmaroc.com\/ar\/wp-json\/wp\/v2\/types\/product"}],"replies":[{"embeddable":true,"href":"https:\/\/elitenutritionmaroc.com\/ar\/wp-json\/wp\/v2\/comments?post=19524"}],"version-history":[{"count":0,"href":"https:\/\/elitenutritionmaroc.com\/ar\/wp-json\/wp\/v2\/product\/19524\/revisions"}],"wp:featuredmedia":[{"embeddable":true,"href":"https:\/\/elitenutritionmaroc.com\/ar\/wp-json\/wp\/v2\/media\/19525"}],"wp:attachment":[{"href":"https:\/\/elitenutritionmaroc.com\/ar\/wp-json\/wp\/v2\/media?parent=19524"}],"wp:term":[{"taxonomy":"product_brand","embeddable":true,"href":"https:\/\/elitenutritionmaroc.com\/ar\/wp-json\/wp\/v2\/product_brand?post=19524"},{"taxonomy":"product_cat","embeddable":true,"href":"https:\/\/elitenutritionmaroc.com\/ar\/wp-json\/wp\/v2\/product_cat?post=19524"},{"taxonomy":"product_tag","embeddable":true,"href":"https:\/\/elitenutritionmaroc.com\/ar\/wp-json\/wp\/v2\/product_tag?post=19524"}],"curies":[{"name":"wp","href":"https:\/\/api.w.org\/{rel}","templated":true}]}}