{"id":19515,"date":"2026-01-22T01:31:00","date_gmt":"2026-01-22T00:31:00","guid":{"rendered":"https:\/\/elitenutritionmaroc.com\/?post_type=product&#038;p=19515"},"modified":"2026-01-22T01:56:33","modified_gmt":"2026-01-22T00:56:33","slug":"bande-genoux-bs-2150","status":"publish","type":"product","link":"https:\/\/elitenutritionmaroc.com\/ar\/product\/bande-genoux-bs-2150\/","title":{"rendered":"\u062d\u0632\u0627\u0645 \u0627\u0644\u0631\u0643\u0628\u0629 BS-2150"},"content":{"rendered":"<h3 data-start=\"1047\" data-end=\"1097\">\ud83e\uddb5 \u0634\u0631\u064a\u0637 \u0627\u0644\u0631\u0643\u0628\u0629 BS-2150 \u2013 \u0627\u0644\u062b\u0628\u0627\u062a \u0648\u0627\u0644\u0623\u0645\u0627\u0646<\/h3>\n<p data-start=\"1099\" data-end=\"1299\" class=\" translation-block\"><strong data-start=\"1102\" data-end=\"1126\">Bande Genoux BS-2150<\/strong> \u0645\u0635\u0645\u0645\u0629 \u0644\u062a\u0648\u0641\u064a\u0631 <strong data-start=\"1153\" data-end=\"1201\">\u062f\u0639\u0645 \u0641\u0639\u0627\u0644 \u0644\u0645\u0641\u0627\u0635\u0644 \u0627\u0644\u0631\u0643\u0628\u0629<\/strong>\u060c \u0648\u062a\u0642\u0644\u064a\u0644 \u0645\u062e\u0627\u0637\u0631 \u0627\u0644\u0625\u0635\u0627\u0628\u0627\u062a\u060c \u0648\u062a\u062d\u0633\u064a\u0646 <strong data-start=\"1252\" data-end=\"1265\">\u0627\u0644\u0627\u0633\u062a\u0642\u0631\u0627\u0631<\/strong> \u0623\u062b\u0646\u0627\u0621 \u0627\u0644\u062a\u062f\u0631\u064a\u0628\u0627\u062a \u0627\u0644\u0645\u0643\u062b\u0641\u0629.<\/p>\n<p data-start=\"1301\" data-end=\"1487\" class=\" translation-block\">\u0645\u062b\u0627\u0644\u064a\u0629 \u0644\u0640 <strong data-start=\"1316\" data-end=\"1331\">\u0643\u0645\u0627\u0644 \u0627\u0644\u0623\u062c\u0633\u0627\u0645<\/strong>\u060c <strong data-start=\"1336\" data-end=\"1347\">\u0627\u0644\u0644\u064a\u0627\u0642\u0629 \u0627\u0644\u0628\u062f\u0646\u064a\u0629<\/strong>\u060c <strong data-start=\"1352\" data-end=\"1370\">\u0627\u0644\u062a\u062f\u0631\u064a\u0628 \u0627\u0644\u0645\u062a\u0642\u0627\u0637\u0639<\/strong> \u0627\u0644\u062a\u062f\u0631\u064a\u0628 \u0627\u0644\u0645\u062a\u0642\u0627\u0637\u0639 \u0623\u0648 \u0627\u0644\u0631\u064a\u0627\u0636\u0627\u062a \u0627\u0644\u062a\u064a \u062a\u062a\u0637\u0644\u0628 \u062c\u0647\u062f\u064b\u0627 \u0643\u0628\u064a\u0631\u064b\u0627 \u0639\u0644\u0649 \u0627\u0644\u0631\u0643\u0628\u062a\u064a\u0646\u060c \u0641\u0647\u064a \u062a\u0631\u0627\u0641\u0642 \u062d\u0631\u0643\u0627\u062a\u0643 \u0645\u0639 \u0636\u0645\u0627\u0646 \u062f\u0639\u0645 \u0645\u0633\u062a\u0645\u0631.<\/p>\n<p data-start=\"1301\" data-end=\"1487\"><img fetchpriority=\"high\" decoding=\"async\" class=\"alignnone size-medium wp-image-19521\" src=\"https:\/\/elitenutritionmaroc.com\/wp-content\/uploads\/2026\/01\/BANDE-GENOUX-BS-2150-5-300x300.jpg\" alt=\"BANDE GENOUX BS-2150\" width=\"300\" height=\"300\" srcset=\"https:\/\/elitenutritionmaroc.com\/wp-content\/uploads\/2026\/01\/BANDE-GENOUX-BS-2150-5-300x300.jpg 300w, https:\/\/elitenutritionmaroc.com\/wp-content\/uploads\/2026\/01\/BANDE-GENOUX-BS-2150-5-150x150.jpg 150w, https:\/\/elitenutritionmaroc.com\/wp-content\/uploads\/2026\/01\/BANDE-GENOUX-BS-2150-5-430x430.jpg 430w, https:\/\/elitenutritionmaroc.com\/wp-content\/uploads\/2026\/01\/BANDE-GENOUX-BS-2150-5-700x700.jpg 700w, https:\/\/elitenutritionmaroc.com\/wp-content\/uploads\/2026\/01\/BANDE-GENOUX-BS-2150-5.jpg 756w\" sizes=\"(max-width: 300px) 100vw, 300px\" \/><\/p>\n<h3 data-start=\"1494\" data-end=\"1514\">\u2705 \u0627\u0644\u0645\u0632\u0627\u064a\u0627 \u0627\u0644\u0631\u0626\u064a\u0633\u064a\u0629<\/h3>\n<ul data-start=\"1516\" data-end=\"1762\">\n<li data-start=\"1516\" data-end=\"1558\">\n<p data-start=\"1518\" data-end=\"1558\" class=\" translation-block\">\ud83e\uddb5 <strong data-start=\"1521\" data-end=\"1558\"> \u062f\u0639\u0645 \u0648\u062a\u062b\u0628\u064a\u062a \u0627\u0644\u0631\u0643\u0628\u0629<\/p>\n<\/li>\n<li data-start=\"1559\" data-end=\"1600\">\n<p data-start=\"1561\" data-end=\"1600\">\ud83d\udcaa \u062a\u0642\u0644\u064a\u0644 \u0627\u0644\u0636\u063a\u0637 \u0639\u0644\u0649 \u0627\u0644\u0645\u0641\u0627\u0635\u0644<\/p>\n<\/li>\n<li data-start=\"1601\" data-end=\"1640\">\n<p data-start=\"1603\" data-end=\"1640\">\ud83d\udd12 \u0627\u0644\u062d\u0641\u0627\u0638 \u0639\u0644\u0649 \u0627\u0644\u0623\u0645\u0627\u0646 \u0623\u062b\u0646\u0627\u0621 \u0627\u0644\u062c\u0647\u062f<\/p>\n<\/li>\n<li data-start=\"1641\" data-end=\"1684\">\n<p data-start=\"1643\" data-end=\"1684\">\ud83c\udfcb\ufe0f \u0645\u062b\u0627\u0644\u064a\u0629 \u0644\u0644\u0642\u0631\u0641\u0635\u0627\u0621\u060c \u0636\u063a\u0637 \u0627\u0644\u0633\u0627\u0642\u060c \u0627\u0644\u0637\u0639\u0646\u0627\u062a<\/p>\n<\/li>\n<li data-start=\"1685\" data-end=\"1727\">\n<p data-start=\"1687\" data-end=\"1727\">\ud83d\udd04 \u0636\u0628\u0637 \u0645\u0631\u064a\u062d \u0648\u0625\u0631\u063a\u0648\u0646\u0648\u0645\u064a<\/p>\n<\/li>\n<li data-start=\"1728\" data-end=\"1762\">\n<p data-start=\"1730\" data-end=\"1762\">\u2699\ufe0f \u0645\u0627\u062f\u0629 \u0645\u0642\u0627\u0648\u0645\u0629 \u0648\u062f\u0627\u0626\u0645\u0629<\/p>\n<\/li>\n<\/ul>\n<h3 data-start=\"1769\" data-end=\"1814\">\ud83c\udfaf \u0644\u0645\u0627\u0630\u0627 \u062a\u0633\u062a\u062e\u062f\u0645 \u0631\u0628\u0627\u0637 \u0627\u0644\u0631\u0643\u0628\u0629\u061f<\/h3>\n<p data-start=\"1816\" data-end=\"2074\" class=\" translation-block\">\u062a\u0633\u0645\u062d \u0623\u0631\u0628\u0637\u0629 \u0627\u0644\u0631\u0643\u0628\u0629 \u0628\u062a\u0623\u0645\u064a\u0646 \u0627\u0644\u0645\u0641\u0635\u0644\u060c \u0648\u062a\u062d\u0633\u064a\u0646 \u0627\u0644\u062b\u0642\u0629 \u0623\u062b\u0646\u0627\u0621 \u0627\u0644\u0623\u062d\u0645\u0627\u0644 \u0627\u0644\u062b\u0642\u064a\u0644\u0629\u060c \u0648\u062a\u0642\u0644\u064a\u0644 \u0627\u0644\u062a\u0648\u062a\u0631\u0627\u062a \u0623\u062b\u0646\u0627\u0621 \u0627\u0644\u062a\u062f\u0631\u064a\u0628. <strong data-start=\"1988\" data-end=\"1999\">BS-2150<\/strong> \u0647\u0648 \u0645\u0644\u062d\u0642 \u0623\u0633\u0627\u0633\u064a \u0644\u0644\u062a\u062f\u0631\u064a\u0628 \u0628\u0634\u0643\u0644 \u0623\u0642\u0648\u0649\u060c \u0628\u0623\u0645\u0627\u0646 \u062a\u0627\u0645.<\/p>\n<p data-start=\"1816\" data-end=\"2074\"><img decoding=\"async\" class=\"alignnone size-medium wp-image-19519\" src=\"https:\/\/elitenutritionmaroc.com\/wp-content\/uploads\/2026\/01\/BANDE-GENOUX-BS-2150-3-300x300.jpg\" alt=\"BANDE GENOUX BS-2150\" width=\"300\" height=\"300\" srcset=\"https:\/\/elitenutritionmaroc.com\/wp-content\/uploads\/2026\/01\/BANDE-GENOUX-BS-2150-3-300x300.jpg 300w, https:\/\/elitenutritionmaroc.com\/wp-content\/uploads\/2026\/01\/BANDE-GENOUX-BS-2150-3-150x150.jpg 150w, https:\/\/elitenutritionmaroc.com\/wp-content\/uploads\/2026\/01\/BANDE-GENOUX-BS-2150-3-430x430.jpg 430w, https:\/\/elitenutritionmaroc.com\/wp-content\/uploads\/2026\/01\/BANDE-GENOUX-BS-2150-3.jpg 600w\" sizes=\"(max-width: 300px) 100vw, 300px\" \/><\/p>\n<h3 data-start=\"2081\" data-end=\"2111\">\ud83d\udd52 \u0627\u0644\u0627\u0633\u062a\u062e\u062f\u0627\u0645 \u0627\u0644\u0645\u0648\u0635\u0649 \u0628\u0647<\/h3>\n<ul data-start=\"2113\" data-end=\"2283\">\n<li data-start=\"2113\" data-end=\"2187\">\n<p data-start=\"2115\" data-end=\"2187\">\u0644\u0641 \u0627\u0644\u0634\u0631\u064a\u0637 \u062d\u0648\u0644 \u0627\u0644\u0631\u0643\u0628\u0629 \u0648\u0641\u0642\u064b\u0627 \u0644\u0645\u0633\u062a\u0648\u0649 \u0627\u0644\u062f\u0639\u0645 \u0627\u0644\u0645\u0637\u0644\u0648\u0628.<\/p>\n<\/li>\n<li data-start=\"2188\" data-end=\"2227\">\n<p data-start=\"2190\" data-end=\"2227\">\u062a\u0639\u062f\u064a\u0644 \u062f\u0648\u0646 \u0625\u0639\u0627\u0642\u0629 \u0627\u0644\u062d\u0631\u0643\u0629 \u0627\u0644\u0645\u0631\u0648\u0631\u064a\u0629<\/p>\n<\/li>\n<li data-start=\"2228\" data-end=\"2283\">\n<p data-start=\"2230\" data-end=\"2283\">\u0627\u0633\u062a\u062e\u062f\u0627\u0645\u0647 \u0623\u062b\u0646\u0627\u0621 \u0627\u0644\u062a\u0645\u0627\u0631\u064a\u0646 \u0627\u0644\u062a\u064a \u062a\u062a\u0637\u0644\u0628 \u0627\u0633\u062a\u062e\u062f\u0627\u0645 \u0627\u0644\u0631\u0643\u0628\u062a\u064a\u0646<\/p>\n<\/li>\n<\/ul>\n<h3 data-start=\"2290\" data-end=\"2308\">\ud83c\udfcb\ufe0f \u0644\u0645\u0646\u061f<\/h3>\n<ul data-start=\"2310\" data-end=\"2474\">\n<li data-start=\"2310\" data-end=\"2351\">\n<p data-start=\"2312\" data-end=\"2351\">\u0645\u0645\u0627\u0631\u0633\u0648 \u0643\u0645\u0627\u0644 \u0627\u0644\u0623\u062c\u0633\u0627\u0645 \u0648\u0627\u0644\u0644\u064a\u0627\u0642\u0629 \u0627\u0644\u0628\u062f\u0646\u064a\u0629<\/p>\n<\/li>\n<li data-start=\"2352\" data-end=\"2379\">\n<p data-start=\"2354\" data-end=\"2379\">\u0627\u0644\u0631\u064a\u0627\u0636\u064a\u0648\u0646 \u0641\u064a \u0627\u0644\u062a\u062f\u0631\u064a\u0628 \u0627\u0644\u0645\u062a\u0642\u0627\u0637\u0639<\/p>\n<\/li>\n<li data-start=\"2380\" data-end=\"2429\">\n<p data-start=\"2382\" data-end=\"2429\">\u0623\u0634\u062e\u0627\u0635 \u064a\u0628\u062d\u062b\u0648\u0646 \u0639\u0646 \u0627\u0644\u062d\u0645\u0627\u064a\u0629 \u0648\u0627\u0644\u0627\u0633\u062a\u0642\u0631\u0627\u0631<\/p>\n<\/li>\n<li data-start=\"2430\" data-end=\"2474\">\n<p data-start=\"2432\" data-end=\"2474\">\u062a\u062f\u0631\u064a\u0628\u0627\u062a \u0645\u0643\u062b\u0641\u0629 \u0623\u0648 \u0623\u0648\u0632\u0627\u0646 \u062b\u0642\u064a\u0644\u0629<\/p>\n<\/li>\n<\/ul>","protected":false},"excerpt":{"rendered":"<p>\ud83e\uddb5 BANDE GENOUX BS-2150 \u2013 STABILIT\u00c9 &amp; S\u00c9CURIT\u00c9 La Bande Genoux BS-2150 est con\u00e7ue pour offrir un maintien efficace des<\/p>","protected":false},"featured_media":19517,"comment_status":"open","ping_status":"closed","template":"","meta":[],"product_brand":[589],"product_cat":[584],"product_tag":[],"class_list":{"0":"post-19515","1":"product","2":"type-product","3":"status-publish","4":"has-post-thumbnail","6":"product_brand-pakka","7":"product_cat-accessoires","9":"first","10":"instock","11":"shipping-taxable","12":"purchasable","13":"product-type-simple"},"_links":{"self":[{"href":"https:\/\/elitenutritionmaroc.com\/ar\/wp-json\/wp\/v2\/product\/19515","targetHints":{"allow":["GET"]}}],"collection":[{"href":"https:\/\/elitenutritionmaroc.com\/ar\/wp-json\/wp\/v2\/product"}],"about":[{"href":"https:\/\/elitenutritionmaroc.com\/ar\/wp-json\/wp\/v2\/types\/product"}],"replies":[{"embeddable":true,"href":"https:\/\/elitenutritionmaroc.com\/ar\/wp-json\/wp\/v2\/comments?post=19515"}],"version-history":[{"count":0,"href":"https:\/\/elitenutritionmaroc.com\/ar\/wp-json\/wp\/v2\/product\/19515\/revisions"}],"wp:featuredmedia":[{"embeddable":true,"href":"https:\/\/elitenutritionmaroc.com\/ar\/wp-json\/wp\/v2\/media\/19517"}],"wp:attachment":[{"href":"https:\/\/elitenutritionmaroc.com\/ar\/wp-json\/wp\/v2\/media?parent=19515"}],"wp:term":[{"taxonomy":"product_brand","embeddable":true,"href":"https:\/\/elitenutritionmaroc.com\/ar\/wp-json\/wp\/v2\/product_brand?post=19515"},{"taxonomy":"product_cat","embeddable":true,"href":"https:\/\/elitenutritionmaroc.com\/ar\/wp-json\/wp\/v2\/product_cat?post=19515"},{"taxonomy":"product_tag","embeddable":true,"href":"https:\/\/elitenutritionmaroc.com\/ar\/wp-json\/wp\/v2\/product_tag?post=19515"}],"curies":[{"name":"wp","href":"https:\/\/api.w.org\/{rel}","templated":true}]}}