{"id":19470,"date":"2026-01-21T23:24:13","date_gmt":"2026-01-21T22:24:13","guid":{"rendered":"https:\/\/elitenutritionmaroc.com\/?post_type=product&#038;p=19470"},"modified":"2026-01-21T23:24:13","modified_gmt":"2026-01-21T22:24:13","slug":"ashwagandha-600-mg-60-gelules","status":"publish","type":"product","link":"https:\/\/elitenutritionmaroc.com\/ar\/product\/ashwagandha-600-mg-60-gelules\/","title":{"rendered":"\u0623\u0634\u0648\u0627\u063a\u0627\u0646\u062f\u0627 600 \u0645\u0644\u063a \u2013 60 \u0643\u0628\u0633\u0648\u0644\u0629"},"content":{"rendered":"<h3 data-start=\"1209\" data-end=\"1268\">\ud83c\udf3f \u0623\u0634\u0648\u0627\u063a\u0627\u0646\u062f\u0627 600 \u0645\u0644\u063a \u2013 60 \u0643\u0628\u0633\u0648\u0644\u0629 | \u0645\u0643\u064a\u0651\u0641 \u0637\u0628\u064a\u0639\u064a<\/h3>\n<p data-start=\"1270\" data-end=\"1580\" class=\" translation-block\"><strong data-start=\"1270\" data-end=\"1292\"> \u0623\u0634\u0648\u0627\u063a\u0627\u0646\u062f\u0627 600 \u0645\u0644\u063a \u0647\u0648 \u0645\u0643\u0645\u0644 \u063a\u0630\u0627\u0626\u064a \u064a\u062d\u062a\u0648\u064a \u0639\u0644\u0649 <strong data-start=\"1332\" data-end=\"1388\">\u0645\u0633\u062a\u062e\u0644\u0635 \u062c\u0630\u0648\u0631 \u0627\u0644\u0623\u0634\u0648\u0627\u063a\u0627\u0646\u062f\u0627 (Withania somnifera)<\/strong>\u060c \u0648\u0647\u0648 \u0646\u0628\u0627\u062a \u062a\u0643\u064a\u0641\u064a \u064a\u064f\u0633\u062a\u062e\u062f\u0645 \u062a\u0642\u0644\u064a\u062f\u064a\u064b\u0627 \u0644\u0645\u0633\u0627\u0639\u062f\u0629 \u0627\u0644\u062c\u0633\u0645 \u0639\u0644\u0649 <strong data-start=\"1461\" data-end=\"1486\"> \u0625\u062f\u0627\u0631\u0629 \u0627\u0644\u062a\u0648\u062a\u0631 \u0628\u0634\u0643\u0644 \u0623\u0641\u0636\u0644\u060c \u0648\u062f\u0639\u0645 \u0627\u0644\u062a\u0648\u0627\u0632\u0646 \u0627\u0644\u0639\u0627\u0637\u0641\u064a \u0648\u0627\u0644\u062d\u0641\u0627\u0638 \u0639\u0644\u0649 <strong data-start=\"1541\" data-end=\"1579\">\u062d\u064a\u0648\u064a\u0629 \u062c\u0633\u062f\u064a\u0629 \u0648\u0639\u0642\u0644\u064a\u0629 \u062c\u064a\u062f\u0629<\/strong>.<\/p>\n<p data-start=\"1582\" data-end=\"1796\" class=\" translation-block\">\u062a\u064f\u0639\u0631\u0641 \u0627\u0644\u0623\u0634\u0648\u0627\u063a\u0627\u0646\u062f\u0627 \u0628\u062a\u0623\u062b\u064a\u0631\u0647\u0627 \u0627\u0644\u0634\u0627\u0645\u0644 \u0639\u0644\u0649 \u0627\u0644\u062c\u0633\u0645\u060c \u0648\u0647\u064a \u0645\u0641\u064a\u062f\u0629 \u0628\u0634\u0643\u0644 \u062e\u0627\u0635 \u062e\u0644\u0627\u0644 \u0641\u062a\u0631\u0627\u062a <strong data-start=\"1693\" data-end=\"1711\">\u0627\u0644\u062a\u0648\u062a\u0631 \u0627\u0644\u0634\u062f\u064a\u062f<\/strong>\u060c \u0648<strong data-start=\"1716\" data-end=\"1727\">\u0627\u0644\u062a\u0639\u0628<\/strong>\u060c \u0648<strong data-start=\"1732\" data-end=\"1757\">\u0627\u0644\u0639\u0628\u0621 \u0627\u0644\u0639\u0642\u0644\u064a \u0627\u0644\u0639\u0627\u0644\u064a<\/strong> \u0623\u0648 \u0627\u0644\u062a\u062f\u0631\u064a\u0628\u0627\u062a \u0627\u0644\u0631\u064a\u0627\u0636\u064a\u0629 \u0627\u0644\u0634\u0627\u0642\u0629.<\/p>\n<p data-start=\"1582\" data-end=\"1796\"><img fetchpriority=\"high\" decoding=\"async\" class=\"alignnone size-medium wp-image-19475\" src=\"https:\/\/elitenutritionmaroc.com\/wp-content\/uploads\/2026\/01\/ASHWAGANDHA-600MG-60-GELULES-2-300x300.png\" alt=\"\" width=\"300\" height=\"300\" srcset=\"https:\/\/elitenutritionmaroc.com\/wp-content\/uploads\/2026\/01\/ASHWAGANDHA-600MG-60-GELULES-2-300x300.png 300w, https:\/\/elitenutritionmaroc.com\/wp-content\/uploads\/2026\/01\/ASHWAGANDHA-600MG-60-GELULES-2-800x800.png 800w, https:\/\/elitenutritionmaroc.com\/wp-content\/uploads\/2026\/01\/ASHWAGANDHA-600MG-60-GELULES-2-150x150.png 150w, https:\/\/elitenutritionmaroc.com\/wp-content\/uploads\/2026\/01\/ASHWAGANDHA-600MG-60-GELULES-2-768x768.png 768w, https:\/\/elitenutritionmaroc.com\/wp-content\/uploads\/2026\/01\/ASHWAGANDHA-600MG-60-GELULES-2-860x860.png 860w, https:\/\/elitenutritionmaroc.com\/wp-content\/uploads\/2026\/01\/ASHWAGANDHA-600MG-60-GELULES-2-430x430.png 430w, https:\/\/elitenutritionmaroc.com\/wp-content\/uploads\/2026\/01\/ASHWAGANDHA-600MG-60-GELULES-2-700x700.png 700w, https:\/\/elitenutritionmaroc.com\/wp-content\/uploads\/2026\/01\/ASHWAGANDHA-600MG-60-GELULES-2.png 1024w\" sizes=\"(max-width: 300px) 100vw, 300px\" \/><\/p>\n<h3 data-start=\"1803\" data-end=\"1823\">\u2705 \u0627\u0644\u0641\u0648\u0627\u0626\u062f \u0627\u0644\u0631\u0626\u064a\u0633\u064a\u0629<\/h3>\n<ul data-start=\"1825\" data-end=\"2103\">\n<li data-start=\"1825\" data-end=\"1869\">\n<p data-start=\"1827\" data-end=\"1869\" class=\" translation-block\">\u0645\u0633\u0627\u0639\u062f\u0629 \u0641\u064a <strong data-start=\"1834\" data-end=\"1869\"> \u0625\u062f\u0627\u0631\u0629 \u0627\u0644\u062a\u0648\u062a\u0631 \u0648\u0627\u0644\u0639\u0635\u0628\u064a\u0629<\/p>\n<\/li>\n<li data-start=\"1870\" data-end=\"1917\">\n<p data-start=\"1872\" data-end=\"1917\" class=\" translation-block\">\u064a\u062f\u0639\u0645 <strong data-start=\"1883\" data-end=\"1917\"> \u0627\u0644\u062a\u0648\u0627\u0632\u0646 \u0627\u0644\u0639\u0642\u0644\u064a \u0648\u0627\u0644\u0639\u0627\u0637\u0641\u064a<\/p>\n<\/li>\n<li data-start=\"1918\" data-end=\"1982\">\n<p data-start=\"1920\" data-end=\"1982\" class=\" translation-block\">\u064a\u0633\u0627\u0647\u0645 \u0641\u064a \u0627\u0644\u062d\u0641\u0627\u0638 \u0639\u0644\u0649 <strong data-start=\"1946\" data-end=\"1982\">\u0637\u0627\u0642\u0629 \u0648\u062d\u064a\u0648\u064a\u0629 \u0637\u0628\u064a\u0639\u064a\u0629<\/strong><\/p>\n<\/li>\n<li data-start=\"1983\" data-end=\"2022\">\n<p data-start=\"1985\" data-end=\"2022\" class=\" translation-block\">\u064a\u0641\u0636\u0644 <strong data-start=\"1997\" data-end=\"2022\"> \u0627\u0644\u0627\u0633\u062a\u0639\u0627\u062f\u0629 \u0627\u0644\u0628\u062f\u0646\u064a\u0629<\/p>\n<\/li>\n<li data-start=\"2023\" data-end=\"2057\">\n<p data-start=\"2025\" data-end=\"2057\">\u0646\u0628\u0627\u062a \u062a\u0643\u064a\u0641\u064a \u062a\u0642\u0644\u064a\u062f\u064a<\/p>\n<\/li>\n<li data-start=\"2058\" data-end=\"2103\">\n<p data-start=\"2060\" data-end=\"2103\">\u0645\u0646\u0627\u0633\u0628 \u0644\u0644\u0623\u0634\u062e\u0627\u0635 \u0627\u0644\u0646\u0634\u064a\u0637\u064a\u0646 \u0648\u0627\u0644\u0631\u064a\u0627\u0636\u064a\u064a\u0646<\/p>\n<\/li>\n<\/ul>\n<h3 data-start=\"2110\" data-end=\"2149\">\ud83e\uddec \u0644\u0645\u0627\u0630\u0627 \u062a\u062e\u062a\u0627\u0631 \u0627\u0644\u0623\u0634\u0648\u0627\u063a\u0627\u0646\u062f\u0627\u061f<\/h3>\n<p data-start=\"2151\" data-end=\"2404\" class=\" translation-block\">\u0627\u0644\u0646\u0628\u0627\u062a\u0627\u062a \u0627\u0644\u062a\u0643\u064a\u0641\u064a\u0629\u060c \u0645\u062b\u0644 \u0627\u0644\u0623\u0634\u0648\u0627\u063a\u0627\u0646\u062f\u0627\u060c \u062a\u0633\u0627\u0639\u062f \u0627\u0644\u062c\u0633\u0645 \u0639\u0644\u0649 <strong data-start=\"2218\" data-end=\"2266\"> \u0627\u0644\u062a\u0643\u064a\u0641 \u0645\u0639 \u0627\u0644\u0636\u063a\u0648\u0637 \u0627\u0644\u062c\u0633\u062f\u064a\u0629 \u0648\u0627\u0644\u0646\u0641\u0633\u064a\u0629<\/strong>. \u062a\u0639\u0645\u0644 \u0628\u0634\u0643\u0644 \u062a\u062f\u0631\u064a\u062c\u064a \u0648\u0645\u062a\u0648\u0627\u0632\u0646\u060c \u062f\u0648\u0646 \u062a\u0623\u062b\u064a\u0631 \u0645\u062d\u0641\u0632 \u0642\u0648\u064a\u060c \u0645\u0645\u0627 \u064a\u062c\u0639\u0644\u0647\u0627 \u0645\u0643\u0645\u0644\u064b\u0627 \u0645\u062b\u0627\u0644\u064a\u064b\u0627 \u0644\u0644\u0627\u0633\u062a\u062e\u062f\u0627\u0645 \u0627\u0644\u064a\u0648\u0645\u064a.<\/p>\n<h3 data-start=\"2411\" data-end=\"2440\">\ud83d\udd52 \u0646\u0635\u0627\u0626\u062d \u0627\u0644\u0627\u0633\u062a\u062e\u062f\u0627\u0645<\/h3>\n<ul data-start=\"2442\" data-end=\"2626\">\n<li data-start=\"2442\" data-end=\"2496\">\n<p data-start=\"2444\" data-end=\"2496\" class=\" translation-block\"><strong data-start=\"2444\" data-end=\"2469\"> \u0627\u0644\u062c\u0631\u0639\u0629 \u0627\u0644\u0645\u0648\u0635\u0649 \u0628\u0647\u0627: 1 \u0625\u0644\u0649 2 \u0643\u0628\u0633\u0648\u0644\u0629 \u0641\u064a \u0627\u0644\u064a\u0648\u0645<\/p>\n<\/li>\n<li data-start=\"2497\" data-end=\"2530\">\n<p data-start=\"2499\" data-end=\"2530\">\u064a\u0624\u062e\u0630 \u0645\u0639 \u0643\u0648\u0628 \u0645\u0646 \u0627\u0644\u0645\u0627\u0621<\/p>\n<\/li>\n<li data-start=\"2531\" data-end=\"2589\">\n<p data-start=\"2533\" data-end=\"2589\">\u064a\u0641\u0636\u0644 \u0641\u064a \u0627\u0644\u0635\u0628\u0627\u062d \u0648\/\u0623\u0648 \u0627\u0644\u0645\u0633\u0627\u0621 \u062d\u0633\u0628 \u0627\u0644\u062d\u0627\u062c\u0629<\/p>\n<\/li>\n<li data-start=\"2590\" data-end=\"2626\">\n<p data-start=\"2592\" data-end=\"2626\">\u0639\u0644\u0627\u062c \u0645\u0646 4 \u0625\u0644\u0649 8 \u0623\u0633\u0627\u0628\u064a\u0639 \u0645\u0648\u0635\u0649 \u0628\u0647<\/p>\n<\/li>\n<\/ul>\n<h3 data-start=\"2633\" data-end=\"2650\">\ud83c\udfaf \u0644\u0645\u0646\u061f<\/h3>\n<ul data-start=\"2652\" data-end=\"2874\">\n<li data-start=\"2652\" data-end=\"2708\">\n<p data-start=\"2654\" data-end=\"2708\">\u0623\u0634\u062e\u0627\u0635 \u0639\u0631\u0636\u0629 \u0644\u0644\u062a\u0648\u062a\u0631 \u0623\u0648 \u0627\u0644\u0625\u0631\u0647\u0627\u0642 \u0627\u0644\u0630\u0647\u0646\u064a<\/p>\n<\/li>\n<li data-start=\"2709\" data-end=\"2756\">\n<p data-start=\"2711\" data-end=\"2756\">\u0631\u064a\u0627\u0636\u064a\u0648\u0646 \u0641\u064a \u0641\u062a\u0631\u0629 \u062a\u062f\u0631\u064a\u0628 \u0645\u0643\u062b\u0641<\/p>\n<\/li>\n<li data-start=\"2757\" data-end=\"2815\">\n<p data-start=\"2759\" data-end=\"2815\">\u0623\u0634\u062e\u0627\u0635 \u064a\u0628\u062d\u062b\u0648\u0646 \u0639\u0646 \u062a\u0648\u0627\u0632\u0646 \u0639\u0627\u0637\u0641\u064a \u0623\u0641\u0636\u0644<\/p>\n<\/li>\n<li data-start=\"2816\" data-end=\"2874\">\n<p data-start=\"2818\" data-end=\"2874\">\u0623\u064a \u0634\u062e\u0635 \u064a\u0631\u063a\u0628 \u0641\u064a \u062f\u0639\u0645 \u062d\u064a\u0648\u064a\u062a\u0647 \u0627\u0644\u0639\u0627\u0645\u0629<\/p>\n<\/li>\n<\/ul>\n<p><img decoding=\"async\" class=\"alignnone size-medium wp-image-19472\" src=\"https:\/\/elitenutritionmaroc.com\/wp-content\/uploads\/2026\/01\/ASHWAGANDHA-600MG-60-GELULES-2-300x300.jpg\" alt=\"\" width=\"300\" height=\"300\" srcset=\"https:\/\/elitenutritionmaroc.com\/wp-content\/uploads\/2026\/01\/ASHWAGANDHA-600MG-60-GELULES-2-300x300.jpg 300w, https:\/\/elitenutritionmaroc.com\/wp-content\/uploads\/2026\/01\/ASHWAGANDHA-600MG-60-GELULES-2-800x800.jpg 800w, https:\/\/elitenutritionmaroc.com\/wp-content\/uploads\/2026\/01\/ASHWAGANDHA-600MG-60-GELULES-2-150x150.jpg 150w, https:\/\/elitenutritionmaroc.com\/wp-content\/uploads\/2026\/01\/ASHWAGANDHA-600MG-60-GELULES-2-768x768.jpg 768w, https:\/\/elitenutritionmaroc.com\/wp-content\/uploads\/2026\/01\/ASHWAGANDHA-600MG-60-GELULES-2-430x430.jpg 430w, https:\/\/elitenutritionmaroc.com\/wp-content\/uploads\/2026\/01\/ASHWAGANDHA-600MG-60-GELULES-2-700x700.jpg 700w, https:\/\/elitenutritionmaroc.com\/wp-content\/uploads\/2026\/01\/ASHWAGANDHA-600MG-60-GELULES-2.jpg 835w\" sizes=\"(max-width: 300px) 100vw, 300px\" \/><\/p>\n<h3 data-start=\"2881\" data-end=\"2908\">\u26a0\ufe0f \u0627\u062d\u062a\u064a\u0627\u0637\u0627\u062a \u0627\u0644\u0627\u0633\u062a\u062e\u062f\u0627\u0645<\/h3>\n<p data-start=\"2910\" data-end=\"3173\">\u0645\u0643\u0645\u0644 \u063a\u0630\u0627\u0626\u064a \u064a\u064f\u0633\u062a\u062e\u062f\u0645 \u0641\u064a \u0625\u0637\u0627\u0631 \u0646\u0638\u0627\u0645 \u063a\u0630\u0627\u0626\u064a \u0645\u062a\u0646\u0648\u0639 \u0648\u0645\u062a\u0648\u0627\u0632\u0646 \u0648\u0646\u0645\u0637 \u062d\u064a\u0627\u0629 \u0635\u062d\u064a. \u0644\u0627 \u062a\u062a\u062c\u0627\u0648\u0632 \u0627\u0644\u062c\u0631\u0639\u0629 \u0627\u0644\u064a\u0648\u0645\u064a\u0629 \u0627\u0644\u0645\u0648\u0635\u0649 \u0628\u0647\u0627. \u0645\u0645\u0646\u0648\u0639 \u0644\u0644\u0646\u0633\u0627\u0621 \u0627\u0644\u062d\u0648\u0627\u0645\u0644 \u0623\u0648 \u0627\u0644\u0645\u0631\u0636\u0639\u0627\u062a \u062f\u0648\u0646 \u0627\u0633\u062a\u0634\u0627\u0631\u0629 \u0637\u0628\u064a\u0629. \u0625\u0628\u0639\u0627\u062f \u0627\u0644\u0623\u0637\u0641\u0627\u0644 \u0639\u0646 \u0645\u062a\u0646\u0627\u0648\u0644 \u0627\u0644\u064a\u062f.<\/p>\n<p data-start=\"3231\" data-end=\"3368\" class=\" translation-block\">\u0627\u0644\u0646\u0635 \u0644\u0644\u062a\u0631\u062c\u0645\u0629: <strong> \u0627\u0633\u062a\u0639\u062f \u0627\u0644\u062a\u0648\u0627\u0632\u0646 \u0648\u0627\u0644\u0647\u062f\u0648\u0621 \u0648\u0627\u0644\u0637\u0627\u0642\u0629 \u0641\u064a \u062d\u064a\u0627\u062a\u0643 \u0627\u0644\u064a\u0648\u0645\u064a\u0629 \u0645\u0639 \u0623\u0634\u0648\u0627\u063a\u0627\u0646\u062f\u0627 600 \u0645\u0644\u063a. <br data-start=\"3311\" data-end=\"3314\"> \u0623\u0636\u0641\u0647\u0627 \u0625\u0644\u0649 \u0631\u0648\u062a\u064a\u0646\u0643 \u0627\u0644\u0635\u062d\u064a \u0627\u0644\u0622\u0646. \u0623\u0636\u0641\u0647\u0627 \u0625\u0644\u0649 \u0631\u0648\u062a\u064a\u0646\u0643 \u0627\u0644\u0635\u062d\u064a \u0627\u0644\u0622\u0646.<\/p>","protected":false},"excerpt":{"rendered":"<p>\ud83c\udf3f Ashwagandha 600 mg \u2013 60 G\u00e9lules | Adaptog\u00e8ne Naturel Ashwagandha 600 mg est un compl\u00e9ment alimentaire \u00e0 base d\u2019extrait<\/p>","protected":false},"featured_media":19471,"comment_status":"open","ping_status":"closed","template":"","meta":[],"product_brand":[285],"product_cat":[486],"product_tag":[577,563,578],"class_list":{"0":"post-19470","1":"product","2":"type-product","3":"status-publish","4":"has-post-thumbnail","6":"product_brand-vital","7":"product_cat-vitamines-et-mineraux","8":"product_tag-ashwagandha","9":"product_tag-energie","10":"product_tag-stress","12":"first","13":"instock","14":"sale","15":"shipping-taxable","16":"purchasable","17":"product-type-simple"},"_links":{"self":[{"href":"https:\/\/elitenutritionmaroc.com\/ar\/wp-json\/wp\/v2\/product\/19470","targetHints":{"allow":["GET"]}}],"collection":[{"href":"https:\/\/elitenutritionmaroc.com\/ar\/wp-json\/wp\/v2\/product"}],"about":[{"href":"https:\/\/elitenutritionmaroc.com\/ar\/wp-json\/wp\/v2\/types\/product"}],"replies":[{"embeddable":true,"href":"https:\/\/elitenutritionmaroc.com\/ar\/wp-json\/wp\/v2\/comments?post=19470"}],"version-history":[{"count":0,"href":"https:\/\/elitenutritionmaroc.com\/ar\/wp-json\/wp\/v2\/product\/19470\/revisions"}],"wp:featuredmedia":[{"embeddable":true,"href":"https:\/\/elitenutritionmaroc.com\/ar\/wp-json\/wp\/v2\/media\/19471"}],"wp:attachment":[{"href":"https:\/\/elitenutritionmaroc.com\/ar\/wp-json\/wp\/v2\/media?parent=19470"}],"wp:term":[{"taxonomy":"product_brand","embeddable":true,"href":"https:\/\/elitenutritionmaroc.com\/ar\/wp-json\/wp\/v2\/product_brand?post=19470"},{"taxonomy":"product_cat","embeddable":true,"href":"https:\/\/elitenutritionmaroc.com\/ar\/wp-json\/wp\/v2\/product_cat?post=19470"},{"taxonomy":"product_tag","embeddable":true,"href":"https:\/\/elitenutritionmaroc.com\/ar\/wp-json\/wp\/v2\/product_tag?post=19470"}],"curies":[{"name":"wp","href":"https:\/\/api.w.org\/{rel}","templated":true}]}}