{"id":19456,"date":"2026-01-21T23:09:44","date_gmt":"2026-01-21T22:09:44","guid":{"rendered":"https:\/\/elitenutritionmaroc.com\/?post_type=product&#038;p=19456"},"modified":"2026-01-21T23:10:02","modified_gmt":"2026-01-21T22:10:02","slug":"electrolytes-multivitamins-10-tabs","status":"publish","type":"product","link":"https:\/\/elitenutritionmaroc.com\/ar\/product\/electrolytes-multivitamins-10-tabs\/","title":{"rendered":"\u0627\u0644\u0627\u0644\u0643\u062a\u0631\u0648\u0644\u064a\u062a\u0627\u062a \u0648 \u0627\u0644\u0641\u064a\u062a\u0627\u0645\u064a\u0646\u0627\u062a 10 \u0623\u0642\u0631\u0627\u0635"},"content":{"rendered":"<h3 data-start=\"1283\" data-end=\"1347\">\ud83d\udca7 \u0627\u0644\u0625\u0644\u0643\u062a\u0631\u0648\u0644\u064a\u062a\u0627\u062a \u0648\u0627\u0644\u0641\u064a\u062a\u0627\u0645\u064a\u0646\u0627\u062a \u0627\u0644\u0645\u062a\u0639\u062f\u062f\u0629 \u2013 10 \u0623\u0642\u0631\u0627\u0635 \u0641\u0648\u0627\u0631\u0629<\/h3>\n<p data-start=\"1349\" data-end=\"1632\" class=\" translation-block\"><strong data-start=\"1349\" data-end=\"1381\"> \u0627\u0644\u0625\u0644\u0643\u062a\u0631\u0648\u0644\u064a\u062a\u0627\u062a \u0648\u0627\u0644\u0641\u064a\u062a\u0627\u0645\u064a\u0646\u0627\u062a \u0627\u0644\u0645\u062a\u0639\u062f\u062f\u0629 <\/strong> \u0627\u0644\u0625\u0644\u0643\u062a\u0631\u0648\u0644\u064a\u062a\u0627\u062a \u0648\u0627\u0644\u0641\u064a\u062a\u0627\u0645\u064a\u0646\u0627\u062a \u0627\u0644\u0645\u062a\u0639\u062f\u062f\u0629 \u0647\u064a \u062a\u0631\u0643\u064a\u0628\u0629 \u0643\u0627\u0645\u0644\u0629 \u062a\u062c\u0645\u0639 \u0628\u064a\u0646 <strong data-start=\"1417\" data-end=\"1444\">\u0627\u0644\u0625\u0644\u0643\u062a\u0631\u0648\u0644\u064a\u062a\u0627\u062a \u0627\u0644\u0623\u0633\u0627\u0633\u064a\u0629<\/strong> (\u0627\u0644\u0635\u0648\u062f\u064a\u0648\u0645\u060c \u0627\u0644\u0628\u0648\u062a\u0627\u0633\u064a\u0648\u0645\u060c \u0627\u0644\u0645\u063a\u0646\u064a\u0633\u064a\u0648\u0645...) \u0648<strong data-start=\"1480\" data-end=\"1498\">\u0627\u0644\u0641\u064a\u062a\u0627\u0645\u064a\u0646\u0627\u062a \u0627\u0644\u0623\u0633\u0627\u0633\u064a\u0629<\/strong>\u060c \u0645\u0635\u0645\u0645\u0629 \u0644\u062f\u0639\u0645 <strong data-start=\"1525\" data-end=\"1549\">\u0627\u0644\u062a\u0631\u0637\u064a\u0628 \u0627\u0644\u0623\u0645\u062b\u0644<\/strong>\u060c \u0648<strong data-start=\"1553\" data-end=\"1564\">\u0627\u0644\u0637\u0627\u0642\u0629<\/strong> \u0648\u0627\u0644\u062a\u0639\u0627\u0641\u064a \u0623\u062b\u0646\u0627\u0621 \u0627\u0644\u062c\u0647\u0648\u062f \u0627\u0644\u0628\u062f\u0646\u064a\u0629 \u0623\u0648 \u0641\u064a \u0627\u0644\u0637\u0642\u0633 \u0627\u0644\u062d\u0627\u0631.<\/p>\n<p data-start=\"1634\" data-end=\"1822\" class=\" translation-block\">\u0628\u0641\u0636\u0644 \u0634\u0643\u0644\u0647 <strong data-start=\"1653\" data-end=\"1669\">\u0627\u0644\u0641\u0648\u0627\u0631<\/strong>\u060c \u064a\u0630\u0648\u0628 \u0647\u0630\u0627 \u0627\u0644\u0645\u0643\u0645\u0644 \u0628\u0633\u0631\u0639\u0629 \u0641\u064a \u0627\u0644\u0645\u0627\u0621\u060c \u0645\u0645\u0627 \u064a\u0648\u0641\u0631 \u0645\u0634\u0631\u0648\u0628\u064b\u0627 \u0645\u0646\u0639\u0634\u064b\u0627 \u0648\u0633\u0647\u0644 \u0627\u0644\u0627\u0633\u062a\u0647\u0644\u0627\u0643\u060c \u0645\u062b\u0627\u0644\u064a\u064b\u0627 <strong data-start=\"1785\" data-end=\"1821\">\u0642\u0628\u0644 \u0623\u0648 \u0623\u062b\u0646\u0627\u0621 \u0623\u0648 \u0628\u0639\u062f \u0627\u0644\u062c\u0647\u062f<\/strong>.<\/p>\n<p data-start=\"1634\" data-end=\"1822\"><img fetchpriority=\"high\" decoding=\"async\" class=\"alignnone size-medium wp-image-19461\" src=\"https:\/\/elitenutritionmaroc.com\/wp-content\/uploads\/2026\/01\/Electrolytes-Multivitamins-10-Tabs-2-300x300.jpg\" alt=\"Electrolytes &amp; Multivitamins 10 Tabs\" width=\"300\" height=\"300\" srcset=\"https:\/\/elitenutritionmaroc.com\/wp-content\/uploads\/2026\/01\/Electrolytes-Multivitamins-10-Tabs-2-300x300.jpg 300w, https:\/\/elitenutritionmaroc.com\/wp-content\/uploads\/2026\/01\/Electrolytes-Multivitamins-10-Tabs-2-800x800.jpg 800w, https:\/\/elitenutritionmaroc.com\/wp-content\/uploads\/2026\/01\/Electrolytes-Multivitamins-10-Tabs-2-150x150.jpg 150w, https:\/\/elitenutritionmaroc.com\/wp-content\/uploads\/2026\/01\/Electrolytes-Multivitamins-10-Tabs-2-768x768.jpg 768w, https:\/\/elitenutritionmaroc.com\/wp-content\/uploads\/2026\/01\/Electrolytes-Multivitamins-10-Tabs-2-860x860.jpg 860w, https:\/\/elitenutritionmaroc.com\/wp-content\/uploads\/2026\/01\/Electrolytes-Multivitamins-10-Tabs-2-430x430.jpg 430w, https:\/\/elitenutritionmaroc.com\/wp-content\/uploads\/2026\/01\/Electrolytes-Multivitamins-10-Tabs-2-700x700.jpg 700w, https:\/\/elitenutritionmaroc.com\/wp-content\/uploads\/2026\/01\/Electrolytes-Multivitamins-10-Tabs-2.jpg 1024w\" sizes=\"(max-width: 300px) 100vw, 300px\" \/><\/p>\n<h3 data-start=\"1829\" data-end=\"1849\">\u2705 \u0627\u0644\u0641\u0648\u0627\u0626\u062f \u0627\u0644\u0631\u0626\u064a\u0633\u064a\u0629<\/h3>\n<ul data-start=\"1851\" data-end=\"2159\">\n<li data-start=\"1851\" data-end=\"1900\">\n<p data-start=\"1853\" data-end=\"1900\" class=\" translation-block\">\u064a\u0641\u0636\u0644 <strong> \u062a\u0631\u0637\u064a\u0628 \u0633\u0631\u064a\u0639 \u0648\u0641\u0639\u0627\u0644<\/p>\n<\/li>\n<li data-start=\"1901\" data-end=\"1960\">\n<p data-start=\"1903\" data-end=\"1960\" class=\" translation-block\">\u0627\u0634\u062d\u0646 <strong data-start=\"1916\" data-end=\"1960\">\u0627\u0644\u0625\u0644\u0643\u062a\u0631\u0648\u0644\u064a\u062a\u0627\u062a \u0627\u0644\u0645\u0641\u0642\u0648\u062f\u0629 \u0628\u0633\u0628\u0628 \u0627\u0644\u062a\u0639\u0631\u0642<\/strong><\/p>\n<\/li>\n<li data-start=\"1961\" data-end=\"2028\">\n<p data-start=\"1963\" data-end=\"2028\" class=\" translation-block\">\u064a\u0648\u0641\u0631 <strong data-start=\"1975\" data-end=\"2001\">\u0627\u0644\u0641\u064a\u062a\u0627\u0645\u064a\u0646\u0627\u062a \u0627\u0644\u0623\u0633\u0627\u0633\u064a\u0629<\/strong> \u0644\u0639\u0645\u0644\u064a\u0629 \u0627\u0644\u062a\u0645\u062b\u064a\u0644 \u0627\u0644\u063a\u0630\u0627\u0626\u064a \u0644\u0644\u0637\u0627\u0642\u0629<\/p>\n<\/li>\n<li data-start=\"2029\" data-end=\"2079\">\n<p data-start=\"2031\" data-end=\"2079\" class=\" translation-block\">\u064a\u0633\u0627\u0639\u062f \u0641\u064a \u062a\u0642\u0644\u064a\u0644 <strong data-start=\"2049\" data-end=\"2060\">\u0627\u0644\u062a\u0639\u0628<\/strong> \u0648\u0627\u0644\u062a\u0642\u0644\u0635\u0627\u062a \u0627\u0644\u062a\u0642\u0644\u0635\u0627\u062a<\/p>\n<\/li>\n<li data-start=\"2080\" data-end=\"2114\">\n<p data-start=\"2082\" data-end=\"2114\" class=\" translation-block\">\u062a\u0646\u0633\u064a\u0642 <strong data-start=\"2089\" data-end=\"2114\"> \u0645\u0645\u0627\u0631\u0633\u0629 \u0641\u0627\u0639\u0644\u0629<\/p>\n<\/li>\n<li data-start=\"2115\" data-end=\"2159\">\n<p data-start=\"2117\" data-end=\"2159\">\u0645\u0646\u0627\u0633\u0628 \u0644\u0644\u0631\u064a\u0627\u0636\u064a\u064a\u0646 \u0648\u0627\u0644\u0623\u0634\u062e\u0627\u0635 \u0627\u0644\u0646\u0634\u064a\u0637\u064a\u0646<\/p>\n<\/li>\n<\/ul>\n<h3 data-start=\"2166\" data-end=\"2216\">\ud83e\uddec \u0644\u0645\u0627\u0630\u0627 \u062a\u0639\u062a\u0628\u0631 \u0627\u0644\u0625\u0644\u0643\u062a\u0631\u0648\u0644\u064a\u062a\u0627\u062a \u0636\u0631\u0648\u0631\u064a\u0629\u061f<\/h3>\n<p data-start=\"2218\" data-end=\"2372\" class=\" translation-block\">\u0623\u062b\u0646\u0627\u0621 \u0627\u0644\u062c\u0647\u062f \u0623\u0648 \u0641\u064a \u062d\u0627\u0644\u0629 \u0627\u0644\u062d\u0631\u0627\u0631\u0629 \u0627\u0644\u0634\u062f\u064a\u062f\u0629\u060c \u064a\u0641\u0642\u062f \u0627\u0644\u062c\u0633\u0645 \u0627\u0644\u0645\u0639\u0627\u062f\u0646 \u0627\u0644\u0623\u0633\u0627\u0633\u064a\u0629 \u0639\u0628\u0631 \u0627\u0644\u062a\u0639\u0631\u0642. \u0627\u0644\u0640<strong data-start=\"2330\" data-end=\"2346\"> \u0627\u0644\u0625\u0644\u0643\u062a\u0631\u0648\u0644\u064a\u062a\u0627\u062a \u062a\u0644\u0639\u0628 \u062f\u0648\u0631\u064b\u0627 \u0631\u0626\u064a\u0633\u064a\u064b\u0627 \u0641\u064a:<\/p>\n<ul data-start=\"2373\" data-end=\"2463\">\n<li data-start=\"2373\" data-end=\"2399\">\n<p data-start=\"2375\" data-end=\"2399\" class=\" translation-block\">\u0627\u0644\u0646\u0635 \u0644\u0644\u062a\u0631\u062c\u0645\u0629: L\u2019<strong> \u0627\u0644\u062a\u0648\u0627\u0632\u0646 \u0627\u0644\u0645\u0627\u0626\u064a<\/p>\n<\/li>\n<li data-start=\"2400\" data-end=\"2431\">\n<p data-start=\"2402\" data-end=\"2431\" class=\" translation-block\">\u0627\u0644<strong data-start=\"2405\" data-end=\"2431\"> \u0627\u0646\u0642\u0628\u0627\u0636 \u0639\u0636\u0644\u064a<\/p>\n<\/li>\n<li data-start=\"2432\" data-end=\"2463\">\n<p data-start=\"2434\" data-end=\"2463\">\u0627\u0644\u0648\u0638\u064a\u0641\u0629 \u0627\u0644\u0639\u0635\u0628\u064a\u0629 \u0627\u0644\u062c\u064a\u062f\u0629<\/p>\n<\/li>\n<\/ul>\n<p data-start=\"2465\" data-end=\"2553\" class=\" translation-block\">\u0625\u0636\u0627\u0641\u0629 <strong data-start=\"2476\" data-end=\"2494\"> \u0627\u0644\u0645\u0643\u0645\u0644\u0627\u062a \u0627\u0644\u0645\u062a\u0639\u062f\u062f\u0629 \u0627\u0644\u0641\u064a\u062a\u0627\u0645\u064a\u0646\u0627\u062a \u062a\u062f\u0639\u0645 \u0627\u0644\u0637\u0627\u0642\u0629 \u0648\u0627\u0644\u0645\u0646\u0627\u0639\u0629 \u0648\u0627\u0644\u062a\u0639\u0627\u0641\u064a \u0627\u0644\u0634\u0627\u0645\u0644.<\/p>\n<p data-start=\"2465\" data-end=\"2553\"><img decoding=\"async\" class=\"alignnone size-medium wp-image-19462\" src=\"https:\/\/elitenutritionmaroc.com\/wp-content\/uploads\/2026\/01\/Electrolytes-Multivitamins-10-Tabs-1-300x300.jpg\" alt=\"Electrolytes &amp; Multivitamins 10 Tabs\" width=\"300\" height=\"300\" srcset=\"https:\/\/elitenutritionmaroc.com\/wp-content\/uploads\/2026\/01\/Electrolytes-Multivitamins-10-Tabs-1-300x300.jpg 300w, https:\/\/elitenutritionmaroc.com\/wp-content\/uploads\/2026\/01\/Electrolytes-Multivitamins-10-Tabs-1-800x800.jpg 800w, https:\/\/elitenutritionmaroc.com\/wp-content\/uploads\/2026\/01\/Electrolytes-Multivitamins-10-Tabs-1-150x150.jpg 150w, https:\/\/elitenutritionmaroc.com\/wp-content\/uploads\/2026\/01\/Electrolytes-Multivitamins-10-Tabs-1-768x768.jpg 768w, https:\/\/elitenutritionmaroc.com\/wp-content\/uploads\/2026\/01\/Electrolytes-Multivitamins-10-Tabs-1-860x860.jpg 860w, https:\/\/elitenutritionmaroc.com\/wp-content\/uploads\/2026\/01\/Electrolytes-Multivitamins-10-Tabs-1-430x430.jpg 430w, https:\/\/elitenutritionmaroc.com\/wp-content\/uploads\/2026\/01\/Electrolytes-Multivitamins-10-Tabs-1-700x700.jpg 700w, https:\/\/elitenutritionmaroc.com\/wp-content\/uploads\/2026\/01\/Electrolytes-Multivitamins-10-Tabs-1.jpg 934w\" sizes=\"(max-width: 300px) 100vw, 300px\" \/><\/p>\n<h3 data-start=\"2560\" data-end=\"2589\">\ud83d\udd52 \u0646\u0635\u0627\u0626\u062d \u0627\u0644\u0627\u0633\u062a\u062e\u062f\u0627\u0645<\/h3>\n<ul data-start=\"2591\" data-end=\"2859\">\n<li data-start=\"2591\" data-end=\"2639\">\n<p data-start=\"2593\" data-end=\"2639\" class=\" translation-block\">\u0627\u0630\u0648\u0628 <strong data-start=\"2603\" data-end=\"2617\"> 1 \u0642\u0631\u0635 \u0641\u064a <strong data-start=\"2623\" data-end=\"2639\"> 500 \u0645\u0644 \u0645\u0646 \u0627\u0644\u0645\u0627\u0621<\/p>\n<\/li>\n<li data-start=\"2640\" data-end=\"2800\">\n<p data-start=\"2642\" data-end=\"2655\">\u0644\u0644\u0627\u0633\u062a\u0647\u0644\u0627\u0643:<\/p>\n<ul data-start=\"2658\" data-end=\"2800\">\n<li data-start=\"2658\" data-end=\"2700\">\n<p data-start=\"2660\" data-end=\"2700\">\u0642\u0628\u0644 \u0627\u0644\u062c\u0647\u062f \u0644\u062a\u062d\u0636\u064a\u0631 \u0627\u0644\u062c\u0633\u0645<\/p>\n<\/li>\n<li data-start=\"2703\" data-end=\"2750\">\n<p data-start=\"2705\" data-end=\"2750\">\u0623\u062b\u0646\u0627\u0621 \u0627\u0644\u062c\u0647\u062f \u0644\u0644\u062d\u0641\u0627\u0638 \u0639\u0644\u0649 \u0627\u0644\u062a\u0631\u0637\u064a\u0628<\/p>\n<\/li>\n<li data-start=\"2753\" data-end=\"2800\">\n<p data-start=\"2755\" data-end=\"2800\">\u0628\u0639\u062f \u0627\u0644\u062c\u0647\u062f \u0644\u062a\u0633\u0647\u064a\u0644 \u0627\u0644\u062a\u0639\u0627\u0641\u064a<\/p>\n<\/li>\n<\/ul>\n<\/li>\n<li data-start=\"2801\" data-end=\"2859\">\n<p data-start=\"2803\" data-end=\"2859\">1 \u0625\u0644\u0649 2 \u0623\u0642\u0631\u0627\u0635 \u0641\u064a \u0627\u0644\u064a\u0648\u0645 \u062d\u0633\u0628 \u0634\u062f\u0629 \u0627\u0644\u0646\u0634\u0627\u0637<\/p>\n<\/li>\n<\/ul>\n<h3 data-start=\"2866\" data-end=\"2883\">\ud83c\udfaf \u0644\u0645\u0646\u061f<\/h3>\n<ul data-start=\"2885\" data-end=\"3101\">\n<li data-start=\"2885\" data-end=\"2946\">\n<p data-start=\"2887\" data-end=\"2946\">\u0627\u0644\u0631\u064a\u0627\u0636\u064a\u0648\u0646 \u0627\u0644\u062a\u062d\u0645\u0644 (\u0627\u0644\u062c\u0631\u064a\u060c \u0631\u0643\u0648\u0628 \u0627\u0644\u062f\u0631\u0627\u062c\u0627\u062a\u060c \u0643\u0631\u0629 \u0627\u0644\u0642\u062f\u0645\u060c \u0627\u0644\u0644\u064a\u0627\u0642\u0629 \u0627\u0644\u0628\u062f\u0646\u064a\u0629)<\/p>\n<\/li>\n<li data-start=\"2947\" data-end=\"2987\">\n<p data-start=\"2949\" data-end=\"2987\">\u0623\u0634\u062e\u0627\u0635 \u064a\u062a\u062f\u0631\u0628\u0648\u0646 \u0641\u064a \u0627\u0644\u0637\u0642\u0633 \u0627\u0644\u062d\u0627\u0631<\/p>\n<\/li>\n<li data-start=\"2988\" data-end=\"3036\">\n<p data-start=\"2990\" data-end=\"3036\">\u0623\u0634\u062e\u0627\u0635 \u0639\u0631\u0636\u0629 \u0644\u0644\u062c\u0641\u0627\u0641 \u0623\u0648 \u0627\u0644\u062a\u0639\u0628<\/p>\n<\/li>\n<li data-start=\"3037\" data-end=\"3101\">\n<p data-start=\"3039\" data-end=\"3101\" class=\" translation-block\">\u0623\u064a \u0634\u062e\u0635 \u064a\u0628\u062d\u062b \u0639\u0646 <strong data-start=\"3070\" data-end=\"3101\"> \u0645\u0634\u0631\u0648\u0628 \u0645\u0631\u0637\u0628 \u0645\u062f\u0639\u0645<\/p>\n<\/li>\n<\/ul>\n<p><img decoding=\"async\" class=\"alignnone size-medium wp-image-19460\" src=\"https:\/\/elitenutritionmaroc.com\/wp-content\/uploads\/2026\/01\/vhealth-vitaboost-hydratation-300x300.png\" alt=\"\" width=\"300\" height=\"300\" srcset=\"https:\/\/elitenutritionmaroc.com\/wp-content\/uploads\/2026\/01\/vhealth-vitaboost-hydratation-300x300.png 300w, https:\/\/elitenutritionmaroc.com\/wp-content\/uploads\/2026\/01\/vhealth-vitaboost-hydratation-800x800.png 800w, https:\/\/elitenutritionmaroc.com\/wp-content\/uploads\/2026\/01\/vhealth-vitaboost-hydratation-150x150.png 150w, https:\/\/elitenutritionmaroc.com\/wp-content\/uploads\/2026\/01\/vhealth-vitaboost-hydratation-768x768.png 768w, https:\/\/elitenutritionmaroc.com\/wp-content\/uploads\/2026\/01\/vhealth-vitaboost-hydratation-860x860.png 860w, https:\/\/elitenutritionmaroc.com\/wp-content\/uploads\/2026\/01\/vhealth-vitaboost-hydratation-430x430.png 430w, https:\/\/elitenutritionmaroc.com\/wp-content\/uploads\/2026\/01\/vhealth-vitaboost-hydratation-700x700.png 700w, https:\/\/elitenutritionmaroc.com\/wp-content\/uploads\/2026\/01\/vhealth-vitaboost-hydratation.png 1024w\" sizes=\"(max-width: 300px) 100vw, 300px\" \/><\/p>\n<h3 data-start=\"3108\" data-end=\"3135\">\u26a0\ufe0f \u0627\u062d\u062a\u064a\u0627\u0637\u0627\u062a \u0627\u0644\u0627\u0633\u062a\u062e\u062f\u0627\u0645<\/h3>\n<p data-start=\"3137\" data-end=\"3333\">\u0645\u0643\u0645\u0644 \u063a\u0630\u0627\u0626\u064a \u064a\u064f\u0633\u062a\u062e\u062f\u0645 \u0641\u064a \u0625\u0637\u0627\u0631 \u0646\u0638\u0627\u0645 \u063a\u0630\u0627\u0626\u064a \u0645\u062a\u0646\u0648\u0639 \u0648\u0645\u062a\u0648\u0627\u0632\u0646 \u0648\u0646\u0645\u0637 \u062d\u064a\u0627\u0629 \u0635\u062d\u064a. \u0644\u0627 \u062a\u062a\u062c\u0627\u0648\u0632 \u0627\u0644\u062c\u0631\u0639\u0629 \u0627\u0644\u064a\u0648\u0645\u064a\u0629 \u0627\u0644\u0645\u0648\u0635\u0649 \u0628\u0647\u0627. \u0625\u0628\u0642\u0627\u0621 \u0628\u0639\u064a\u062f\u064b\u0627 \u0639\u0646 \u0645\u062a\u0646\u0627\u0648\u0644 \u0627\u0644\u0623\u0637\u0641\u0627\u0644.<\/p>\n<p data-start=\"3391\" data-end=\"3523\" class=\" translation-block\"><strong> \u0627\u0628\u0642 \u0631\u0637\u0628\u064b\u0627\u060c \u0646\u0634\u064a\u0637\u064b\u0627 \u0648\u0623\u062f\u0627\u0621\u064b \u0645\u0639 \u0627\u0644\u0625\u0644\u0643\u062a\u0631\u0648\u0644\u064a\u062a\u0627\u062a \u0648\u0627\u0644\u0641\u064a\u062a\u0627\u0645\u064a\u0646\u0627\u062a \u0627\u0644\u0645\u062a\u0639\u062f\u062f\u0629. \u0627\u0628\u0642\u064e \u0631\u0637\u0628\u064b\u0627\u060c \u0646\u0634\u064a\u0637\u064b\u0627 \u0648\u0623\u062f\u0627\u0621\u064b \u0645\u0639 \u0627\u0644\u0625\u0644\u0643\u062a\u0631\u0648\u0644\u064a\u062a\u0627\u062a \u0648\u0627\u0644\u0641\u064a\u062a\u0627\u0645\u064a\u0646\u0627\u062a \u0627\u0644\u0645\u062a\u0639\u062f\u062f\u0629. <br data-start=\"3466\" data-end=\"3469\"> \u0623\u0636\u0641\u0647\u0627 \u0625\u0644\u0649 \u0631\u0648\u062a\u064a\u0646\u0643 \u0627\u0644\u0631\u064a\u0627\u0636\u064a \u0627\u0644\u0622\u0646. <\/strong><\/p>","protected":false},"excerpt":{"rendered":"<p>\ud83d\udca7 Electrolytes &amp; Multivitamins \u2013 10 Comprim\u00e9s Effervescents Electrolytes &amp; Multivitamins est une formule compl\u00e8te combinant \u00e9lectrolytes essentiels (sodium, potassium,<\/p>","protected":false},"featured_media":19457,"comment_status":"open","ping_status":"closed","template":"","meta":[],"product_brand":[574],"product_cat":[486],"product_tag":[575,563,576,307],"class_list":{"0":"post-19456","1":"product","2":"type-product","3":"status-publish","4":"has-post-thumbnail","6":"product_brand-vitaboost","7":"product_cat-vitamines-et-mineraux","8":"product_tag-electrolytes","9":"product_tag-energie","10":"product_tag-hydratation","11":"product_tag-multivitamins","13":"first","14":"instock","15":"shipping-taxable","16":"purchasable","17":"product-type-variable"},"_links":{"self":[{"href":"https:\/\/elitenutritionmaroc.com\/ar\/wp-json\/wp\/v2\/product\/19456","targetHints":{"allow":["GET"]}}],"collection":[{"href":"https:\/\/elitenutritionmaroc.com\/ar\/wp-json\/wp\/v2\/product"}],"about":[{"href":"https:\/\/elitenutritionmaroc.com\/ar\/wp-json\/wp\/v2\/types\/product"}],"replies":[{"embeddable":true,"href":"https:\/\/elitenutritionmaroc.com\/ar\/wp-json\/wp\/v2\/comments?post=19456"}],"version-history":[{"count":0,"href":"https:\/\/elitenutritionmaroc.com\/ar\/wp-json\/wp\/v2\/product\/19456\/revisions"}],"wp:featuredmedia":[{"embeddable":true,"href":"https:\/\/elitenutritionmaroc.com\/ar\/wp-json\/wp\/v2\/media\/19457"}],"wp:attachment":[{"href":"https:\/\/elitenutritionmaroc.com\/ar\/wp-json\/wp\/v2\/media?parent=19456"}],"wp:term":[{"taxonomy":"product_brand","embeddable":true,"href":"https:\/\/elitenutritionmaroc.com\/ar\/wp-json\/wp\/v2\/product_brand?post=19456"},{"taxonomy":"product_cat","embeddable":true,"href":"https:\/\/elitenutritionmaroc.com\/ar\/wp-json\/wp\/v2\/product_cat?post=19456"},{"taxonomy":"product_tag","embeddable":true,"href":"https:\/\/elitenutritionmaroc.com\/ar\/wp-json\/wp\/v2\/product_tag?post=19456"}],"curies":[{"name":"wp","href":"https:\/\/api.w.org\/{rel}","templated":true}]}}