{"id":19430,"date":"2026-01-21T21:36:04","date_gmt":"2026-01-21T20:36:04","guid":{"rendered":"https:\/\/elitenutritionmaroc.com\/?post_type=product&#038;p=19430"},"modified":"2026-01-21T21:39:47","modified_gmt":"2026-01-21T20:39:47","slug":"raze-energy-drink-473ml","status":"publish","type":"product","link":"https:\/\/elitenutritionmaroc.com\/ar\/product\/raze-energy-drink-473ml\/","title":{"rendered":"\u0645\u0634\u0631\u0648\u0628 \u0637\u0627\u0642\u0629 \u0631\u0627\u064a\u0632 473 \u0645\u0644\u064a\u0644\u062a\u0631"},"content":{"rendered":"<h3 data-start=\"1216\" data-end=\"1268\">\u26a1 \u0645\u0634\u0631\u0648\u0628 \u0627\u0644\u0637\u0627\u0642\u0629 RAZE 473 \u0645\u0644 \u2013 \u0646\u0643\u0647\u0629 \u0627\u0644\u0644\u064a\u0645\u0648\u0646 \u0648\u0627\u0644\u062e\u0648\u062e<\/h3>\n<p data-start=\"1270\" data-end=\"1564\" class=\" translation-block\"><strong data-start=\"1270\" data-end=\"1285\"> RAZE Energy \u0647\u064a \u0645\u0634\u0631\u0648\u0628 \u0637\u0627\u0642\u0629 \u0645\u0646 \u0627\u0644\u062c\u064a\u0644 \u0627\u0644\u062c\u062f\u064a\u062f\u060c \u0645\u0635\u0645\u0645 \u0644\u062a\u0648\u0641\u064a\u0631 \u0637\u0627\u0642\u0629 \u0645\u0643\u062b\u0641\u0629\u060c \u0646\u0638\u064a\u0641\u0629 \u0648\u0645\u0633\u062a\u062f\u0627\u0645\u0629\u060c \u0628\u062f\u0648\u0646 \u0633\u0643\u0631 \u0623\u0648 \u0633\u0639\u0631\u0627\u062a \u062d\u0631\u0627\u0631\u064a\u0629. \u0645\u0634\u0631\u0648\u0628 \u0637\u0627\u0642\u0629 \u0645\u0646 \u0627\u0644\u062c\u064a\u0644 \u0627\u0644\u062c\u062f\u064a\u062f\u060c \u0645\u0635\u0645\u0645 \u0644\u062a\u0648\u0641\u064a\u0631 \u0637\u0627\u0642\u0629 \u0645\u0643\u062b\u0641\u0629\u060c \u0646\u0638\u064a\u0641\u0629 \u0648\u0645\u0633\u062a\u062f\u0627\u0645\u0629\u060c \u0628\u062f\u0648\u0646 \u0633\u0643\u0631 \u0623\u0648 \u0633\u0639\u0631\u0627\u062a \u062d\u0631\u0627\u0631\u064a\u0629. \u0646\u0643\u0629 <strong data-start=\"1437\" data-end=\"1453\"> \u0644\u064a\u0645\u0648\u0646 \u0648 \u062e\u0648\u062e<\/strong> \u064a\u0642\u062f\u0645 \u0637\u0639\u0645\u0627\u064b \u0645\u0646\u0639\u0634\u0627\u064b \u0648\u0641\u0627\u0643\u0647\u064a\u0627\u064b\u060c \u0645\u062b\u0627\u0644\u064a\u0627\u064b \u0642\u0628\u0644 \u0627\u0644\u062a\u0645\u0631\u064a\u0646\u060c \u0641\u064a \u0627\u0644\u0639\u0645\u0644 \u0623\u0648 \u062e\u0644\u0627\u0644 \u0627\u0644\u0623\u064a\u0627\u0645 \u0627\u0644\u0646\u0634\u0637\u0629 \u0627\u0644\u0637\u0648\u064a\u0644\u0629.<\/p>\n<p data-start=\"1566\" data-end=\"1842\" class=\" translation-block\">\u0639\u0644\u0649 \u0639\u0643\u0633 \u0645\u0634\u0631\u0648\u0628\u0627\u062a \u0627\u0644\u0637\u0627\u0642\u0629 \u0627\u0644\u062a\u0642\u0644\u064a\u062f\u064a\u0629\u060c <strong data-start=\"1610\" data-end=\"1625\">RAZE Energy<\/strong> \u064a\u062c\u0645\u0639 \u0628\u064a\u0646 <strong data-start=\"1634\" data-end=\"1645\">\u0627\u0644\u0643\u0627\u0641\u064a\u064a\u0646<\/strong>\u060c <strong data-start=\"1647\" data-end=\"1655\">BCAA<\/strong>\u060c <strong data-start=\"1657\" data-end=\"1674\">\u0627\u0644\u0623\u062d\u0645\u0627\u0636 \u0627\u0644\u0623\u0645\u064a\u0646\u064a\u0629<\/strong>\u060c <strong data-start=\"1676\" data-end=\"1687\">\u0627\u0644\u0643\u0648\u0644\u064a\u0646<\/strong> \u0648\u0627\u0644<strong data-start=\"1691\" data-end=\"1704\">\u0627\u0644\u0641\u064a\u062a\u0627\u0645\u064a\u0646\u0627\u062a<\/strong>\u060c \u0644\u062f\u0639\u0645 \u0643\u0644 \u0645\u0646 <strong data-start=\"1733\" data-end=\"1755\">\u0627\u0644\u0637\u0627\u0642\u0629 \u0627\u0644\u0628\u062f\u0646\u064a\u0629<\/strong> \u0648<strong data-start=\"1760\" data-end=\"1785\">\u0627\u0644\u062a\u0631\u0643\u064a\u0632 \u0627\u0644\u0630\u0647\u0646\u064a<\/strong> \u0648\u0627\u0644\u0623\u062f\u0627\u0621 \u0627\u0644\u0639\u0627\u0645\u060c \u062f\u0648\u0646 \u0627\u0631\u062a\u0641\u0627\u0639 \u0645\u0641\u0627\u062c\u0626 \u0623\u0648 \u0627\u0646\u0647\u064a\u0627\u0631.<\/p>\n<p data-start=\"1566\" data-end=\"1842\"><img fetchpriority=\"high\" decoding=\"async\" class=\"alignnone size-medium wp-image-19437\" src=\"https:\/\/elitenutritionmaroc.com\/wp-content\/uploads\/2026\/01\/RAZE-Energy-Drink-473-ml-3-300x300.jpg\" alt=\"RAZE ENERGY\" width=\"300\" height=\"300\" srcset=\"https:\/\/elitenutritionmaroc.com\/wp-content\/uploads\/2026\/01\/RAZE-Energy-Drink-473-ml-3-300x300.jpg 300w, https:\/\/elitenutritionmaroc.com\/wp-content\/uploads\/2026\/01\/RAZE-Energy-Drink-473-ml-3-800x800.jpg 800w, https:\/\/elitenutritionmaroc.com\/wp-content\/uploads\/2026\/01\/RAZE-Energy-Drink-473-ml-3-150x150.jpg 150w, https:\/\/elitenutritionmaroc.com\/wp-content\/uploads\/2026\/01\/RAZE-Energy-Drink-473-ml-3-768x768.jpg 768w, https:\/\/elitenutritionmaroc.com\/wp-content\/uploads\/2026\/01\/RAZE-Energy-Drink-473-ml-3-860x860.jpg 860w, https:\/\/elitenutritionmaroc.com\/wp-content\/uploads\/2026\/01\/RAZE-Energy-Drink-473-ml-3-430x430.jpg 430w, https:\/\/elitenutritionmaroc.com\/wp-content\/uploads\/2026\/01\/RAZE-Energy-Drink-473-ml-3-700x700.jpg 700w, https:\/\/elitenutritionmaroc.com\/wp-content\/uploads\/2026\/01\/RAZE-Energy-Drink-473-ml-3.jpg 1500w\" sizes=\"(max-width: 300px) 100vw, 300px\" \/><\/p>\n<h3 data-start=\"1849\" data-end=\"1869\">\u2705 \u0627\u0644\u0645\u0632\u0627\u064a\u0627 \u0627\u0644\u0631\u0626\u064a\u0633\u064a\u0629<\/h3>\n<ul data-start=\"1871\" data-end=\"2143\">\n<li data-start=\"1871\" data-end=\"1902\">\n<p data-start=\"1873\" data-end=\"1902\"><strong data-start=\"1873\" data-end=\"1902\">\u0632\u064a\u0631\u0648 \u0633\u0643\u0631 \u0648\u0632\u064a\u0631\u0648 \u0643\u0627\u0644\u0648\u0631\u064a<\/strong><\/p>\n<\/li>\n<li data-start=\"1903\" data-end=\"1952\">\n<p data-start=\"1905\" data-end=\"1952\" class=\" translation-block\"><strong data-start=\"1905\" data-end=\"1916\"> \u0643\u0627\u0641\u064a\u064a\u0646 \u0644\u0637\u0627\u0642\u0629 \u0633\u0631\u064a\u0639\u0629 \u0648\u0641\u0639\u0627\u0644\u0629<\/p>\n<\/li>\n<li data-start=\"1953\" data-end=\"1990\">\n<p data-start=\"1955\" data-end=\"1990\" class=\" translation-block\">\u0645\u064f\u063a\u064e\u0630\u0651\u064e\u0649 \u0628\u0640 <strong data-start=\"1966\" data-end=\"1990\"> BCAA \u0648\u0627\u0644\u0623\u062d\u0645\u0627\u0636 \u0627\u0644\u0623\u0645\u064a\u0646\u064a\u0629<\/p>\n<\/li>\n<li data-start=\"1991\" data-end=\"2037\">\n<p data-start=\"1993\" data-end=\"2037\" class=\" translation-block\">\u064a\u062f\u0639\u0645 <strong data-start=\"2005\" data-end=\"2021\"> \u0627\u0644\u062a\u0631\u0643\u064a\u0632 \u0627\u0644\u0630\u0647\u0646\u064a \u0648\u0627\u0644\u064a\u0642\u0638\u0629<\/p>\n<\/li>\n<li data-start=\"2038\" data-end=\"2087\">\n<p data-start=\"2040\" data-end=\"2087\" class=\" translation-block\">\u0645\u062b\u0627\u0644\u064a \u0641\u064a <strong data-start=\"2049\" data-end=\"2064\"> \u0645\u0627 \u0642\u0628\u0644 \u0627\u0644\u062a\u0645\u0631\u064a\u0646 \u0623\u0648 \u0645\u0634\u0631\u0648\u0628 \u064a\u0648\u0645\u064a<\/p>\n<\/li>\n<li data-start=\"2088\" data-end=\"2117\">\n<p data-start=\"2090\" data-end=\"2117\" class=\" translation-block\">\u0637\u0639\u0645 \u0645\u0646\u0639\u0634 <strong data-start=\"2101\" data-end=\"2117\"> \u0644\u0627\u064a\u0645 \u0648 \u062e\u0648\u062e<\/p>\n<\/li>\n<li data-start=\"2118\" data-end=\"2143\">\n<p data-start=\"2120\" data-end=\"2143\">\u0628\u062f\u0648\u0646 \u0634\u0639\u0648\u0631 \u0628\u0627\u0644\u062a\u062d\u0637\u0645<\/p>\n<\/li>\n<\/ul>\n<h3 data-start=\"2150\" data-end=\"2187\">\ud83e\udde0 \u0644\u0645\u0627\u0630\u0627 \u062a\u062e\u062a\u0627\u0631 RAZE Energy\u061f<\/h3>\n<p data-start=\"2189\" data-end=\"2256\">\u062a\u062a\u0645\u064a\u0632 RAZE Energy \u0628\u062a\u0631\u0643\u064a\u0628\u062a\u0647\u0627 \u0627\u0644\u0630\u0643\u064a\u0629\u060c \u0627\u0644\u0645\u0635\u0645\u0645\u0629 \u0644\u0640:<\/p>\n<ul data-start=\"2257\" data-end=\"2408\">\n<li data-start=\"2257\" data-end=\"2301\">\n<p data-start=\"2259\" data-end=\"2301\" class=\" translation-block\">\u062a\u062d\u0641\u064a\u0632 \u0627\u0644<strong> \u0627\u0644\u0637\u0627\u0642\u0629 \u0627\u0644\u0639\u0642\u0644\u064a\u0629 \u0648\u0627\u0644\u062c\u0633\u062f\u064a\u0629<\/p>\n<\/li>\n<li data-start=\"2302\" data-end=\"2334\">\n<p data-start=\"2304\" data-end=\"2334\" class=\" translation-block\">\u062a\u062d\u0633\u064a\u0646 \u0627\u0644\u0640 &lt;strong \u0628\u064a\u0627\u0646\u0627\u062a \u0627\u0644\u0628\u062f\u0627\u064a\u0629=&quot;2317&quot; \u0628\u064a\u0627\u0646\u0627\u062a \u0627\u0644\u0646\u0647\u0627\u064a\u0629=&quot;2334&quot; \u062a\u0631\u0643\u064a\u0632<\/strong><\/p>\n<\/li>\n<li data-start=\"2335\" data-end=\"2408\">\n<p data-start=\"2337\" data-end=\"2408\">\u062a\u0642\u062f\u064a\u0645 \u0628\u062f\u064a\u0644 \u0623\u0646\u0638\u0641 \u0644\u0644\u0645\u0634\u0631\u0648\u0628\u0627\u062a \u0627\u0644\u0637\u0627\u0642\u0629 \u0627\u0644\u062a\u0642\u0644\u064a\u062f\u064a\u0629<\/p>\n<\/li>\n<\/ul>\n<p data-start=\"2410\" data-end=\"2549\" class=\" translation-block\">\u0625\u0646\u0647\u0627 \u062d\u0644 \u0645\u062b\u0627\u0644\u064a \u0644\u0644\u0631\u064a\u0627\u0636\u064a\u064a\u0646\u060c \u0627\u0644\u0644\u0627\u0639\u0628\u064a\u0646\u060c \u0627\u0644\u0639\u0627\u0645\u0644\u064a\u0646 \u0627\u0644\u0646\u0634\u064a\u0637\u064a\u0646 \u0623\u0648 \u0623\u064a \u0634\u062e\u0635 \u064a\u0628\u062d\u062b \u0639\u0646 <strong data-start=\"2518\" data-end=\"2548\">\u0632\u064a\u0627\u062f\u0629 \u0641\u064a \u0627\u0644\u0637\u0627\u0642\u0629 \u0628\u062f\u0648\u0646 \u0633\u0643\u0631<\/strong>.<\/p>\n<h3 data-start=\"2556\" data-end=\"2585\">\ud83d\udd52 \u0646\u0635\u0627\u0626\u062d \u0627\u0644\u0627\u0633\u062a\u062e\u062f\u0627\u0645<\/h3>\n<ul data-start=\"2587\" data-end=\"2823\">\n<li data-start=\"2587\" data-end=\"2635\">\n<p data-start=\"2589\" data-end=\"2635\" class=\" translation-block\">\u0634\u0631\u0628 <strong> data-start=\"2595\" data-end=\"2617\"&gt; 1 \u0639\u0644\u0628\u0629 (473 \u0645\u0644) \u062d\u0633\u0628 \u0627\u0644\u062d\u0627\u062c\u0629<\/p>\n<\/li>\n<li data-start=\"2636\" data-end=\"2711\">\n<p data-start=\"2638\" data-end=\"2711\" class=\" translation-block\">\u0644\u0644\u0627\u0633\u062a\u0647\u0644\u0627\u0643 <strong data-start=\"2650\" data-end=\"2674\"> \u0642\u0628\u0644 \u0627\u0644\u062a\u0645\u0631\u064a\u0646 \u060c \u0641\u064a \u0627\u0644\u0639\u0645\u0644 \u0623\u0648 \u0641\u064a \u0641\u062a\u0631\u0629 \u0627\u0644\u062a\u0639\u0628<\/p>\n<\/li>\n<li data-start=\"2712\" data-end=\"2754\">\n<p data-start=\"2714\" data-end=\"2754\" class=\" translation-block\">\u0644\u0644\u0627\u0633\u062a\u0647\u0644\u0627\u0643 \u0627\u0644\u0645\u0641\u0636\u0644 <strong> \u0637\u0627\u0632\u062c \u062c\u062f\u0627\u064b<\/strong><\/p>\n<\/li>\n<li data-start=\"2755\" data-end=\"2823\">\n<p data-start=\"2757\" data-end=\"2823\">\u0639\u062f\u0645 \u062a\u062c\u0627\u0648\u0632 \u0627\u0644\u0627\u0633\u062a\u0647\u0644\u0627\u0643 \u0627\u0644\u064a\u0648\u0645\u064a \u0627\u0644\u0645\u0648\u0635\u0649 \u0628\u0647 \u0645\u0646 \u0627\u0644\u0643\u0627\u0641\u064a\u064a\u0646<\/p>\n<\/li>\n<\/ul>\n<p><img decoding=\"async\" class=\"alignnone size-medium wp-image-19438\" src=\"https:\/\/elitenutritionmaroc.com\/wp-content\/uploads\/2026\/01\/RAZE-Energy-Drink-473-ml-4-300x300.jpg\" alt=\"RAZE ENERGY\" width=\"300\" height=\"300\" srcset=\"https:\/\/elitenutritionmaroc.com\/wp-content\/uploads\/2026\/01\/RAZE-Energy-Drink-473-ml-4-300x300.jpg 300w, https:\/\/elitenutritionmaroc.com\/wp-content\/uploads\/2026\/01\/RAZE-Energy-Drink-473-ml-4-150x150.jpg 150w, https:\/\/elitenutritionmaroc.com\/wp-content\/uploads\/2026\/01\/RAZE-Energy-Drink-473-ml-4.jpg 400w\" sizes=\"(max-width: 300px) 100vw, 300px\" \/><\/p>\n<h3 data-start=\"2830\" data-end=\"2847\">\ud83c\udfaf \u0644\u0645\u0646\u061f<\/h3>\n<ul data-start=\"2849\" data-end=\"3042\">\n<li data-start=\"2849\" data-end=\"2887\">\n<p data-start=\"2851\" data-end=\"2887\">\u0627\u0644\u0631\u064a\u0627\u0636\u064a\u0648\u0646 \u0648\u0645\u0645\u0627\u0631\u0633\u0648 \u0627\u0644\u0644\u064a\u0627\u0642\u0629 \u0627\u0644\u0628\u062f\u0646\u064a\u0629<\/p>\n<\/li>\n<li data-start=\"2888\" data-end=\"2950\">\n<p data-start=\"2890\" data-end=\"2950\" class=\" translation-block\">\u0623\u0634\u062e\u0627\u0635 \u064a\u0628\u062d\u062b\u0648\u0646 \u0639\u0646 <strong data-start=\"2915\" data-end=\"2948\"> \u0632\u064a\u0627\u062f\u0629 \u0627\u0644\u0637\u0627\u0642\u0629 \u0628\u062f\u0648\u0646 \u0633\u0639\u0631\u0627\u062a \u062d\u0631\u0627\u0631\u064a\u0629<\/p>\n<\/li>\n<li data-start=\"2951\" data-end=\"2995\">\n<p data-start=\"2953\" data-end=\"2995\">\u0644\u0627\u0639\u0628\u0648 \u0627\u0644\u0641\u064a\u062f\u064a\u0648\u060c \u0627\u0644\u0637\u0644\u0627\u0628\u060c \u0627\u0644\u0645\u062d\u062a\u0631\u0641\u0648\u0646 \u0627\u0644\u0646\u0634\u0637\u0648\u0646<\/p>\n<\/li>\n<li data-start=\"2996\" data-end=\"3042\">\n<p data-start=\"2998\" data-end=\"3042\">\u0628\u062f\u064a\u0644 \u0635\u062d\u064a \u0644\u0645\u0634\u0631\u0648\u0628\u0627\u062a \u0627\u0644\u0637\u0627\u0642\u0629 \u0627\u0644\u0645\u062d\u0644\u0627\u0629<\/p>\n<\/li>\n<\/ul>\n<h3 data-start=\"3049\" data-end=\"3076\">\u26a0\ufe0f \u0627\u062d\u062a\u064a\u0627\u0637\u0627\u062a \u0627\u0644\u0627\u0633\u062a\u062e\u062f\u0627\u0645<\/h3>\n<p data-start=\"3078\" data-end=\"3247\">\u064a\u062d\u062a\u0648\u064a \u0639\u0644\u0649 \u0627\u0644\u0643\u0627\u0641\u064a\u064a\u0646. \u0645\u0645\u0646\u0648\u0639 \u0644\u0644\u0623\u0637\u0641\u0627\u0644 \u0648\u0627\u0644\u0646\u0633\u0627\u0621 \u0627\u0644\u062d\u0648\u0627\u0645\u0644 \u0623\u0648 \u0627\u0644\u0645\u0631\u0636\u0639\u0627\u062a. \u062a\u0646\u0627\u0648\u0644\u0648\u0647 \u0628\u0627\u0639\u062a\u062f\u0627\u0644. \u0644\u0627 \u062a\u062e\u0644\u0637 \u0645\u0639 \u0645\u0635\u0627\u062f\u0631 \u0623\u062e\u0631\u0649 \u0643\u0628\u064a\u0631\u0629 \u0645\u0646 \u0627\u0644\u0643\u0627\u0641\u064a\u064a\u0646.<\/p>\n<h3 data-start=\"3282\" data-end=\"3304\"><img decoding=\"async\" class=\"alignnone size-medium wp-image-19439\" src=\"https:\/\/elitenutritionmaroc.com\/wp-content\/uploads\/2026\/01\/RAZE-Energy-Drink-473-ml-1-300x300.jpg\" alt=\"RAZE ENERGY\" width=\"300\" height=\"300\" srcset=\"https:\/\/elitenutritionmaroc.com\/wp-content\/uploads\/2026\/01\/RAZE-Energy-Drink-473-ml-1-300x300.jpg 300w, https:\/\/elitenutritionmaroc.com\/wp-content\/uploads\/2026\/01\/RAZE-Energy-Drink-473-ml-1-800x800.jpg 800w, https:\/\/elitenutritionmaroc.com\/wp-content\/uploads\/2026\/01\/RAZE-Energy-Drink-473-ml-1-150x150.jpg 150w, https:\/\/elitenutritionmaroc.com\/wp-content\/uploads\/2026\/01\/RAZE-Energy-Drink-473-ml-1-768x768.jpg 768w, https:\/\/elitenutritionmaroc.com\/wp-content\/uploads\/2026\/01\/RAZE-Energy-Drink-473-ml-1-860x860.jpg 860w, https:\/\/elitenutritionmaroc.com\/wp-content\/uploads\/2026\/01\/RAZE-Energy-Drink-473-ml-1-430x430.jpg 430w, https:\/\/elitenutritionmaroc.com\/wp-content\/uploads\/2026\/01\/RAZE-Energy-Drink-473-ml-1-700x700.jpg 700w, https:\/\/elitenutritionmaroc.com\/wp-content\/uploads\/2026\/01\/RAZE-Energy-Drink-473-ml-1.jpg 1080w\" sizes=\"(max-width: 300px) 100vw, 300px\" \/><\/h3>\n<p data-start=\"3305\" data-end=\"3438\" class=\" translation-block\">\u0627\u0644\u0646\u0635 \u0644\u0644\u062a\u0631\u062c\u0645\u0629: &lt;strong \u062a\u0639\u0632\u064a\u0632 \u0637\u0627\u0642\u062a\u0643 \u0648\u062a\u0631\u0643\u064a\u0632\u0643 \u0645\u0639 RAZE Energy Lime &amp; Peach. \u0639\u0632\u0632 \u0637\u0627\u0642\u062a\u0643 \u0648\u062a\u0631\u0643\u064a\u0632\u0643 \u0645\u0639 RAZE Energy \u0644\u064a\u0645\u0648\u0646 \u0648 \u062e\u0648\u062e. <br data-start=\"3382\" data-end=\"3385\"> \u0623\u0636\u0641\u0647\u0627 \u0625\u0644\u0649 \u0627\u0644\u0633\u0644\u0629 \u0648\u0627\u0646\u062a\u0642\u0644 \u0625\u0644\u0649 \u0627\u0644\u0645\u0633\u062a\u0648\u0649 \u0627\u0644\u062a\u0627\u0644\u064a. <\/strong><\/p>","protected":false},"excerpt":{"rendered":"<p>\u26a1 RAZE Energy Drink 473 ml \u2013 Saveur Lime &amp; P\u00eache RAZE Energy est une boisson \u00e9nergisante nouvelle g\u00e9n\u00e9ration, con\u00e7ue<\/p>","protected":false},"featured_media":19434,"comment_status":"open","ping_status":"closed","template":"","meta":[],"product_brand":[234],"product_cat":[489],"product_tag":[294,563,565,561,562,564],"class_list":{"0":"post-19430","1":"product","2":"type-product","3":"status-publish","4":"has-post-thumbnail","6":"product_brand-raze","7":"product_cat-energie","8":"product_tag-bcaa","9":"product_tag-energie","10":"product_tag-energy","11":"product_tag-lime","12":"product_tag-peche","13":"product_tag-raze","15":"first","16":"instock","17":"shipping-taxable","18":"purchasable","19":"product-type-variable","20":"has-default-attributes"},"_links":{"self":[{"href":"https:\/\/elitenutritionmaroc.com\/ar\/wp-json\/wp\/v2\/product\/19430","targetHints":{"allow":["GET"]}}],"collection":[{"href":"https:\/\/elitenutritionmaroc.com\/ar\/wp-json\/wp\/v2\/product"}],"about":[{"href":"https:\/\/elitenutritionmaroc.com\/ar\/wp-json\/wp\/v2\/types\/product"}],"replies":[{"embeddable":true,"href":"https:\/\/elitenutritionmaroc.com\/ar\/wp-json\/wp\/v2\/comments?post=19430"}],"version-history":[{"count":0,"href":"https:\/\/elitenutritionmaroc.com\/ar\/wp-json\/wp\/v2\/product\/19430\/revisions"}],"wp:featuredmedia":[{"embeddable":true,"href":"https:\/\/elitenutritionmaroc.com\/ar\/wp-json\/wp\/v2\/media\/19434"}],"wp:attachment":[{"href":"https:\/\/elitenutritionmaroc.com\/ar\/wp-json\/wp\/v2\/media?parent=19430"}],"wp:term":[{"taxonomy":"product_brand","embeddable":true,"href":"https:\/\/elitenutritionmaroc.com\/ar\/wp-json\/wp\/v2\/product_brand?post=19430"},{"taxonomy":"product_cat","embeddable":true,"href":"https:\/\/elitenutritionmaroc.com\/ar\/wp-json\/wp\/v2\/product_cat?post=19430"},{"taxonomy":"product_tag","embeddable":true,"href":"https:\/\/elitenutritionmaroc.com\/ar\/wp-json\/wp\/v2\/product_tag?post=19430"}],"curies":[{"name":"wp","href":"https:\/\/api.w.org\/{rel}","templated":true}]}}