{"id":19234,"date":"2026-01-20T14:47:37","date_gmt":"2026-01-20T13:47:37","guid":{"rendered":"https:\/\/elitenutritionmaroc.com\/?post_type=product&#038;p=19234"},"modified":"2026-01-20T15:03:49","modified_gmt":"2026-01-20T14:03:49","slug":"platinum-hydrowhey-800-g","status":"publish","type":"product","link":"https:\/\/elitenutritionmaroc.com\/ar\/product\/platinum-hydrowhey-800-g\/","title":{"rendered":"\u0628\u0644\u0627\u062a\u064a\u0646\u064a\u0648\u0645 \u0647\u0627\u064a\u062f\u0631\u0648\u064a 800 \u062c\u0631\u0627\u0645"},"content":{"rendered":"<p>\u0623\u0648\u0628\u062a\u064a\u0645\u0648\u0645 \u0646\u0648\u062a\u0631\u064a\u0634\u0646 \u0628\u0644\u0627\u062a\u064a\u0646\u0648\u0645 \u0647\u0627\u064a\u062f\u0631\u0648 \u0648\u0627\u064a - \u0648\u0627\u064a \u0647\u0627\u064a\u062f\u0631\u0648\u0644\u064a\u0632\u064a\u0647 \u0623\u0644\u062a\u0631\u0627 \u0631\u0627\u0628\u062f<\/p>\n<p>\u064a\u064f\u0639\u062f Platinum HydroWhey \u0645\u0646 Optimum Nutrition \u0627\u0644\u062c\u064a\u0644 \u0627\u0644\u062c\u062f\u064a\u062f \u0645\u0646 \u0645\u0635\u0644 \u0627\u0644\u0644\u0628\u0646 \u0627\u0644\u0645\u062a\u062d\u0644\u0644\u060c \u0648\u0627\u0644\u0645\u0635\u0645\u0645 \u0644\u0644\u0631\u064a\u0627\u0636\u064a\u064a\u0646 \u0627\u0644\u0630\u064a\u0646 \u064a\u0628\u062d\u062b\u0648\u0646 \u0639\u0646 \u0627\u0633\u062a\u064a\u0639\u0627\u0628 \u0633\u0631\u064a\u0639 \u0644\u0644\u063a\u0627\u064a\u0629\u060c \u0648\u062a\u0639\u0627\u0641\u064a \u0639\u0636\u0644\u064a \u0633\u0631\u064a\u0639 \u0648\u062c\u0648\u062f\u0629 \u062a\u063a\u0630\u064a\u0629 \u0639\u0627\u0644\u064a\u0629.\nTranslated with https:\/\/laratranslate.com<\/p>\n<p>\u0628\u0641\u0636\u0644 \u0639\u0645\u0644\u064a\u0629 \u0627\u0644\u062a\u062d\u0644\u0644 \u0627\u0644\u0645\u0627\u0626\u064a \u0627\u0644\u0645\u062a\u0642\u062f\u0645\u0629\u060c \u064a\u062a\u0645 \u062a\u0642\u0633\u064a\u0645 \u0628\u0631\u0648\u062a\u064a\u0646\u0627\u062a \u0645\u0635\u0644 \u0627\u0644\u0644\u0628\u0646 \u0625\u0644\u0649 \u0628\u0628\u062a\u064a\u062f\u0627\u062a \u0623\u0642\u0635\u0631\u060c \u0645\u0645\u0627 \u064a\u0633\u0647\u0644 \u0639\u0645\u0644\u064a\u0629 \u0627\u0644\u0647\u0636\u0645 \u0627\u0644\u0633\u0631\u064a\u0639 \u0648\u0627\u0644\u062a\u0648\u0627\u0641\u0631 \u0627\u0644\u0641\u0648\u0631\u064a \u0644\u0644\u0623\u062d\u0645\u0627\u0636 \u0627\u0644\u0623\u0645\u064a\u0646\u064a\u0629 \u0644\u0644\u0639\u0636\u0644\u0627\u062a \u0628\u0639\u062f \u0627\u0644\u062a\u0645\u0631\u064a\u0646.\n\nTranslated with https:\/\/laratranslate.com<\/p>\n<p><img fetchpriority=\"high\" decoding=\"async\" class=\"alignnone size-medium wp-image-19241\" src=\"https:\/\/elitenutritionmaroc.com\/wp-content\/uploads\/2026\/01\/Hydrowhey-1-300x300.jpg\" alt=\"\" width=\"300\" height=\"300\" srcset=\"https:\/\/elitenutritionmaroc.com\/wp-content\/uploads\/2026\/01\/Hydrowhey-1-300x300.jpg 300w, https:\/\/elitenutritionmaroc.com\/wp-content\/uploads\/2026\/01\/Hydrowhey-1-800x800.jpg 800w, https:\/\/elitenutritionmaroc.com\/wp-content\/uploads\/2026\/01\/Hydrowhey-1-150x150.jpg 150w, https:\/\/elitenutritionmaroc.com\/wp-content\/uploads\/2026\/01\/Hydrowhey-1-768x768.jpg 768w, https:\/\/elitenutritionmaroc.com\/wp-content\/uploads\/2026\/01\/Hydrowhey-1-860x860.jpg 860w, https:\/\/elitenutritionmaroc.com\/wp-content\/uploads\/2026\/01\/Hydrowhey-1-430x430.jpg 430w, https:\/\/elitenutritionmaroc.com\/wp-content\/uploads\/2026\/01\/Hydrowhey-1-700x700.jpg 700w, https:\/\/elitenutritionmaroc.com\/wp-content\/uploads\/2026\/01\/Hydrowhey-1.jpg 1200w\" sizes=\"(max-width: 300px) 100vw, 300px\" \/><\/p>\n<p>\ud83d\udd25 \u0644\u0645\u0627\u0630\u0627 \u062a\u062e\u062a\u0627\u0631 Platinum HydroWhey\u061f<\/p>\n<p>\u0637\u0631\u064a\u0642\u0629 100\u066a \u0647\u064a\u062f\u0631\u0648\u0644\u064a\u0632 (\u0628\u0631\u0648\u062a\u064a\u0646 \u0645\u0635\u0644 \u0627\u0644\u0644\u0628\u0646 \u0627\u0644\u0645\u0639\u0632\u0648\u0644 \u0627\u0644\u0645\u0647\u062f\u0631\u062c)<\/p>\n<p>\u0627\u0645\u062a\u0635\u0627\u0635 \u0641\u0627\u0626\u0642 \u0627\u0644\u0633\u0631\u0639\u0629\u060c \u0645\u062b\u0627\u0644\u064a \u0628\u0639\u062f \u0627\u0644\u062a\u0645\u0631\u064a\u0646<\/p>\n<p>\u062d\u0648\u0627\u0644\u064a 30 \u063a\u0631\u0627\u0645 \u0645\u0646 \u0627\u0644\u0628\u0631\u0648\u062a\u064a\u0646\u0627\u062a \u0644\u0643\u0644 \u062d\u0635\u0629<\/p>\n<p>\u063a\u0646\u064a \u0628\u0627\u0644\u0628\u0631\u0648\u062a\u064a\u0646 \u0644\u062f\u0639\u0645 \u0646\u0645\u0648 \u0627\u0644\u0639\u0636\u0644\u0627\u062a<\/p>\n<p>\u0645\u0646\u062e\u0641\u0636\u0629 \u0641\u064a \u0627\u0644\u0644\u0627\u0643\u062a\u0648\u0632 \u0648\u0627\u0644\u0633\u0643\u0631\u064a\u0627\u062a \u0648\u0627\u0644\u062f\u0647\u0648\u0646<\/p>\n<p>\u0645\u0646\u0627\u0633\u0628 \u062a\u0645\u0627\u0645\u064b\u0627 \u0644\u0645\u0631\u0627\u062d\u0644 \u0627\u0644\u062c\u0641\u0627\u0641\u060c \u0623\u0648 \u0627\u0644\u0627\u0633\u062a\u0634\u0641\u0627\u0621 \u0627\u0644\u0645\u0643\u062b\u0641\u060c \u0623\u0648 \u0627\u0644\u062a\u062f\u0631\u064a\u0628\u0627\u062a \u0627\u0644\u0634\u0627\u0642\u0629.<\/p>\n<p>\u064a\u0648\u0635\u0649 \u0628\u0627\u0633\u062a\u062e\u062f\u0627\u0645 \u0628\u0644\u0627\u062a\u064a\u0646\u064a\u0648\u0645 \u0647\u0627\u064a\u062f\u0631\u0648 \u0648\u0627\u064a \u0628\u0634\u0643\u0644 \u062e\u0627\u0635 \u0644\u0644\u0631\u064a\u0627\u0636\u064a\u064a\u0646 \u0627\u0644\u0630\u064a\u0646 \u064a\u0639\u0627\u0646\u0648\u0646 \u0645\u0646 \u062d\u0633\u0627\u0633\u064a\u0629 \u0641\u064a \u0627\u0644\u062c\u0647\u0627\u0632 \u0627\u0644\u0647\u0636\u0645\u064a \u0623\u0648 \u0627\u0644\u0630\u064a\u0646 \u064a\u0631\u063a\u0628\u0648\u0646 \u0641\u064a \u0627\u0644\u062d\u0635\u0648\u0644 \u0639\u0644\u0649 \u0628\u0631\u0648\u062a\u064a\u0646 \u0633\u0647\u0644 \u0627\u0644\u0647\u0636\u0645 \u0648\u0644\u0627 \u064a\u0633\u0628\u0628 \u062b\u0642\u0644\u0627\u064b \u0641\u064a \u0627\u0644\u0645\u0639\u062f\u0629.<\/p>\n<p>\ud83d\udcaa \u0627\u0644\u0641\u0648\u0627\u0626\u062f \u0627\u0644\u0631\u0626\u064a\u0633\u064a\u0629<\/p>\n<p>\u064a\u0639\u0632\u0632 \u0627\u0644\u062a\u0639\u0627\u0641\u064a \u0627\u0644\u0633\u0631\u064a\u0639 \u0644\u0644\u0639\u0636\u0644\u0627\u062a<\/p>\n<p>\u064a\u062f\u0639\u0645 \u0646\u0645\u0648 \u0627\u0644\u0639\u0636\u0644\u0627\u062a \u0648\u0627\u0644\u062d\u0641\u0627\u0638 \u0639\u0644\u0649 \u0643\u062a\u0644\u062a\u0647\u0627<\/p>\n<p>\u064a\u062d\u062f \u0645\u0646 \u062a\u0642\u0648\u064a\u0636 \u0627\u0644\u0639\u0636\u0644\u0627\u062a \u0628\u0639\u062f \u0627\u0644\u062a\u0645\u0631\u064a\u0646<\/p>\n<p>\u064a\u0648\u0641\u0631 \u0628\u0631\u0648\u062a\u064a\u0646\u0627\u062a \u0630\u0627\u062a \u062c\u0648\u062f\u0629 \u0627\u062d\u062a\u0631\u0627\u0641\u064a\u0629<\/p>\n<p>\u0645\u062b\u0627\u0644\u064a\u0629 \u0644\u0644\u0631\u064a\u0627\u0636\u064a\u064a\u0646 \u0627\u0644\u0645\u062d\u062a\u0631\u0641\u064a\u0646 \u0648\u0627\u0644\u0645\u0645\u0627\u0631\u0633\u064a\u0646 \u0627\u0644\u0645\u0646\u062a\u0638\u0645\u064a\u0646<\/p>\n<p>\ud83d\udd52 \u0645\u062a\u0649 \u064a\u062c\u0628 \u0627\u0633\u062a\u062e\u062f\u0627\u0645 \u0628\u0644\u0627\u062a\u064a\u0646\u064a\u0648\u0645 \u0647\u064a\u062f\u0631\u0648\u0648\u064a\u061f<\/p>\n<p>\u0628\u0639\u062f \u0627\u0644\u062a\u0645\u0631\u064a\u0646: \u0627\u0644\u0648\u0642\u062a \u0627\u0644\u0645\u062b\u0627\u0644\u064a \u0644\u0627\u0645\u062a\u0635\u0627\u0635 \u0641\u0648\u0631\u064a<\/p>\n<p>\u0641\u064a \u0627\u0644\u0635\u0628\u0627\u062d: \u0644\u0648\u0642\u0641 \u0639\u0645\u0644\u064a\u0629 \u0627\u0644\u062a\u0645\u062b\u064a\u0644 \u0627\u0644\u063a\u0630\u0627\u0626\u064a \u0627\u0644\u0644\u064a\u0644\u064a<\/p>\n<p>\u0642\u0628\u0644 \u0627\u0644\u062a\u062f\u0631\u064a\u0628: \u0644\u062a\u0648\u0641\u064a\u0631 \u0627\u0644\u0623\u062d\u0645\u0627\u0636 \u0627\u0644\u0623\u0645\u064a\u0646\u064a\u0629 \u0627\u0644\u0645\u062a\u0627\u062d\u0629 \u0628\u0633\u0631\u0639\u0629<\/p>\n<p>(\u0642\u062f \u062a\u062e\u062a\u0644\u0641 \u0627\u0644\u0642\u064a\u0645 \u0642\u0644\u064a\u0644\u0627\u064b \u062d\u0633\u0628 \u0627\u0644\u0646\u0643\u0647\u0629)<\/p>\n<p>\ud83e\uddfe \u0627\u0644\u0645\u0643\u0648\u0646\u0627\u062a \u0627\u0644\u0631\u0626\u064a\u0633\u064a\u0629<\/p>\n<p>\u0639\u0632\u0644 \u0628\u0631\u0648\u062a\u064a\u0646\u0627\u062a \u0648\u0627\u0649 \u0647\u064a\u062f\u0631\u0648\u0644\u064a\u0632\u064a\u062f<\/p>\n<p>BCAA (\u0644-\u0644\u064a\u0648\u0633\u064a\u0646\u060c \u0644-\u0625\u064a\u0633\u0648\u0644\u0648\u0633\u064a\u0646\u060c \u0644-\u0641\u0627\u0644\u064a\u0646)<\/p>\n<p>\u0627\u0644\u0646\u0643\u0647\u0627\u062a \u0648\u0627\u0644\u0645\u0633\u062a\u062d\u0644\u0628\u0627\u062a<\/p>\n<p>\u0627\u0644\u0645\u062d\u0644\u064a\u0627\u062a (\u062d\u0633\u0628 \u0627\u0644\u0646\u0643\u0647\u0629)<\/p>\n<p>\u0646\u0635\u0627\u0626\u062d \u0644\u0644\u0627\u0633\u062a\u062e\u062f\u0627\u0645<\/p>\n<p class=\" translation-block\">\u0627\u0645\u0632\u062c \u062c\u0631\u0639\u0629 \u0648\u0627\u062d\u062f\u0629 (\u062d\u0648\u0627\u0644\u064a 40 \u063a\u0631\u0627\u0645) \u0645\u0639 350-450 \u0645\u0644 \u0645\u0646 \u0627\u0644\u0645\u0627\u0621 \u0627\u0644\u0628\u0627\u0631\u062f.\n\u062a\u0646\u0627\u0648\u0644\u0647 \u0645\u0628\u0627\u0634\u0631\u0629 \u0628\u0639\u062f \u0627\u0644\u062a\u0645\u0631\u064a\u0646 \u0623\u0648 \u062d\u0633\u0628 \u0627\u062d\u062a\u064a\u0627\u062c\u0627\u062a\u0643 \u0627\u0644\u064a\u0648\u0645\u064a\u0629 \u0645\u0646 \u0627\u0644\u0628\u0631\u0648\u062a\u064a\u0646.<\/p>\n<p>\u2139\ufe0f \u0645\u0639\u0644\u0648\u0645\u0627\u062a \u0639\u0646 \u0627\u0644\u0645\u0646\u062a\u062c<\/p>\n<p class=\" translation-block\">\u0627\u0644\u0639\u0644\u0627\u0645\u0629 \u0627\u0644\u062a\u062c\u0627\u0631\u064a\u0629: \u0623\u0648\u0628\u062a\u064a\u0645\u0648\u0645 \u0646\u0648\u062a\u0631\u064a\u0634\u0646<\/p>\n<p>\u0627\u0644\u0646\u0648\u0639: \u0637\u0631\u064a\u0642\u0629 \u0627\u0644\u062a\u062d\u0644\u0644 \u0627\u0644\u0645\u0627\u0626\u064a (\u0647\u064a\u062f\u0631\u0648 \u0648\u0627\u064a)<\/p>\n<p>\u0627\u0644\u062c\u0648\u062f\u0629: \u0645\u0645\u062a\u0627\u0632\u0629 \/ \u0627\u062d\u062a\u0631\u0627\u0641\u064a\u0629<\/p>\n<p class=\" translation-block\"><strong data-start=\"\u201d3028\u201c\" data-end=\"\u201d3039\u201c\">\u0627\u0644\u0645\u0646\u0634\u0623<\/strong>: \u0627\u0644\u0648\u0644\u0627\u064a\u0627\u062a \u0627\u0644\u0645\u062a\u062d\u062f\u0629 \u0627\u0644\u0623\u0645\u0631\u064a\u0643\u064a\u0629<\/p>\n<p>\u0627\u0644\u062c\u0645\u0647\u0648\u0631: \u0643\u0645\u0627\u0644 \u0627\u0644\u0623\u062c\u0633\u0627\u0645\u060c \u0627\u0644\u0644\u064a\u0627\u0642\u0629 \u0627\u0644\u0628\u062f\u0646\u064a\u0629\u060c \u0627\u0644\u0631\u064a\u0627\u0636\u0627\u062a \u0627\u0644\u0645\u0643\u062b\u0641\u0629<\/p>\n<p><img decoding=\"async\" class=\"alignnone size-medium wp-image-19240\" src=\"https:\/\/elitenutritionmaroc.com\/wp-content\/uploads\/2026\/01\/HydroWhey-300x300.jpeg\" alt=\"\" width=\"300\" height=\"300\" srcset=\"https:\/\/elitenutritionmaroc.com\/wp-content\/uploads\/2026\/01\/HydroWhey-300x300.jpeg 300w, https:\/\/elitenutritionmaroc.com\/wp-content\/uploads\/2026\/01\/HydroWhey-150x150.jpeg 150w, https:\/\/elitenutritionmaroc.com\/wp-content\/uploads\/2026\/01\/HydroWhey-430x430.jpeg 430w, https:\/\/elitenutritionmaroc.com\/wp-content\/uploads\/2026\/01\/HydroWhey-700x700.jpeg 700w, https:\/\/elitenutritionmaroc.com\/wp-content\/uploads\/2026\/01\/HydroWhey.jpeg 710w\" sizes=\"(max-width: 300px) 100vw, 300px\" \/><\/p>\n<p>\u2705 \u062e\u0627\u062a\u0645\u0629<\/p>\n<p>\u0623\u0648\u0628\u062a\u064a\u0645\u0648\u0645 \u0646\u0648\u062a\u0631\u064a\u0634\u0646 \u0628\u0644\u0627\u062a\u064a\u0646\u064a\u0648\u0645 \u0647\u064a\u062f\u0631\u0648\u0648\u064a \u0647\u0648 \u0645\u0646\u062a\u062c \u0645\u0631\u062c\u0639\u064a \u0641\u064a \u0645\u062c\u0627\u0644 \u0628\u0631\u0648\u062a\u064a\u0646 \u0645\u0635\u0644 \u0627\u0644\u0644\u0628\u0646 \u0627\u0644\u0645\u0647\u062f\u0631\u062c \u0639\u0627\u0644\u064a \u0627\u0644\u062c\u0648\u062f\u0629. \u0648\u0647\u0648 \u0645\u062e\u0635\u0635 \u0644\u0644\u0631\u064a\u0627\u0636\u064a\u064a\u0646 \u0627\u0644\u0628\u0627\u062d\u062b\u064a\u0646 \u0639\u0646 \u0628\u0631\u0648\u062a\u064a\u0646 \u0633\u0631\u064a\u0639 \u0648\u0646\u0642\u064a \u0648\u0641\u0639\u0627\u0644\u060c \u0648\u0645\u0646\u0627\u0633\u0628 \u062a\u0645\u0627\u0645\u064b\u0627 \u0644\u0644\u062a\u062f\u0631\u064a\u0628\u0627\u062a \u0627\u0644\u0645\u0643\u062b\u0641\u0629 \u0648\u0627\u0644\u0623\u0647\u062f\u0627\u0641 \u0627\u0644\u0645\u062a\u0642\u062f\u0645\u0629 \u0641\u064a \u0645\u062c\u0627\u0644 \u0627\u0644\u0623\u062f\u0627\u0621.<\/p>","protected":false},"excerpt":{"rendered":"<p>Optimum Nutrition Platinum HydroWhey \u2013 Whey Hydrolys\u00e9e Ultra Rapide Platinum HydroWhey d\u2019Optimum Nutrition est une whey hydrolys\u00e9e de nouvelle g\u00e9n\u00e9ration,<\/p>","protected":false},"featured_media":19237,"comment_status":"open","ping_status":"closed","template":"","meta":[],"product_brand":[239],"product_cat":[485],"product_tag":[305,300,301,303,304,302],"class_list":{"0":"post-19234","1":"product","2":"type-product","3":"status-publish","4":"has-post-thumbnail","6":"product_brand-optimum-nutrition","7":"product_cat-proteines","8":"product_tag-gold-standard","9":"product_tag-hydro","10":"product_tag-hydro-whey","11":"product_tag-on","12":"product_tag-optimum-nutrition","13":"product_tag-whey","15":"first","16":"instock","17":"shipping-taxable","18":"purchasable","19":"product-type-variable"},"_links":{"self":[{"href":"https:\/\/elitenutritionmaroc.com\/ar\/wp-json\/wp\/v2\/product\/19234","targetHints":{"allow":["GET"]}}],"collection":[{"href":"https:\/\/elitenutritionmaroc.com\/ar\/wp-json\/wp\/v2\/product"}],"about":[{"href":"https:\/\/elitenutritionmaroc.com\/ar\/wp-json\/wp\/v2\/types\/product"}],"replies":[{"embeddable":true,"href":"https:\/\/elitenutritionmaroc.com\/ar\/wp-json\/wp\/v2\/comments?post=19234"}],"version-history":[{"count":0,"href":"https:\/\/elitenutritionmaroc.com\/ar\/wp-json\/wp\/v2\/product\/19234\/revisions"}],"wp:featuredmedia":[{"embeddable":true,"href":"https:\/\/elitenutritionmaroc.com\/ar\/wp-json\/wp\/v2\/media\/19237"}],"wp:attachment":[{"href":"https:\/\/elitenutritionmaroc.com\/ar\/wp-json\/wp\/v2\/media?parent=19234"}],"wp:term":[{"taxonomy":"product_brand","embeddable":true,"href":"https:\/\/elitenutritionmaroc.com\/ar\/wp-json\/wp\/v2\/product_brand?post=19234"},{"taxonomy":"product_cat","embeddable":true,"href":"https:\/\/elitenutritionmaroc.com\/ar\/wp-json\/wp\/v2\/product_cat?post=19234"},{"taxonomy":"product_tag","embeddable":true,"href":"https:\/\/elitenutritionmaroc.com\/ar\/wp-json\/wp\/v2\/product_tag?post=19234"}],"curies":[{"name":"wp","href":"https:\/\/api.w.org\/{rel}","templated":true}]}}