{"id":17403,"date":"2025-12-01T12:59:25","date_gmt":"2025-12-01T11:59:25","guid":{"rendered":"https:\/\/elitenutritionmaroc.com\/?post_type=product&#038;p=17403"},"modified":"2026-03-26T11:00:09","modified_gmt":"2026-03-26T10:00:09","slug":"vitamine-c-vegan-veera-sante-1000mg","status":"publish","type":"product","link":"https:\/\/elitenutritionmaroc.com\/ar\/product\/vitamine-c-vegan-veera-sante-1000mg\/","title":{"rendered":"\u0641\u064a\u062a\u0627\u0645\u064a\u0646 C \u0646\u0628\u0627\u062a\u064a \u0641\u064a\u0631\u0627 \u0633\u0627\u0646\u062a\u064a\u0647 1000 \u0645\u0644\u063a"},"content":{"rendered":"<h3 data-start=\"1110\" data-end=\"1176\">\ud83c\udf4a \u0641\u064a\u062a\u0627\u0645\u064a\u0646 \u0633\u064a \u0646\u0628\u0627\u062a\u064a 1000 \u0645\u0644\u063a \u2013 \u0627\u0644\u0645\u0646\u0627\u0639\u0629 \u0648\u0627\u0644\u062d\u064a\u0648\u064a\u0629 \u0627\u0644\u064a\u0648\u0645\u064a\u0629<\/h3>\n<p data-start=\"1178\" data-end=\"1438\" class=\" translation-block\"><strong data-start=\"1181\" data-end=\"1209\">\u0641\u064a\u062a\u0627\u0645\u064a\u0646 \u0633\u064a \u0641\u064a\u063a\u0627\u0646 1000 \u0645\u0644\u063a<\/strong> \u0645\u0646 <strong data-start=\"1213\" data-end=\"1228\"> \u0641\u064a\u0631\u0627 \u0633\u0627\u0646\u062a\u064a \u0647\u0648 \u0645\u0643\u0645\u0644 \u063a\u0630\u0627\u0626\u064a \u0645\u0646 <strong data-start=\"1262\" data-end=\"1279\">\u0639\u0627\u0644\u064a\u0629 \u0627\u0644\u062c\u0648\u062f\u0629<\/strong>\u060c \u0645\u0635\u0645\u0645 \u062e\u0635\u064a\u0635\u064b\u0627 \u0644\u062f\u0639\u0645 <strong data-start=\"1319\" data-end=\"1342\">\u0627\u0644\u062c\u0647\u0627\u0632 \u0627\u0644\u0645\u0646\u0627\u0639\u064a<\/strong>\u060c \u0648\u0645\u062d\u0627\u0631\u0628\u0629 <strong data-start=\"1361\" data-end=\"1372\">\u0627\u0644\u062a\u0639\u0628<\/strong> \u0648\u062d\u0645\u0627\u064a\u0629 \u0627\u0644\u062c\u0633\u0645 \u0628\u0641\u0636\u0644 \u0642\u0648\u062a\u0647 \u0627\u0644\u0645\u0636\u0627\u062f\u0629 \u0644\u0644\u0623\u0643\u0633\u062f\u0629 \u0627\u0644\u0642\u0648\u064a\u0629.<\/p>\n<p data-start=\"1440\" data-end=\"1644\" class=\" translation-block\">\u062a\u0631\u0643\u064a\u0628\u062a\u0647\u0627 <strong data-start=\"1451\" data-end=\"1466\"> 100% \u0646\u0628\u0627\u062a\u064a<\/strong>\u060c \u0628\u062f\u0648\u0646 \u0645\u0643\u0648\u0646\u0627\u062a \u0645\u0646 \u0623\u0635\u0644 \u062d\u064a\u0648\u0627\u0646\u064a\u060c \u064a\u0646\u0627\u0633\u0628 \u062a\u0645\u0627\u0645\u064b\u0627 <strong data-start=\"1530\" data-end=\"1542\">\u0627\u0644\u0631\u064a\u0627\u0636\u064a\u064a\u0646<\/strong>\u060c \u0648\u0627\u0644\u0623\u0634\u062e\u0627\u0635 \u0627\u0644\u0646\u0634\u0637\u064a\u0646 \u0648\u0623\u064a \u0634\u062e\u0635 \u064a\u0631\u063a\u0628 \u0641\u064a \u062a\u0639\u0632\u064a\u0632 \u062f\u0641\u0627\u0639\u0627\u062a\u0647 \u0627\u0644\u0637\u0628\u064a\u0639\u064a\u0629 \u064a\u0648\u0645\u064a\u064b\u0627.<\/p>\n<p data-start=\"1646\" data-end=\"1757\" class=\" translation-block\">\u0645\u062a\u0648\u0641\u0631 \u0644\u062f\u0649 <strong data-start=\"1662\" data-end=\"1687\"> Elite Nutrition Maroc<\/strong>\u060c \u0627\u0644\u0645\u062a\u062e\u0635\u0635 \u0641\u064a \u0627\u0644\u0645\u0643\u0645\u0644\u0627\u062a \u0627\u0644\u063a\u0630\u0627\u0626\u064a\u0629 \u0648\u0627\u0644\u062a\u063a\u0630\u064a\u0629 \u0627\u0644\u0631\u064a\u0627\u0636\u064a\u0629.<\/p>\n<p data-start=\"1646\" data-end=\"1757\"><img fetchpriority=\"high\" decoding=\"async\" class=\"alignnone size-medium wp-image-19693\" src=\"https:\/\/elitenutritionmaroc.com\/wp-content\/uploads\/2025\/12\/Vitamine-C-Vegan-1000-mg-3-300x300.webp\" alt=\"\" width=\"300\" height=\"300\" srcset=\"https:\/\/elitenutritionmaroc.com\/wp-content\/uploads\/2025\/12\/Vitamine-C-Vegan-1000-mg-3-300x300.webp 300w, https:\/\/elitenutritionmaroc.com\/wp-content\/uploads\/2025\/12\/Vitamine-C-Vegan-1000-mg-3-800x800.webp 800w, https:\/\/elitenutritionmaroc.com\/wp-content\/uploads\/2025\/12\/Vitamine-C-Vegan-1000-mg-3-150x150.webp 150w, https:\/\/elitenutritionmaroc.com\/wp-content\/uploads\/2025\/12\/Vitamine-C-Vegan-1000-mg-3-768x768.webp 768w, https:\/\/elitenutritionmaroc.com\/wp-content\/uploads\/2025\/12\/Vitamine-C-Vegan-1000-mg-3-1536x1536.webp 1536w, https:\/\/elitenutritionmaroc.com\/wp-content\/uploads\/2025\/12\/Vitamine-C-Vegan-1000-mg-3-860x860.webp 860w, https:\/\/elitenutritionmaroc.com\/wp-content\/uploads\/2025\/12\/Vitamine-C-Vegan-1000-mg-3-430x430.webp 430w, https:\/\/elitenutritionmaroc.com\/wp-content\/uploads\/2025\/12\/Vitamine-C-Vegan-1000-mg-3-700x700.webp 700w, https:\/\/elitenutritionmaroc.com\/wp-content\/uploads\/2025\/12\/Vitamine-C-Vegan-1000-mg-3.webp 1800w\" sizes=\"(max-width: 300px) 100vw, 300px\" \/><\/p>\n<h3 data-start=\"1764\" data-end=\"1784\">\u2705 \u0627\u0644\u0641\u0648\u0627\u0626\u062f \u0627\u0644\u0631\u0626\u064a\u0633\u064a\u0629<\/h3>\n<ul data-start=\"1786\" data-end=\"2074\">\n<li data-start=\"1786\" data-end=\"1829\">\n<p data-start=\"1788\" data-end=\"1829\" class=\" translation-block\">\ud83d\udee1\ufe0f \u0639\u0632\u0632 \u0627\u0644<strong data-start=\"1804\" data-end=\"1827\"> \u0627\u0644\u062c\u0647\u0627\u0632 \u0627\u0644\u0645\u0646\u0627\u0639\u064a<\/p>\n<\/li>\n<li data-start=\"1830\" data-end=\"1878\">\n<p data-start=\"1832\" data-end=\"1878\" class=\" translation-block\">\u26a1 \u064a\u0633\u0627\u0647\u0645 \u0641\u064a <strong data-start=\"1849\" data-end=\"1876\"> \u062a\u0642\u0644\u064a\u0644 \u0627\u0644\u062a\u0639\u0628<\/p>\n<\/li>\n<li data-start=\"1879\" data-end=\"1936\">\n<p data-start=\"1881\" data-end=\"1936\" class=\" translation-block\">\ud83e\uddec \u0642\u0648\u064a <strong data-start=\"1893\" data-end=\"1908\"> \u0645\u0636\u0627\u062f \u0644\u0644\u0623\u0643\u0633\u062f\u0629 \u0636\u062f \u0627\u0644\u0625\u062c\u0647\u0627\u062f \u0627\u0644\u062a\u0623\u0643\u0633\u062f\u064a<\/p>\n<\/li>\n<li data-start=\"1937\" data-end=\"1983\">\n<p data-start=\"1939\" data-end=\"1983\">\ud83d\udcaa \u064a\u062f\u0639\u0645 \u0627\u0644\u062a\u0639\u0627\u0641\u064a \u0648\u0627\u0644\u062d\u064a\u0648\u064a\u0629<\/p>\n<\/li>\n<li data-start=\"1984\" data-end=\"2014\">\n<p data-start=\"1986\" data-end=\"2014\" class=\" translation-block\">\ud83c\udf31 \u062a\u0631\u0643\u064a\u0628\u0629 <strong data-start=\"1997\" data-end=\"2012\"> 100% \u0646\u0628\u0627\u062a\u064a<\/p>\n<\/li>\n<li data-start=\"2015\" data-end=\"2074\">\n<p data-start=\"2017\" data-end=\"2074\">\ud83c\uddea\ud83c\uddfa \u0627\u0644\u062c\u0648\u062f\u0629 \u062a\u062d\u062a \u0627\u0644\u0633\u064a\u0637\u0631\u0629\u060c \u0648\u0641\u0642\u064b\u0627 \u0644\u0644\u0645\u0639\u0627\u064a\u064a\u0631 \u0627\u0644\u0623\u0648\u0631\u0648\u0628\u064a\u0629 \u062c\u0648\u062f\u0629 \u062e\u0627\u0636\u0639\u0629 \u0644\u0644\u0631\u0642\u0627\u0628\u0629\u060c \u0645\u0637\u0627\u0628\u0642\u0629 \u0644\u0644\u0645\u0639\u0627\u064a\u064a\u0631 \u0627\u0644\u0623\u0648\u0631\u0648\u0628\u064a\u0629<\/p>\n<\/li>\n<\/ul>\n<p><img decoding=\"async\" class=\"alignnone size-medium wp-image-19695\" src=\"https:\/\/elitenutritionmaroc.com\/wp-content\/uploads\/2025\/12\/Vitamine-C-Vegan-1000-mg-1-300x300.webp\" alt=\"\" width=\"300\" height=\"300\" srcset=\"https:\/\/elitenutritionmaroc.com\/wp-content\/uploads\/2025\/12\/Vitamine-C-Vegan-1000-mg-1-300x300.webp 300w, https:\/\/elitenutritionmaroc.com\/wp-content\/uploads\/2025\/12\/Vitamine-C-Vegan-1000-mg-1-800x800.webp 800w, https:\/\/elitenutritionmaroc.com\/wp-content\/uploads\/2025\/12\/Vitamine-C-Vegan-1000-mg-1-150x150.webp 150w, https:\/\/elitenutritionmaroc.com\/wp-content\/uploads\/2025\/12\/Vitamine-C-Vegan-1000-mg-1-768x768.webp 768w, https:\/\/elitenutritionmaroc.com\/wp-content\/uploads\/2025\/12\/Vitamine-C-Vegan-1000-mg-1-860x860.webp 860w, https:\/\/elitenutritionmaroc.com\/wp-content\/uploads\/2025\/12\/Vitamine-C-Vegan-1000-mg-1-430x430.webp 430w, https:\/\/elitenutritionmaroc.com\/wp-content\/uploads\/2025\/12\/Vitamine-C-Vegan-1000-mg-1-700x700.webp 700w, https:\/\/elitenutritionmaroc.com\/wp-content\/uploads\/2025\/12\/Vitamine-C-Vegan-1000-mg-1.webp 1440w\" sizes=\"(max-width: 300px) 100vw, 300px\" \/><\/p>\n<h3 data-start=\"2081\" data-end=\"2128\">\ud83e\uddec \u0644\u0645\u0627\u0630\u0627 \u062a\u0639\u062a\u0628\u0631 \u0641\u064a\u062a\u0627\u0645\u064a\u0646 \u0633\u064a \u0636\u0631\u0648\u0631\u064a\u0629\u061f<\/h3>\n<p data-start=\"2130\" data-end=\"2167\">\u062a\u0644\u0639\u0628 \u0641\u064a\u062a\u0627\u0645\u064a\u0646 \u0633\u064a \u062f\u0648\u0631\u064b\u0627 \u0631\u0626\u064a\u0633\u064a\u064b\u0627 \u0641\u064a:<\/p>\n<ul data-start=\"2168\" data-end=\"2338\">\n<li data-start=\"2168\" data-end=\"2199\">\n<p data-start=\"2170\" data-end=\"2199\" class=\" translation-block\">\u0627\u0644\u062f\u0641\u0627\u0639 \u0627\u0644\u0645\u0646\u0627\u0639\u064a \u0627\u0644\u062f\u0641\u0627\u0639 \u0627\u0644\u0645\u0646\u0627\u0639\u064a<\/strong>,<\/p>\n<\/li>\n<li data-start=\"2200\" data-end=\"2256\">\n<p data-start=\"2202\" data-end=\"2256\" class=\" translation-block\">\u062a\u0643\u0648\u064a\u0646 \u0627\u0644\u0643\u0648\u0644\u0627\u062c\u064a\u0646 \u062a\u0643\u0648\u064a\u0646 \u0627\u0644\u0643\u0648\u0644\u0627\u062c\u064a\u0646 (\u0627\u0644\u0628\u0634\u0631\u0629\u060c \u0627\u0644\u0645\u0641\u0627\u0635\u0644)\u060c<\/p>\n<\/li>\n<li data-start=\"2257\" data-end=\"2315\">\n<p data-start=\"2259\" data-end=\"2315\">\u062d\u0645\u0627\u064a\u0629 \u0627\u0644\u062e\u0644\u0627\u064a\u0627 \u0645\u0646 \u0627\u0644\u062c\u0630\u0648\u0631 \u0627\u0644\u062d\u0631\u0629\u060c<\/p>\n<\/li>\n<li data-start=\"2316\" data-end=\"2338\">\n<p data-start=\"2318\" data-end=\"2338\">\u0627\u0645\u062a\u0635\u0627\u0635 \u0627\u0644\u062d\u062f\u064a\u062f.<\/p>\n<\/li>\n<\/ul>\n<p data-start=\"2340\" data-end=\"2483\" class=\" translation-block\">\u064a\u064f\u0646\u0635\u062d \u0628\u062a\u0646\u0627\u0648\u0644 \u0627\u0644\u0645\u0643\u0645\u0644\u0627\u062a \u0628\u0634\u0643\u0644 \u062e\u0627\u0635 \u062e\u0644\u0627\u0644 \u0641\u062a\u0631\u0627\u062a <strong data-start=\"2407\" data-end=\"2417\">\u0627\u0644\u062a\u0648\u062a\u0631<\/strong>\u060c <strong data-start=\"2419\" data-end=\"2430\">\u0627\u0644\u0625\u0631\u0647\u0627\u0642<\/strong>\u060c <strong data-start=\"2432\" data-end=\"2457\">\u0627\u0644\u062a\u062f\u0631\u064a\u0628 \u0627\u0644\u0645\u0643\u062b\u0641<\/strong> \u0623\u0648 \u062a\u063a\u064a\u064a\u0631\u0627\u062a \u0641\u064a \u0627\u0644\u0645\u0648\u0633\u0645.<\/p>\n<p data-start=\"2340\" data-end=\"2483\"><img decoding=\"async\" class=\"alignnone size-medium wp-image-19694\" src=\"https:\/\/elitenutritionmaroc.com\/wp-content\/uploads\/2025\/12\/Vitamine-C-Vegan-1000-mg-4-300x300.webp\" alt=\"\" width=\"300\" height=\"300\" srcset=\"https:\/\/elitenutritionmaroc.com\/wp-content\/uploads\/2025\/12\/Vitamine-C-Vegan-1000-mg-4-300x300.webp 300w, https:\/\/elitenutritionmaroc.com\/wp-content\/uploads\/2025\/12\/Vitamine-C-Vegan-1000-mg-4-800x800.webp 800w, https:\/\/elitenutritionmaroc.com\/wp-content\/uploads\/2025\/12\/Vitamine-C-Vegan-1000-mg-4-150x150.webp 150w, https:\/\/elitenutritionmaroc.com\/wp-content\/uploads\/2025\/12\/Vitamine-C-Vegan-1000-mg-4-768x768.webp 768w, https:\/\/elitenutritionmaroc.com\/wp-content\/uploads\/2025\/12\/Vitamine-C-Vegan-1000-mg-4-860x860.webp 860w, https:\/\/elitenutritionmaroc.com\/wp-content\/uploads\/2025\/12\/Vitamine-C-Vegan-1000-mg-4-430x430.webp 430w, https:\/\/elitenutritionmaroc.com\/wp-content\/uploads\/2025\/12\/Vitamine-C-Vegan-1000-mg-4-700x700.webp 700w, https:\/\/elitenutritionmaroc.com\/wp-content\/uploads\/2025\/12\/Vitamine-C-Vegan-1000-mg-4.webp 1350w\" sizes=\"(max-width: 300px) 100vw, 300px\" \/><\/p>\n<h3 data-start=\"2490\" data-end=\"2519\">\ud83d\udd52 \u0646\u0635\u0627\u0626\u062d \u0627\u0644\u0627\u0633\u062a\u062e\u062f\u0627\u0645<\/h3>\n<ul data-start=\"2521\" data-end=\"2658\">\n<li data-start=\"2521\" data-end=\"2566\">\n<p data-start=\"2523\" data-end=\"2566\" class=\" translation-block\">\u0623\u062e\u0630 <strong> \u0642\u0631\u0635 \u0648\u0627\u062d\u062f \u0641\u064a \u0627\u0644\u064a\u0648\u0645 (1000 \u0645\u0644\u063a)<\/p>\n<\/li>\n<li data-start=\"2567\" data-end=\"2613\">\n<p data-start=\"2569\" data-end=\"2613\">\u064a\u0641\u0636\u0644 \u0641\u064a \u0627\u0644\u0635\u0628\u0627\u062d \u0645\u0639 \u0643\u0648\u0628 \u0645\u0646 \u0627\u0644\u0645\u0627\u0621<\/p>\n<\/li>\n<li data-start=\"2614\" data-end=\"2658\">\n<p data-start=\"2616\" data-end=\"2658\">\u064a\u0645\u0643\u0646 \u0627\u0633\u062a\u062e\u062f\u0627\u0645\u0647\u0627 \u0643\u0639\u0644\u0627\u062c \u0623\u0648 \u0628\u0634\u0643\u0644 \u0645\u0633\u062a\u0645\u0631<\/p>\n<\/li>\n<\/ul>\n<h3 data-start=\"2665\" data-end=\"2682\">\ud83c\udfaf \u0644\u0645\u0646\u061f<\/h3>\n<ul data-start=\"2684\" data-end=\"2843\">\n<li data-start=\"2684\" data-end=\"2732\">\n<p data-start=\"2686\" data-end=\"2732\">\u0623\u0634\u062e\u0627\u0635 \u064a\u0631\u063a\u0628\u0648\u0646 \u0641\u064a \u062a\u0639\u0632\u064a\u0632 \u0645\u0646\u0627\u0639\u062a\u0647\u0645<\/p>\n<\/li>\n<li data-start=\"2733\" data-end=\"2766\">\n<p data-start=\"2735\" data-end=\"2766\">\u0627\u0644\u0631\u064a\u0627\u0636\u064a\u0648\u0646 \u0648\u0627\u0644\u0623\u0634\u062e\u0627\u0635 \u0627\u0644\u0646\u0634\u0637\u0648\u0646<\/p>\n<\/li>\n<li data-start=\"2767\" data-end=\"2800\">\n<p data-start=\"2769\" data-end=\"2800\">\u0627\u0644\u062a\u0639\u0628\u060c \u0627\u0644\u062a\u0648\u062a\u0631\u060c \u0627\u0644\u062a\u0639\u0627\u0641\u064a<\/p>\n<\/li>\n<li data-start=\"2801\" data-end=\"2843\">\n<p data-start=\"2803\" data-end=\"2843\" class=\" translation-block\">\u0645\u0646\u0627\u0633\u0628 \u0644\u0644\u0646\u0628\u0627\u062a\u064a\u064a\u0646 \u0648\u0627\u0644\u0646\u0628\u0627\u062a\u064a\u064a\u0646 \u0627\u0644\u0645\u062a\u0634\u062f\u062f\u064a\u0646 \u0646\u0628\u0627\u062a\u064a\u064a\u0646 \u0648\u0646\u0628\u0627\u062a\u064a\u064a\u0646<\/p>\n<\/li>\n<\/ul>\n<h3 data-start=\"2850\" data-end=\"2868\">\u26a0\ufe0f \u0627\u062d\u062a\u064a\u0627\u0637\u0627\u062a<\/h3>\n<p data-start=\"2870\" data-end=\"3013\">\u0645\u0643\u0645\u0644 \u063a\u0630\u0627\u0626\u064a. \u0644\u0627 \u064a\u064f\u0639\u0648\u0636 \u0646\u0638\u0627\u0645\u064b\u0627 \u063a\u0630\u0627\u0626\u064a\u064b\u0627 \u0645\u062a\u0646\u0648\u0639\u064b\u0627 \u0648\u0645\u062a\u0648\u0627\u0632\u0646\u064b\u0627. \u0627\u062d\u062a\u0631\u0627\u0645 \u0627\u0644\u062c\u0631\u0639\u0629 \u0627\u0644\u0645\u0648\u0635\u0649 \u0628\u0647\u0627. \u0625\u0628\u0642\u0627\u0621 \u0628\u0639\u064a\u062f\u064b\u0627 \u0639\u0646 \u0645\u062a\u0646\u0627\u0648\u0644 \u0627\u0644\u0623\u0637\u0641\u0627\u0644.<\/p>","protected":false},"excerpt":{"rendered":"<p>\ud83c\udf4a VITAMINE C V\u00c9GAN 1000 MG \u2013 IMMUNIT\u00c9 &amp; VITALIT\u00c9 AU QUOTIDIEN La Vitamine C V\u00e9gan 1000 mg de Veera<\/p>","protected":false},"featured_media":19690,"comment_status":"open","ping_status":"closed","template":"","meta":[],"product_brand":[602],"product_cat":[486],"product_tag":[307],"class_list":{"0":"post-17403","1":"product","2":"type-product","3":"status-publish","4":"has-post-thumbnail","6":"product_brand-veera-sante","7":"product_cat-vitamines-et-mineraux","8":"product_tag-multivitamins","10":"first","11":"instock","12":"shipping-taxable","13":"purchasable","14":"product-type-simple"},"_links":{"self":[{"href":"https:\/\/elitenutritionmaroc.com\/ar\/wp-json\/wp\/v2\/product\/17403","targetHints":{"allow":["GET"]}}],"collection":[{"href":"https:\/\/elitenutritionmaroc.com\/ar\/wp-json\/wp\/v2\/product"}],"about":[{"href":"https:\/\/elitenutritionmaroc.com\/ar\/wp-json\/wp\/v2\/types\/product"}],"replies":[{"embeddable":true,"href":"https:\/\/elitenutritionmaroc.com\/ar\/wp-json\/wp\/v2\/comments?post=17403"}],"version-history":[{"count":1,"href":"https:\/\/elitenutritionmaroc.com\/ar\/wp-json\/wp\/v2\/product\/17403\/revisions"}],"predecessor-version":[{"id":20336,"href":"https:\/\/elitenutritionmaroc.com\/ar\/wp-json\/wp\/v2\/product\/17403\/revisions\/20336"}],"wp:featuredmedia":[{"embeddable":true,"href":"https:\/\/elitenutritionmaroc.com\/ar\/wp-json\/wp\/v2\/media\/19690"}],"wp:attachment":[{"href":"https:\/\/elitenutritionmaroc.com\/ar\/wp-json\/wp\/v2\/media?parent=17403"}],"wp:term":[{"taxonomy":"product_brand","embeddable":true,"href":"https:\/\/elitenutritionmaroc.com\/ar\/wp-json\/wp\/v2\/product_brand?post=17403"},{"taxonomy":"product_cat","embeddable":true,"href":"https:\/\/elitenutritionmaroc.com\/ar\/wp-json\/wp\/v2\/product_cat?post=17403"},{"taxonomy":"product_tag","embeddable":true,"href":"https:\/\/elitenutritionmaroc.com\/ar\/wp-json\/wp\/v2\/product_tag?post=17403"}],"curies":[{"name":"wp","href":"https:\/\/api.w.org\/{rel}","templated":true}]}}