{"id":17399,"date":"2025-12-01T12:47:38","date_gmt":"2025-12-01T11:47:38","guid":{"rendered":"https:\/\/elitenutritionmaroc.com\/?post_type=product&#038;p=17399"},"modified":"2026-01-22T06:04:21","modified_gmt":"2026-01-22T05:04:21","slug":"creatine-monohydrate-applied-nutrition-500g","status":"publish","type":"product","link":"https:\/\/elitenutritionmaroc.com\/ar\/product\/creatine-monohydrate-applied-nutrition-500g\/","title":{"rendered":"\u0643\u0631\u064a\u0627\u062a\u064a\u0646 \u0645\u0648\u0646\u0648\u0647\u064a\u062f\u0631\u0627\u062a \u0623\u0628\u0644\u064a\u062f \u0646\u064a\u0648\u062a\u0631\u0634\u0646 500 \u062c\u0631\u0627\u0645"},"content":{"rendered":"<h3 data-start=\"1064\" data-end=\"1126\">\u26a1 \u0627\u0644\u0643\u0631\u064a\u0627\u062a\u064a\u0646 \u0623\u062d\u0627\u062f\u064a \u0627\u0644\u0647\u064a\u062f\u0631\u0627\u062a \u2013 \u0623\u0642\u0635\u0649 \u0642\u0648\u0629 \u0648\u0623\u062f\u0627\u0621<\/h3>\n<p data-start=\"1128\" data-end=\"1339\" class=\" translation-block\"><strong data-start=\"\u201d1128\u201c\" data-end=\"\u201d1152\u201c\">\u0627\u0644\u0643\u0631\u064a\u0627\u062a\u064a\u0646 \u0623\u062d\u0627\u062f\u064a \u0627\u0644\u0647\u064a\u062f\u0631\u0627\u062a<\/strong> \u0645\u0646 <strong data-start=\"\u201d1156\u201c\" data-end=\"\u20191177\u2018\">Applied Nutrition<\/strong> \u0647\u0648 <strong data-start=\"\u201d1186\u201c\" data-end=\"\u201d1217\u201c\">\u0643\u0631\u064a\u0627\u062a\u064a\u0646 \u0646\u0642\u064a \u0648\u0645\u064a\u0643\u0631\u0648\u0646\u064a\u0632<\/strong>\u060c \u0645\u0635\u0645\u0645 \u0644\u062a\u062d\u0633\u064a\u0646 <strong data-start=\"\u20191244\u2018\" data-end=\"\u201d1253\u201c\">\u0627\u0644\u0642\u0648\u0629<\/strong>\u060c <strong data-start=\"\u201d1258\u201c\" data-end=\"\u201d1281\u201c\">\u0627\u0644\u0642\u0648\u0629 \u0627\u0644\u0627\u0646\u0641\u062c\u0627\u0631\u064a\u0629<\/strong> \u0648<strong data-start=\"\u20191288\u2018\" data-end=\"\u201d1338\u201c\">\u0627\u0644\u0623\u062f\u0627\u0621 \u0623\u062b\u0646\u0627\u0621 \u0627\u0644\u0645\u062c\u0647\u0648\u062f\u0627\u062a \u0627\u0644\u0634\u062f\u064a\u062f\u0629 \u0648\u0627\u0644\u0645\u062a\u0643\u0631\u0631\u0629<\/strong>.<\/p>\n<p data-start=\"1341\" data-end=\"1530\" class=\" translation-block\">\u0645\u062b\u0627\u0644\u064a \u0644\u0632\u064a\u0627\u062f\u0629 \u0627\u0644\u0643\u062a\u0644\u0629 \u0627\u0644\u0639\u0636\u0644\u064a\u0629 <strong data-start=\"\u201d1390\u201c\" data-end=\"\u201d1407\u201c\">\u0632\u064a\u0627\u062f\u0629 \u0627\u0644\u0642\u0648\u0629<\/strong> \u0648\u062a\u062d\u0633\u064a\u0646 \u0627\u0644\u0623\u062f\u0627\u0621 \u0627\u0644\u0631\u064a\u0627\u0636\u064a\u060c \u0643\u0645\u0627 \u064a\u062f\u0639\u0645 \u0647\u0630\u0627 \u0627\u0644\u0643\u0631\u064a\u0627\u062a\u064a\u0646 <strong data-start=\"\u20191502\u2018\" data-end=\"\u201d1529\u201c\">\u0627\u0646\u062a\u0639\u0627\u0634 \u0627\u0644\u0639\u0636\u0644\u0627\u062a<\/strong> \u0628\u0634\u0643\u0644 \u0623\u0641\u0636\u0644.<\/p>\n<p data-start=\"1341\" data-end=\"1530\"><img fetchpriority=\"high\" decoding=\"async\" class=\"alignnone size-medium wp-image-19645\" src=\"https:\/\/elitenutritionmaroc.com\/wp-content\/uploads\/2025\/12\/CREATINE-MONOHYDRATE-500G-APPLIED-NUTRITION-1-300x300.jpg\" alt=\"Creatine Monohydrate Applied Nutrition 500g \u2013 Force &amp; Performance\" width=\"300\" height=\"300\" srcset=\"https:\/\/elitenutritionmaroc.com\/wp-content\/uploads\/2025\/12\/CREATINE-MONOHYDRATE-500G-APPLIED-NUTRITION-1-300x300.jpg 300w, https:\/\/elitenutritionmaroc.com\/wp-content\/uploads\/2025\/12\/CREATINE-MONOHYDRATE-500G-APPLIED-NUTRITION-1-800x800.jpg 800w, https:\/\/elitenutritionmaroc.com\/wp-content\/uploads\/2025\/12\/CREATINE-MONOHYDRATE-500G-APPLIED-NUTRITION-1-150x150.jpg 150w, https:\/\/elitenutritionmaroc.com\/wp-content\/uploads\/2025\/12\/CREATINE-MONOHYDRATE-500G-APPLIED-NUTRITION-1-768x768.jpg 768w, https:\/\/elitenutritionmaroc.com\/wp-content\/uploads\/2025\/12\/CREATINE-MONOHYDRATE-500G-APPLIED-NUTRITION-1-860x860.jpg 860w, https:\/\/elitenutritionmaroc.com\/wp-content\/uploads\/2025\/12\/CREATINE-MONOHYDRATE-500G-APPLIED-NUTRITION-1-430x430.jpg 430w, https:\/\/elitenutritionmaroc.com\/wp-content\/uploads\/2025\/12\/CREATINE-MONOHYDRATE-500G-APPLIED-NUTRITION-1-700x700.jpg 700w, https:\/\/elitenutritionmaroc.com\/wp-content\/uploads\/2025\/12\/CREATINE-MONOHYDRATE-500G-APPLIED-NUTRITION-1.jpg 1500w\" sizes=\"(max-width: 300px) 100vw, 300px\" \/><\/p>\n<h3 data-start=\"1537\" data-end=\"1557\">\u2705 \u0627\u0644\u0641\u0648\u0627\u0626\u062f \u0627\u0644\u0631\u0626\u064a\u0633\u064a\u0629<\/h3>\n<ul data-start=\"1559\" data-end=\"1842\">\n<li data-start=\"1559\" data-end=\"1614\">\n<p data-start=\"1561\" data-end=\"1614\" class=\" translation-block\">\ud83d\udcaa \u0632\u0650\u062f \u0645\u0646 <strong data-start=\"1618\" data-end=\"1654\"> \u0627\u0644\u0642\u0648\u0629 \u0648\u0627\u0644\u0642\u062f\u0631\u0629 \u0627\u0644\u0639\u0636\u0644\u064a\u0629<\/p>\n<\/li>\n<li data-start=\"1615\" data-end=\"1680\">\n<p data-start=\"1617\" data-end=\"1680\">\u26a1 \u064a\u062d\u0633\u0646 \u0627\u0644\u0623\u062f\u0627\u0621 \u0623\u062b\u0646\u0627\u0621 \u0627\u0644\u0645\u062c\u0647\u0648\u062f\u0627\u062a \u0627\u0644\u0642\u0635\u064a\u0631\u0629 \u0648\u0627\u0644\u0645\u0643\u062b\u0641\u0629<\/p>\n<\/li>\n<li data-start=\"1681\" data-end=\"1727\">\n<p data-start=\"1683\" data-end=\"1727\" class=\" translation-block\">\ud83d\udd04 \u064a\u062f\u0639\u0645 <strong data-start=\"\u201d1698\u201c\" data-end=\"\u201d1725\u201c\">\u0627\u0633\u062a\u0639\u0627\u062f\u0629 \u0627\u0644\u0639\u0636\u0644\u0627\u062a<\/strong><\/p>\n<\/li>\n<li data-start=\"1728\" data-end=\"1766\">\n<p data-start=\"1730\" data-end=\"1766\" class=\" translation-block\">\ud83e\uddec \u0643\u0631\u064a\u0627\u062a\u064a\u0646 <strong data-start=\"\u201d1742\u201c\" data-end=\"\u201d1764\u201c\">\u0646\u0642\u064a \u0648\u0645\u064a\u0643\u0631\u0648\u0646\u064a\u0632<\/strong><\/p>\n<\/li>\n<li data-start=\"1767\" data-end=\"1808\">\n<p data-start=\"1769\" data-end=\"1808\">\ud83d\udeab \u0628\u062f\u0648\u0646 \u0633\u0643\u0631\u060c \u0628\u062f\u0648\u0646 \u0625\u0636\u0627\u0641\u0627\u062a \u063a\u064a\u0631 \u0636\u0631\u0648\u0631\u064a\u0629<\/p>\n<\/li>\n<li data-start=\"1809\" data-end=\"1842\">\n<p data-start=\"1811\" data-end=\"1842\">\ud83c\udfcb\ufe0f \u0645\u0646\u0627\u0633\u0628\u0629 \u0644\u062c\u0645\u064a\u0639 \u0627\u0644\u0631\u064a\u0627\u0636\u0627\u062a<\/p>\n<\/li>\n<\/ul>\n<p><img decoding=\"async\" class=\"alignnone size-medium wp-image-19644\" src=\"https:\/\/elitenutritionmaroc.com\/wp-content\/uploads\/2025\/12\/CREATINE-MONOHYDRATE-500G-APPLIED-NUTRITION-1-300x300.webp\" alt=\"Creatine Monohydrate Applied Nutrition 500g \u2013 Force &amp; Performance\" width=\"300\" height=\"300\" srcset=\"https:\/\/elitenutritionmaroc.com\/wp-content\/uploads\/2025\/12\/CREATINE-MONOHYDRATE-500G-APPLIED-NUTRITION-1-300x300.webp 300w, https:\/\/elitenutritionmaroc.com\/wp-content\/uploads\/2025\/12\/CREATINE-MONOHYDRATE-500G-APPLIED-NUTRITION-1-800x800.webp 800w, https:\/\/elitenutritionmaroc.com\/wp-content\/uploads\/2025\/12\/CREATINE-MONOHYDRATE-500G-APPLIED-NUTRITION-1-150x150.webp 150w, https:\/\/elitenutritionmaroc.com\/wp-content\/uploads\/2025\/12\/CREATINE-MONOHYDRATE-500G-APPLIED-NUTRITION-1-768x768.webp 768w, https:\/\/elitenutritionmaroc.com\/wp-content\/uploads\/2025\/12\/CREATINE-MONOHYDRATE-500G-APPLIED-NUTRITION-1-860x860.webp 860w, https:\/\/elitenutritionmaroc.com\/wp-content\/uploads\/2025\/12\/CREATINE-MONOHYDRATE-500G-APPLIED-NUTRITION-1-430x430.webp 430w, https:\/\/elitenutritionmaroc.com\/wp-content\/uploads\/2025\/12\/CREATINE-MONOHYDRATE-500G-APPLIED-NUTRITION-1-700x700.webp 700w, https:\/\/elitenutritionmaroc.com\/wp-content\/uploads\/2025\/12\/CREATINE-MONOHYDRATE-500G-APPLIED-NUTRITION-1.webp 1500w\" sizes=\"(max-width: 300px) 100vw, 300px\" \/><\/p>\n<h3 data-start=\"1849\" data-end=\"1881\">\ud83e\uddec \u062c\u0648\u062f\u0629 \u0627\u0644\u062a\u063a\u0630\u064a\u0629 \u0627\u0644\u062a\u0637\u0628\u064a\u0642\u064a\u0629<\/h3>\n<p data-start=\"1883\" data-end=\"2093\" class=\" translation-block\">\u062a\u0634\u062a\u0647\u0631 \u0634\u0631\u0643\u0629 Applied Nutrition \u0628\u0640 <strong data-start=\"\u201d1923\u201c\" data-end=\"\u201d1954\u201c\">\u0645\u0639\u0627\u064a\u064a\u0631 \u0627\u0644\u062c\u0648\u062f\u0629 \u0627\u0644\u0639\u0627\u0644\u064a\u0629<\/strong> \u0627\u0644\u062a\u064a \u062a\u062a\u0628\u0639\u0647\u0627. \u064a\u062a\u0645\u064a\u0632 \u0647\u0630\u0627 \u0627\u0644\u0643\u0631\u064a\u0627\u062a\u064a\u0646 \u0623\u062d\u0627\u062f\u064a \u0627\u0644\u0647\u064a\u062f\u0631\u0627\u062a \u0628\u0640 <strong data-start=\"\u201d1993\u201c\" data-end=\"\u201d2018\u201c\">\u0642\u0627\u0628\u0644\u064a\u0629 \u0630\u0648\u0628\u0627\u0646 \u0645\u0645\u062a\u0627\u0632\u0629<\/strong> \u0648<strong data-start=\"\u20192026\u2018\" data-end=\"\u201d2051\u201c\">\u0627\u0645\u062a\u0635\u0627\u0635 \u0645\u062b\u0627\u0644\u064a<\/strong>\u060c \u0645\u0645\u0627 \u064a\u062c\u0639\u0644\u0647 \u0645\u062b\u0627\u0644\u064a\u064b\u0627 \u0644\u0644\u0627\u0633\u062a\u062e\u062f\u0627\u0645 \u0627\u0644\u064a\u0648\u0645\u064a.<\/p>\n<h3 data-start=\"2100\" data-end=\"2129\">\ud83d\udd52 \u0646\u0635\u0627\u0626\u062d \u0627\u0644\u0627\u0633\u062a\u062e\u062f\u0627\u0645<\/h3>\n<ul data-start=\"2131\" data-end=\"2272\">\n<li data-start=\"2131\" data-end=\"2163\">\n<p data-start=\"2133\" data-end=\"2163\" class=\" translation-block\">\u0623\u062e\u0630 <strong> 3 \u0625\u0644\u0649 5 \u062c\u0631\u0627\u0645 \u0641\u064a \u0627\u0644\u064a\u0648\u0645<\/strong><\/p>\n<\/li>\n<li data-start=\"2164\" data-end=\"2213\">\n<p data-start=\"2166\" data-end=\"2213\" class=\" translation-block\">\u0623\u062e\u0630 <strong> 3 \u0625\u0644\u0649 5 \u062c\u0631\u0627\u0645 \u0641\u064a \u0627\u0644\u064a\u0648\u0645<\/strong><\/p>\n<\/li>\n<li data-start=\"2214\" data-end=\"2272\">\n<p data-start=\"2216\" data-end=\"2272\">\u064a\u0645\u0643\u0646 \u062a\u0646\u0627\u0648\u0644\u0647 \u0645\u0639 \u0627\u0644\u0645\u0627\u0621 \u0623\u0648 \u0645\u0634\u0631\u0648\u0628 \u0628\u0631\u0648\u062a\u064a\u0646\u064a<\/p>\n<\/li>\n<\/ul>\n<h3 data-start=\"2279\" data-end=\"2296\">\ud83c\udfaf \u0644\u0645\u0646\u061f<\/h3>\n<ul data-start=\"2298\" data-end=\"2453\">\n<li data-start=\"2298\" data-end=\"2329\">\n<p data-start=\"2300\" data-end=\"2329\">\u0643\u0645\u0627\u0644 \u0627\u0644\u0623\u062c\u0633\u0627\u0645 \u0648\u0628\u0646\u0627\u0621 \u0627\u0644\u0639\u0636\u0644\u0627\u062a<\/p>\n<\/li>\n<li data-start=\"2330\" data-end=\"2362\">\n<p data-start=\"2332\" data-end=\"2362\">\u0631\u064a\u0627\u0636\u0627\u062a \u0627\u0644\u0642\u0648\u0629 \u0648\u0627\u0644\u0627\u0646\u0641\u062c\u0627\u0631\u0627\u062a<\/p>\n<\/li>\n<li data-start=\"2363\" data-end=\"2414\">\n<p data-start=\"2365\" data-end=\"2414\">\u0632\u064a\u0627\u062f\u0629 \u0627\u0644\u0643\u062a\u0644\u0629 \u0648\u062a\u062d\u0633\u064a\u0646 \u0627\u0644\u0623\u062f\u0627\u0621<\/p>\n<\/li>\n<li data-start=\"2415\" data-end=\"2453\">\n<p data-start=\"2417\" data-end=\"2453\">\u0627\u0644\u0645\u0628\u062a\u062f\u0626\u0648\u0646 \u0648\u0627\u0644\u0631\u064a\u0627\u0636\u064a\u0648\u0646 \u0627\u0644\u0645\u062d\u062a\u0631\u0641\u0648\u0646<\/p>\n<\/li>\n<\/ul>\n<p><img decoding=\"async\" class=\"alignnone size-medium wp-image-19651\" src=\"https:\/\/elitenutritionmaroc.com\/wp-content\/uploads\/2025\/12\/AUC0634158780745_img4-300x300.webp\" alt=\"\" width=\"300\" height=\"300\" srcset=\"https:\/\/elitenutritionmaroc.com\/wp-content\/uploads\/2025\/12\/AUC0634158780745_img4-300x300.webp 300w, https:\/\/elitenutritionmaroc.com\/wp-content\/uploads\/2025\/12\/AUC0634158780745_img4-150x150.webp 150w, https:\/\/elitenutritionmaroc.com\/wp-content\/uploads\/2025\/12\/AUC0634158780745_img4-430x430.webp 430w, https:\/\/elitenutritionmaroc.com\/wp-content\/uploads\/2025\/12\/AUC0634158780745_img4.webp 700w\" sizes=\"(max-width: 300px) 100vw, 300px\" \/><\/p>\n<h3 data-start=\"2460\" data-end=\"2478\">\u26a0\ufe0f \u0627\u062d\u062a\u064a\u0627\u0637\u0627\u062a<\/h3>\n<p data-start=\"2480\" data-end=\"2592\">\u0645\u0643\u0645\u0644 \u063a\u0630\u0627\u0626\u064a. \u0644\u0627 \u064a\u062d\u0644 \u0645\u062d\u0644 \u0646\u0638\u0627\u0645 \u063a\u0630\u0627\u0626\u064a \u0645\u062a\u0648\u0627\u0632\u0646. \u0627\u0634\u0631\u0628 \u0643\u0645\u064a\u0629 \u0643\u0627\u0641\u064a\u0629 \u0645\u0646 \u0627\u0644\u0645\u0627\u0621 \u062e\u0644\u0627\u0644 \u0627\u0644\u064a\u0648\u0645.<\/p>","protected":false},"excerpt":{"rendered":"<p>\u26a1 CREATINE MONOHYDRATE \u2013 PUISSANCE &amp; PERFORMANCE MAXIMALES Creatine Monohydrate de Applied Nutrition est une cr\u00e9atine pure et micronis\u00e9e, con\u00e7ue<\/p>","protected":false},"featured_media":19642,"comment_status":"open","ping_status":"closed","template":"","meta":[],"product_brand":[219],"product_cat":[477],"product_tag":[282],"class_list":{"0":"post-17399","1":"product","2":"type-product","3":"status-publish","4":"has-post-thumbnail","6":"product_brand-applied-nutrition","7":"product_cat-creatine","8":"product_tag-creatine-monohydrate","10":"first","11":"instock","12":"sale","13":"shipping-taxable","14":"purchasable","15":"product-type-simple"},"_links":{"self":[{"href":"https:\/\/elitenutritionmaroc.com\/ar\/wp-json\/wp\/v2\/product\/17399","targetHints":{"allow":["GET"]}}],"collection":[{"href":"https:\/\/elitenutritionmaroc.com\/ar\/wp-json\/wp\/v2\/product"}],"about":[{"href":"https:\/\/elitenutritionmaroc.com\/ar\/wp-json\/wp\/v2\/types\/product"}],"replies":[{"embeddable":true,"href":"https:\/\/elitenutritionmaroc.com\/ar\/wp-json\/wp\/v2\/comments?post=17399"}],"version-history":[{"count":0,"href":"https:\/\/elitenutritionmaroc.com\/ar\/wp-json\/wp\/v2\/product\/17399\/revisions"}],"wp:featuredmedia":[{"embeddable":true,"href":"https:\/\/elitenutritionmaroc.com\/ar\/wp-json\/wp\/v2\/media\/19642"}],"wp:attachment":[{"href":"https:\/\/elitenutritionmaroc.com\/ar\/wp-json\/wp\/v2\/media?parent=17399"}],"wp:term":[{"taxonomy":"product_brand","embeddable":true,"href":"https:\/\/elitenutritionmaroc.com\/ar\/wp-json\/wp\/v2\/product_brand?post=17399"},{"taxonomy":"product_cat","embeddable":true,"href":"https:\/\/elitenutritionmaroc.com\/ar\/wp-json\/wp\/v2\/product_cat?post=17399"},{"taxonomy":"product_tag","embeddable":true,"href":"https:\/\/elitenutritionmaroc.com\/ar\/wp-json\/wp\/v2\/product_tag?post=17399"}],"curies":[{"name":"wp","href":"https:\/\/api.w.org\/{rel}","templated":true}]}}