{"id":17317,"date":"2025-09-15T13:33:24","date_gmt":"2025-09-15T12:33:24","guid":{"rendered":"https:\/\/elitenutritionmaroc.com\/?post_type=product&#038;p=17317"},"modified":"2026-01-22T04:54:21","modified_gmt":"2026-01-22T03:54:21","slug":"multivitamines-opti-men-90-tabs","status":"publish","type":"product","link":"https:\/\/elitenutritionmaroc.com\/ar\/product\/multivitamines-opti-men-90-tabs\/","title":{"rendered":"\u0645\u0643\u0645\u0644 \u063a\u0630\u0627\u0626\u064a \u0645\u062a\u0639\u062f\u062f \u0627\u0644\u0641\u064a\u062a\u0627\u0645\u064a\u0646\u0627\u062a \u0623\u0648\u0628\u062a\u064a-\u0645\u0627\u0646 90 \u062d\u0628\u0629"},"content":{"rendered":"<h3 data-start=\"1094\" data-end=\"1159\">\ud83d\udc8a MULTIVITAMIN OPTI-MEN \u2013 \u0627\u0644\u0623\u062f\u0627\u0621 \u0648\u0627\u0644\u062d\u064a\u0648\u064a\u0629 \u0644\u0644\u0631\u062c\u0627\u0644<\/h3>\n<p data-start=\"1161\" data-end=\"1337\" class=\" translation-block\"><strong data-start=\"1161\" data-end=\"1173\">\u0623\u0648\u0628\u062a\u064a-\u0645\u064a\u0646<\/strong> \u0645\u0646 <strong data-start=\"1177\" data-end=\"1198\"> \u0623\u0648\u0628\u062a\u064a\u0645\u0648\u0645 \u0646\u064a\u0648\u062a\u0631\u0634\u0646 \u0647\u064a <strong data-start=\"1207\" data-end=\"1241\">\u062a\u0631\u0643\u064a\u0628\u0629 \u0645\u062a\u0639\u062f\u062f\u0629 \u0627\u0644\u0641\u064a\u062a\u0627\u0645\u064a\u0646\u0627\u062a \u0627\u0644\u0645\u062a\u0642\u062f\u0645\u0629<\/strong>\u060c \u0645\u0635\u0645\u0645\u0629 \u062e\u0635\u064a\u0635\u064b\u0627 \u0644\u062a\u0644\u0628\u064a\u0629 <strong data-start=\"1281\" data-end=\"1336\">\u0627\u0644\u0627\u062d\u062a\u064a\u0627\u062c\u0627\u062a \u0627\u0644\u063a\u0630\u0627\u0626\u064a\u0629 \u0644\u0644\u0631\u062c\u0627\u0644 \u0627\u0644\u0646\u0634\u0637\u064a\u0646 \u0648\u0627\u0644\u0631\u064a\u0627\u0636\u064a\u064a\u0646<\/strong>.<\/p>\n<p data-start=\"1339\" data-end=\"1548\" class=\" translation-block\">\u063a\u0646\u064a \u0628\u0640 <strong data-start=\"1348\" data-end=\"1420\">\u0627\u0644\u0641\u064a\u062a\u0627\u0645\u064a\u0646\u0627\u062a \u0627\u0644\u0623\u0633\u0627\u0633\u064a\u0629\u060c \u0627\u0644\u0645\u0639\u0627\u062f\u0646\u060c \u0627\u0644\u0623\u062d\u0645\u0627\u0636 \u0627\u0644\u0623\u0645\u064a\u0646\u064a\u0629 \u0648\u0627\u0644\u0645\u0633\u062a\u062e\u0644\u0635\u0627\u062a \u0627\u0644\u0646\u0628\u0627\u062a\u064a\u0629<\/strong>\u060c \u0623\u0648\u0628\u062a\u064a-\u0645\u064a\u0646 \u064a\u062f\u0639\u0645 <strong data-start=\"1442\" data-end=\"1453\">\u0627\u0644\u0637\u0627\u0642\u0629<\/strong>\u060c <strong data-start=\"1458\" data-end=\"1475\">\u0627\u0644\u062a\u0631\u0643\u064a\u0632<\/strong>\u060c <strong data-start=\"1480\" data-end=\"1503\">\u0627\u0644\u062c\u0647\u0627\u0632 \u0627\u0644\u0645\u0646\u0627\u0639\u064a<\/strong> \u0627\u0644\u062c\u0647\u0627\u0632 \u0627\u0644\u0645\u0646\u0627\u0639\u064a \u0648\u0627\u0644\u0623\u062f\u0627\u0621 \u0627\u0644\u0628\u062f\u0646\u064a \u0627\u0644\u064a\u0648\u0645\u064a.<\/p>\n<p data-start=\"1339\" data-end=\"1548\"><img fetchpriority=\"high\" decoding=\"async\" class=\"alignnone size-medium wp-image-19612\" src=\"https:\/\/elitenutritionmaroc.com\/wp-content\/uploads\/2025\/09\/Opti-Men_90_Tablets-1-300x300.webp\" alt=\"MULTIVITAMIN OPTI-MEN ON 90 TAB\" width=\"300\" height=\"300\" srcset=\"https:\/\/elitenutritionmaroc.com\/wp-content\/uploads\/2025\/09\/Opti-Men_90_Tablets-1-300x300.webp 300w, https:\/\/elitenutritionmaroc.com\/wp-content\/uploads\/2025\/09\/Opti-Men_90_Tablets-1-800x800.webp 800w, https:\/\/elitenutritionmaroc.com\/wp-content\/uploads\/2025\/09\/Opti-Men_90_Tablets-1-150x150.webp 150w, https:\/\/elitenutritionmaroc.com\/wp-content\/uploads\/2025\/09\/Opti-Men_90_Tablets-1-768x768.webp 768w, https:\/\/elitenutritionmaroc.com\/wp-content\/uploads\/2025\/09\/Opti-Men_90_Tablets-1-860x860.webp 860w, https:\/\/elitenutritionmaroc.com\/wp-content\/uploads\/2025\/09\/Opti-Men_90_Tablets-1-430x430.webp 430w, https:\/\/elitenutritionmaroc.com\/wp-content\/uploads\/2025\/09\/Opti-Men_90_Tablets-1-700x700.webp 700w, https:\/\/elitenutritionmaroc.com\/wp-content\/uploads\/2025\/09\/Opti-Men_90_Tablets-1.webp 1500w\" sizes=\"(max-width: 300px) 100vw, 300px\" \/><\/p>\n<h3 data-start=\"1555\" data-end=\"1575\">\u2705 \u0627\u0644\u0641\u0648\u0627\u0626\u062f \u0627\u0644\u0631\u0626\u064a\u0633\u064a\u0629<\/h3>\n<ul data-start=\"1577\" data-end=\"1909\">\n<li data-start=\"1577\" data-end=\"1634\">\n<p data-start=\"1579\" data-end=\"1634\" class=\" translation-block\">\u26a1 \u062f\u0639\u0645 \u0645\u0646 \u0627\u0644\u0640&lt;strong \u0628\u064a\u0627\u0646\u0627\u062a \u0627\u0644\u0628\u062f\u0627\u064a\u0629=&quot;1594&quot; \u0628\u064a\u0627\u0646\u0627\u062a \u0627\u0644\u0646\u0647\u0627\u064a\u0629=&quot;1605&quot; \u0637\u0627\u0642\u0629<\/strong> \u0648\u062a\u0642\u0644\u064a\u0644 \u0627\u0644\u062a\u0639\u0628<\/p>\n<\/li>\n<li data-start=\"1635\" data-end=\"1682\">\n<p data-start=\"1637\" data-end=\"1682\" class=\" translation-block\">\ud83d\udee1\ufe0f \u062a\u0639\u0632\u064a\u0632 <strong data-start=\"1657\" data-end=\"1680\"> \u0627\u0644\u062c\u0647\u0627\u0632 \u0627\u0644\u0645\u0646\u0627\u0639\u064a<\/p>\n<\/li>\n<li data-start=\"1683\" data-end=\"1752\">\n<p data-start=\"1685\" data-end=\"1752\" class=\" translation-block\">\ud83e\udde0 \u062a\u062d\u0633\u064a\u0646 <strong data-start=\"1707\" data-end=\"1750\">\u0627\u0644\u062a\u0631\u0643\u064a\u0632 \u0648\u0627\u0644\u062d\u064a\u0648\u064a\u0629 \u0627\u0644\u0639\u0642\u0644\u064a\u0629<\/strong><\/p>\n<\/li>\n<li data-start=\"1753\" data-end=\"1807\">\n<p data-start=\"1755\" data-end=\"1807\">\ud83d\udcaa \u062f\u0639\u0645 \u0627\u0644\u0623\u062f\u0627\u0621 \u0648\u0627\u0644\u062a\u0639\u0627\u0641\u064a<\/p>\n<\/li>\n<li data-start=\"1808\" data-end=\"1849\">\n<p data-start=\"1810\" data-end=\"1849\">\ud83e\uddec \u062a\u0631\u0643\u064a\u0628\u0629 \u0643\u0627\u0645\u0644\u0629 \u0645\u062e\u0635\u0635\u0629 \u0644\u0644\u0631\u062c\u0627\u0644<\/p>\n<\/li>\n<li data-start=\"1850\" data-end=\"1909\">\n<p data-start=\"1852\" data-end=\"1909\">\ud83c\udfcb\ufe0f \u0645\u062b\u0627\u0644\u064a \u0644\u0628\u0646\u0627\u0621 \u0627\u0644\u0639\u0636\u0644\u0627\u062a\u060c \u0627\u0644\u0644\u064a\u0627\u0642\u0629 \u0627\u0644\u0628\u062f\u0646\u064a\u0629 \u0648\u0627\u0644\u0631\u064a\u0627\u0636\u0627\u062a \u0627\u0644\u0645\u0643\u062b\u0641\u0629<\/p>\n<\/li>\n<\/ul>\n<p><img decoding=\"async\" class=\"alignnone size-medium wp-image-19611\" src=\"https:\/\/elitenutritionmaroc.com\/wp-content\/uploads\/2025\/09\/optimum-optimen-multivitamin-HPnutrition-600x600-1-300x300.jpg\" alt=\"MULTIVITAMIN OPTI-MEN ON 90 TAB\" width=\"300\" height=\"300\" srcset=\"https:\/\/elitenutritionmaroc.com\/wp-content\/uploads\/2025\/09\/optimum-optimen-multivitamin-HPnutrition-600x600-1-300x300.jpg 300w, https:\/\/elitenutritionmaroc.com\/wp-content\/uploads\/2025\/09\/optimum-optimen-multivitamin-HPnutrition-600x600-1-150x150.jpg 150w, https:\/\/elitenutritionmaroc.com\/wp-content\/uploads\/2025\/09\/optimum-optimen-multivitamin-HPnutrition-600x600-1-430x430.jpg 430w, https:\/\/elitenutritionmaroc.com\/wp-content\/uploads\/2025\/09\/optimum-optimen-multivitamin-HPnutrition-600x600-1.jpg 600w\" sizes=\"(max-width: 300px) 100vw, 300px\" \/><\/p>\n<h3 data-start=\"1916\" data-end=\"1950\">\ud83e\uddec \u0644\u0645\u0627\u0630\u0627 \u062a\u062e\u062a\u0627\u0631 Opti-Men\u061f<\/h3>\n<p data-start=\"1952\" data-end=\"2204\" class=\" translation-block\">\u0623\u0648\u0628\u062a\u064a-\u0645\u064a\u0646 \u0647\u0648 \u0623\u062d\u062f <strong data-start=\"1974\" data-end=\"2021\">\u0623\u0643\u062b\u0631 \u0627\u0644\u0641\u064a\u062a\u0627\u0645\u064a\u0646\u0627\u062a \u0627\u0644\u0645\u062a\u0639\u062f\u062f\u0629 \u0634\u0639\u0628\u064a\u0629 \u0641\u064a \u0627\u0644\u0639\u0627\u0644\u0645<\/strong>\u060c \u0648\u064a\u064f\u0639\u0631\u0641 \u0628\u0640 <strong data-start=\"2039\" data-end=\"2118\">\u062c\u0648\u062f\u062a\u0647\u060c \u0648\u062c\u0631\u0639\u062a\u0647 \u0627\u0644\u062f\u0642\u064a\u0642\u0629\u060c \u0648\u062a\u0631\u0643\u064a\u0628\u062a\u0647 \u0627\u0644\u0645\u0648\u062c\u0647\u0629 \u0646\u062d\u0648 \u0627\u0644\u0623\u062f\u0627\u0621 \u0627\u0644\u0630\u0643\u0648\u0631\u064a<\/strong>. \u064a\u0643\u0645\u0644 \u0627\u0644\u0646\u0638\u0627\u0645 \u0627\u0644\u063a\u0630\u0627\u0626\u064a \u0628\u0641\u0639\u0627\u0644\u064a\u0629\u060c \u062e\u0627\u0635\u0629 \u062e\u0644\u0627\u0644 \u0641\u062a\u0631\u0627\u062a \u0627\u0644\u062a\u062f\u0631\u064a\u0628 \u0627\u0644\u0645\u0643\u062b\u0641.<\/p>\n<h3 data-start=\"2211\" data-end=\"2240\">\ud83d\udd52 \u0646\u0635\u0627\u0626\u062d \u0627\u0644\u0627\u0633\u062a\u062e\u062f\u0627\u0645<\/h3>\n<ul data-start=\"2242\" data-end=\"2385\">\n<li data-start=\"2242\" data-end=\"2308\">\n<p data-start=\"2244\" data-end=\"2308\" class=\" translation-block\">\u062a\u0646\u0627\u0648\u0644 <strong data-start=\"2252\" data-end=\"2276\"> 3 \u0623\u0642\u0631\u0627\u0635 \u0641\u064a \u0627\u0644\u064a\u0648\u0645<\/strong>\u060c \u0648\u064a\u0641\u0636\u0644 \u0645\u0639 \u0627\u0644\u0648\u062c\u0628\u0627\u062a<\/p>\n<\/li>\n<li data-start=\"2309\" data-end=\"2345\">\n<p data-start=\"2311\" data-end=\"2345\">\u062a\u0648\u0632\u064a\u0639 \u0627\u0644\u062c\u0631\u0639\u0629 \u0639\u0644\u0649 \u0645\u062f\u0627\u0631 \u0627\u0644\u064a\u0648\u0645<\/p>\n<\/li>\n<li data-start=\"2346\" data-end=\"2385\">\n<p data-start=\"2348\" data-end=\"2385\">\u0644\u0627 \u062a\u062a\u062c\u0627\u0648\u0632 \u0627\u0644\u062c\u0631\u0639\u0629 \u0627\u0644\u0645\u0648\u0635\u0649 \u0628\u0647\u0627<\/p>\n<\/li>\n<\/ul>\n<h3 data-start=\"2392\" data-end=\"2409\">\ud83c\udfaf \u0644\u0645\u0646\u061f<\/h3>\n<ul data-start=\"2411\" data-end=\"2556\">\n<li data-start=\"2411\" data-end=\"2440\">\n<p data-start=\"2413\" data-end=\"2440\">\u0631\u062c\u0627\u0644 \u0646\u0634\u064a\u0637\u0648\u0646 \u0648\u0631\u064a\u0627\u0636\u064a\u0648\u0646<\/p>\n<\/li>\n<li data-start=\"2441\" data-end=\"2481\">\n<p data-start=\"2443\" data-end=\"2481\">\u0631\u064a\u0627\u0636\u064a\u0648\u0646 \u0641\u064a \u0645\u062c\u0627\u0644 \u0643\u0645\u0627\u0644 \u0627\u0644\u0623\u062c\u0633\u0627\u0645 \u0648\u0627\u0644\u0644\u064a\u0627\u0642\u0629 \u0627\u0644\u0628\u062f\u0646\u064a\u0629 \u0648\u0627\u0644\u062a\u062f\u0631\u064a\u0628 \u0627\u0644\u0645\u062a\u0639\u062f\u062f \u0627\u0644\u062a\u062e\u0635\u0635\u0627\u062a<\/p>\n<\/li>\n<li data-start=\"2482\" data-end=\"2536\">\n<p data-start=\"2484\" data-end=\"2536\">\u0623\u0634\u062e\u0627\u0635 \u064a\u0628\u062d\u062b\u0648\u0646 \u0639\u0646 \u0627\u0644\u0637\u0627\u0642\u0629 \u0648\u0627\u0644\u0642\u0648\u0629 \u0648\u0627\u0644\u062a\u0639\u0627\u0641\u064a<\/p>\n<\/li>\n<li data-start=\"2537\" data-end=\"2556\">\n<p data-start=\"2539\" data-end=\"2556\">\u0627\u0633\u062a\u062e\u062f\u0627\u0645 \u064a\u0648\u0645\u064a \u0628\u0633\u064a\u0637<\/p>\n<\/li>\n<\/ul>\n<p><img decoding=\"async\" class=\"alignnone size-medium wp-image-19613\" src=\"https:\/\/elitenutritionmaroc.com\/wp-content\/uploads\/2025\/09\/Opti-Men_90_Tablets-300x300.webp\" alt=\"MULTIVITAMIN OPTI-MEN ON 90 TAB\" width=\"300\" height=\"300\" srcset=\"https:\/\/elitenutritionmaroc.com\/wp-content\/uploads\/2025\/09\/Opti-Men_90_Tablets-300x300.webp 300w, https:\/\/elitenutritionmaroc.com\/wp-content\/uploads\/2025\/09\/Opti-Men_90_Tablets-800x800.webp 800w, https:\/\/elitenutritionmaroc.com\/wp-content\/uploads\/2025\/09\/Opti-Men_90_Tablets-150x150.webp 150w, https:\/\/elitenutritionmaroc.com\/wp-content\/uploads\/2025\/09\/Opti-Men_90_Tablets-768x768.webp 768w, https:\/\/elitenutritionmaroc.com\/wp-content\/uploads\/2025\/09\/Opti-Men_90_Tablets-860x860.webp 860w, https:\/\/elitenutritionmaroc.com\/wp-content\/uploads\/2025\/09\/Opti-Men_90_Tablets-430x430.webp 430w, https:\/\/elitenutritionmaroc.com\/wp-content\/uploads\/2025\/09\/Opti-Men_90_Tablets-700x700.webp 700w, https:\/\/elitenutritionmaroc.com\/wp-content\/uploads\/2025\/09\/Opti-Men_90_Tablets.webp 1024w\" sizes=\"(max-width: 300px) 100vw, 300px\" \/><\/p>\n<h3 data-start=\"2563\" data-end=\"2581\">\u26a0\ufe0f \u0627\u062d\u062a\u064a\u0627\u0637\u0627\u062a<\/h3>\n<p data-start=\"2583\" data-end=\"2719\">\u0645\u0643\u0645\u0644 \u063a\u0630\u0627\u0626\u064a. \u0644\u0627 \u064a\u064f\u0639\u0648\u0636 \u0646\u0638\u0627\u0645\u064b\u0627 \u063a\u0630\u0627\u0626\u064a\u064b\u0627 \u0645\u062a\u0648\u0627\u0632\u0646\u064b\u0627. \u0645\u0645\u0646\u0648\u0639 \u0644\u0644\u0646\u0633\u0627\u0621 \u0627\u0644\u062d\u0648\u0627\u0645\u0644. \u0625\u0628\u0639\u0627\u062f \u0627\u0644\u0623\u0637\u0641\u0627\u0644 \u0639\u0646 \u0645\u062a\u0646\u0627\u0648\u0644 \u0627\u0644\u064a\u062f.<\/p>","protected":false},"excerpt":{"rendered":"<p>\ud83d\udc8a MULTIVITAMIN OPTI-MEN \u2013 PERFORMANCE &amp; VITALIT\u00c9 POUR HOMMES Opti-Men de Optimum Nutrition est une formule multivitamin\u00e9e avanc\u00e9e, sp\u00e9cialement con\u00e7ue<\/p>","protected":false},"featured_media":19609,"comment_status":"open","ping_status":"closed","template":"","meta":[],"product_brand":[239],"product_cat":[486],"product_tag":[307,303,304],"class_list":{"0":"post-17317","1":"product","2":"type-product","3":"status-publish","4":"has-post-thumbnail","6":"product_brand-optimum-nutrition","7":"product_cat-vitamines-et-mineraux","8":"product_tag-multivitamins","9":"product_tag-on","10":"product_tag-optimum-nutrition","12":"first","13":"instock","14":"shipping-taxable","15":"purchasable","16":"product-type-simple"},"_links":{"self":[{"href":"https:\/\/elitenutritionmaroc.com\/ar\/wp-json\/wp\/v2\/product\/17317","targetHints":{"allow":["GET"]}}],"collection":[{"href":"https:\/\/elitenutritionmaroc.com\/ar\/wp-json\/wp\/v2\/product"}],"about":[{"href":"https:\/\/elitenutritionmaroc.com\/ar\/wp-json\/wp\/v2\/types\/product"}],"replies":[{"embeddable":true,"href":"https:\/\/elitenutritionmaroc.com\/ar\/wp-json\/wp\/v2\/comments?post=17317"}],"version-history":[{"count":0,"href":"https:\/\/elitenutritionmaroc.com\/ar\/wp-json\/wp\/v2\/product\/17317\/revisions"}],"wp:featuredmedia":[{"embeddable":true,"href":"https:\/\/elitenutritionmaroc.com\/ar\/wp-json\/wp\/v2\/media\/19609"}],"wp:attachment":[{"href":"https:\/\/elitenutritionmaroc.com\/ar\/wp-json\/wp\/v2\/media?parent=17317"}],"wp:term":[{"taxonomy":"product_brand","embeddable":true,"href":"https:\/\/elitenutritionmaroc.com\/ar\/wp-json\/wp\/v2\/product_brand?post=17317"},{"taxonomy":"product_cat","embeddable":true,"href":"https:\/\/elitenutritionmaroc.com\/ar\/wp-json\/wp\/v2\/product_cat?post=17317"},{"taxonomy":"product_tag","embeddable":true,"href":"https:\/\/elitenutritionmaroc.com\/ar\/wp-json\/wp\/v2\/product_tag?post=17317"}],"curies":[{"name":"wp","href":"https:\/\/api.w.org\/{rel}","templated":true}]}}