{"id":17221,"date":"2025-09-08T15:57:56","date_gmt":"2025-09-08T14:57:56","guid":{"rendered":"https:\/\/elitenutritionmaroc.com\/?post_type=product&#038;p=17221"},"modified":"2026-01-26T19:21:09","modified_gmt":"2026-01-26T18:21:09","slug":"l-arginine-powder-300g","status":"publish","type":"product","link":"https:\/\/elitenutritionmaroc.com\/ar\/product\/l-arginine-powder-300g\/","title":{"rendered":"L-Arginine Powder &#8211; 300g"},"content":{"rendered":"<p data-start=\"970\" data-end=\"1283\" class=\" translation-block\">L-Arginine Powder \u2013 300g \u0647\u0648 <strong data-start=\"\u201d1030\u201c\" data-end=\"\u201d1064\u201c\">\u0645\u0643\u0645\u0644 \u063a\u0630\u0627\u0626\u064a \u0645\u0645\u062a\u0627\u0632<\/strong> \u064a\u0639\u062a\u0645\u062f \u0639\u0644\u0649 <strong data-start=\"\u20191075\u2018\" data-end=\"\u201d1094\u201c\">L-arginine \u0627\u0644\u0646\u0642\u064a<\/strong>\u060c \u0645\u0635\u0645\u0645 \u062e\u0635\u064a\u0635\u064b\u0627 \u0644\u0644\u0631\u064a\u0627\u0636\u064a\u064a\u0646 \u0648\u0645\u062d\u0628\u064a \u0627\u0644\u0644\u064a\u0627\u0642\u0629 \u0627\u0644\u0628\u062f\u0646\u064a\u0629 \u0648\u0623\u064a \u0634\u062e\u0635 \u064a\u0631\u063a\u0628 \u0641\u064a \u062a\u062d\u0633\u064a\u0646 \u0623\u062f\u0627\u0626\u0647 \u0648\u062f\u0648\u0631\u062a\u0647 \u0627\u0644\u062f\u0645\u0648\u064a\u0629 \u0645\u0639 \u062c\u0648\u062f\u0629 <strong data-start=\"\u201d1257\u201c\" data-end=\"\u201d1282\u201c\">Elite Nutrition Maroc<\/strong>.<\/p>\n<h3 data-start=\"1290\" data-end=\"1318\">\ud83d\udd2c \u062a\u0631\u0643\u064a\u0628\u0629 \u0646\u0642\u064a\u0629 100\u066a<\/h3>\n<p data-start=\"1319\" data-end=\"1372\">\u2022 \u0645\u0633\u062d\u0648\u0642 \u0644-\u0623\u0631\u062c\u064a\u0646\u064a\u0646 \u0646\u0642\u064a (\u0628\u062f\u0648\u0646 \u0646\u0643\u0647\u0627\u062a \u0623\u0648 \u0625\u0636\u0627\u0641\u0627\u062a)<\/p>\n<p data-start=\"1374\" data-end=\"1612\" class=\" translation-block\">\u0627\u0644\u0623\u0631\u062c\u064a\u0646\u064a\u0646 \u0647\u0648 <strong data-start=\"\u201d1392\u201c\" data-end=\"\u201d1422\u201c\">\u062d\u0645\u0636 \u0623\u0645\u064a\u0646\u064a \u0634\u0628\u0647 \u0623\u0633\u0627\u0633\u064a<\/strong> \u064a\u0633\u062a\u062e\u062f\u0645\u0647 \u0627\u0644\u062c\u0633\u0645 \u0644\u0625\u0646\u062a\u0627\u062c <strong data-start=\"\u20191464\u2018\" data-end=\"\u201d1487\u201c\">\u0623\u0643\u0633\u064a\u062f \u0627\u0644\u0646\u064a\u062a\u0631\u064a\u0643 (NO)<\/strong>\u060c \u0648\u0647\u0648 \u063a\u0627\u0632 \u0637\u0628\u064a\u0639\u064a \u064a\u0633\u0627\u0639\u062f \u0639\u0644\u0649 \u062a\u0648\u0633\u064a\u0639 \u0627\u0644\u0623\u0648\u0639\u064a\u0629 \u0627\u0644\u062f\u0645\u0648\u064a\u0629 \u0648\u062a\u062d\u0633\u064a\u0646 \u0627\u0644\u062f\u0648\u0631\u0629 \u0627\u0644\u062f\u0645\u0648\u064a\u0629.<\/p>\n<p data-start=\"1374\" data-end=\"1612\"><img fetchpriority=\"high\" decoding=\"async\" class=\"alignnone size-medium wp-image-20033\" src=\"https:\/\/elitenutritionmaroc.com\/wp-content\/uploads\/2025\/09\/L-arginine-poudre-300g-\u2013-Acide-Amine-Premium-Elite-Nutrition-Maroc-2-300x300.jpg\" alt=\"L-arginine poudre 300g \u2013 Acide Amin\u00e9 Premium Elite Nutrition Maroc\" width=\"300\" height=\"300\" srcset=\"https:\/\/elitenutritionmaroc.com\/wp-content\/uploads\/2025\/09\/L-arginine-poudre-300g-\u2013-Acide-Amine-Premium-Elite-Nutrition-Maroc-2-300x300.jpg 300w, https:\/\/elitenutritionmaroc.com\/wp-content\/uploads\/2025\/09\/L-arginine-poudre-300g-\u2013-Acide-Amine-Premium-Elite-Nutrition-Maroc-2-800x800.jpg 800w, https:\/\/elitenutritionmaroc.com\/wp-content\/uploads\/2025\/09\/L-arginine-poudre-300g-\u2013-Acide-Amine-Premium-Elite-Nutrition-Maroc-2-150x150.jpg 150w, https:\/\/elitenutritionmaroc.com\/wp-content\/uploads\/2025\/09\/L-arginine-poudre-300g-\u2013-Acide-Amine-Premium-Elite-Nutrition-Maroc-2-768x768.jpg 768w, https:\/\/elitenutritionmaroc.com\/wp-content\/uploads\/2025\/09\/L-arginine-poudre-300g-\u2013-Acide-Amine-Premium-Elite-Nutrition-Maroc-2-12x12.jpg 12w, https:\/\/elitenutritionmaroc.com\/wp-content\/uploads\/2025\/09\/L-arginine-poudre-300g-\u2013-Acide-Amine-Premium-Elite-Nutrition-Maroc-2-860x860.jpg 860w, https:\/\/elitenutritionmaroc.com\/wp-content\/uploads\/2025\/09\/L-arginine-poudre-300g-\u2013-Acide-Amine-Premium-Elite-Nutrition-Maroc-2-430x430.jpg 430w, https:\/\/elitenutritionmaroc.com\/wp-content\/uploads\/2025\/09\/L-arginine-poudre-300g-\u2013-Acide-Amine-Premium-Elite-Nutrition-Maroc-2-700x700.jpg 700w, https:\/\/elitenutritionmaroc.com\/wp-content\/uploads\/2025\/09\/L-arginine-poudre-300g-\u2013-Acide-Amine-Premium-Elite-Nutrition-Maroc-2.jpg 1024w\" sizes=\"(max-width: 300px) 100vw, 300px\" \/><\/p>\n<h3 data-start=\"1619\" data-end=\"1649\">\ud83d\udcaa \u0627\u0644\u0623\u062f\u0627\u0621 \u0648\u0627\u0644\u0642\u062f\u0631\u0629 \u0639\u0644\u0649 \u0627\u0644\u062a\u062d\u0645\u0644<\/h3>\n<p data-start=\"1650\" data-end=\"1789\" class=\" translation-block\">\u2022 \u064a\u0639\u0632\u0632 <strong data-start=\"\u201d1664\u201c\" data-end=\"\u201d1688\u201c\">\u0627\u0644\u0623\u062f\u0627\u0621 \u0627\u0644\u0631\u064a\u0627\u0636\u064a<\/strong><br data-start=\"\u20191688\u2018\" data-end=\"\u201d1691\u201c\">\u2022 \u064a\u0633\u0627\u0639\u062f \u0639\u0644\u0649 \u0632\u064a\u0627\u062f\u0629 <strong data-start=\"\u201d1712\u201c\" data-end=\"\u201d1738\u201c\">\u0623\u0643\u0633\u062c\u0629 \u0627\u0644\u0639\u0636\u0644\u0627\u062a<\/strong><br data-start=\"\u20191738\u2018\" data-end=\"\u201d1741\u201c\">\u2022 \u062a\u0642\u0644\u064a\u0644 \u0627\u0644\u062a\u0639\u0628 \u0648\u062a\u062d\u0633\u064a\u0646 \u0627\u0644\u0642\u062f\u0631\u0629 \u0639\u0644\u0649 \u0627\u0644\u062a\u062d\u0645\u0644<\/p>\n<p data-start=\"1791\" data-end=\"1995\" class=\" translation-block\">\u062a\u0633\u0627\u0639\u062f \u0627\u0644\u0623\u0631\u062c\u064a\u0646\u064a\u0646 \u0639\u0644\u0649 \u0625\u0641\u0631\u0627\u0632 \u0623\u0643\u0633\u064a\u062f \u0627\u0644\u0646\u064a\u062a\u0631\u064a\u0643\u060c \u0645\u0645\u0627 \u0642\u062f <strong data-start=\"\u201d1836\u201c\" data-end=\"\u201d1889\u201c\">\u064a\u062d\u0633\u0646 \u062a\u062f\u0641\u0642 \u0627\u0644\u062f\u0645 \u0625\u0644\u0649 \u0627\u0644\u0639\u0636\u0644\u0627\u062a<\/strong> \u0623\u062b\u0646\u0627\u0621 \u0645\u0645\u0627\u0631\u0633\u0629 \u0627\u0644\u0631\u064a\u0627\u0636\u0629 \u0648\u064a\u0624\u062f\u064a \u0625\u0644\u0649 <strong data-start=\"\u20191933\u2018\" data-end=\"\u201d1956\u201c\">\u062a\u062d\u0633\u064a\u0646 \u0627\u0644\u0623\u062f\u0627\u0621 \u0627\u0644\u0639\u0627\u0645<\/strong>.<\/p>\n<h3 data-start=\"2002\" data-end=\"2031\">\u2764\ufe0f \u0635\u062d\u0629 \u0627\u0644\u0642\u0644\u0628 \u0648\u0627\u0644\u0623\u0648\u0639\u064a\u0629 \u0627\u0644\u062f\u0645\u0648\u064a\u0629<\/h3>\n<p data-start=\"2032\" data-end=\"2141\" class=\" translation-block\">\u2022 \u064a\u062f\u0639\u0645 <strong data-start=\"\u201d2043\u201c\" data-end=\"\u201d2078\u201c\">\u0635\u062d\u0629 \u0627\u0644\u0623\u0648\u0639\u064a\u0629 \u0627\u0644\u062f\u0645\u0648\u064a\u0629<\/strong><br data-start=\"\u201d2078\u201c\" data-end=\"\u201d2081\u201c\">\u2022 \u064a\u0633\u0627\u0639\u062f \u0641\u064a \u0627\u0644\u062d\u0641\u0627\u0638 \u0639\u0644\u0649 <strong data-start=\"\u20192120\u2018\" data-end=\"\u201d2141\u201c\">\u062f\u0648\u0631\u0629 \u062f\u0645\u0648\u064a\u0629 \u0635\u062d\u064a\u0629<\/strong><\/p>\n<p data-start=\"2143\" data-end=\"2335\" class=\" translation-block\">\u064a\u0633\u0627\u0647\u0645 \u0625\u0646\u062a\u0627\u062c \u0623\u0643\u0633\u064a\u062f \u0627\u0644\u0646\u064a\u062a\u0631\u064a\u0643 \u0641\u064a \u0627\u0633\u062a\u0631\u062e\u0627\u0621 \u0627\u0644\u0623\u0648\u0639\u064a\u0629 \u0627\u0644\u062f\u0645\u0648\u064a\u0629\u060c \u0645\u0645\u0627 \u064a\u0639\u0632\u0632 <strong data-start=\"\u201d2233\u201c\" data-end=\"\u201d2258\u201c\">\u062a\u062f\u0641\u0642 \u0627\u0644\u062f\u0645 \u0628\u0634\u0643\u0644 \u0623\u0641\u0636\u0644<\/strong> \u0648\u064a\u062f\u0639\u0645 \u0635\u062d\u0629 \u0627\u0644\u0642\u0644\u0628 \u0648\u0627\u0644\u0623\u0648\u0639\u064a\u0629 \u0627\u0644\u062f\u0645\u0648\u064a\u0629.<\/p>\n<p data-start=\"2143\" data-end=\"2335\"><img decoding=\"async\" class=\"alignnone size-medium wp-image-20035\" src=\"https:\/\/elitenutritionmaroc.com\/wp-content\/uploads\/2025\/09\/L-arginine-poudre-300g-\u2013-Acide-Amine-Premium-Elite-Nutrition-Maroc-4-300x300.jpg\" alt=\"L-arginine poudre 300g \u2013 Acide Amin\u00e9 Premium Elite Nutrition Maroc\" width=\"300\" height=\"300\" srcset=\"https:\/\/elitenutritionmaroc.com\/wp-content\/uploads\/2025\/09\/L-arginine-poudre-300g-\u2013-Acide-Amine-Premium-Elite-Nutrition-Maroc-4-300x300.jpg 300w, https:\/\/elitenutritionmaroc.com\/wp-content\/uploads\/2025\/09\/L-arginine-poudre-300g-\u2013-Acide-Amine-Premium-Elite-Nutrition-Maroc-4-800x800.jpg 800w, https:\/\/elitenutritionmaroc.com\/wp-content\/uploads\/2025\/09\/L-arginine-poudre-300g-\u2013-Acide-Amine-Premium-Elite-Nutrition-Maroc-4-150x150.jpg 150w, https:\/\/elitenutritionmaroc.com\/wp-content\/uploads\/2025\/09\/L-arginine-poudre-300g-\u2013-Acide-Amine-Premium-Elite-Nutrition-Maroc-4-768x768.jpg 768w, https:\/\/elitenutritionmaroc.com\/wp-content\/uploads\/2025\/09\/L-arginine-poudre-300g-\u2013-Acide-Amine-Premium-Elite-Nutrition-Maroc-4-12x12.jpg 12w, https:\/\/elitenutritionmaroc.com\/wp-content\/uploads\/2025\/09\/L-arginine-poudre-300g-\u2013-Acide-Amine-Premium-Elite-Nutrition-Maroc-4-860x860.jpg 860w, https:\/\/elitenutritionmaroc.com\/wp-content\/uploads\/2025\/09\/L-arginine-poudre-300g-\u2013-Acide-Amine-Premium-Elite-Nutrition-Maroc-4-430x430.jpg 430w, https:\/\/elitenutritionmaroc.com\/wp-content\/uploads\/2025\/09\/L-arginine-poudre-300g-\u2013-Acide-Amine-Premium-Elite-Nutrition-Maroc-4-700x700.jpg 700w, https:\/\/elitenutritionmaroc.com\/wp-content\/uploads\/2025\/09\/L-arginine-poudre-300g-\u2013-Acide-Amine-Premium-Elite-Nutrition-Maroc-4.jpg 1024w\" sizes=\"(max-width: 300px) 100vw, 300px\" \/><\/p>\n<h3 data-start=\"2342\" data-end=\"2370\">\ud83c\udfc3\u200d\u2642\ufe0f \u0633\u0647\u0648\u0644\u0629 \u0627\u0644\u0627\u0633\u062a\u062e\u062f\u0627\u0645<\/h3>\n<p data-start=\"2371\" data-end=\"2517\" class=\" translation-block\">\u2022 \u0627\u0645\u0632\u062c \u0641\u064a \u0627\u0644\u0645\u0627\u0621 \u0623\u0648 \u0627\u0644\u0639\u0635\u064a\u0631 \u0623\u0648 \u0645\u0634\u0631\u0648\u0628 \u0645\u0627 \u0642\u0628\u0644 \u0627\u0644\u062a\u0645\u0631\u064a\u0646<br data-start=\"\u201d2428\u201c\" data-end=\"\u201d2431\u201c\">\u2022 \u062a\u0646\u0627\u0648\u0644 <strong data-start=\"\u20192441\u2018\" data-end=\"\u201d2475\u201c\">1.5 \u062c\u0631\u0627\u0645 \u0645\u0631\u0629 \u0623\u0648 \u0645\u0631\u062a\u064a\u0646 \u064a\u0648\u0645\u064a\u064b\u0627<\/strong> \u0642\u0628\u0644 \u0627\u0644\u062a\u0645\u0631\u064a\u0646 \u0623\u0648 \u062d\u0633\u0628 \u062d\u0627\u062c\u062a\u0643<\/p>\n<p data-start=\"2519\" data-end=\"2630\">\u0634\u0643\u0644 \u0645\u0633\u062d\u0648\u0642 \u0633\u0647\u0644 \u0627\u0644\u0625\u0636\u0627\u0641\u0629 \u0625\u0644\u0649 \u0645\u0634\u0631\u0648\u0628\u0627\u062a\u0643 \u0623\u0648 \u0645\u0634\u0631\u0648\u0628\u0627\u062a\u0643 \u0627\u0644\u0631\u064a\u0627\u0636\u064a\u0629.<\/p>\n<h3 data-start=\"2637\" data-end=\"2666\">\u0646\u0635\u0627\u0626\u062d \u0644\u0644\u0627\u0633\u062a\u062e\u062f\u0627\u0645<\/h3>\n<p data-start=\"2667\" data-end=\"2817\" class=\" translation-block\">\u2022 \u0645\u0646\u062a\u062c \u0645\u062e\u0635\u0635 \u0644\u0644\u0628\u0627\u0644\u063a\u064a\u0646<br data-start=\"\u201d2778\u201c\" data-end=\"\u201d2781\u201c\">\u2022 \u0644\u0627 \u062a\u062a\u062c\u0627\u0648\u0632 \u0627\u0644\u062c\u0631\u0639\u0629 \u0627\u0644\u0645\u0648\u0635\u0649 \u0628\u0647\u0627<br data-start=\"\u201d2818\u201c\" data-end=\"\u201d2821\u201c\">\u2022 \u064a\u0633\u062a\u062e\u062f\u0645 \u0641\u064a \u0625\u0637\u0627\u0631 <strong data-start=\"\u201d2855\u201c\" data-end=\"\u201d2882\u201c\">\u0646\u0638\u0627\u0645 \u063a\u0630\u0627\u0626\u064a \u0645\u062a\u0648\u0627\u0632\u0646<\/strong><br data-start=\"\u20192882\u2018\" data-end=\"\u201d2885\u201c\">\u2022 \u064a\u062d\u0641\u0638 \u0628\u0639\u064a\u062f\u064b\u0627 \u0639\u0646 \u0645\u062a\u0646\u0627\u0648\u0644 \u0627\u0644\u0623\u0637\u0641\u0627\u0644<\/p>\n<p data-start=\"2667\" data-end=\"2817\"><img decoding=\"async\" class=\"alignnone size-medium wp-image-20032\" src=\"https:\/\/elitenutritionmaroc.com\/wp-content\/uploads\/2025\/09\/L-arginine-poudre-300g-\u2013-Acide-Amine-Premium-Elite-Nutrition-Maroc-1-300x300.jpg\" alt=\"L-arginine poudre 300g \u2013 Acide Amin\u00e9 Premium Elite Nutrition Maroc\" width=\"300\" height=\"300\" srcset=\"https:\/\/elitenutritionmaroc.com\/wp-content\/uploads\/2025\/09\/L-arginine-poudre-300g-\u2013-Acide-Amine-Premium-Elite-Nutrition-Maroc-1-300x300.jpg 300w, https:\/\/elitenutritionmaroc.com\/wp-content\/uploads\/2025\/09\/L-arginine-poudre-300g-\u2013-Acide-Amine-Premium-Elite-Nutrition-Maroc-1-800x800.jpg 800w, https:\/\/elitenutritionmaroc.com\/wp-content\/uploads\/2025\/09\/L-arginine-poudre-300g-\u2013-Acide-Amine-Premium-Elite-Nutrition-Maroc-1-150x150.jpg 150w, https:\/\/elitenutritionmaroc.com\/wp-content\/uploads\/2025\/09\/L-arginine-poudre-300g-\u2013-Acide-Amine-Premium-Elite-Nutrition-Maroc-1-768x768.jpg 768w, https:\/\/elitenutritionmaroc.com\/wp-content\/uploads\/2025\/09\/L-arginine-poudre-300g-\u2013-Acide-Amine-Premium-Elite-Nutrition-Maroc-1-12x12.jpg 12w, https:\/\/elitenutritionmaroc.com\/wp-content\/uploads\/2025\/09\/L-arginine-poudre-300g-\u2013-Acide-Amine-Premium-Elite-Nutrition-Maroc-1-860x860.jpg 860w, https:\/\/elitenutritionmaroc.com\/wp-content\/uploads\/2025\/09\/L-arginine-poudre-300g-\u2013-Acide-Amine-Premium-Elite-Nutrition-Maroc-1-430x430.jpg 430w, https:\/\/elitenutritionmaroc.com\/wp-content\/uploads\/2025\/09\/L-arginine-poudre-300g-\u2013-Acide-Amine-Premium-Elite-Nutrition-Maroc-1-700x700.jpg 700w, https:\/\/elitenutritionmaroc.com\/wp-content\/uploads\/2025\/09\/L-arginine-poudre-300g-\u2013-Acide-Amine-Premium-Elite-Nutrition-Maroc-1.jpg 1080w\" sizes=\"(max-width: 300px) 100vw, 300px\" \/><\/p>\n<h3 data-start=\"2824\" data-end=\"2868\">\u2b50 \u0644\u0645\u0627\u0630\u0627 \u062a\u062e\u062a\u0627\u0631 Elite Nutrition Morocco<\/h3>\n<p data-start=\"2869\" data-end=\"3190\" class=\" translation-block\">\u062a\u0642\u062f\u0645 Elite Nutrition Maroc <strong data-start=\"\u201d2903\u201c\" data-end=\"\u201d2940\u201c\">\u0645\u0643\u0645\u0644\u0627\u062a \u063a\u0630\u0627\u0626\u064a\u0629 \u0639\u0627\u0644\u064a\u0629 \u0627\u0644\u062c\u0648\u062f\u0629<\/strong>\u060c \u062a\u0645 \u0627\u062e\u062a\u064a\u0627\u0631\u0647\u0627 \u0628\u0639\u0646\u0627\u064a\u0629 \u0644\u0640 <strong data-start=\"\u20192980\u2018\" data-end=\"\u201d3068\u201c\">\u062a\u0623\u062b\u064a\u0631\u0647\u0627 \u0627\u0644\u0623\u0645\u062b\u0644 \u0639\u0644\u0649 \u0627\u0644\u0623\u062f\u0627\u0621 \u0627\u0644\u0631\u064a\u0627\u0636\u064a \u0648\u0627\u0644\u0627\u0646\u062a\u0639\u0627\u0634 \u0648\u0627\u0644\u0631\u0641\u0627\u0647\u064a\u0629 \u0627\u0644\u0639\u0627\u0645\u0629<\/strong>. \u0645\u0639 L-ARGININE POWDER 300G\u060c \u0633\u062a\u0633\u062a\u0641\u064a\u062f \u0645\u0646 \u0645\u0646\u062a\u062c <strong data-start=\"\u201d3128\u201c\" data-end=\"\u201d3189\u201c\">\u0646\u0642\u064a \u0648\u0641\u0639\u0627\u0644 \u0648\u0645\u0646\u0627\u0633\u0628 \u0644\u0623\u0647\u062f\u0627\u0641\u0643 \u0627\u0644\u0631\u064a\u0627\u0636\u064a\u0629 \u0648\u0627\u0644\u0635\u062d\u064a\u0629<\/strong>.<\/p>","protected":false},"excerpt":{"rendered":"<p>L-Arginine Powder &#8211; 300g est un compl\u00e9ment alimentaire premium \u00e0 base de L-arginine pure, sp\u00e9cialement formul\u00e9 pour les sportifs, les<\/p>","protected":false},"featured_media":20037,"comment_status":"open","ping_status":"closed","template":"","meta":[],"product_brand":[228],"product_cat":[509],"product_tag":[298,299],"class_list":{"0":"post-17221","1":"product","2":"type-product","3":"status-publish","4":"has-post-thumbnail","6":"product_brand-biotesh","7":"product_cat-acides-amines-au-maroc","8":"product_tag-arginine","9":"product_tag-citruline","11":"first","12":"instock","13":"sale","14":"shipping-taxable","15":"purchasable","16":"product-type-simple"},"_links":{"self":[{"href":"https:\/\/elitenutritionmaroc.com\/ar\/wp-json\/wp\/v2\/product\/17221","targetHints":{"allow":["GET"]}}],"collection":[{"href":"https:\/\/elitenutritionmaroc.com\/ar\/wp-json\/wp\/v2\/product"}],"about":[{"href":"https:\/\/elitenutritionmaroc.com\/ar\/wp-json\/wp\/v2\/types\/product"}],"replies":[{"embeddable":true,"href":"https:\/\/elitenutritionmaroc.com\/ar\/wp-json\/wp\/v2\/comments?post=17221"}],"version-history":[{"count":0,"href":"https:\/\/elitenutritionmaroc.com\/ar\/wp-json\/wp\/v2\/product\/17221\/revisions"}],"wp:featuredmedia":[{"embeddable":true,"href":"https:\/\/elitenutritionmaroc.com\/ar\/wp-json\/wp\/v2\/media\/20037"}],"wp:attachment":[{"href":"https:\/\/elitenutritionmaroc.com\/ar\/wp-json\/wp\/v2\/media?parent=17221"}],"wp:term":[{"taxonomy":"product_brand","embeddable":true,"href":"https:\/\/elitenutritionmaroc.com\/ar\/wp-json\/wp\/v2\/product_brand?post=17221"},{"taxonomy":"product_cat","embeddable":true,"href":"https:\/\/elitenutritionmaroc.com\/ar\/wp-json\/wp\/v2\/product_cat?post=17221"},{"taxonomy":"product_tag","embeddable":true,"href":"https:\/\/elitenutritionmaroc.com\/ar\/wp-json\/wp\/v2\/product_tag?post=17221"}],"curies":[{"name":"wp","href":"https:\/\/api.w.org\/{rel}","templated":true}]}}