{"id":17205,"date":"2025-09-08T14:58:27","date_gmt":"2025-09-08T13:58:27","guid":{"rendered":"https:\/\/elitenutritionmaroc.com\/?post_type=product&#038;p=17205"},"modified":"2026-02-27T15:34:18","modified_gmt":"2026-02-27T15:34:18","slug":"vital-plus-zinc-30mg-100-comprimes","status":"publish","type":"product","link":"https:\/\/elitenutritionmaroc.com\/ar\/product\/vital-plus-zinc-30mg-100-comprimes\/","title":{"rendered":"\u0641\u064a\u062a\u0627\u0644 \u0628\u0644\u0633 \u0632\u0646\u0643 30 \u0645\u0644\u063a 100 \u062d\u0628\u0629"},"content":{"rendered":"<h2 data-start=\"125\" data-end=\"190\">\ud83d\udee1\ufe0f \u0632\u0646\u0643 \u0628\u064a\u0633\u063a\u0644\u064a\u0633\u064a\u0646\u0627\u062a \u2014 100 \u0642\u0631\u0635 \u0628\u064a\u0648\u0641\u0627\u0626\u0642\u0629 \u0627\u0644\u0627\u0645\u062a\u0635\u0627\u0635<\/h2>\n<p data-start=\"192\" data-end=\"404\" class=\" translation-block\"><strong data-start=\"192\" data-end=\"229\">\u0632\u0646\u0643 \u0628\u064a\u0633\u063a\u0644\u064a\u0633\u064a\u0646\u0627\u062a \u2013 100 \u0642\u0631\u0635<\/strong> \u0647\u0648 <strong data-start=\"237\" data-end=\"271\">\u0645\u0643\u0645\u0644 \u063a\u0630\u0627\u0626\u064a \u0641\u0627\u062e\u0631<\/strong>\u060c \u0645\u064f\u0631\u0643\u0628 \u0645\u0646 <strong data-start=\"291\" data-end=\"320\">\u0632\u0646\u0643 \u0645\u062e\u0644\u0628 \u0627\u0644\u062c\u0644\u0627\u064a\u0633\u064a\u0646<\/strong>\u060c \u0627\u0644\u0645\u0639\u0631\u0648\u0641 \u0628<strong data-start=\"338\" data-end=\"364\">\u062a\u0648\u0627\u0641\u0631\u0647 \u0627\u0644\u0628\u064a\u0648\u0644\u0648\u062c\u064a \u0627\u0644\u0639\u0627\u0644\u064a<\/strong> \u0648<strong data-start=\"371\" data-end=\"403\">\u062a\u062d\u0645\u0644\u0647 \u0627\u0644\u0647\u0636\u0645\u064a \u0627\u0644\u0645\u062b\u0627\u0644\u064a<\/strong>.<\/p>\n<p data-start=\"406\" data-end=\"646\" class=\" translation-block\">\u0627\u0644\u0632\u0646\u0643 \u0647\u0648 <strong data-start=\"421\" data-end=\"448\">\u0639\u0646\u0635\u0631 \u0646\u0627\u062f\u0631 \u0623\u0633\u0627\u0633\u064a<\/strong>\u060c \u064a\u0634\u0627\u0631\u0643 \u0641\u064a \u0623\u0643\u062b\u0631 \u0645\u0646 <strong data-start=\"472\" data-end=\"502\">300 \u062a\u0641\u0627\u0639\u0644 \u0625\u0646\u0632\u064a\u0645\u064a<\/strong>. \u064a\u0644\u0639\u0628 \u062f\u0648\u0631\u064b\u0627 \u0631\u0626\u064a\u0633\u064a\u064b\u0627 \u0641\u064a <strong data-start=\"531\" data-end=\"543\">\u0627\u0644\u0645\u0646\u0627\u0639\u0629<\/strong>\u060c \u0648<strong data-start=\"548\" data-end=\"568\">\u0635\u062d\u0629 \u0627\u0644\u062c\u0644\u062f<\/strong>\u060c \u0648<strong data-start=\"574\" data-end=\"585\">\u0627\u0644\u0634\u0639\u0631<\/strong>\u060c \u0648<strong data-start=\"591\" data-end=\"601\">\u0627\u0644\u0623\u0638\u0627\u0641\u0631<\/strong> \u0648\u0627\u0644<strong data-start=\"608\" data-end=\"645\">\u0627\u0644\u0639\u0645\u0644 \u0627\u0644\u062c\u064a\u062f \u0644\u0639\u0645\u0644\u064a\u0629 \u0627\u0644\u0623\u064a\u0636<\/strong>.<\/p>\n<p data-start=\"648\" data-end=\"759\" class=\" translation-block\">\u0628\u0641\u0636\u0644 \u0634\u0643\u0644\u0647 <strong data-start=\"665\" data-end=\"681\">\u0628\u064a\u0633\u063a\u0644\u064a\u0633\u064a\u0646\u0627\u062a<\/strong>\u060c \u064a\u0645\u062a\u0635 \u0627\u0644\u062c\u0633\u0645 \u0627\u0644\u0632\u0646\u0643 \u0628\u0634\u0643\u0644 \u0623\u0641\u0636\u0644\u060c \u0644\u062a\u062d\u0642\u064a\u0642 \u0641\u0639\u0627\u0644\u064a\u0629 \u062d\u0642\u064a\u0642\u064a\u0629 \u064a\u0648\u0645\u064a\u064b\u0627.<\/p>\n<h2 data-start=\"766\" data-end=\"791\">\u2b50 \u0627\u0644\u0645\u0632\u0627\u064a\u0627 \u0627\u0644\u0631\u0626\u064a\u0633\u064a\u0629<\/h2>\n<p data-start=\"793\" data-end=\"893\" class=\" translation-block\">\ud83d\udee1\ufe0f <strong data-start=\"797\" data-end=\"831\"> \u062f\u0639\u0645 \u0627\u0644\u062c\u0647\u0627\u0632 \u0627\u0644\u0645\u0646\u0627\u0639\u064a<\/strong>&lt;br \u062f\u0639\u0645 \u0627\u0644\u0646\u0638\u0627\u0645 \u0627\u0644\u0645\u0646\u0627\u0639\u064a<\/strong><br data-start=\"831\" data-end=\"834\"> \u064a\u0633\u0627\u0647\u0645 \u0641\u064a \u0627\u0644\u0648\u0638\u064a\u0641\u0629 \u0627\u0644\u0637\u0628\u064a\u0639\u064a\u0629 \u0644\u0644\u062f\u0641\u0627\u0639\u0627\u062a \u0627\u0644\u0637\u0628\u064a\u0639\u064a\u0629. \u064a\u0633\u0627\u0647\u0645 \u0641\u064a \u0627\u0644\u062a\u0634\u063a\u064a\u0644 \u0627\u0644\u0637\u0628\u064a\u0639\u064a \u0644\u0644\u062f\u0641\u0627\u0639\u0627\u062a \u0627\u0644\u0637\u0628\u064a\u0639\u064a\u0629.<\/p>\n<p data-start=\"895\" data-end=\"981\" class=\" translation-block\">\u2728 <strong> \u0627\u0644\u0628\u0634\u0631\u0629\u060c \u0627\u0644\u0634\u0639\u0631 \u0648\u0627\u0644\u0623\u0638\u0627\u0641\u0631<\/strong><br data-start=\"923\" data-end=\"926\"> \u0645\u0633\u0627\u0639\u062f\u0629 \u0641\u064a \u0627\u0644\u062d\u0641\u0627\u0638 \u0639\u0644\u0649 \u0627\u0644\u0634\u0639\u0631 \u0648\u0627\u0644\u0623\u0638\u0627\u0641\u0631 \u0628\u0634\u0643\u0644 \u0637\u0628\u064a\u0639\u064a \u0648\u0635\u062d\u064a.<\/p>\n<p data-start=\"983\" data-end=\"1079\" class=\" translation-block\">\ud83e\uddec <strong data-start=\"986\" data-end=\"1011\"> \u0627\u0644\u062d\u0645\u0627\u064a\u0629 \u0627\u0644\u062e\u0644\u0648\u064a\u0629<\/strong><br data-start=\"1011\" data-end=\"1014\"> \u064a\u0634\u0627\u0631\u0643 \u0641\u064a \u062d\u0645\u0627\u064a\u0629 \u0627\u0644\u062e\u0644\u0627\u064a\u0627 \u0645\u0646 \u0627\u0644\u0625\u062c\u0647\u0627\u062f \u0627\u0644\u062a\u0623\u0643\u0633\u062f\u064a.<\/p>\n<p data-start=\"1081\" data-end=\"1223\" class=\" translation-block\">\u2699\ufe0f &lt;strong \u0628\u064a\u0627\u0646\u0627\u062a \u0627\u0644\u0628\u062f\u0627\u064a\u0629=&quot;1084&quot; \u0628\u064a\u0627\u0646\u0627\u062a \u0627\u0644\u0646\u0647\u0627\u064a\u0629=&quot;1120&quot; \u0627\u0644\u0623\u064a\u0636 \u0648\u062a\u062e\u0644\u064a\u0642 \u0627\u0644\u0628\u0631\u0648\u062a\u064a\u0646\u0627\u062a <br data-start=\"1120\" data-end=\"1123\"> \u064a\u062a\u062f\u062e\u0644 \u0641\u064a \u0639\u0645\u0644\u064a\u0629 \u0627\u0644\u062a\u0645\u062b\u064a\u0644 \u0627\u0644\u063a\u0630\u0627\u0626\u064a \u0644\u0644\u0645\u063a\u0630\u064a\u0627\u062a \u0627\u0644\u0643\u0628\u064a\u0631\u0629 \u0648\u0641\u064a \u0627\u0644\u062a\u062e\u0644\u064a\u0642 \u0627\u0644\u0637\u0628\u064a\u0639\u064a \u0644\u0644\u0628\u0631\u0648\u062a\u064a\u0646\u0627\u062a \u0648\u0627\u0644\u062d\u0645\u0636 \u0627\u0644\u0646\u0648\u0648\u064a.<\/p>\n<p data-start=\"1225\" data-end=\"1322\" class=\" translation-block\">\ud83c\udf3f &lt;strong \u0628\u064a\u0627\u0646\u0627\u062a \u0627\u0644\u0628\u062f\u0627\u064a\u0629=&quot;1228&quot; \u0628\u064a\u0627\u0646\u0627\u062a \u0627\u0644\u0646\u0647\u0627\u064a\u0629=&quot;1257&quot; \u062a\u062d\u0645\u0644 \u0647\u0636\u0645\u064a \u0639\u0627\u0644\u064a<\/strong>&lt;br \u0627\u0644\u0633\u064a\u0627\u0642: \u0627\u0644\u062a\u062d\u0645\u0644 \u0627\u0644\u0647\u0636\u0645\u064a \u0627\u0644\u0639\u0627\u0644\u064a<br data-start=\"1257\" data-end=\"1260\"> \u0634\u0643\u0644 \u0644\u0637\u064a\u0641 \u0644\u0644\u0645\u0639\u062f\u0629\u060c \u0645\u062b\u0627\u0644\u064a \u0644\u0644\u0627\u0633\u062a\u062e\u062f\u0627\u0645 \u0627\u0644\u064a\u0648\u0645\u064a. \u0634\u0643\u0644 \u0644\u0637\u064a\u0641 \u0644\u0644\u0645\u0639\u062f\u0629\u060c \u0645\u062b\u0627\u0644\u064a \u0644\u0644\u0627\u0633\u062a\u062e\u062f\u0627\u0645 \u0627\u0644\u064a\u0648\u0645\u064a.<\/p>\n<p data-start=\"1225\" data-end=\"1322\"><img fetchpriority=\"high\" decoding=\"async\" class=\"alignnone size-medium wp-image-19380\" src=\"https:\/\/elitenutritionmaroc.com\/wp-content\/uploads\/2025\/09\/Gemini_Generated_Image_to59hdto59hdto59-300x300.jpg\" alt=\"Zinc Bisglycinate 100 Comprim\u00e9s\" width=\"300\" height=\"300\" srcset=\"https:\/\/elitenutritionmaroc.com\/wp-content\/uploads\/2025\/09\/Gemini_Generated_Image_to59hdto59hdto59-300x300.jpg 300w, https:\/\/elitenutritionmaroc.com\/wp-content\/uploads\/2025\/09\/Gemini_Generated_Image_to59hdto59hdto59-800x800.jpg 800w, https:\/\/elitenutritionmaroc.com\/wp-content\/uploads\/2025\/09\/Gemini_Generated_Image_to59hdto59hdto59-150x150.jpg 150w, https:\/\/elitenutritionmaroc.com\/wp-content\/uploads\/2025\/09\/Gemini_Generated_Image_to59hdto59hdto59-768x768.jpg 768w, https:\/\/elitenutritionmaroc.com\/wp-content\/uploads\/2025\/09\/Gemini_Generated_Image_to59hdto59hdto59-860x860.jpg 860w, https:\/\/elitenutritionmaroc.com\/wp-content\/uploads\/2025\/09\/Gemini_Generated_Image_to59hdto59hdto59-430x430.jpg 430w, https:\/\/elitenutritionmaroc.com\/wp-content\/uploads\/2025\/09\/Gemini_Generated_Image_to59hdto59hdto59-700x700.jpg 700w, https:\/\/elitenutritionmaroc.com\/wp-content\/uploads\/2025\/09\/Gemini_Generated_Image_to59hdto59hdto59.jpg 1264w\" sizes=\"(max-width: 300px) 100vw, 300px\" \/><\/p>\n<h2 data-start=\"1329\" data-end=\"1375\">\ud83d\udd2c \u0644\u0645\u0627\u0630\u0627 \u062a\u062e\u062a\u0627\u0631 \u0634\u0643\u0644 \u0627\u0644\u0628\u064a\u0633\u063a\u0644\u064a\u0633\u064a\u0646\u0627\u062a\u061f<\/h2>\n<p data-start=\"1377\" data-end=\"1454\" class=\" translation-block\">\u0627\u0644\u0632\u0646\u0643 \u062b\u0646\u0627\u0626\u064a \u0627\u0644\u062c\u0644\u0627\u064a\u0633\u064a\u0646 \u0645\u0631\u062a\u0628\u0637 \u0628\u062c\u0632\u064a\u0626\u064a\u0646 \u0645\u0646 \u0627\u0644\u062c\u0644\u0627\u064a\u0633\u064a\u0646\u060c \u0645\u0645\u0627 \u064a\u0633\u0645\u062d: \u0632\u0646\u0643 \u062b\u0646\u0627\u0626\u064a \u0627\u0644\u062c\u0644\u0627\u064a\u0633\u064a\u0646<\/strong> \u0645\u0631\u062a\u0628\u0637 \u0628\u062c\u0632\u064a\u0626\u064a\u0646 \u0645\u0646 \u0627\u0644\u062c\u0644\u0627\u064a\u0633\u064a\u0646\u060c \u0645\u0645\u0627 \u064a\u0633\u0645\u062d \u0628\u0640:<\/p>\n<p data-start=\"1456\" data-end=\"1606\" class=\" translation-block\">\u2714\ufe0f \u0627\u0645\u062a\u0635\u0627\u0635 \u0623\u0641\u0636\u0644 \u0645\u0646 \u0627\u0644\u0623\u0634\u0643\u0627\u0644 \u0627\u0644\u062a\u0642\u0644\u064a\u062f\u064a\u0629 \u0627\u0645\u062a\u0635\u0627\u0635 \u0623\u0641\u0636\u0644<\/strong> \u0645\u0646 \u0627\u0644\u0623\u0634\u0643\u0627\u0644 \u0627\u0644\u062a\u0642\u0644\u064a\u062f\u064a\u0629<br data-start=\"1513\" data-end=\"1516\"> \u2714\ufe0f \u0627\u0633\u062a\u062e\u062f\u0627\u0645 \u0623\u0643\u062b\u0631 \u0641\u0639\u0627\u0644\u064a\u0629 \u0645\u0646 \u0642\u0628\u0644 \u0627\u0644\u062c\u0633\u0645 \u0627\u0633\u062a\u062e\u062f\u0627\u0645 \u0623\u0643\u062b\u0631 \u0641\u0639\u0627\u0644\u064a\u0629 \u0645\u0646 \u0642\u0628\u0644 \u0627\u0644\u062c\u0633\u0645<br data-start=\"1568\" data-end=\"1571\"> \u2714\ufe0f \u0623\u0642\u0644 \u062a\u0647\u064a\u062c\u0627\u062a \u0647\u0636\u0645\u064a\u0629<\/p>\n<p data-start=\"1608\" data-end=\"1692\" class=\" translation-block\">\u0625\u0646\u0647\u0627 \u0648\u0627\u062d\u062f\u0629 \u0645\u0646 \u0623\u0643\u062b\u0631 \u0627\u0644\u0623\u0634\u0643\u0627\u0644 \u0627\u0644\u0645\u0648\u0635\u0649 \u0628\u0647\u0627 \u0644\u0640 <strong data-start=\"1662\" data-end=\"1691\">\u0627\u0644\u062a\u0643\u0645\u0644\u0629 \u0627\u0644\u0645\u0646\u062a\u0638\u0645\u0629<\/strong>.<\/p>\n<h2 data-start=\"1699\" data-end=\"1723\">\ud83d\udcca \u0637\u0631\u064a\u0642\u0629 \u0627\u0644\u0627\u0633\u062a\u062e\u062f\u0627\u0645<\/h2>\n<p data-start=\"1725\" data-end=\"1919\" class=\" translation-block\">\ud83d\udd39 <strong data-start=\"1728\" data-end=\"1753\"> \u0627\u0644\u062c\u0631\u0639\u0629 \u0627\u0644\u0645\u0648\u0635\u0649 \u0628\u0647\u0627: 1 \u0642\u0631\u0635 \u0641\u064a \u0627\u0644\u064a\u0648\u0645 \ud83d\udd39 \u064a\u0624\u062e\u0630 <strong data-start=\"1791\" data-end=\"1811\"> \u0623\u062b\u0646\u0627\u0621 \u0627\u0644\u0648\u062c\u0628\u0629 \u0623\u0648 \u0645\u0639 \u0643\u0648\u0628 \u0643\u0628\u064a\u0631 \u0645\u0646 \u0627\u0644\u0645\u0627\u0621<br data-start=\"1840\" data-end=\"1843\"> \ud83d\udd39 \u0645\u0646\u0627\u0633\u0628 \u0644\u0644\u0628\u0627\u0644\u063a\u064a\u0646 \u0648\u0627\u0644\u0645\u0631\u0627\u0647\u0642\u064a\u0646 (\u062a\u062d\u062a \u0625\u0634\u0631\u0627\u0641 \u0637\u0628\u064a \u0625\u0630\u0627 \u0644\u0632\u0645 \u0627\u0644\u0623\u0645\u0631)<\/p>\n<h2 data-start=\"1926\" data-end=\"1952\">\u26a0\ufe0f \u0627\u062d\u062a\u064a\u0627\u0637\u0627\u062a \u0627\u0644\u0627\u0633\u062a\u062e\u062f\u0627\u0645<\/h2>\n<p data-start=\"1954\" data-end=\"2223\" class=\" translation-block\">\ud83d\udd38 \u0644\u0627 \u064a\u064f\u0639\u0648\u0636 \u0646\u0638\u0627\u0645\u064b\u0627 \u063a\u0630\u0627\u0626\u064a\u064b\u0627 \u0645\u062a\u0646\u0648\u0639\u064b\u0627 \u0648\u0645\u062a\u0648\u0627\u0632\u0646\u064b\u0627<br data-start=\"2010\" data-end=\"2013\"> \ud83d\udd38 \u0644\u0627 \u062a\u062a\u062c\u0627\u0648\u0632 \u0627\u0644\u062c\u0631\u0639\u0629 \u0627\u0644\u064a\u0648\u0645\u064a\u0629 \u0627\u0644\u0645\u0648\u0635\u0649 \u0628\u0647\u0627<br data-start=\"2063\" data-end=\"2066\"> \ud83d\udd38 \u064a\u064f\u062d\u0641\u0638 \u0628\u0639\u064a\u062f\u064b\u0627 \u0639\u0646 \u0645\u062a\u0646\u0627\u0648\u0644 \u0627\u0644\u0623\u0637\u0641\u0627\u0644 \ud83d\udd38 \u0627\u0633\u062a\u0634\u0627\u0631\u0629 \u0623\u062e\u0635\u0627\u0626\u064a \u0635\u062d\u064a \u0641\u064a \u062d\u0627\u0644\u0629 \u0627\u0644\u062d\u0645\u0644 \u0623\u0648 \u0627\u0644\u0631\u0636\u0627\u0639\u0629 \u0623\u0648 \u0648\u062c\u0648\u062f \u062d\u0627\u0644\u0629 \u0637\u0628\u064a\u0629 \u062e\u0627\u0635\u0629<\/p>\n<h2 data-start=\"2230\" data-end=\"2258\">\u2705 \u0627\u0644\u0641\u0648\u0627\u0626\u062f \u0627\u0644\u0631\u0626\u064a\u0633\u064a\u0629<\/h2>\n<p data-start=\"2260\" data-end=\"2396\" class=\" translation-block\">\u2705 \u0645\u0646\u0627\u0639\u0629 \u0645\u0639\u0632\u0632\u0629<br data-start=\"2280\" data-end=\"2283\"> \u2705 \u0628\u0634\u0631\u0629 \u0648\u0634\u0639\u0631 \u0648\u0623\u0638\u0627\u0641\u0631 \u0623\u0643\u062b\u0631 \u0645\u0642\u0627\u0648\u0645\u0629<br data-start=\"2324\" data-end=\"2327\"> \u2705 \u062f\u0639\u0645 \u0627\u0644\u0623\u064a\u0636<br data-start=\"2348\" data-end=\"2351\"> \u2705 \u0627\u0645\u062a\u0635\u0627\u0635 \u0645\u062b\u0627\u0644\u064a<br data-start=\"2372\" data-end=\"2375\"> \u2705 \u0639\u0645\u0644 \u0645\u0636\u0627\u062f \u0644\u0644\u0623\u0643\u0633\u062f\u0629<\/p>\n<h4 data-start=\"2403\" data-end=\"2429\" class=\" translation-block\">\ud83d\udd25 &lt;strong \u062f\u0639\u0645 \u0635\u062d\u062a\u0643 \u0627\u0644\u0639\u0627\u0645\u0629 \u0645\u0639 \u0632\u0646\u0643 \u0628\u064a\u0632\u063a\u0644\u064a\u0633\u064a\u0646\u0627\u062a. \u0627\u062f\u0639\u0645 \u0635\u062d\u062a\u0643 \u0627\u0644\u0639\u0627\u0645\u0629 \u0645\u0639 \u0632\u0646\u0643 \u0628\u064a\u0633\u062c\u0644\u064a\u0633\u064a\u0646\u0627\u062a. <\/strong><br data-start=\"2487\" data-end=\"2490\"> \u0627\u062f\u0645\u062c\u0647 \u0641\u064a \u0631\u0648\u062a\u064a\u0646\u0643 \u0627\u0644\u064a\u0648\u0645\u064a \u0648\u0627\u0637\u0644\u0628\u0647 \u0627\u0644\u0622\u0646 \u0644\u062a\u0639\u0632\u064a\u0632 \u062f\u0641\u0627\u0639\u0627\u062a\u0643 \u0627\u0644\u0637\u0628\u064a\u0639\u064a\u0629.<\/h4>","protected":false},"excerpt":{"rendered":"<p>\ud83d\udee1\ufe0f Zinc Bisglycinate \u2014 100 Comprim\u00e9s \u00e0 Haute Biodisponibilit\u00e9 Zinc Bisglycinate \u2013 100 comprim\u00e9s est un compl\u00e9ment alimentaire premium, formul\u00e9<\/p>","protected":false},"featured_media":20253,"comment_status":"open","ping_status":"closed","template":"","meta":[],"product_brand":[285],"product_cat":[486],"product_tag":[286],"class_list":{"0":"post-17205","1":"product","2":"type-product","3":"status-publish","4":"has-post-thumbnail","6":"product_brand-vital","7":"product_cat-vitamines-et-mineraux","8":"product_tag-zinc","10":"first","11":"instock","12":"sale","13":"featured","14":"shipping-taxable","15":"purchasable","16":"product-type-simple"},"_links":{"self":[{"href":"https:\/\/elitenutritionmaroc.com\/ar\/wp-json\/wp\/v2\/product\/17205","targetHints":{"allow":["GET"]}}],"collection":[{"href":"https:\/\/elitenutritionmaroc.com\/ar\/wp-json\/wp\/v2\/product"}],"about":[{"href":"https:\/\/elitenutritionmaroc.com\/ar\/wp-json\/wp\/v2\/types\/product"}],"replies":[{"embeddable":true,"href":"https:\/\/elitenutritionmaroc.com\/ar\/wp-json\/wp\/v2\/comments?post=17205"}],"version-history":[{"count":1,"href":"https:\/\/elitenutritionmaroc.com\/ar\/wp-json\/wp\/v2\/product\/17205\/revisions"}],"predecessor-version":[{"id":20254,"href":"https:\/\/elitenutritionmaroc.com\/ar\/wp-json\/wp\/v2\/product\/17205\/revisions\/20254"}],"wp:featuredmedia":[{"embeddable":true,"href":"https:\/\/elitenutritionmaroc.com\/ar\/wp-json\/wp\/v2\/media\/20253"}],"wp:attachment":[{"href":"https:\/\/elitenutritionmaroc.com\/ar\/wp-json\/wp\/v2\/media?parent=17205"}],"wp:term":[{"taxonomy":"product_brand","embeddable":true,"href":"https:\/\/elitenutritionmaroc.com\/ar\/wp-json\/wp\/v2\/product_brand?post=17205"},{"taxonomy":"product_cat","embeddable":true,"href":"https:\/\/elitenutritionmaroc.com\/ar\/wp-json\/wp\/v2\/product_cat?post=17205"},{"taxonomy":"product_tag","embeddable":true,"href":"https:\/\/elitenutritionmaroc.com\/ar\/wp-json\/wp\/v2\/product_tag?post=17205"}],"curies":[{"name":"wp","href":"https:\/\/api.w.org\/{rel}","templated":true}]}}