{"id":17172,"date":"2025-09-06T21:48:36","date_gmt":"2025-09-06T20:48:36","guid":{"rendered":"https:\/\/elitenutritionmaroc.com\/?post_type=product&#038;p=17172"},"modified":"2026-02-06T18:59:21","modified_gmt":"2026-02-06T17:59:21","slug":"womens-multi-60-unites","status":"publish","type":"product","link":"https:\/\/elitenutritionmaroc.com\/ar\/product\/womens-multi-60-unites\/","title":{"rendered":"\u0645\u0643\u0645\u0644 \u063a\u0630\u0627\u0626\u064a \u0645\u062a\u0639\u062f\u062f \u0627\u0644\u0641\u0648\u0627\u0626\u062f \u0644\u0644\u0646\u0633\u0627\u0621 60 \u062d\u0628\u0629"},"content":{"rendered":"<div class=\"product-description\">\n<p data-start=\"1160\" data-end=\"1492\" class=\" translation-block\">Women\u2019s Multi 60 \u0648\u062d\u062f\u0627\u062a \u0647\u0648 <strong data-start=\"1218\" data-end=\"1280\">\u0645\u0643\u0645\u0644 \u063a\u0630\u0627\u0626\u064a \u0645\u062a\u0639\u062f\u062f \u0627\u0644\u0641\u064a\u062a\u0627\u0645\u064a\u0646\u0627\u062a \u0639\u0644\u0649 \u0634\u0643\u0644 \u062c\u0648\u0645\u064a\u0632<\/strong>\u060c \u0645\u0635\u0645\u0645 \u062e\u0635\u064a\u0635\u064b\u0627 \u0644\u062a\u0644\u0628\u064a\u0629 \u0627\u0644\u0627\u062d\u062a\u064a\u0627\u062c\u0627\u062a \u0627\u0644\u063a\u0630\u0627\u0626\u064a\u0629 \u0644\u0644\u0646\u0633\u0627\u0621. \u0645\u0635\u0646\u0648\u0639 \u0645\u0646 \u0642\u0628\u0644 <strong data-start=\"1358\" data-end=\"1371\">Sugarbear<\/strong> \u0648\u0645\u0648\u0632\u0639\/\u0645\u0642\u062f\u0645 \u0628\u0627\u0644\u0634\u0631\u0627\u0643\u0629 \u0645\u0639 <strong data-start=\"1414\" data-end=\"1439\">Elite Nutrition Maroc<\/strong>\u060c \u064a\u062c\u0645\u0639 \u0647\u0630\u0627 \u0627\u0644\u0645\u0646\u062a\u062c \u0628\u064a\u0646 <strong data-start=\"1458\" data-end=\"1491\">\u0627\u0644\u0641\u0639\u0627\u0644\u064a\u0629\u060c \u0627\u0644\u0637\u0639\u0645 \u0648\u0627\u0644\u0639\u0645\u0644\u064a\u0629<\/strong>.<\/p>\n<p data-start=\"1160\" data-end=\"1492\"><img fetchpriority=\"high\" decoding=\"async\" class=\"alignnone size-medium wp-image-20040\" src=\"https:\/\/elitenutritionmaroc.com\/wp-content\/uploads\/2025\/09\/Womens-Multi-60-unites-2-300x300.jpg\" alt=\"L-ARGININE POWDER 300G \u2013 Acide Amin\u00e9 Premium | Elite Nutrition Maroc\" width=\"300\" height=\"300\" srcset=\"https:\/\/elitenutritionmaroc.com\/wp-content\/uploads\/2025\/09\/Womens-Multi-60-unites-2-300x300.jpg 300w, https:\/\/elitenutritionmaroc.com\/wp-content\/uploads\/2025\/09\/Womens-Multi-60-unites-2-800x800.jpg 800w, https:\/\/elitenutritionmaroc.com\/wp-content\/uploads\/2025\/09\/Womens-Multi-60-unites-2-150x150.jpg 150w, https:\/\/elitenutritionmaroc.com\/wp-content\/uploads\/2025\/09\/Womens-Multi-60-unites-2-768x768.jpg 768w, https:\/\/elitenutritionmaroc.com\/wp-content\/uploads\/2025\/09\/Womens-Multi-60-unites-2-12x12.jpg 12w, https:\/\/elitenutritionmaroc.com\/wp-content\/uploads\/2025\/09\/Womens-Multi-60-unites-2-860x860.jpg 860w, https:\/\/elitenutritionmaroc.com\/wp-content\/uploads\/2025\/09\/Womens-Multi-60-unites-2-430x430.jpg 430w, https:\/\/elitenutritionmaroc.com\/wp-content\/uploads\/2025\/09\/Womens-Multi-60-unites-2-700x700.jpg 700w, https:\/\/elitenutritionmaroc.com\/wp-content\/uploads\/2025\/09\/Womens-Multi-60-unites-2.jpg 899w\" sizes=\"(max-width: 300px) 100vw, 300px\" \/><\/p>\n<h3 data-start=\"1499\" data-end=\"1536\">\u2713 \u062a\u0631\u0643\u064a\u0628\u0629 \u0643\u0627\u0645\u0644\u0629 \u062e\u0627\u0635\u0629 \u0628\u0627\u0644\u0646\u0633\u0627\u0621<\/h3>\n<p data-start=\"1537\" data-end=\"1670\" class=\" translation-block\">\u2022 \u0627\u0644\u0641\u064a\u062a\u0627\u0645\u064a\u0646\u0627\u062a \u0627\u0644\u0623\u0633\u0627\u0633\u064a\u0629 (A\u060c C\u060c D\u060c E\u060c \u0627\u0644\u0645\u062c\u0645\u0648\u0639\u0629 B)<br data-start=\"1584\" data-end=\"1587\"> \u2022 \u0645\u0639\u0627\u062f\u0646 \u062a\u062a\u0646\u0627\u0633\u0628 \u0645\u0639 \u0627\u062d\u062a\u064a\u0627\u062c\u0627\u062a \u0627\u0644\u0646\u0633\u0627\u0621 \u2022 \u0645\u0636\u0627\u062f\u0627\u062a \u0627\u0644\u0623\u0643\u0633\u062f\u0629 \u0644\u062d\u0645\u0627\u064a\u0629 \u0627\u0644\u062e\u0644\u0627\u064a\u0627<\/p>\n<p data-start=\"1672\" data-end=\"1831\" class=\" translation-block\">\u062a\u0631\u0643\u064a\u0628\u0629 \u0645\u062a\u0648\u0627\u0632\u0646\u0629 \u062a\u0647\u062f\u0641 \u0625\u0644\u0649 <strong data-start=\"1708\" data-end=\"1747\">\u062f\u0639\u0645 \u0627\u0644\u0648\u0638\u0627\u0626\u0641 \u0627\u0644\u064a\u0648\u0645\u064a\u0629<\/strong>\u060c \u0648<strong data-start=\"1751\" data-end=\"1763\">\u0627\u0644\u0645\u0646\u0627\u0639\u0629<\/strong>\u060c \u0648<strong data-start=\"1768\" data-end=\"1795\">\u0627\u0644\u0623\u064a\u0636 \u0627\u0644\u0637\u0627\u0642\u064a<\/strong> \u0648\u0635\u062d\u0629 \u0627\u0644\u0628\u0634\u0631\u0629\/\u0627\u0644\u0634\u0639\u0631.<\/p>\n<p data-start=\"1672\" data-end=\"1831\"><img decoding=\"async\" class=\"alignnone size-medium wp-image-20044\" src=\"https:\/\/elitenutritionmaroc.com\/wp-content\/uploads\/2025\/09\/Womens-Multi-60-unites-5-300x300.jpg\" alt=\"L-ARGININE POWDER 300G \u2013 Acide Amin\u00e9 Premium | Elite Nutrition Maroc\" width=\"300\" height=\"300\" srcset=\"https:\/\/elitenutritionmaroc.com\/wp-content\/uploads\/2025\/09\/Womens-Multi-60-unites-5-300x300.jpg 300w, https:\/\/elitenutritionmaroc.com\/wp-content\/uploads\/2025\/09\/Womens-Multi-60-unites-5-150x150.jpg 150w, https:\/\/elitenutritionmaroc.com\/wp-content\/uploads\/2025\/09\/Womens-Multi-60-unites-5-12x12.jpg 12w, https:\/\/elitenutritionmaroc.com\/wp-content\/uploads\/2025\/09\/Womens-Multi-60-unites-5-430x430.jpg 430w, https:\/\/elitenutritionmaroc.com\/wp-content\/uploads\/2025\/09\/Womens-Multi-60-unites-5.jpg 600w\" sizes=\"(max-width: 300px) 100vw, 300px\" \/><\/p>\n<h3 data-start=\"1838\" data-end=\"1878\">\u2713 \u0637\u0639\u0645 \u0644\u0630\u064a\u0630 \u0648\u0633\u0647\u0644 \u0627\u0644\u0627\u0633\u062a\u0647\u0644\u0627\u0643<\/h3>\n<p data-start=\"1879\" data-end=\"1998\" class=\" translation-block\">\u2022 60 \u0648\u062d\u062f\u0629 \u0645\u0646 <strong data-start=\"1894\" data-end=\"1918\"> \u0639\u0644\u0643\u0627\u062a \u0642\u0627\u0628\u0644\u0629 \u0644\u0644\u0645\u0636\u063a<\/strong><br data-start=\"1918\" data-end=\"1921\"> \u2022 \u0646\u0643\u0647\u0629 \u062d\u0644\u0648\u0629\u060c \u0628\u062f\u0648\u0646 \u0623\u0642\u0631\u0627\u0635 \u0635\u0639\u0628\u0629 \u0627\u0644\u0628\u0644\u0639 \u2022 \u0645\u0646\u0627\u0633\u0628 \u0644\u0644\u062d\u064a\u0627\u0629 \u0627\u0644\u0646\u0634\u0637\u0629<\/p>\n<p data-start=\"2000\" data-end=\"2108\" class=\" translation-block\">\u062a\u0642\u062f\u0645 \u0627\u0644\u062d\u0644\u0648\u0649 \u0627\u0644\u062c\u064a\u0644\u0627\u062a\u064a\u0646\u064a\u0629 \u0628\u062f\u064a\u0644\u0627\u064b \u0645\u0645\u062a\u0639\u064b\u0627 \u0644\u0644\u0623\u0642\u0631\u0627\u0635 \u0627\u0644\u062a\u0642\u0644\u064a\u062f\u064a\u0629 \u0644\u062a\u0646\u0627\u0648\u0644\u0647\u0627 \u0627\u0644\u064a\u0648\u0645\u064a \u0627\u0644\u0645\u0646\u062a\u0638\u0645.<\/p>\n<h3 data-start=\"2115\" data-end=\"2135\">\u2705 \u0627\u0644\u0641\u0648\u0627\u0626\u062f \u0627\u0644\u0631\u0626\u064a\u0633\u064a\u0629<\/h3>\n<p data-start=\"2136\" data-end=\"2321\" class=\" translation-block\">\u2022 <em data-start=\"2138\" data-end=\"2161\"> \u062f\u0639\u0645 \u0627\u0644\u0645\u0646\u0627\u0639\u0629 <br data-start=\"2161\" data-end=\"2164\"> \u2022 <em data-start=\"2166\" data-end=\"2214\"> \u062a\u0643\u0648\u064a\u0646 \u0627\u0644\u0637\u0627\u0642\u0629 \u0648\u062a\u0642\u0644\u064a\u0644 \u0627\u0644\u062a\u0639\u0628 <br data-start=\"2214\" data-end=\"2217\">\u2022 <em data-start=\"2219\" data-end=\"2267\"> \u062f\u0639\u0645 \u0627\u0644\u0623\u064a\u0636 \u0648\u0627\u0644\u0635\u062d\u0629 \u0627\u0644\u0639\u0627\u0645\u0629 <br data-start=\"2267\" data-end=\"2270\">\u2022 <em data-start=\"2272\" data-end=\"2321\"> \u0645\u0635\u0645\u0645 \u0644\u062a\u0644\u0628\u064a\u0629 \u0627\u0644\u0627\u062d\u062a\u064a\u0627\u062c\u0627\u062a \u0627\u0644\u062e\u0627\u0635\u0629 \u0628\u0627\u0644\u0646\u0633\u0627\u0621<\/p>\n<p data-start=\"2323\" data-end=\"2465\" class=\" translation-block\">\u062a\u0633\u0627\u0639\u062f \u0647\u0630\u0647 \u0627\u0644\u062a\u0631\u0643\u064a\u0628\u0629 \u0641\u064a \u0627\u0644\u062d\u0641\u0627\u0638 \u0639\u0644\u0649 <strong data-start=\"2361\" data-end=\"2398\">\u062a\u0648\u0627\u0632\u0646 \u063a\u0630\u0627\u0626\u064a \u064a\u0648\u0645\u064a<\/strong>\u060c \u062e\u0627\u0635\u0629 \u0641\u064a \u0641\u062a\u0631\u0627\u062a \u0627\u0644\u062a\u0648\u062a\u0631 \u0623\u0648 \u0627\u0644\u062a\u062f\u0631\u064a\u0628 \u0623\u0648 \u0646\u0645\u0637 \u0627\u0644\u062d\u064a\u0627\u0629 \u0627\u0644\u0645\u0632\u062f\u062d\u0645.<\/p>\n<p data-start=\"2323\" data-end=\"2465\"><img decoding=\"async\" class=\"alignnone size-medium wp-image-20042\" src=\"https:\/\/elitenutritionmaroc.com\/wp-content\/uploads\/2025\/09\/Womens-Multi-60-unites-4-307x300.jpg\" alt=\"L-ARGININE POWDER 300G \u2013 Acide Amin\u00e9 Premium | Elite Nutrition Maroc\" width=\"307\" height=\"300\" srcset=\"https:\/\/elitenutritionmaroc.com\/wp-content\/uploads\/2025\/09\/Womens-Multi-60-unites-4-307x300.jpg 307w, https:\/\/elitenutritionmaroc.com\/wp-content\/uploads\/2025\/09\/Womens-Multi-60-unites-4-818x800.jpg 818w, https:\/\/elitenutritionmaroc.com\/wp-content\/uploads\/2025\/09\/Womens-Multi-60-unites-4-768x751.jpg 768w, https:\/\/elitenutritionmaroc.com\/wp-content\/uploads\/2025\/09\/Womens-Multi-60-unites-4-12x12.jpg 12w, https:\/\/elitenutritionmaroc.com\/wp-content\/uploads\/2025\/09\/Womens-Multi-60-unites-4-430x421.jpg 430w, https:\/\/elitenutritionmaroc.com\/wp-content\/uploads\/2025\/09\/Womens-Multi-60-unites-4-700x685.jpg 700w, https:\/\/elitenutritionmaroc.com\/wp-content\/uploads\/2025\/09\/Womens-Multi-60-unites-4-150x147.jpg 150w, https:\/\/elitenutritionmaroc.com\/wp-content\/uploads\/2025\/09\/Womens-Multi-60-unites-4.jpg 828w\" sizes=\"(max-width: 307px) 100vw, 307px\" \/><\/p>\n<h3 data-start=\"2472\" data-end=\"2495\">\u2713 \u0627\u0644\u062c\u0648\u062f\u0629 \u0648\u0627\u0644\u0633\u0644\u0627\u0645\u0629<\/h3>\n<p data-start=\"2496\" data-end=\"2626\" class=\" translation-block\">\u2022 \u0645\u0635\u0646\u0648\u0639 \u0648\u0641\u0642\u064b\u0627 \u0644\u0640 <strong data-start=\"2513\" data-end=\"2534\"> \u0645\u0639\u0627\u064a\u064a\u0631 \u0635\u0627\u0631\u0645\u0629<\/strong><br data-start=\"2534\" data-end=\"2537\"> \u2022 \u0628\u062f\u0648\u0646 \u0623\u0635\u0628\u0627\u063a \u0635\u0646\u0627\u0639\u064a\u0629 \u0636\u0627\u0631\u0629 \u2022 \u0642\u062f \u064a\u0646\u0627\u0633\u0628 \u0641\u064a \u0646\u0647\u062c \u0635\u062d\u064a \u064a\u0648\u0645\u064a<\/p>\n<p data-start=\"2628\" data-end=\"2752\" class=\" translation-block\">\u0641\u064a <strong data-start=\"2633\" data-end=\"2658\">Elite Nutrition Maroc<\/strong>\u060c \u0646\u0631\u0643\u0632 \u0639\u0644\u0649 \u0627\u0644\u0645\u0646\u062a\u062c\u0627\u062a \u0627\u0644\u062a\u064a \u062a\u062c\u0645\u0639 \u0628\u064a\u0646 <strong data-start=\"2711\" data-end=\"2751\">\u0627\u0644\u062c\u0648\u062f\u0629\u060c \u0627\u0644\u062a\u062a\u0628\u0639 \u0648\u0627\u0644\u0634\u0641\u0627\u0641\u064a\u0629<\/strong>.<\/p>\n<h3 data-start=\"2759\" data-end=\"2787\">\u0646\u0635\u0627\u0626\u062d \u0644\u0644\u0627\u0633\u062a\u062e\u062f\u0627\u0645<\/h3>\n<p data-start=\"2788\" data-end=\"2921\" class=\" translation-block\">\u2022 \u0623\u062e\u0630 <strong data-start=\"2798\" data-end=\"2820\"> 2 \u062c\u0648\u0645\u064a \u0641\u064a \u0627\u0644\u064a\u0648\u0645<\/strong><br data-start=\"2820\" data-end=\"2823\"> \u2022 \u064a\u0641\u0636\u0644 \u0641\u064a \u0646\u0641\u0633 \u0627\u0644\u0648\u0642\u062a \u0643\u0644 \u064a\u0648\u0645 \u2022 \u064a\u064f\u0633\u062a\u0647\u0644\u0643 \u0641\u064a \u0625\u0637\u0627\u0631 \u0646\u0638\u0627\u0645 \u063a\u0630\u0627\u0626\u064a \u0645\u062a\u0646\u0648\u0639<\/p>\n<p data-start=\"2923\" data-end=\"2993\">\u0644\u0627 \u062a\u062a\u062c\u0627\u0648\u0632 \u0627\u0644\u062c\u0631\u0639\u0629 \u0627\u0644\u0645\u0648\u0635\u0649 \u0628\u0647\u0627. \u0625\u0628\u0642\u0627\u0621 \u0628\u0639\u064a\u062f\u064b\u0627 \u0639\u0646 \u0645\u062a\u0646\u0627\u0648\u0644 \u0627\u0644\u0623\u0637\u0641\u0627\u0644.<\/p>\n<p data-start=\"2923\" data-end=\"2993\"><img loading=\"lazy\" decoding=\"async\" class=\"alignnone size-medium wp-image-20041\" src=\"https:\/\/elitenutritionmaroc.com\/wp-content\/uploads\/2025\/09\/Womens-Multi-60-unites-3-300x300.jpg\" alt=\"L-ARGININE POWDER 300G \u2013 Acide Amin\u00e9 Premium | Elite Nutrition Maroc\" width=\"300\" height=\"300\" srcset=\"https:\/\/elitenutritionmaroc.com\/wp-content\/uploads\/2025\/09\/Womens-Multi-60-unites-3-300x300.jpg 300w, https:\/\/elitenutritionmaroc.com\/wp-content\/uploads\/2025\/09\/Womens-Multi-60-unites-3-150x150.jpg 150w, https:\/\/elitenutritionmaroc.com\/wp-content\/uploads\/2025\/09\/Womens-Multi-60-unites-3-12x12.jpg 12w, https:\/\/elitenutritionmaroc.com\/wp-content\/uploads\/2025\/09\/Womens-Multi-60-unites-3-430x430.jpg 430w, https:\/\/elitenutritionmaroc.com\/wp-content\/uploads\/2025\/09\/Womens-Multi-60-unites-3.jpg 480w\" sizes=\"(max-width: 300px) 100vw, 300px\" \/><\/p>\n<h3 data-start=\"3000\" data-end=\"3048\">\u2b50 \u0644\u0645\u0627\u0630\u0627 \u062a\u062e\u062a\u0627\u0631 Women\u2019s Multi \u2013 Sugarbear<\/h3>\n<p data-start=\"3049\" data-end=\"3310\" class=\" translation-block\">Women\u2019s Multi 60 \u0648\u062d\u062f\u0627\u062a \u062a\u062c\u0645\u0639 \u0628\u064a\u0646 <strong data-start=\"3085\" data-end=\"3123\">\u062a\u0631\u0643\u064a\u0628\u0629 \u0645\u0635\u0645\u0645\u0629 \u062e\u0635\u064a\u0635\u064b\u0627 \u0644\u0644\u0646\u0633\u0627\u0621<\/strong>\u060c \u0648<strong data-start=\"3128\" data-end=\"3145\">\u0637\u0639\u0645 \u0645\u0645\u062a\u0639<\/strong>\u060c \u0648<strong data-start=\"3154\" data-end=\"3174\">\u0633\u0647\u0648\u0644\u0629 \u0627\u0644\u0627\u0633\u062a\u062e\u062f\u0627\u0645<\/strong>\u060c \u0628\u064a\u0646\u0645\u0627 \u062a\u064f\u0642\u062f\u0645 \u0639\u0628\u0631 <strong data-start=\"3202\" data-end=\"3227\">Elite Nutrition Maroc<\/strong>\u060c \u0645\u0645\u0627 \u064a\u0636\u0645\u0646 <strong data-start=\"3249\" data-end=\"3309\">\u0645\u0635\u062f\u0631\u064b\u0627 \u0645\u0648\u062b\u0648\u0642\u064b\u0627 \u0648\u0645\u062a\u0648\u0627\u0641\u0642\u064b\u0627 \u0645\u0639 \u062a\u0648\u0642\u0639\u0627\u062a \u0627\u0644\u0645\u0633\u062a\u0647\u0644\u0643\u064a\u0646<\/strong>.<\/p>\n<\/div>","protected":false},"excerpt":{"rendered":"<p>Women\u2019s Multi 60 unit\u00e9s est un compl\u00e9ment alimentaire multivitamin\u00e9 sous forme de gummies, formul\u00e9 sp\u00e9cifiquement pour les besoins nutritionnels des<\/p>","protected":false},"featured_media":20039,"comment_status":"open","ping_status":"closed","template":"","meta":[],"product_brand":[278],"product_cat":[486],"product_tag":[],"class_list":{"0":"post-17172","1":"product","2":"type-product","3":"status-publish","4":"has-post-thumbnail","6":"product_brand-sugarbear","7":"product_cat-vitamines-et-mineraux","9":"first","10":"outofstock","11":"shipping-taxable","12":"purchasable","13":"product-type-simple"},"_links":{"self":[{"href":"https:\/\/elitenutritionmaroc.com\/ar\/wp-json\/wp\/v2\/product\/17172","targetHints":{"allow":["GET"]}}],"collection":[{"href":"https:\/\/elitenutritionmaroc.com\/ar\/wp-json\/wp\/v2\/product"}],"about":[{"href":"https:\/\/elitenutritionmaroc.com\/ar\/wp-json\/wp\/v2\/types\/product"}],"replies":[{"embeddable":true,"href":"https:\/\/elitenutritionmaroc.com\/ar\/wp-json\/wp\/v2\/comments?post=17172"}],"version-history":[{"count":1,"href":"https:\/\/elitenutritionmaroc.com\/ar\/wp-json\/wp\/v2\/product\/17172\/revisions"}],"predecessor-version":[{"id":20240,"href":"https:\/\/elitenutritionmaroc.com\/ar\/wp-json\/wp\/v2\/product\/17172\/revisions\/20240"}],"wp:featuredmedia":[{"embeddable":true,"href":"https:\/\/elitenutritionmaroc.com\/ar\/wp-json\/wp\/v2\/media\/20039"}],"wp:attachment":[{"href":"https:\/\/elitenutritionmaroc.com\/ar\/wp-json\/wp\/v2\/media?parent=17172"}],"wp:term":[{"taxonomy":"product_brand","embeddable":true,"href":"https:\/\/elitenutritionmaroc.com\/ar\/wp-json\/wp\/v2\/product_brand?post=17172"},{"taxonomy":"product_cat","embeddable":true,"href":"https:\/\/elitenutritionmaroc.com\/ar\/wp-json\/wp\/v2\/product_cat?post=17172"},{"taxonomy":"product_tag","embeddable":true,"href":"https:\/\/elitenutritionmaroc.com\/ar\/wp-json\/wp\/v2\/product_tag?post=17172"}],"curies":[{"name":"wp","href":"https:\/\/api.w.org\/{rel}","templated":true}]}}