{"id":17169,"date":"2025-09-06T21:45:37","date_gmt":"2025-09-06T20:45:37","guid":{"rendered":"https:\/\/elitenutritionmaroc.com\/?post_type=product&#038;p=17169"},"modified":"2026-02-06T19:00:05","modified_gmt":"2026-02-06T18:00:05","slug":"hair-vitamins-60-unites","status":"publish","type":"product","link":"https:\/\/elitenutritionmaroc.com\/ar\/product\/hair-vitamins-60-unites\/","title":{"rendered":"\u0641\u064a\u062a\u0627\u0645\u064a\u0646\u0627\u062a \u0627\u0644\u0634\u0639\u0631 60 \u062d\u0628\u0629"},"content":{"rendered":"<div class=\"product-description\">\n<p data-start=\"1055\" data-end=\"1416\" class=\" translation-block\">\u0641\u064a\u062a\u0627\u0645\u064a\u0646\u0627\u062a \u0627\u0644\u0634\u0639\u0631 60 \u0648\u062d\u062f\u0629 \u2013 Sugarbear\u00ae Pro\u060c \u0627\u0644\u0645\u062a\u0627\u062d\u0629 \u0644\u062f\u0649 Elite Nutrition Maroc\u060c \u0647\u064a \u062d\u0644\u0648\u0649 \u0641\u064a\u062a\u0627\u0645\u064a\u0646\u0627\u062a \u0645\u0635\u0645\u0645\u0629 \u062e\u0635\u064a\u0635\u064b\u0627 \u0644\u0640 <strong data-start=\"1237\" data-end=\"1275\">\u062a\u063a\u0630\u064a\u0629 \u0627\u0644\u0634\u0639\u0631 \u0645\u0646 \u0627\u0644\u062f\u0627\u062e\u0644<\/strong>\u060c \u0648\u062f\u0639\u0645 \u0642\u0648\u062a\u0647\u060c \u0648\u0646\u0645\u0648\u0647\u060c \u0648\u062a\u0623\u0644\u0642\u0647 \u0628\u0641\u0636\u0644 \u0645\u0632\u064a\u062c \u0645\u0633\u062a\u0647\u062f\u0641 \u0645\u0646 \u0627\u0644\u0639\u0646\u0627\u0635\u0631 \u0627\u0644\u063a\u0630\u0627\u0626\u064a\u0629 \u0627\u0644\u0623\u0633\u0627\u0633\u064a\u0629.<\/p>\n<p><img fetchpriority=\"high\" decoding=\"async\" class=\"alignnone size-medium wp-image-20052\" src=\"https:\/\/elitenutritionmaroc.com\/wp-content\/uploads\/2025\/09\/Hair-Vitamins-60-unites-\u2013-Gummies-cheveux-Sugarbear\u00ae-Pro-Elite-Nutrition-Maroc-2-300x300.webp\" alt=\"Hair Vitamins 60 unit\u00e9s \u2013 Gummies cheveux Sugarbear\u00ae Pro Elite Nutrition Maroc\" width=\"300\" height=\"300\" srcset=\"https:\/\/elitenutritionmaroc.com\/wp-content\/uploads\/2025\/09\/Hair-Vitamins-60-unites-\u2013-Gummies-cheveux-Sugarbear\u00ae-Pro-Elite-Nutrition-Maroc-2-300x300.webp 300w, https:\/\/elitenutritionmaroc.com\/wp-content\/uploads\/2025\/09\/Hair-Vitamins-60-unites-\u2013-Gummies-cheveux-Sugarbear\u00ae-Pro-Elite-Nutrition-Maroc-2-800x800.webp 800w, https:\/\/elitenutritionmaroc.com\/wp-content\/uploads\/2025\/09\/Hair-Vitamins-60-unites-\u2013-Gummies-cheveux-Sugarbear\u00ae-Pro-Elite-Nutrition-Maroc-2-150x150.webp 150w, https:\/\/elitenutritionmaroc.com\/wp-content\/uploads\/2025\/09\/Hair-Vitamins-60-unites-\u2013-Gummies-cheveux-Sugarbear\u00ae-Pro-Elite-Nutrition-Maroc-2-768x768.webp 768w, https:\/\/elitenutritionmaroc.com\/wp-content\/uploads\/2025\/09\/Hair-Vitamins-60-unites-\u2013-Gummies-cheveux-Sugarbear\u00ae-Pro-Elite-Nutrition-Maroc-2-12x12.webp 12w, https:\/\/elitenutritionmaroc.com\/wp-content\/uploads\/2025\/09\/Hair-Vitamins-60-unites-\u2013-Gummies-cheveux-Sugarbear\u00ae-Pro-Elite-Nutrition-Maroc-2-860x860.webp 860w, https:\/\/elitenutritionmaroc.com\/wp-content\/uploads\/2025\/09\/Hair-Vitamins-60-unites-\u2013-Gummies-cheveux-Sugarbear\u00ae-Pro-Elite-Nutrition-Maroc-2-430x430.webp 430w, https:\/\/elitenutritionmaroc.com\/wp-content\/uploads\/2025\/09\/Hair-Vitamins-60-unites-\u2013-Gummies-cheveux-Sugarbear\u00ae-Pro-Elite-Nutrition-Maroc-2-700x700.webp 700w, https:\/\/elitenutritionmaroc.com\/wp-content\/uploads\/2025\/09\/Hair-Vitamins-60-unites-\u2013-Gummies-cheveux-Sugarbear\u00ae-Pro-Elite-Nutrition-Maroc-2.webp 1000w\" sizes=\"(max-width: 300px) 100vw, 300px\" \/><\/p>\n<h3 data-start=\"1423\" data-end=\"1456\" class=\" translation-block\">\ud83d\udc8a <strong data-start=\"1430\" data-end=\"1456\"> <strong data-start=\"1430\" data-end=\"1456\"> \u0635\u064a\u063a\u0629 \u063a\u0646\u064a\u0629 \u0628\u0627\u0644\u0645\u063a\u0630\u064a\u0627\u062a<\/strong><\/h3>\n<p data-start=\"1457\" data-end=\"1632\" class=\" translation-block\">\u2022 \u0627\u0644\u0628\u064a\u0648\u062a\u064a\u0646 \u2014 \u064a\u0633\u0627\u0639\u062f \u0641\u064a \u0627\u0644\u062d\u0641\u0627\u0638 \u0639\u0644\u0649 \u0634\u0639\u0631 \u0642\u0648\u064a \u0648\u0645\u062a\u064a\u0646<br data-start=\"1517\" data-end=\"1520\"> \u2022 \u0627\u0644\u0641\u064a\u062a\u0627\u0645\u064a\u0646\u0627\u062a A \u0648 C \u0648 D \u0648 E \u2014 \u062f\u0639\u0645 \u063a\u0630\u0627\u0626\u064a \u0634\u0627\u0645\u0644 \u2022 \u0627\u0644\u0632\u0646\u0643\u060c \u062d\u0645\u0636 \u0627\u0644\u0641\u0648\u0644\u064a\u0643 \u0648\u0627\u0644\u0645\u0648\u0627\u062f \u0627\u0644\u063a\u0630\u0627\u0626\u064a\u0629 \u0627\u0644\u0645\u0641\u064a\u062f\u0629 \u0627\u0644\u0623\u062e\u0631\u0649<\/p>\n<p data-start=\"1634\" data-end=\"1815\" class=\" translation-block\">\u062a\u064f\u0639\u062a\u0631\u0641 \u0647\u0630\u0647 \u0627\u0644\u0645\u0643\u0648\u0646\u0627\u062a \u0628\u062f\u0648\u0631\u0647\u0627 \u0641\u064a <strong data-start=\"1686\" data-end=\"1706\">\u0635\u062d\u0629 \u0627\u0644\u0634\u0639\u0631<\/strong>\u060c \u062d\u064a\u062b \u062a\u062f\u0639\u0645 <strong data-start=\"1722\" data-end=\"1776\">\u0627\u0644\u0645\u0644\u0645\u0633\u060c \u0627\u0644\u0644\u0645\u0639\u0627\u0646 \u0648\u0646\u0645\u0648 \u0627\u0644\u0634\u0639\u0631<\/strong>.<\/p>\n<p><img decoding=\"async\" class=\"alignnone size-medium wp-image-20050\" src=\"https:\/\/elitenutritionmaroc.com\/wp-content\/uploads\/2025\/09\/Hair-Vitamins-60-unites-\u2013-Gummies-cheveux-Sugarbear\u00ae-Pro-Elite-Nutrition-Maroc-3-300x300.jpg\" alt=\"Hair Vitamins 60 unit\u00e9s \u2013 Gummies cheveux Sugarbear\u00ae Pro Elite Nutrition Maroc\" width=\"300\" height=\"300\" srcset=\"https:\/\/elitenutritionmaroc.com\/wp-content\/uploads\/2025\/09\/Hair-Vitamins-60-unites-\u2013-Gummies-cheveux-Sugarbear\u00ae-Pro-Elite-Nutrition-Maroc-3-300x300.jpg 300w, https:\/\/elitenutritionmaroc.com\/wp-content\/uploads\/2025\/09\/Hair-Vitamins-60-unites-\u2013-Gummies-cheveux-Sugarbear\u00ae-Pro-Elite-Nutrition-Maroc-3-800x800.jpg 800w, https:\/\/elitenutritionmaroc.com\/wp-content\/uploads\/2025\/09\/Hair-Vitamins-60-unites-\u2013-Gummies-cheveux-Sugarbear\u00ae-Pro-Elite-Nutrition-Maroc-3-150x150.jpg 150w, https:\/\/elitenutritionmaroc.com\/wp-content\/uploads\/2025\/09\/Hair-Vitamins-60-unites-\u2013-Gummies-cheveux-Sugarbear\u00ae-Pro-Elite-Nutrition-Maroc-3-768x768.jpg 768w, https:\/\/elitenutritionmaroc.com\/wp-content\/uploads\/2025\/09\/Hair-Vitamins-60-unites-\u2013-Gummies-cheveux-Sugarbear\u00ae-Pro-Elite-Nutrition-Maroc-3-12x12.jpg 12w, https:\/\/elitenutritionmaroc.com\/wp-content\/uploads\/2025\/09\/Hair-Vitamins-60-unites-\u2013-Gummies-cheveux-Sugarbear\u00ae-Pro-Elite-Nutrition-Maroc-3-860x860.jpg 860w, https:\/\/elitenutritionmaroc.com\/wp-content\/uploads\/2025\/09\/Hair-Vitamins-60-unites-\u2013-Gummies-cheveux-Sugarbear\u00ae-Pro-Elite-Nutrition-Maroc-3-430x430.jpg 430w, https:\/\/elitenutritionmaroc.com\/wp-content\/uploads\/2025\/09\/Hair-Vitamins-60-unites-\u2013-Gummies-cheveux-Sugarbear\u00ae-Pro-Elite-Nutrition-Maroc-3-700x700.jpg 700w, https:\/\/elitenutritionmaroc.com\/wp-content\/uploads\/2025\/09\/Hair-Vitamins-60-unites-\u2013-Gummies-cheveux-Sugarbear\u00ae-Pro-Elite-Nutrition-Maroc-3.jpg 1500w\" sizes=\"(max-width: 300px) 100vw, 300px\" \/><\/p>\n<h3 data-start=\"1822\" data-end=\"1862\" class=\" translation-block\">\ud83c\udf31 <strong data-start=\"1829\" data-end=\"1862\"> \u062a\u0631\u0643\u064a\u0628\u0629 \u0637\u0628\u064a\u0639\u064a\u0629 \u0648\u0646\u0628\u0627\u062a\u064a\u0629<\/h3>\n<p data-start=\"1863\" data-end=\"1978\" class=\" translation-block\">\u2022 <strong data-start=\"1865\" data-end=\"1880\"> \u062e\u0627\u0644\u064a \u0645\u0646 \u0627\u0644\u063a\u0644\u0648\u062a\u064a\u0646 <\/strong><br data-start=\"1880\" data-end=\"1883\"> \u062e\u0627\u0644\u064a \u0645\u0646 \u0627\u0644\u063a\u0644\u0648\u062a\u064a\u0646<\/strong><br data-start=\"1880\" data-end=\"1883\"> \u2022 \u0646\u0628\u0627\u062a\u064a \/ \u0646\u0628\u0627\u062a\u064a \u0628\u0627\u0644\u0643\u0627\u0645\u0644<br data-start=\"1903\" data-end=\"1906\"> \u2022 \u0628\u062f\u0648\u0646 \u062c\u064a\u0644\u0627\u062a\u064a\u0646 \u0623\u0648 \u0645\u0646\u062a\u062c\u0627\u062a \u0645\u0646 \u0623\u0635\u0644 \u062d\u064a\u0648\u0627\u0646\u064a<br data-start=\"1951\" data-end=\"1954\"> \u2022 \u0637\u0639\u0645 \u0641\u0627\u0643\u0647\u064a \u0644\u0630\u064a\u0630<\/p>\n<p data-start=\"1980\" data-end=\"2133\" class=\" translation-block\">\u0627\u0644\u062c\u064a\u0644\u064a \u0647\u0648 <strong data-start=\"1997\" data-end=\"2060\"> \u0644\u0630\u064a\u0630\u0629 \u0648\u0633\u0647\u0644\u0629 \u0627\u0644\u062f\u0645\u062c \u0641\u064a \u0631\u0648\u062a\u064a\u0646\u0643 \u0627\u0644\u064a\u0648\u0645\u064a\u060c \u062f\u0648\u0646 \u0627\u0644\u062a\u0623\u062b\u064a\u0631 \u0639\u0644\u0649 \u0627\u0644\u0631\u0627\u062d\u0629 \u0627\u0644\u0647\u0636\u0645\u064a\u0629.<\/p>\n<h3 data-start=\"2140\" data-end=\"2165\" class=\" translation-block\">\ud83d\udcaa <strong data-start=\"\u201d1722\u201c\" data-end=\"\u201d1740\u201c\">\u0627\u0644\u0645\u0632\u0627\u064a\u0627 \u0627\u0644\u0631\u0626\u064a\u0633\u064a\u0629<\/strong><\/h3>\n<p data-start=\"2166\" data-end=\"2344\" class=\" translation-block\">\u2022 <strong data-start=\"2168\" data-end=\"2207\"> \u064a\u0642\u0648\u064a \u0627\u0644\u0634\u0639\u0631 \u0645\u0646 \u0627\u0644\u062f\u0627\u062e\u0644<\/strong><br data-start=\"2207\" data-end=\"2210\">\u2022 <strong data-start=\"2212\" data-end=\"2252\"> \u064a\u062d\u0633\u0646 \u0627\u0644\u0645\u0638\u0647\u0631 \u0648\u0627\u0644\u0644\u0645\u0639\u0627\u0646 <br data-start=\"2252\" data-end=\"2255\">\u2022 <strong data-start=\"2257\" data-end=\"2294\"> \u064a\u062f\u0639\u0645 \u0646\u0645\u0648 \u0627\u0644\u0634\u0639\u0631<\/strong> \u064a\u062f\u0639\u0645 \u0646\u0645\u0648 \u0627\u0644\u0634\u0639\u0631 <br data-start=\"2294\" data-end=\"2297\">\u2022 <strong data-start=\"2299\" data-end=\"2342\"> \u0645\u0643\u0645\u0644 \u0628\u0633\u064a\u0637 \u0648\u0645\u0645\u062a\u0639 \u062a\u0646\u0627\u0648\u0644\u0647<\/p>\n<p data-start=\"2346\" data-end=\"2570\" class=\" translation-block\">\u0628\u0627\u0633\u062a\u0647\u0644\u0627\u0643 \u0647\u0630\u0647 \u0627\u0644\u0641\u064a\u062a\u0627\u0645\u064a\u0646\u0627\u062a \u0628\u0627\u0646\u062a\u0638\u0627\u0645\u060c \u0641\u0625\u0646\u0643 \u062a\u0632\u0648\u062f \u062c\u0633\u0645\u0643 \u0628\u0627\u0644\u0639\u0646\u0627\u0635\u0631 \u0627\u0644\u063a\u0630\u0627\u0626\u064a\u0629 \u0627\u0644\u062a\u064a \u062a\u0633\u0627\u0647\u0645 \u0641\u064a <strong data-start=\"2458\" data-end=\"2531\"> \u0623\u0641\u0636\u0644 \u062a\u063a\u0630\u064a\u0629 \u0644\u0644\u0634\u0639\u0631 \u0648\u0645\u0638\u0647\u0631 \u0623\u0643\u062b\u0631 \u0644\u0645\u0639\u0627\u0646\u064b\u0627 \u0644\u0644\u0634\u0639\u0631<\/strong>.<\/p>\n<p><img decoding=\"async\" class=\"alignnone size-medium wp-image-20054\" src=\"https:\/\/elitenutritionmaroc.com\/wp-content\/uploads\/2025\/09\/Hair-Vitamins-60-unites-\u2013-Gummies-cheveux-Sugarbear\u00ae-Pro-Elite-Nutrition-Maroc-4-300x300.webp\" alt=\"Hair Vitamins 60 unit\u00e9s \u2013 Gummies cheveux Sugarbear\u00ae Pro Elite Nutrition Maroc\" width=\"300\" height=\"300\" srcset=\"https:\/\/elitenutritionmaroc.com\/wp-content\/uploads\/2025\/09\/Hair-Vitamins-60-unites-\u2013-Gummies-cheveux-Sugarbear\u00ae-Pro-Elite-Nutrition-Maroc-4-300x300.webp 300w, https:\/\/elitenutritionmaroc.com\/wp-content\/uploads\/2025\/09\/Hair-Vitamins-60-unites-\u2013-Gummies-cheveux-Sugarbear\u00ae-Pro-Elite-Nutrition-Maroc-4-800x800.webp 800w, https:\/\/elitenutritionmaroc.com\/wp-content\/uploads\/2025\/09\/Hair-Vitamins-60-unites-\u2013-Gummies-cheveux-Sugarbear\u00ae-Pro-Elite-Nutrition-Maroc-4-150x150.webp 150w, https:\/\/elitenutritionmaroc.com\/wp-content\/uploads\/2025\/09\/Hair-Vitamins-60-unites-\u2013-Gummies-cheveux-Sugarbear\u00ae-Pro-Elite-Nutrition-Maroc-4-768x768.webp 768w, https:\/\/elitenutritionmaroc.com\/wp-content\/uploads\/2025\/09\/Hair-Vitamins-60-unites-\u2013-Gummies-cheveux-Sugarbear\u00ae-Pro-Elite-Nutrition-Maroc-4-12x12.webp 12w, https:\/\/elitenutritionmaroc.com\/wp-content\/uploads\/2025\/09\/Hair-Vitamins-60-unites-\u2013-Gummies-cheveux-Sugarbear\u00ae-Pro-Elite-Nutrition-Maroc-4-860x860.webp 860w, https:\/\/elitenutritionmaroc.com\/wp-content\/uploads\/2025\/09\/Hair-Vitamins-60-unites-\u2013-Gummies-cheveux-Sugarbear\u00ae-Pro-Elite-Nutrition-Maroc-4-430x430.webp 430w, https:\/\/elitenutritionmaroc.com\/wp-content\/uploads\/2025\/09\/Hair-Vitamins-60-unites-\u2013-Gummies-cheveux-Sugarbear\u00ae-Pro-Elite-Nutrition-Maroc-4-700x700.webp 700w, https:\/\/elitenutritionmaroc.com\/wp-content\/uploads\/2025\/09\/Hair-Vitamins-60-unites-\u2013-Gummies-cheveux-Sugarbear\u00ae-Pro-Elite-Nutrition-Maroc-4.webp 1000w\" sizes=\"(max-width: 300px) 100vw, 300px\" \/><\/p>\n<h3 data-start=\"2577\" data-end=\"2610\" class=\" translation-block\">\ud83d\udcc5 <strong data-start=\"2584\" data-end=\"2610\"> \u0646\u0635\u0627\u0626\u062d \u0627\u0644\u0627\u0633\u062a\u062e\u062f\u0627\u0645<\/h3>\n<p data-start=\"2611\" data-end=\"2781\" class=\" translation-block\">\u0627\u0644\u0646\u0635 \u0644\u0644\u062a\u0631\u062c\u0645\u0629: \u2022 <strong data-start=\"2613\" data-end=\"2647\"> \u062a\u0646\u0627\u0648\u0644 1 \u0625\u0644\u0649 2 \u062d\u0628\u0629 \u062c\u064a\u0644\u0627\u062a\u064a\u0646\u064a\u0629 \u064a\u0648\u0645\u064a\u064b\u0627 \u0645\u0639 \u0623\u0648 \u0628\u062f\u0648\u0646 \u0648\u062c\u0628\u0629 data-start=\"2666\" data-end=\"2669\"&gt; \u2022 \u0645\u0646\u0627\u0633\u0628 \u0644\u0644\u0628\u0627\u0644\u063a\u064a\u0646 \u0641\u064a \u0625\u0637\u0627\u0631 \u0646\u0638\u0627\u0645 \u063a\u0630\u0627\u0626\u064a \u0645\u062a\u0648\u0627\u0632\u0646<br data-start=\"2735\" data-end=\"2738\"> \u2022 \u0644\u0627 \u064a\u064f\u0639\u0648\u0636 \u0646\u0638\u0627\u0645 \u063a\u0630\u0627\u0626\u064a \u0645\u062a\u0646\u0648\u0639<\/p>\n<p data-start=\"2783\" data-end=\"2914\">\u062a\u0623\u0643\u062f \u0645\u0646 \u0627\u0644\u0627\u0644\u062a\u0632\u0627\u0645 \u0628\u0627\u0644\u062c\u0631\u0639\u0629 \u0627\u0644\u0645\u0648\u0635\u0649 \u0628\u0647\u0627 \u0648\u0627\u062d\u0641\u0638 \u0627\u0644\u0645\u0646\u062a\u062c \u0628\u0639\u064a\u062f\u064b\u0627 \u0639\u0646 \u0645\u062a\u0646\u0627\u0648\u0644 \u0627\u0644\u0623\u0637\u0641\u0627\u0644.<\/p>\n<p data-start=\"2783\" data-end=\"2914\"><img loading=\"lazy\" decoding=\"async\" class=\"alignnone size-medium wp-image-20051\" src=\"https:\/\/elitenutritionmaroc.com\/wp-content\/uploads\/2025\/09\/Hair-Vitamins-60-unites-\u2013-Gummies-cheveux-Sugarbear\u00ae-Pro-Elite-Nutrition-Maroc-1-300x300.webp\" alt=\"Hair Vitamins 60 unit\u00e9s \u2013 Gummies cheveux Sugarbear\u00ae Pro Elite Nutrition Maroc\" width=\"300\" height=\"300\" srcset=\"https:\/\/elitenutritionmaroc.com\/wp-content\/uploads\/2025\/09\/Hair-Vitamins-60-unites-\u2013-Gummies-cheveux-Sugarbear\u00ae-Pro-Elite-Nutrition-Maroc-1-300x300.webp 300w, https:\/\/elitenutritionmaroc.com\/wp-content\/uploads\/2025\/09\/Hair-Vitamins-60-unites-\u2013-Gummies-cheveux-Sugarbear\u00ae-Pro-Elite-Nutrition-Maroc-1-800x800.webp 800w, https:\/\/elitenutritionmaroc.com\/wp-content\/uploads\/2025\/09\/Hair-Vitamins-60-unites-\u2013-Gummies-cheveux-Sugarbear\u00ae-Pro-Elite-Nutrition-Maroc-1-150x150.webp 150w, https:\/\/elitenutritionmaroc.com\/wp-content\/uploads\/2025\/09\/Hair-Vitamins-60-unites-\u2013-Gummies-cheveux-Sugarbear\u00ae-Pro-Elite-Nutrition-Maroc-1-768x768.webp 768w, https:\/\/elitenutritionmaroc.com\/wp-content\/uploads\/2025\/09\/Hair-Vitamins-60-unites-\u2013-Gummies-cheveux-Sugarbear\u00ae-Pro-Elite-Nutrition-Maroc-1-12x12.webp 12w, https:\/\/elitenutritionmaroc.com\/wp-content\/uploads\/2025\/09\/Hair-Vitamins-60-unites-\u2013-Gummies-cheveux-Sugarbear\u00ae-Pro-Elite-Nutrition-Maroc-1-860x860.webp 860w, https:\/\/elitenutritionmaroc.com\/wp-content\/uploads\/2025\/09\/Hair-Vitamins-60-unites-\u2013-Gummies-cheveux-Sugarbear\u00ae-Pro-Elite-Nutrition-Maroc-1-430x430.webp 430w, https:\/\/elitenutritionmaroc.com\/wp-content\/uploads\/2025\/09\/Hair-Vitamins-60-unites-\u2013-Gummies-cheveux-Sugarbear\u00ae-Pro-Elite-Nutrition-Maroc-1-700x700.webp 700w, https:\/\/elitenutritionmaroc.com\/wp-content\/uploads\/2025\/09\/Hair-Vitamins-60-unites-\u2013-Gummies-cheveux-Sugarbear\u00ae-Pro-Elite-Nutrition-Maroc-1.webp 1000w\" sizes=\"(max-width: 300px) 100vw, 300px\" \/><\/p>\n<h3 data-start=\"2921\" data-end=\"3005\" class=\" translation-block\">\u2b50 <strong data-start=\"2927\" data-end=\"3005\"> \u0644\u0645\u0627\u0630\u0627 \u062a\u062e\u062a\u0627\u0631 Hair Vitamins \u2013 Sugarbear\u00ae Pro \u0641\u064a Elite Nutrition Maroc<\/h3>\n<p data-start=\"3006\" data-end=\"3339\" class=\" translation-block\">\u0641\u064a <strong data-start=\"3011\" data-end=\"3036\">Elite Nutrition Maroc<\/strong>\u060c \u0646\u062e\u062a\u0627\u0631 \u0645\u0643\u0645\u0644\u0627\u062a <strong data-start=\"3076\" data-end=\"3095\">\u0630\u0627\u062a \u062c\u0648\u062f\u0629 \u0645\u0645\u062a\u0627\u0632\u0629<\/strong> \u0644\u0631\u0641\u0627\u0647\u064a\u062a\u0643\u0645. \u062a\u062c\u0645\u0639 \u0641\u064a\u062a\u0627\u0645\u064a\u0646\u0627\u062a \u0627\u0644\u0634\u0639\u0631 Sugarbear\u00ae Pro \u0628\u064a\u0646 \u0627\u0644\u0641\u0639\u0627\u0644\u064a\u0629 \u0648\u0627\u0644\u0637\u0639\u0645 \u0627\u0644\u0644\u0630\u064a\u0630 \u0648\u0627\u0644\u0645\u0643\u0648\u0646\u0627\u062a \u0627\u0644\u0645\u062e\u062a\u0627\u0631\u0629 \u0628\u0639\u0646\u0627\u064a\u0629 \u0644\u062a\u0648\u0641\u064a\u0631 <strong data-start=\"3234\" data-end=\"3268\">\u062a\u062c\u0631\u0628\u0629 \u0634\u0639\u0631 \u0634\u0627\u0645\u0644\u0629<\/strong>\u060c \u062a\u062a\u0646\u0627\u0633\u0628 \u0645\u0639 \u0627\u0644\u0627\u062d\u062a\u064a\u0627\u062c\u0627\u062a \u0627\u0644\u064a\u0648\u0645\u064a\u0629.<\/p>\n<\/div>","protected":false},"excerpt":{"rendered":"<p>Les Hair Vitamins 60 unit\u00e9s \u2013 Sugarbear\u00ae Pro, disponibles chez Elite Nutrition Maroc, sont des gummies vitamin\u00e9s sp\u00e9cialement formul\u00e9s pour<\/p>","protected":false},"featured_media":20055,"comment_status":"open","ping_status":"closed","template":"","meta":[],"product_brand":[278],"product_cat":[486],"product_tag":[],"class_list":{"0":"post-17169","1":"product","2":"type-product","3":"status-publish","4":"has-post-thumbnail","6":"product_brand-sugarbear","7":"product_cat-vitamines-et-mineraux","9":"first","10":"outofstock","11":"shipping-taxable","12":"purchasable","13":"product-type-simple"},"_links":{"self":[{"href":"https:\/\/elitenutritionmaroc.com\/ar\/wp-json\/wp\/v2\/product\/17169","targetHints":{"allow":["GET"]}}],"collection":[{"href":"https:\/\/elitenutritionmaroc.com\/ar\/wp-json\/wp\/v2\/product"}],"about":[{"href":"https:\/\/elitenutritionmaroc.com\/ar\/wp-json\/wp\/v2\/types\/product"}],"replies":[{"embeddable":true,"href":"https:\/\/elitenutritionmaroc.com\/ar\/wp-json\/wp\/v2\/comments?post=17169"}],"version-history":[{"count":1,"href":"https:\/\/elitenutritionmaroc.com\/ar\/wp-json\/wp\/v2\/product\/17169\/revisions"}],"predecessor-version":[{"id":20241,"href":"https:\/\/elitenutritionmaroc.com\/ar\/wp-json\/wp\/v2\/product\/17169\/revisions\/20241"}],"wp:featuredmedia":[{"embeddable":true,"href":"https:\/\/elitenutritionmaroc.com\/ar\/wp-json\/wp\/v2\/media\/20055"}],"wp:attachment":[{"href":"https:\/\/elitenutritionmaroc.com\/ar\/wp-json\/wp\/v2\/media?parent=17169"}],"wp:term":[{"taxonomy":"product_brand","embeddable":true,"href":"https:\/\/elitenutritionmaroc.com\/ar\/wp-json\/wp\/v2\/product_brand?post=17169"},{"taxonomy":"product_cat","embeddable":true,"href":"https:\/\/elitenutritionmaroc.com\/ar\/wp-json\/wp\/v2\/product_cat?post=17169"},{"taxonomy":"product_tag","embeddable":true,"href":"https:\/\/elitenutritionmaroc.com\/ar\/wp-json\/wp\/v2\/product_tag?post=17169"}],"curies":[{"name":"wp","href":"https:\/\/api.w.org\/{rel}","templated":true}]}}