{"id":17089,"date":"2025-07-17T11:53:52","date_gmt":"2025-07-17T10:53:52","guid":{"rendered":"https:\/\/elitenutritionmaroc.com\/?post_type=product&#038;p=17089"},"modified":"2026-02-06T19:00:30","modified_gmt":"2026-02-06T18:00:30","slug":"la-micronized-creatine-powder-300g","status":"publish","type":"product","link":"https:\/\/elitenutritionmaroc.com\/ar\/product\/la-micronized-creatine-powder-300g\/","title":{"rendered":"\u0645\u0633\u062d\u0648\u0642 \u0627\u0644\u0643\u0631\u064a\u0627\u062a\u064a\u0646 \u0627\u0644\u0645\u064a\u0643\u0631\u0648\u0646\u064a\u0632\u062f 300 \u062c\u0631\u0627\u0645"},"content":{"rendered":"<p data-start=\"1052\" data-end=\"1401\" class=\" translation-block\"><strong data-start=\"\u201d1085\u201c\" data-end=\"\u20191128\u2018\">\u0645\u0633\u062d\u0648\u0642 \u0627\u0644\u0643\u0631\u064a\u0627\u062a\u064a\u0646 \u0627\u0644\u0645\u064a\u0643\u0631\u0648\u0646\u064a\u0632 300 \u063a\u0631\u0627\u0645 \u2013 \u0627\u0644\u0648\u0644\u0627\u064a\u0627\u062a \u0627\u0644\u0645\u062a\u062d\u062f\u0629 \u0627\u0644\u0623\u0645\u0631\u064a\u0643\u064a\u0629<\/strong> \u0645\u0646 <strong data-start=\"\u201d1131\u201c\" data-end=\"\u201d1156\u201c\">Elite Nutrition Maroc<\/strong> \u0647\u0648 <strong data-start=\"\u20191164\u2018\" data-end=\"\u201d1240\u201c\">\u0645\u0643\u0645\u0644 \u063a\u0630\u0627\u0626\u064a \u0639\u0644\u0649 \u0634\u0643\u0644 \u0645\u0633\u062d\u0648\u0642 \u0645\u0646 \u0627\u0644\u0643\u0631\u064a\u0627\u062a\u064a\u0646 \u0623\u062d\u0627\u062f\u064a \u0627\u0644\u0647\u064a\u062f\u0631\u0627\u062a \u0627\u0644\u0645\u064a\u0643\u0631\u0648\u0646\u064a\u0632 \u0639\u0627\u0644\u064a \u0627\u0644\u062c\u0648\u062f\u0629<\/strong>\u060c \u0645\u0635\u0646\u0648\u0639 \u0641\u064a \u0627\u0644\u0648\u0644\u0627\u064a\u0627\u062a \u0627\u0644\u0645\u062a\u062d\u062f\u0629 \u0648\u0645\u0635\u0645\u0645 \u0644\u062a\u062d\u0633\u064a\u0646 \u0623\u062f\u0627\u0626\u0643 \u0627\u0644\u0631\u064a\u0627\u0636\u064a \u0648\u0642\u0648\u062a\u0643 \u0627\u0644\u0639\u0636\u0644\u064a\u0629 \u0648\u0642\u062f\u0631\u062a\u0643 \u0639\u0644\u0649 \u0627\u0644\u062a\u0639\u0627\u0641\u064a.<\/p>\n<p data-start=\"1052\" data-end=\"1401\"><img fetchpriority=\"high\" decoding=\"async\" class=\"alignnone size-medium wp-image-20063\" src=\"https:\/\/elitenutritionmaroc.com\/wp-content\/uploads\/2025\/07\/Micronized-Creatine-Powder-300g-2-300x300.webp\" alt=\"Micronized Creatine Powder 300gr \u2013 USA | Cr\u00e9atine Poudre Premium | Elite Nutrition Maroc\" width=\"300\" height=\"300\" srcset=\"https:\/\/elitenutritionmaroc.com\/wp-content\/uploads\/2025\/07\/Micronized-Creatine-Powder-300g-2-300x300.webp 300w, https:\/\/elitenutritionmaroc.com\/wp-content\/uploads\/2025\/07\/Micronized-Creatine-Powder-300g-2-150x150.webp 150w, https:\/\/elitenutritionmaroc.com\/wp-content\/uploads\/2025\/07\/Micronized-Creatine-Powder-300g-2-12x12.webp 12w, https:\/\/elitenutritionmaroc.com\/wp-content\/uploads\/2025\/07\/Micronized-Creatine-Powder-300g-2-430x430.webp 430w, https:\/\/elitenutritionmaroc.com\/wp-content\/uploads\/2025\/07\/Micronized-Creatine-Powder-300g-2.webp 500w\" sizes=\"(max-width: 300px) 100vw, 300px\" \/><\/p>\n<h3 data-start=\"1408\" data-end=\"1450\" class=\" translation-block\">\ud83d\udcaa <strong data-start=\"\u201d1415\u201c\" data-end=\"\u201d1450\u201c\">\u062f\u0639\u0645 \u0627\u0644\u0623\u062f\u0627\u0621 \u0627\u0644\u0628\u062f\u0646\u064a<\/strong><\/h3>\n<p data-start=\"1451\" data-end=\"1644\" class=\" translation-block\">\u2022 \u064a\u0648\u0641\u0631 \u0645\u0627 \u064a\u0635\u0644 \u0625\u0644\u0649 <strong data-start=\"\u201d1469\u201c\" data-end=\"\u201d1516\u201c\">5000 \u0645\u062c\u0645 \u0645\u0646 \u0627\u0644\u0643\u0631\u064a\u0627\u062a\u064a\u0646 \u0623\u062d\u0627\u062f\u064a \u0627\u0644\u0647\u064a\u062f\u0631\u0627\u062a \u0644\u0643\u0644 \u062d\u0635\u0629<\/strong><br data-start=\"\u20191516\u2018\" data-end=\"\u201d1519\u201c\">\u2022 \u064a\u0633\u0627\u0639\u062f \u0639\u0644\u0649 \u0632\u064a\u0627\u062f\u0629 <strong data-start=\"\u201d1538\u201c\" data-end=\"\u201d1582\u201c\">\u0627\u0644\u0642\u0648\u0629 \u0648\u0627\u0644\u0637\u0627\u0642\u0629 \u0648\u0627\u0644\u0627\u0646\u0641\u062c\u0627\u0631 \u0627\u0644\u0639\u0636\u0644\u064a<\/strong><br data-start=\"\u201d1582\u201c\" data-end=\"\u201d1585\u201c\">\u2022 \u064a\u0639\u0632\u0632 \u0627\u0644\u0642\u062f\u0631\u0629 \u0639\u0644\u0649 \u0627\u0644\u062a\u062d\u0645\u0644 \u0641\u064a <strong data-start=\"\u20191612\u2018\" data-end=\"\u201d1642\u201c\">\u0627\u0644\u062c\u0647\u0648\u062f \u0627\u0644\u0642\u0635\u064a\u0631\u0629 \u0648\u0627\u0644\u0645\u0643\u062b\u0641\u0629<\/strong><\/p>\n<p data-start=\"1646\" data-end=\"1821\" class=\" translation-block\">\u0627\u0644\u0643\u0631\u064a\u0627\u062a\u064a\u0646 \u0647\u0648 \u0623\u062d\u062f \u0627\u0644\u0645\u0643\u0645\u0644\u0627\u062a \u0627\u0644\u063a\u0630\u0627\u0626\u064a\u0629 \u0627\u0644\u0623\u0643\u062b\u0631 \u062f\u0631\u0627\u0633\u0629 \u0645\u0646 \u0623\u062c\u0644 <strong data-start=\"\u201d1705\u201c\" data-end=\"\u201d1747\u201c\">\u062a\u062d\u0641\u064a\u0632 \u0625\u0646\u062a\u0627\u062c \u0627\u0644\u0637\u0627\u0642\u0629 (ATP)<\/strong> \u0623\u062b\u0646\u0627\u0621 \u0627\u0644\u062a\u062f\u0631\u064a\u0628\u0627\u062a \u0627\u0644\u0645\u0643\u062b\u0641\u0629.<\/p>\n<h3 data-start=\"1828\" data-end=\"1868\" class=\" translation-block\">\ud83e\uddea <strong data-start=\"\u201d1835\u201c\" data-end=\"\u201d1868\u201c\">\u0635\u064a\u063a\u0629 \u0645\u064a\u0643\u0631\u0648\u0646\u064a\u0629 \u0641\u0627\u0626\u0642\u0629 \u0627\u0644\u0646\u0642\u0627\u0621<\/strong><\/h3>\n<p data-start=\"1869\" data-end=\"2075\" class=\" translation-block\">\u2022 <strong data-start=\"\u201d1871\u201c\" data-end=\"\u201d1906\u201c\">\u0643\u0631\u064a\u0627\u062a\u064a\u0646 \u0623\u062d\u0627\u062f\u064a \u0627\u0644\u0647\u064a\u062f\u0631\u0627\u062a \u0645\u064a\u0643\u0631\u0648\u0646\u064a\u0632\u062f<\/strong> \u0644\u0642\u0627\u0628\u0644\u064a\u0629 \u0630\u0648\u0628\u0627\u0646 \u0623\u0639\u0644\u0649<br data-start=\"\u20191937\u2018\" data-end=\"\u201d1940\u201c\">\u2022 <strong data-start=\"\u201d1942\u201c\" data-end=\"\u201d1963\u201c\">\u0645\u0633\u062d\u0648\u0642 \u0641\u0627\u0626\u0642 \u0627\u0644\u0646\u0639\u0648\u0645\u0629<\/strong>\u060c \u0633\u0647\u0644 \u0627\u0644\u062e\u0644\u0637 \u062f\u0648\u0646 \u062a\u0643\u062a\u0644<br data-start=\"\u20191996\u2018\" data-end=\"\u201d1999\u201c\">\u2022 <strong data-start=\"\u201d2001\u201c\" data-end=\"\u201d2033\u201c\">\u0628\u062f\u0648\u0646 \u0646\u0643\u0647\u0627\u062a \u0623\u0648 \u0625\u0636\u0627\u0641\u0627\u062a<\/strong> \u2013 \u0645\u062b\u0627\u0644\u064a \u0644\u062a\u062e\u0635\u064a\u0635 \u0645\u062e\u0641\u0648\u0642\u0627\u062a\u0643<\/p>\n<p data-start=\"2077\" data-end=\"2230\">\u062a\u062d\u0633\u0646 \u0627\u0644\u0645\u064a\u0643\u0631\u0648\u0646\u064a\u0632\u0627\u062a\u064a\u0648\u0646 \u0627\u0644\u062a\u0648\u0632\u064a\u0639 \u0641\u064a \u0627\u0644\u0633\u0648\u0627\u0626\u0644\u060c \u0645\u0645\u0627 \u064a\u062c\u0639\u0644 \u0627\u0644\u0645\u0646\u062a\u062c \u0623\u0643\u062b\u0631 \u0633\u0647\u0648\u0644\u0629 \u0641\u064a \u0627\u0644\u0627\u0633\u062a\u0647\u0644\u0627\u0643.<\/p>\n<p data-start=\"2077\" data-end=\"2230\"><img decoding=\"async\" class=\"alignnone size-medium wp-image-20060\" src=\"https:\/\/elitenutritionmaroc.com\/wp-content\/uploads\/2025\/07\/Micronized-Creatine-Powder-300g-3-300x300.jpg\" alt=\"Micronized Creatine Powder 300gr \u2013 USA | Cr\u00e9atine Poudre Premium | Elite Nutrition Maroc\" width=\"300\" height=\"300\" srcset=\"https:\/\/elitenutritionmaroc.com\/wp-content\/uploads\/2025\/07\/Micronized-Creatine-Powder-300g-3-300x300.jpg 300w, https:\/\/elitenutritionmaroc.com\/wp-content\/uploads\/2025\/07\/Micronized-Creatine-Powder-300g-3-800x800.jpg 800w, https:\/\/elitenutritionmaroc.com\/wp-content\/uploads\/2025\/07\/Micronized-Creatine-Powder-300g-3-150x150.jpg 150w, https:\/\/elitenutritionmaroc.com\/wp-content\/uploads\/2025\/07\/Micronized-Creatine-Powder-300g-3-768x768.jpg 768w, https:\/\/elitenutritionmaroc.com\/wp-content\/uploads\/2025\/07\/Micronized-Creatine-Powder-300g-3-12x12.jpg 12w, https:\/\/elitenutritionmaroc.com\/wp-content\/uploads\/2025\/07\/Micronized-Creatine-Powder-300g-3-860x860.jpg 860w, https:\/\/elitenutritionmaroc.com\/wp-content\/uploads\/2025\/07\/Micronized-Creatine-Powder-300g-3-430x430.jpg 430w, https:\/\/elitenutritionmaroc.com\/wp-content\/uploads\/2025\/07\/Micronized-Creatine-Powder-300g-3-700x700.jpg 700w, https:\/\/elitenutritionmaroc.com\/wp-content\/uploads\/2025\/07\/Micronized-Creatine-Powder-300g-3.jpg 1024w\" sizes=\"(max-width: 300px) 100vw, 300px\" \/><\/p>\n<h3 data-start=\"2237\" data-end=\"2266\" class=\" translation-block\">\ud83c\udfcb\ufe0f\u200d\u2642\ufe0f <strong data-start=\"2112\" data-end=\"2130\"> \u0627\u0644\u0641\u0648\u0627\u0626\u062f \u0627\u0644\u0631\u0626\u064a\u0633\u064a\u0629<\/strong><\/h3>\n<p data-start=\"2267\" data-end=\"2525\" class=\" translation-block\">\u2022 <strong data-start=\"\u201d2269\u201c\" data-end=\"\u201d2308\u201c\">\u0632\u064a\u0627\u062f\u0629 \u0627\u0644\u0642\u0648\u0629 \u0627\u0644\u0639\u0636\u0644\u064a\u0629<\/strong><br data-start=\"\u20192308\u2018\" data-end=\"\u201d2311\u201c\">\u2022 <strong data-start=\"\u201d2313\u201c\" data-end=\"\u201d2348\u201c\">\u062a\u0633\u0631\u064a\u0639 \u0627\u0644\u062a\u0639\u0627\u0641\u064a<\/strong> \u0628\u0639\u062f \u0627\u0644\u0645\u062c\u0647\u0648\u062f<br data-start=\"\u20192361\u2018\" data-end=\"\u201d2364\u201c\">\u2022 <strong data-start=\"\u201d2366\u201c\" data-end=\"\u201d2426\u201c\">\u062a\u062d\u0633\u064a\u0646 \u0627\u0644\u0642\u062f\u0631\u0629 \u0639\u0644\u0649 \u0627\u0644\u062a\u062d\u0645\u0644 \u0648\u0627\u0644\u0642\u0648\u0629 \u0627\u0644\u0627\u0646\u0641\u062c\u0627\u0631\u064a\u0629<\/strong><br data-start=\"\u20192426\u2018\" data-end=\"\u201d2429\u201c\">\u2022 \u0645\u0646\u0627\u0633\u0628 \u0644\u0645\u0631\u0627\u062d\u0644 <strong data-start=\"\u201d2465\u201c\" data-end=\"\u201d2483\u201c\">\u0632\u064a\u0627\u062f\u0629 \u0627\u0644\u0643\u062a\u0644\u0629 \u0627\u0644\u0639\u0636\u0644\u064a\u0629<\/strong> \u0648\u0645\u0631\u0627\u062d\u0644 <strong data-start=\"\u20192499\u2018\" data-end=\"\u201d2525\u201c\">\u0627\u0644\u0623\u062f\u0627\u0621 \u0627\u0644\u0631\u064a\u0627\u0636\u064a<\/strong><\/p>\n<p data-start=\"2527\" data-end=\"2721\">\u0647\u0630\u0647 \u0627\u0644\u062a\u0623\u062b\u064a\u0631\u0627\u062a \u062a\u062c\u0639\u0644 \u0627\u0644\u0643\u0631\u064a\u0627\u062a\u064a\u0646 \u062e\u064a\u0627\u0631\u064b\u0627 \u0645\u0641\u0636\u0644\u064b\u0627 \u0644\u0645\u0645\u0627\u0631\u0633\u064a \u0643\u0645\u0627\u0644 \u0627\u0644\u0623\u062c\u0633\u0627\u0645 \u0648\u0627\u0644\u0643\u0631\u0648\u0633\u0641\u064a\u062a \u0648\u0627\u0644\u0639\u062f\u0648 \u0627\u0644\u0633\u0631\u064a\u0639 \u0648\u0627\u0644\u0631\u064a\u0627\u0636\u0627\u062a \u0627\u0644\u062c\u0645\u0627\u0639\u064a\u0629 \u0648\u063a\u064a\u0631\u0647\u0627 \u0645\u0646 \u0627\u0644\u0631\u064a\u0627\u0636\u0627\u062a \u0627\u0644\u0634\u0627\u0642\u0629.<\/p>\n<p data-start=\"2527\" data-end=\"2721\"><img decoding=\"async\" class=\"alignnone size-medium wp-image-20064\" src=\"https:\/\/elitenutritionmaroc.com\/wp-content\/uploads\/2025\/07\/Micronized-Creatine-Powder-300g-1-300x300.png\" alt=\"Micronized Creatine Powder 300gr \u2013 USA | Cr\u00e9atine Poudre Premium | Elite Nutrition Maroc\" width=\"300\" height=\"300\" srcset=\"https:\/\/elitenutritionmaroc.com\/wp-content\/uploads\/2025\/07\/Micronized-Creatine-Powder-300g-1-300x300.png 300w, https:\/\/elitenutritionmaroc.com\/wp-content\/uploads\/2025\/07\/Micronized-Creatine-Powder-300g-1-800x800.png 800w, https:\/\/elitenutritionmaroc.com\/wp-content\/uploads\/2025\/07\/Micronized-Creatine-Powder-300g-1-150x150.png 150w, https:\/\/elitenutritionmaroc.com\/wp-content\/uploads\/2025\/07\/Micronized-Creatine-Powder-300g-1-768x768.png 768w, https:\/\/elitenutritionmaroc.com\/wp-content\/uploads\/2025\/07\/Micronized-Creatine-Powder-300g-1-12x12.png 12w, https:\/\/elitenutritionmaroc.com\/wp-content\/uploads\/2025\/07\/Micronized-Creatine-Powder-300g-1-860x860.png 860w, https:\/\/elitenutritionmaroc.com\/wp-content\/uploads\/2025\/07\/Micronized-Creatine-Powder-300g-1-430x430.png 430w, https:\/\/elitenutritionmaroc.com\/wp-content\/uploads\/2025\/07\/Micronized-Creatine-Powder-300g-1-700x700.png 700w, https:\/\/elitenutritionmaroc.com\/wp-content\/uploads\/2025\/07\/Micronized-Creatine-Powder-300g-1.png 1024w\" sizes=\"(max-width: 300px) 100vw, 300px\" \/><\/p>\n<h3 data-start=\"2728\" data-end=\"2757\" class=\" translation-block\">\ud83e\uddf4 <strong data-start=\"\u201d2735\u201c\" data-end=\"\u201d2757\u201c\">\u0637\u0631\u064a\u0642\u0629 \u0627\u0644\u0627\u0633\u062a\u062e\u062f\u0627\u0645<\/strong><\/h3>\n<p data-start=\"2758\" data-end=\"2989\" class=\" translation-block\">\u2022 \u0627\u0645\u0632\u062c <strong data-start=\"\u201d2769\u201c\" data-end=\"\u201d2789\u201c\">\u062c\u0631\u0639\u0629 \u0648\u0627\u062d\u062f\u0629 (3,4\u20135 \u063a\u0631\u0627\u0645)<\/strong> \u0645\u0639 250 \u0645\u0644 \u0625\u0644\u0649 300 \u0645\u0644 \u0645\u0646 \u0627\u0644\u0645\u0627\u0621 \u0623\u0648 \u0627\u0644\u0639\u0635\u064a\u0631 \u0623\u0648 \u0645\u0634\u0631\u0648\u0628 \u0631\u064a\u0627\u0636\u064a<br data-start=\"\u20192847\u2018\" data-end=\"\u201d2850\u201c\">\u2022 \u062a\u0646\u0627\u0648\u0644\u0647 <strong data-start=\"\u201d2864\u201c\" data-end=\"\u201d2883\u201c\">\u064a\u0648\u0645\u064a\u064b\u0627<\/strong>\u060c \u0648\u064a\u0641\u0636\u0644 \u0623\u0646 \u064a\u0643\u0648\u0646 \u0630\u0644\u0643 \u0623\u062b\u0646\u0627\u0621 \u0627\u0644\u062a\u0645\u0631\u064a\u0646<br data-start=\"\u20192920\u2018\" data-end=\"\u201d2923\u201c\">\u2022 \u064a\u0645\u0643\u0646 \u0625\u0636\u0627\u0641\u062a\u0647 \u0625\u0644\u0649 \u0645\u0634\u0631\u0648\u0628 \u0627\u0644\u0628\u0631\u0648\u062a\u064a\u0646 \u0623\u0648 \u0645\u0634\u0631\u0648\u0628\u0643 \u0627\u0644\u0645\u0641\u0636\u0644<\/p>\n<p data-start=\"2991\" data-end=\"3135\">\u0627\u0644\u0627\u0633\u062a\u0647\u0644\u0627\u0643 \u0627\u0644\u0645\u0646\u062a\u0638\u0645 \u0648\u0627\u0644\u0645\u0633\u062a\u0645\u0631 \u0647\u0648 \u0627\u0644\u0645\u0641\u062a\u0627\u062d \u0644\u062a\u062d\u0642\u064a\u0642 \u0623\u0642\u0635\u0649 \u0642\u062f\u0631 \u0645\u0646 \u0641\u0639\u0627\u0644\u064a\u0629 \u0627\u0644\u0643\u0631\u064a\u0627\u062a\u064a\u0646.<\/p>\n<h3 data-start=\"3142\" data-end=\"3175\" class=\" translation-block\">\u26a0\ufe0f <strong data-start=\"\u201d2722\u201c\" data-end=\"\u201d2748\u201c\">\u0646\u0635\u0627\u0626\u062d \u0648\u0625\u0631\u0634\u0627\u062f\u0627\u062a<\/strong><\/h3>\n<p data-start=\"3176\" data-end=\"3337\" class=\" translation-block\">\u2022 \u0644\u0627 \u062a\u062a\u062c\u0627\u0648\u0632 \u0627\u0644\u062c\u0631\u0639\u0629 \u0627\u0644\u0645\u0648\u0635\u0649 \u0628\u0647\u0627<br data-start=\"\u201d3213\u201c\" data-end=\"\u201d3216\u201c\">\u2022 \u064a\u062d\u0641\u0638 \u0628\u0639\u064a\u062f\u064b\u0627 \u0639\u0646 \u0645\u062a\u0646\u0627\u0648\u0644 \u0627\u0644\u0623\u0637\u0641\u0627\u0644<br data-start=\"\u20193250\u2018\" data-end=\"\u201d3253\u201c\">\u2022 \u064a\u0633\u062a\u062e\u062f\u0645 \u0641\u064a \u0625\u0637\u0627\u0631 \u0646\u0645\u0637 \u062d\u064a\u0627\u0629 \u0635\u062d\u064a \u0648\u0646\u0638\u0627\u0645 \u063a\u0630\u0627\u0626\u064a \u0645\u062a\u0648\u0627\u0632\u0646<\/p>\n<p data-start=\"3339\" data-end=\"3540\" class=\" translation-block\">\u0642\u062f \u064a\u0634\u0639\u0631 \u0628\u0639\u0636 \u0627\u0644\u0645\u0633\u062a\u062e\u062f\u0645\u064a\u0646 \u0628\u0640 <strong data-start=\"\u201d3390\u201c\" data-end=\"\u201d3431\u201c\">\u0627\u062d\u062a\u0628\u0627\u0633 \u0637\u0641\u064a\u0641 \u0644\u0644\u0645\u0627\u0621 \u0623\u0648 \u0639\u062f\u0645 \u0631\u0627\u062d\u0629 \u0641\u064a \u0627\u0644\u062c\u0647\u0627\u0632 \u0627\u0644\u0647\u0636\u0645\u064a<\/strong>\u060c \u062e\u0627\u0635\u0629 \u0639\u0646\u062f \u062a\u0646\u0627\u0648\u0644 \u062c\u0631\u0639\u0627\u062a \u0639\u0627\u0644\u064a\u0629\u061b \u0648\u0639\u0627\u062f\u0629 \u0645\u0627 \u062a\u0643\u0648\u0646 \u0647\u0630\u0647 \u0627\u0644\u0622\u062b\u0627\u0631 \u0645\u0624\u0642\u062a\u0629.<\/p>\n<p data-start=\"3339\" data-end=\"3540\"><img loading=\"lazy\" decoding=\"async\" class=\"alignnone size-medium wp-image-20061\" src=\"https:\/\/elitenutritionmaroc.com\/wp-content\/uploads\/2025\/07\/Micronized-Creatine-Powder-300g-4-300x300.jpg\" alt=\"Micronized Creatine Powder 300gr \u2013 USA | Cr\u00e9atine Poudre Premium | Elite Nutrition Maroc\" width=\"300\" height=\"300\" srcset=\"https:\/\/elitenutritionmaroc.com\/wp-content\/uploads\/2025\/07\/Micronized-Creatine-Powder-300g-4-300x300.jpg 300w, https:\/\/elitenutritionmaroc.com\/wp-content\/uploads\/2025\/07\/Micronized-Creatine-Powder-300g-4-800x800.jpg 800w, https:\/\/elitenutritionmaroc.com\/wp-content\/uploads\/2025\/07\/Micronized-Creatine-Powder-300g-4-150x150.jpg 150w, https:\/\/elitenutritionmaroc.com\/wp-content\/uploads\/2025\/07\/Micronized-Creatine-Powder-300g-4-768x768.jpg 768w, https:\/\/elitenutritionmaroc.com\/wp-content\/uploads\/2025\/07\/Micronized-Creatine-Powder-300g-4-12x12.jpg 12w, https:\/\/elitenutritionmaroc.com\/wp-content\/uploads\/2025\/07\/Micronized-Creatine-Powder-300g-4-860x860.jpg 860w, https:\/\/elitenutritionmaroc.com\/wp-content\/uploads\/2025\/07\/Micronized-Creatine-Powder-300g-4-430x430.jpg 430w, https:\/\/elitenutritionmaroc.com\/wp-content\/uploads\/2025\/07\/Micronized-Creatine-Powder-300g-4-700x700.jpg 700w, https:\/\/elitenutritionmaroc.com\/wp-content\/uploads\/2025\/07\/Micronized-Creatine-Powder-300g-4.jpg 1201w\" sizes=\"(max-width: 300px) 100vw, 300px\" \/><\/p>\n<h3 data-start=\"3547\" data-end=\"3595\" class=\" translation-block\">\u2b50 <strong data-start=\"\u201d3553\u201c\" data-end=\"\u201d3595\u201c\">\u0644\u0645\u0627\u0630\u0627 \u062a\u062e\u062a\u0627\u0631 Elite Nutrition Morocco<\/strong><\/h3>\n<p data-start=\"3596\" data-end=\"3984\" class=\" translation-block\">\u0641\u064a <strong data-start=\"\u201d3601\u201c\" data-end=\"\u201d3626\u201c\">Elite Nutrition Maroc<\/strong>\u060c \u0646\u0642\u062f\u0645 <strong data-start=\"\u20193647\u2018\" data-end=\"\u201d3694\u201c\">\u0645\u0643\u0645\u0644\u0627\u062a \u063a\u0630\u0627\u0626\u064a\u0629 \u0645\u0645\u062a\u0627\u0632\u0629 \u0645\u0633\u062a\u0648\u0631\u062f\u0629 \u0645\u0646 \u0627\u0644\u0648\u0644\u0627\u064a\u0627\u062a \u0627\u0644\u0645\u062a\u062d\u062f\u0629<\/strong>\u060c \u0630\u0627\u062a \u062c\u0648\u062f\u0629 \u0645\u0636\u0645\u0648\u0646\u0629 \u0648\u0645\u0646\u0627\u0633\u0628\u0629 \u0644\u0644\u0623\u0647\u062f\u0627\u0641 \u0627\u0644\u0631\u064a\u0627\u0636\u064a\u0629 \u0644\u0644\u0631\u064a\u0627\u0636\u064a\u064a\u0646 \u0645\u0646 \u062c\u0645\u064a\u0639 \u0627\u0644\u0645\u0633\u062a\u0648\u064a\u0627\u062a. \u0645\u0639 <strong data-start=\"\u201d3788\u201c\" data-end=\"\u201d3831\u201c\">\u0645\u0633\u062d\u0648\u0642 \u0627\u0644\u0643\u0631\u064a\u0627\u062a\u064a\u0646 \u0627\u0644\u0645\u064a\u0643\u0631\u0648\u0646\u064a\u0632 300 \u063a\u0631\u0627\u0645 - \u0627\u0644\u0648\u0644\u0627\u064a\u0627\u062a \u0627\u0644\u0645\u062a\u062d\u062f\u0629 \u0627\u0644\u0623\u0645\u0631\u064a\u0643\u064a\u0629<\/strong>\u060c \u0633\u062a\u0633\u062a\u0641\u064a\u062f \u0645\u0646 \u0645\u0646\u062a\u062c <strong data-start=\"\u20193862\u2018\" data-end=\"\u201d3903\u201c\">\u0645\u0648\u062b\u0648\u0642 \u0648\u0641\u0639\u0627\u0644 \u0648\u0633\u0647\u0644 \u0627\u0644\u0627\u0633\u062a\u062e\u062f\u0627\u0645<\/strong> \u0644\u062a\u062f\u0631\u064a\u0628\u0627\u062a\u0643 \u0627\u0644\u0623\u0643\u062b\u0631 \u062a\u0637\u0644\u0628\u064b\u0627.<\/p>\n<div id=\"gtx-trans\" style=\"position: absolute; left: -10px; top: 0.666666px;\">\n<div class=\"gtx-trans-icon\"><\/div>\n<\/div>","protected":false},"excerpt":{"rendered":"<p>La Micronized Creatine Powder 300g \u2013 USA d\u2019Elite Nutrition Maroc est un compl\u00e9ment en poudre de cr\u00e9atine monohydrate micronis\u00e9e de<\/p>","protected":false},"featured_media":20065,"comment_status":"open","ping_status":"closed","template":"","meta":[],"product_brand":[239],"product_cat":[477],"product_tag":[551,633,281],"class_list":{"0":"post-17089","1":"product","2":"type-product","3":"status-publish","4":"has-post-thumbnail","6":"product_brand-optimum-nutrition","7":"product_cat-creatine","8":"product_tag-creatine","9":"product_tag-micronized","10":"product_tag-monohydrate","12":"first","13":"outofstock","14":"shipping-taxable","15":"purchasable","16":"product-type-simple"},"_links":{"self":[{"href":"https:\/\/elitenutritionmaroc.com\/ar\/wp-json\/wp\/v2\/product\/17089","targetHints":{"allow":["GET"]}}],"collection":[{"href":"https:\/\/elitenutritionmaroc.com\/ar\/wp-json\/wp\/v2\/product"}],"about":[{"href":"https:\/\/elitenutritionmaroc.com\/ar\/wp-json\/wp\/v2\/types\/product"}],"replies":[{"embeddable":true,"href":"https:\/\/elitenutritionmaroc.com\/ar\/wp-json\/wp\/v2\/comments?post=17089"}],"version-history":[{"count":1,"href":"https:\/\/elitenutritionmaroc.com\/ar\/wp-json\/wp\/v2\/product\/17089\/revisions"}],"predecessor-version":[{"id":20242,"href":"https:\/\/elitenutritionmaroc.com\/ar\/wp-json\/wp\/v2\/product\/17089\/revisions\/20242"}],"wp:featuredmedia":[{"embeddable":true,"href":"https:\/\/elitenutritionmaroc.com\/ar\/wp-json\/wp\/v2\/media\/20065"}],"wp:attachment":[{"href":"https:\/\/elitenutritionmaroc.com\/ar\/wp-json\/wp\/v2\/media?parent=17089"}],"wp:term":[{"taxonomy":"product_brand","embeddable":true,"href":"https:\/\/elitenutritionmaroc.com\/ar\/wp-json\/wp\/v2\/product_brand?post=17089"},{"taxonomy":"product_cat","embeddable":true,"href":"https:\/\/elitenutritionmaroc.com\/ar\/wp-json\/wp\/v2\/product_cat?post=17089"},{"taxonomy":"product_tag","embeddable":true,"href":"https:\/\/elitenutritionmaroc.com\/ar\/wp-json\/wp\/v2\/product_tag?post=17089"}],"curies":[{"name":"wp","href":"https:\/\/api.w.org\/{rel}","templated":true}]}}