{"id":17063,"date":"2025-07-09T16:41:10","date_gmt":"2025-07-09T16:41:10","guid":{"rendered":"https:\/\/elitenutritionmaroc.com\/?post_type=product&#038;p=17063"},"modified":"2026-01-21T17:43:48","modified_gmt":"2026-01-21T16:43:48","slug":"zma-120-gelules","status":"publish","type":"product","link":"https:\/\/elitenutritionmaroc.com\/ar\/product\/zma-120-gelules\/","title":{"rendered":"\u0632\u0645\u0627 + 120 \u0643\u0628\u0633\u0648\u0644\u0629"},"content":{"rendered":"<h3 data-start=\"1165\" data-end=\"1225\">\u26a1 \u0632\u0645\u0627 + 120 \u0643\u0628\u0633\u0648\u0644\u0629 \u2013 \u0627\u0644\u0627\u0633\u062a\u0634\u0641\u0627\u0621 \u0648\u0627\u0644\u0646\u0648\u0645 \u0648\u0627\u0644\u0623\u062f\u0627\u0621<\/h3>\n<p data-start=\"1227\" data-end=\"1497\" class=\" translation-block\"><strong data-start=\"\u201d1227\u201c\" data-end=\"\u201d1235\u201c\">ZMA+<\/strong> \u0647\u064a \u062a\u0631\u0643\u064a\u0628\u0629 \u0645\u062a\u0637\u0648\u0631\u0629 \u062a\u062c\u0645\u0639 \u0628\u064a\u0646 <strong data-start=\"\u20191270\u2018\" data-end=\"\u201d1278\u201c\">\u0627\u0644\u0632\u0646\u0643<\/strong> \u0648 <strong data-start=\"\u201d1280\u201c\" data-end=\"\u201d1293\u201c\">\u0627\u0644\u0645\u063a\u0646\u064a\u0633\u064a\u0648\u0645<\/strong> \u0648<strong data-start=\"\u201d1297\u201c\" data-end=\"\u20191312\u2018\">\u0641\u064a\u062a\u0627\u0645\u064a\u0646 B6<\/strong>\u060c \u0648\u0647\u064a \u0645\u0635\u0645\u0645\u0629 \u062e\u0635\u064a\u0635\u064b\u0627 \u0644\u0645\u0631\u0627\u0641\u0642\u0629 \u0627\u0644\u0631\u064a\u0627\u0636\u064a\u064a\u0646 \u0648\u0627\u0644\u0623\u0634\u062e\u0627\u0635 \u0627\u0644\u0646\u0634\u0637\u064a\u0646 \u0641\u064a <strong data-start=\"\u201d1399\u201c\" data-end=\"\u201d1426\u201c\">\u0627\u0633\u062a\u0639\u0627\u062f\u0629 \u0627\u0644\u0639\u0636\u0644\u0627\u062a<\/strong> \u0648<strong data-start=\"\u201d1433\u201c\" data-end=\"\u201d1455\u201c\">\u062c\u0648\u062f\u0629 \u0646\u0648\u0645\u0647\u0645<\/strong> \u0648<strong data-start=\"\u20191464\u2018\" data-end=\"\u201d1496\u201c\">\u0623\u062f\u0627\u0626\u0647\u0645 \u0627\u0644\u0628\u062f\u0646\u064a \u0627\u0644\u0639\u0627\u0645<\/strong>.<\/p>\n<p data-start=\"1499\" data-end=\"1784\" class=\" translation-block\">\u0647\u0630\u0647 \u0627\u0644\u062a\u0622\u0632\u0631 \u0627\u0644\u063a\u0630\u0627\u0626\u064a \u0627\u0644\u062f\u0642\u064a\u0642 \u0645\u0639\u0631\u0648\u0641 \u0628\u062f\u0648\u0631\u0647 \u0627\u0644\u0631\u0626\u064a\u0633\u064a \u0641\u064a <strong data-start=\"\u201d1573\u201c\" data-end=\"\u201d1602\u201c\">\u0648\u0638\u064a\u0641\u0629 \u0627\u0644\u0639\u0636\u0644\u0627\u062a<\/strong>\u060c \u0648<strong data-start=\"\u20191607\u2018\" data-end=\"\u201d1634\u201c\">\u062a\u0642\u0644\u064a\u0644 \u0627\u0644\u062a\u0639\u0628<\/strong>\u060c <strong data-start=\"\u201d1639\u201c\" data-end=\"\u201d1669\u201c\">\u062f\u0639\u0645 \u0627\u0644\u062c\u0647\u0627\u0632 \u0627\u0644\u0639\u0635\u0628\u064a<\/strong> \u0648\u0627\u0644\u062d\u0641\u0627\u0638 \u0639\u0644\u0649 <strong data-start=\"\u20191688\u2018\" data-end=\"\u201d1717\u201c\">\u0645\u0633\u062a\u0648\u064a\u0627\u062a \u0647\u0631\u0645\u0648\u0646\u064a\u0629 \u0637\u0628\u064a\u0639\u064a\u0629<\/strong>\u060c \u062e\u0627\u0635\u0629 \u0644\u062f\u0649 \u0627\u0644\u0631\u064a\u0627\u0636\u064a\u064a\u0646 \u0627\u0644\u0630\u064a\u0646 \u064a\u062e\u0636\u0639\u0648\u0646 \u0644\u062a\u062f\u0631\u064a\u0628\u0627\u062a \u0645\u0643\u062b\u0641\u0629.<\/p>\n<p data-start=\"1499\" data-end=\"1784\"><img fetchpriority=\"high\" decoding=\"async\" class=\"alignnone size-medium wp-image-19393\" src=\"https:\/\/elitenutritionmaroc.com\/wp-content\/uploads\/2025\/07\/ZMA-120-gelules-2-300x300.png\" alt=\"ZMA+ 120 g\u00e9lules\" width=\"300\" height=\"300\" srcset=\"https:\/\/elitenutritionmaroc.com\/wp-content\/uploads\/2025\/07\/ZMA-120-gelules-2-300x300.png 300w, https:\/\/elitenutritionmaroc.com\/wp-content\/uploads\/2025\/07\/ZMA-120-gelules-2-800x800.png 800w, https:\/\/elitenutritionmaroc.com\/wp-content\/uploads\/2025\/07\/ZMA-120-gelules-2-150x150.png 150w, https:\/\/elitenutritionmaroc.com\/wp-content\/uploads\/2025\/07\/ZMA-120-gelules-2-768x768.png 768w, https:\/\/elitenutritionmaroc.com\/wp-content\/uploads\/2025\/07\/ZMA-120-gelules-2-860x860.png 860w, https:\/\/elitenutritionmaroc.com\/wp-content\/uploads\/2025\/07\/ZMA-120-gelules-2-430x430.png 430w, https:\/\/elitenutritionmaroc.com\/wp-content\/uploads\/2025\/07\/ZMA-120-gelules-2-700x700.png 700w, https:\/\/elitenutritionmaroc.com\/wp-content\/uploads\/2025\/07\/ZMA-120-gelules-2.png 1000w\" sizes=\"(max-width: 300px) 100vw, 300px\" \/><\/p>\n<h3 data-start=\"1791\" data-end=\"1818\">\u2705 \u0645\u0632\u0627\u064a\u0627 \u0632\u0645\u0627+<\/h3>\n<ul data-start=\"1820\" data-end=\"2095\">\n<li data-start=\"1820\" data-end=\"1869\">\n<p data-start=\"1822\" data-end=\"1869\" class=\" translation-block\">\u064a\u0633\u0627\u0647\u0645 \u0641\u064a <strong data-start=\"\u201d1838\u201c\" data-end=\"\u201d1869\u201c\">\u0648\u0638\u064a\u0641\u0629 \u0627\u0644\u0639\u0636\u0644\u0627\u062a \u0627\u0644\u0637\u0628\u064a\u0639\u064a\u0629<\/strong><\/p>\n<\/li>\n<li data-start=\"1870\" data-end=\"1913\">\n<p data-start=\"1872\" data-end=\"1913\" class=\" translation-block\">\u064a\u0633\u0627\u0639\u062f \u0639\u0644\u0649 <strong data-start=\"\u201d1882\u201c\" data-end=\"\u201d1913\u201c\">\u0627\u0644\u062a\u0639\u0627\u0641\u064a \u0628\u0639\u062f \u0627\u0644\u0645\u062c\u0647\u0648\u062f<\/strong><\/p>\n<\/li>\n<li data-start=\"1914\" data-end=\"1950\">\n<p data-start=\"1916\" data-end=\"1950\" class=\" translation-block\">\u064a\u062f\u0639\u0645 <strong data-start=\"\u201d1928\u201c\" data-end=\"\u201d1950\u201c\">\u062c\u0648\u062f\u0629 \u0627\u0644\u0646\u0648\u0645<\/strong><\/p>\n<\/li>\n<li data-start=\"1951\" data-end=\"1995\">\n<p data-start=\"1953\" data-end=\"1995\" class=\" translation-block\">\u064a\u0633\u0627\u0647\u0645 \u0641\u064a <strong data-start=\"\u201d1968\u201c\" data-end=\"\u201d1995\u201c\">\u062a\u0642\u0644\u064a\u0644 \u0627\u0644\u062a\u0639\u0628<\/strong><\/p>\n<\/li>\n<li data-start=\"1996\" data-end=\"2038\">\n<p data-start=\"1998\" data-end=\"2038\" class=\" translation-block\">\u064a\u0639\u0632\u0632 <strong data-start=\"\u201d2009\u201c\" data-end=\"\u201d2038\u201c\">\u0627\u0644\u062a\u0648\u0627\u0632\u0646 \u0627\u0644\u0647\u0631\u0645\u0648\u0646\u064a \u0627\u0644\u0637\u0628\u064a\u0639\u064a<\/strong><\/p>\n<\/li>\n<li data-start=\"2039\" data-end=\"2095\">\n<p data-start=\"2041\" data-end=\"2095\">\u0635\u064a\u063a\u0629 \u0645\u062b\u0627\u0644\u064a\u0629 \u0644\u0645\u0631\u0627\u062d\u0644 \u0627\u0644\u062a\u062f\u0631\u064a\u0628 \u0627\u0644\u0645\u0643\u062b\u0641<\/p>\n<\/li>\n<\/ul>\n<h3 data-start=\"2102\" data-end=\"2159\">\ud83e\uddec \u0644\u0645\u0627\u0630\u0627 \u064a\u062a\u0645 \u0627\u0644\u062c\u0645\u0639 \u0628\u064a\u0646 \u0627\u0644\u0632\u0646\u0643 + \u0627\u0644\u0645\u063a\u0646\u064a\u0633\u064a\u0648\u0645 + \u0641\u064a\u062a\u0627\u0645\u064a\u0646 B6\u061f<\/h3>\n<ul data-start=\"2161\" data-end=\"2488\">\n<li data-start=\"2161\" data-end=\"2295\">\n<p data-start=\"2163\" data-end=\"2295\" class=\" translation-block\"><strong data-start=\"\u201d2163\u201c\" data-end=\"\u201d2171\u201c\">\u0627\u0644\u0632\u0646\u0643<\/strong>: \u064a\u0633\u0627\u0647\u0645 \u0641\u064a \u0627\u0644\u0623\u062f\u0627\u0621 \u0627\u0644\u0637\u0628\u064a\u0639\u064a \u0644\u0644\u062c\u0647\u0627\u0632 \u0627\u0644\u0645\u0646\u0627\u0639\u064a \u0648\u0627\u0644\u062d\u0641\u0627\u0638 \u0639\u0644\u0649 \u0645\u0633\u062a\u0648\u0649 \u0637\u0628\u064a\u0639\u064a \u0645\u0646 \u0647\u0631\u0645\u0648\u0646 \u0627\u0644\u062a\u0633\u062a\u0648\u0633\u062a\u064a\u0631\u0648\u0646 \u0641\u064a \u0627\u0644\u062f\u0645.<\/p>\n<\/li>\n<li data-start=\"2296\" data-end=\"2387\">\n<p data-start=\"2298\" data-end=\"2387\" class=\" translation-block\"><strong data-start=\"\u201d2298\u201c\" data-end=\"\u201d2311\u201c\">\u0627\u0644\u0645\u063a\u0646\u064a\u0633\u064a\u0648\u0645<\/strong>: \u064a\u062f\u0639\u0645 \u0648\u0638\u0627\u0626\u0641 \u0627\u0644\u0639\u0636\u0644\u0627\u062a \u0648\u0627\u0644\u0623\u0639\u0635\u0627\u0628 \u0648\u064a\u0633\u0627\u0639\u062f \u0639\u0644\u0649 \u062a\u0642\u0644\u064a\u0644 \u0627\u0644\u062a\u0639\u0628.<\/p>\n<\/li>\n<li data-start=\"2388\" data-end=\"2488\">\n<p data-start=\"2390\" data-end=\"2488\" class=\" translation-block\"><strong data-start=\"\u201d2390\u201c\" data-end=\"\u201d2405\u201c\">\u0641\u064a\u062a\u0627\u0645\u064a\u0646 B6<\/strong>: \u064a\u0633\u0627\u0647\u0645 \u0641\u064a \u0627\u0633\u062a\u0642\u0644\u0627\u0628 \u0627\u0644\u0637\u0627\u0642\u0629 \u0648\u062a\u0646\u0638\u064a\u0645 \u0627\u0644\u0646\u0634\u0627\u0637 \u0627\u0644\u0647\u0631\u0645\u0648\u0646\u064a.<\/p>\n<\/li>\n<\/ul>\n<p data-start=\"2490\" data-end=\"2609\" class=\" translation-block\">\u0647\u0630\u0627 \u0627\u0644\u0645\u0632\u064a\u062c \u064a\u062c\u0639\u0644 \u0645\u0646 <strong data-start=\"\u201d2516\u201c\" data-end=\"\u201d2524\u201c\">ZMA+<\/strong> \u0645\u0643\u0645\u0644\u064b\u0627 \u0644\u0627 \u063a\u0646\u0649 \u0639\u0646\u0647 \u0644\u062a\u062d\u0633\u064a\u0646 <strong data-start=\"\u20192569\u2018\" data-end=\"\u201d2608\u201c\">\u0627\u0644\u0631\u0627\u062d\u0629 \u0648\u0627\u0644\u0627\u0633\u062a\u0631\u062e\u0627\u0621 \u0648\u0627\u0644\u0623\u062f\u0627\u0621<\/strong>.<\/p>\n<h3 data-start=\"2616\" data-end=\"2645\">\ud83d\udd52 \u0646\u0635\u0627\u0626\u062d \u0627\u0644\u0627\u0633\u062a\u062e\u062f\u0627\u0645<\/h3>\n<ul data-start=\"2647\" data-end=\"2853\">\n<li data-start=\"2647\" data-end=\"2701\">\n<p data-start=\"2649\" data-end=\"2701\" class=\" translation-block\"><strong data-start=\"\u201d2649\u201c\" data-end=\"\u201d2674\u201c\">\u0627\u0644\u062c\u0631\u0639\u0629 \u0627\u0644\u0645\u0648\u0635\u0649 \u0628\u0647\u0627<\/strong>: 2 \u0625\u0644\u0649 3 \u0643\u0628\u0633\u0648\u0644\u0627\u062a \u064a\u0648\u0645\u064a\u064b\u0627<\/p>\n<\/li>\n<li data-start=\"2702\" data-end=\"2761\">\n<p data-start=\"2704\" data-end=\"2761\" class=\" translation-block\">\u062a\u0624\u062e\u0630 <strong data-start=\"\u201d2714\u201c\" data-end=\"\u201d2725\u201c\">\u0641\u064a \u0627\u0644\u0645\u0633\u0627\u0621<\/strong>\u060c \u0642\u0628\u0644 \u0627\u0644\u0646\u0648\u0645 \u0628\u0640 30 \u0625\u0644\u0649 60 \u062f\u0642\u064a\u0642\u0629.<\/p>\n<\/li>\n<li data-start=\"2762\" data-end=\"2816\">\n<p data-start=\"2764\" data-end=\"2816\">\u064a\u0641\u0636\u0644 \u062a\u0646\u0627\u0648\u0644\u0647 \u0639\u0644\u0649 \u0645\u0639\u062f\u0629 \u0641\u0627\u0631\u063a\u0629 \u0623\u0648 \u0628\u0639\u064a\u062f\u064b\u0627 \u0639\u0646 \u0645\u0646\u062a\u062c\u0627\u062a \u0627\u0644\u0623\u0644\u0628\u0627\u0646<\/p>\n<\/li>\n<li data-start=\"2817\" data-end=\"2853\">\n<p data-start=\"2819\" data-end=\"2853\">\u0627\u0644\u0639\u0644\u0627\u062c \u0627\u0644\u0645\u0648\u0635\u0649 \u0628\u0647 \u0645\u0646 4 \u0625\u0644\u0649 8 \u0623\u0633\u0627\u0628\u064a\u0639<\/p>\n<\/li>\n<\/ul>\n<p><img decoding=\"async\" class=\"alignnone size-medium wp-image-19394\" src=\"https:\/\/elitenutritionmaroc.com\/wp-content\/uploads\/2025\/07\/ZMA-120-gelules-1-300x300.jpg\" alt=\"ZMA+ 120 g\u00e9lules\" width=\"300\" height=\"300\" srcset=\"https:\/\/elitenutritionmaroc.com\/wp-content\/uploads\/2025\/07\/ZMA-120-gelules-1-300x300.jpg 300w, https:\/\/elitenutritionmaroc.com\/wp-content\/uploads\/2025\/07\/ZMA-120-gelules-1-800x800.jpg 800w, https:\/\/elitenutritionmaroc.com\/wp-content\/uploads\/2025\/07\/ZMA-120-gelules-1-150x150.jpg 150w, https:\/\/elitenutritionmaroc.com\/wp-content\/uploads\/2025\/07\/ZMA-120-gelules-1-768x768.jpg 768w, https:\/\/elitenutritionmaroc.com\/wp-content\/uploads\/2025\/07\/ZMA-120-gelules-1-860x860.jpg 860w, https:\/\/elitenutritionmaroc.com\/wp-content\/uploads\/2025\/07\/ZMA-120-gelules-1-430x430.jpg 430w, https:\/\/elitenutritionmaroc.com\/wp-content\/uploads\/2025\/07\/ZMA-120-gelules-1-700x700.jpg 700w, https:\/\/elitenutritionmaroc.com\/wp-content\/uploads\/2025\/07\/ZMA-120-gelules-1.jpg 1080w\" sizes=\"(max-width: 300px) 100vw, 300px\" \/><\/p>\n<h3 data-start=\"2860\" data-end=\"2877\">\ud83c\udfaf \u0644\u0645\u0646\u061f<\/h3>\n<ul data-start=\"2879\" data-end=\"3087\">\n<li data-start=\"2879\" data-end=\"2931\">\n<p data-start=\"2881\" data-end=\"2931\">\u0631\u064a\u0627\u0636\u064a\u0648\u0646 \u0641\u064a \u0645\u062c\u0627\u0644 \u0643\u0645\u0627\u0644 \u0627\u0644\u0623\u062c\u0633\u0627\u0645 \u0648\u0627\u0644\u0644\u064a\u0627\u0642\u0629 \u0627\u0644\u0628\u062f\u0646\u064a\u0629 \u0648\u0627\u0644\u062a\u062f\u0631\u064a\u0628 \u0627\u0644\u0645\u062a\u0639\u062f\u062f \u0627\u0644\u062a\u062e\u0635\u0635\u0627\u062a<\/p>\n<\/li>\n<li data-start=\"2932\" data-end=\"2983\">\n<p data-start=\"2934\" data-end=\"2983\">\u0627\u0644\u0631\u064a\u0627\u0636\u064a\u0648\u0646 \u0627\u0644\u0628\u0627\u062d\u062b\u0648\u0646 \u0639\u0646 \u062a\u0639\u0627\u0641\u064a \u0623\u0641\u0636\u0644<\/p>\n<\/li>\n<li data-start=\"2984\" data-end=\"3042\">\n<p data-start=\"2986\" data-end=\"3042\">\u0627\u0644\u0623\u0634\u062e\u0627\u0635 \u0627\u0644\u0645\u0639\u0631\u0636\u0648\u0646 \u0644\u0644\u0625\u0631\u0647\u0627\u0642 \u0623\u0648 \u0627\u0644\u0646\u0648\u0645 \u063a\u064a\u0631 \u0627\u0644\u0645\u0631\u064a\u062d<\/p>\n<\/li>\n<li data-start=\"3043\" data-end=\"3087\">\n<p data-start=\"3045\" data-end=\"3087\">\u0628\u0631\u0627\u0645\u062c \u0632\u064a\u0627\u062f\u0629 \u0627\u0644\u0648\u0632\u0646 \u0623\u0648 \u0625\u0646\u0642\u0627\u0635 \u0627\u0644\u0648\u0632\u0646<\/p>\n<\/li>\n<\/ul>\n<h3 data-start=\"3094\" data-end=\"3121\">\u26a0\ufe0f \u0627\u062d\u062a\u064a\u0627\u0637\u0627\u062a \u0627\u0644\u0627\u0633\u062a\u062e\u062f\u0627\u0645<\/h3>\n<p data-start=\"3123\" data-end=\"3361\">\u0645\u0643\u0645\u0644 \u063a\u0630\u0627\u0626\u064a \u064a\u0633\u062a\u062e\u062f\u0645 \u0641\u064a \u0625\u0637\u0627\u0631 \u0646\u0638\u0627\u0645 \u063a\u0630\u0627\u0626\u064a \u0645\u062a\u0646\u0648\u0639 \u0648\u0645\u062a\u0648\u0627\u0632\u0646. \u0644\u0627 \u062a\u062a\u062c\u0627\u0648\u0632 \u0627\u0644\u062c\u0631\u0639\u0629 \u0627\u0644\u064a\u0648\u0645\u064a\u0629 \u0627\u0644\u0645\u0648\u0635\u0649 \u0628\u0647\u0627. \u064a\u062d\u0641\u0638 \u0628\u0639\u064a\u062f\u0627\u064b \u0639\u0646 \u0645\u062a\u0646\u0627\u0648\u0644 \u0627\u0644\u0623\u0637\u0641\u0627\u0644. \u0644\u0627 \u064a\u0646\u0635\u062d \u0628\u0647 \u0644\u0644\u0646\u0633\u0627\u0621 \u0627\u0644\u062d\u0648\u0627\u0645\u0644 \u0623\u0648 \u0627\u0644\u0645\u0631\u0636\u0639\u0627\u062a \u062f\u0648\u0646 \u0627\u0633\u062a\u0634\u0627\u0631\u0629 \u0627\u0644\u0637\u0628\u064a\u0628.<\/p>\n<p data-start=\"3417\" data-end=\"3535\" class=\" translation-block\"><strong data-start=\"\u201d3417\u201c\" data-end=\"\u201d3535\u201c\">\u062d\u0633\u0651\u0646 \u0639\u0645\u0644\u064a\u0629 \u0627\u0644\u062a\u0639\u0627\u0641\u064a \u0648\u0627\u0644\u0646\u0648\u0645 \u0645\u0639 \u0632\u0645\u0627 +. <br data-start=\"\u201d3475\u201c\" data-end=\"\u201d3478\u201c\">\u0623\u0636\u0641\u0647 \u0625\u0644\u0649 \u0631\u0648\u062a\u064a\u0646\u0643 \u0648\u0627\u0637\u0644\u0628\u0647 \u0627\u0644\u0622\u0646. <\/strong><\/p>","protected":false},"excerpt":{"rendered":"<p>\u26a1 ZMA+ 120 G\u00e9lules \u2013 R\u00e9cup\u00e9ration, Sommeil &amp; Performance ZMA+ est une formule avanc\u00e9e associant Zinc, Magn\u00e9sium et Vitamine B6,<\/p>","protected":false},"featured_media":19390,"comment_status":"open","ping_status":"closed","template":"","meta":[],"product_brand":[276],"product_cat":[486],"product_tag":[555,307,286,554],"class_list":{"0":"post-17063","1":"product","2":"type-product","3":"status-publish","4":"has-post-thumbnail","6":"product_brand-ericfavre","7":"product_cat-vitamines-et-mineraux","8":"product_tag-magnesium","9":"product_tag-multivitamins","10":"product_tag-zinc","11":"product_tag-zma","13":"first","14":"instock","15":"shipping-taxable","16":"purchasable","17":"product-type-simple"},"_links":{"self":[{"href":"https:\/\/elitenutritionmaroc.com\/ar\/wp-json\/wp\/v2\/product\/17063","targetHints":{"allow":["GET"]}}],"collection":[{"href":"https:\/\/elitenutritionmaroc.com\/ar\/wp-json\/wp\/v2\/product"}],"about":[{"href":"https:\/\/elitenutritionmaroc.com\/ar\/wp-json\/wp\/v2\/types\/product"}],"replies":[{"embeddable":true,"href":"https:\/\/elitenutritionmaroc.com\/ar\/wp-json\/wp\/v2\/comments?post=17063"}],"version-history":[{"count":0,"href":"https:\/\/elitenutritionmaroc.com\/ar\/wp-json\/wp\/v2\/product\/17063\/revisions"}],"wp:featuredmedia":[{"embeddable":true,"href":"https:\/\/elitenutritionmaroc.com\/ar\/wp-json\/wp\/v2\/media\/19390"}],"wp:attachment":[{"href":"https:\/\/elitenutritionmaroc.com\/ar\/wp-json\/wp\/v2\/media?parent=17063"}],"wp:term":[{"taxonomy":"product_brand","embeddable":true,"href":"https:\/\/elitenutritionmaroc.com\/ar\/wp-json\/wp\/v2\/product_brand?post=17063"},{"taxonomy":"product_cat","embeddable":true,"href":"https:\/\/elitenutritionmaroc.com\/ar\/wp-json\/wp\/v2\/product_cat?post=17063"},{"taxonomy":"product_tag","embeddable":true,"href":"https:\/\/elitenutritionmaroc.com\/ar\/wp-json\/wp\/v2\/product_tag?post=17063"}],"curies":[{"name":"wp","href":"https:\/\/api.w.org\/{rel}","templated":true}]}}