{"id":17058,"date":"2025-07-09T16:28:48","date_gmt":"2025-07-09T16:28:48","guid":{"rendered":"https:\/\/elitenutritionmaroc.com\/?post_type=product&#038;p=17058"},"modified":"2026-02-06T19:02:08","modified_gmt":"2026-02-06T18:02:08","slug":"born-of-rage-shot-preworkout-display-de-12-unites","status":"publish","type":"product","link":"https:\/\/elitenutritionmaroc.com\/ar\/product\/born-of-rage-shot-preworkout-display-de-12-unites\/","title":{"rendered":"\u0645\u0634\u0631\u0648\u0628 \u0645\u0627 \u0642\u0628\u0644 \u0627\u0644\u062a\u0645\u0631\u064a\u0646 \u0631\u0627\u062c \u0631\u064a\u062f\u0628\u064a\u0631\u064a 50 \u0645\u0644\u064a\u0644\u062a\u0631"},"content":{"rendered":"<h3 data-start=\"1072\" data-end=\"1126\">\u26a1 \u063a\u064e\u0636\u064e\u0628\u064f \u0645\u0627 \u0642\u0628\u0644 \u0627\u0644\u062a\u0645\u0631\u064a\u0646 \u2013 \u0645\u064f\u0639\u0632\u0632 \u0627\u0644\u0623\u062f\u0627\u0621 \u0627\u0644\u0646\u0647\u0627\u0626\u064a<\/h3>\n<p data-start=\"1128\" data-end=\"1379\" class=\" translation-block\"><strong data-start=\"1128\" data-end=\"1148\"> Pre Workout RAGE<\/strong> \u0647\u0648 <strong data-start=\"1156\" data-end=\"1204\"> \u0645\u0643\u0645\u0644 \u0642\u0628\u0644 \u0627\u0644\u062a\u0645\u0631\u064a\u0646 \u0641\u0627\u0626\u0642 \u0627\u0644\u0623\u062f\u0627\u0621<\/strong>\u060c \u0645\u0635\u0645\u0645 \u062e\u0635\u064a\u0635\u064b\u0627 \u0644\u062a\u0648\u0641\u064a\u0631 <strong data-start=\"1243\" data-end=\"1262\">\u0637\u0627\u0642\u0629 \u0645\u0643\u062b\u0641\u0629<\/strong>\u060c \u0648\u062a\u0631\u0643\u064a\u0632 \u0630\u0647\u0646\u064a \u0623\u0642\u0635\u0649<\/strong> \u0648 <strong data-start=\"1299\" data-end=\"1334\">\u062a\u062d\u0645\u0644 \u0639\u0636\u0644\u064a \u0641\u0627\u0626\u0642<\/strong> \u0645\u0646\u0630 \u0627\u0644\u062f\u0642\u0627\u0626\u0642 \u0627\u0644\u0623\u0648\u0644\u0649 \u0645\u0646 \u0627\u0644\u062a\u062f\u0631\u064a\u0628.<\/p>\n<p data-start=\"1381\" data-end=\"1590\" class=\" translation-block\">\u0645\u062b\u0627\u0644\u064a \u0644\u062c\u0644\u0633\u0627\u062a <strong data-start=\"1407\" data-end=\"1422\">\u0631\u0641\u0639 \u0627\u0644\u0623\u062b\u0642\u0627\u0644<\/strong>\u060c <strong data-start=\"1424\" data-end=\"1442\">\u0627\u0644\u062a\u062f\u0631\u064a\u0628 \u0627\u0644\u0645\u062a\u0642\u0627\u0637\u0639<\/strong>\u060c <strong data-start=\"1444\" data-end=\"1463\">\u0627\u0644\u0643\u0627\u0631\u062f\u064a\u0648 \u0627\u0644\u0645\u0643\u062b\u0641<\/strong> \u0623\u0648 <strong data-start=\"1467\" data-end=\"1496\">\u0627\u0644\u0631\u064a\u0627\u0636\u0627\u062a \u0639\u0627\u0644\u064a\u0629 \u0627\u0644\u0643\u062b\u0627\u0641\u0629<\/strong>\u060c \u064a\u062a\u064a\u062d \u0644\u0643 RAGE \u062f\u0641\u0639 \u062d\u062f\u0648\u062f\u0643 \u0648\u0627\u0644\u0648\u0635\u0648\u0644 \u0625\u0644\u0649 \u0645\u0633\u062a\u0648\u0649 \u0623\u062f\u0627\u0621 \u0623\u0639\u0644\u0649.<\/p>\n<p data-start=\"1381\" data-end=\"1590\"><img fetchpriority=\"high\" decoding=\"async\" class=\"alignnone size-medium wp-image-19487\" src=\"https:\/\/elitenutritionmaroc.com\/wp-content\/uploads\/2025\/07\/PRE-WORKOUT-RAGE-1x50ML-UNITES-1-300x300.jpg\" alt=\"Pre Workout RAGE\" width=\"300\" height=\"300\" srcset=\"https:\/\/elitenutritionmaroc.com\/wp-content\/uploads\/2025\/07\/PRE-WORKOUT-RAGE-1x50ML-UNITES-1-300x300.jpg 300w, https:\/\/elitenutritionmaroc.com\/wp-content\/uploads\/2025\/07\/PRE-WORKOUT-RAGE-1x50ML-UNITES-1-800x800.jpg 800w, https:\/\/elitenutritionmaroc.com\/wp-content\/uploads\/2025\/07\/PRE-WORKOUT-RAGE-1x50ML-UNITES-1-150x150.jpg 150w, https:\/\/elitenutritionmaroc.com\/wp-content\/uploads\/2025\/07\/PRE-WORKOUT-RAGE-1x50ML-UNITES-1-768x768.jpg 768w, https:\/\/elitenutritionmaroc.com\/wp-content\/uploads\/2025\/07\/PRE-WORKOUT-RAGE-1x50ML-UNITES-1-860x860.jpg 860w, https:\/\/elitenutritionmaroc.com\/wp-content\/uploads\/2025\/07\/PRE-WORKOUT-RAGE-1x50ML-UNITES-1-430x430.jpg 430w, https:\/\/elitenutritionmaroc.com\/wp-content\/uploads\/2025\/07\/PRE-WORKOUT-RAGE-1x50ML-UNITES-1-700x700.jpg 700w, https:\/\/elitenutritionmaroc.com\/wp-content\/uploads\/2025\/07\/PRE-WORKOUT-RAGE-1x50ML-UNITES-1.jpg 1024w\" sizes=\"(max-width: 300px) 100vw, 300px\" \/><\/p>\n<h3 data-start=\"1597\" data-end=\"1617\">\u2705 \u0627\u0644\u0641\u0648\u0627\u0626\u062f \u0627\u0644\u0631\u0626\u064a\u0633\u064a\u0629<\/h3>\n<ul data-start=\"1619\" data-end=\"1886\">\n<li data-start=\"1619\" data-end=\"1654\">\n<p data-start=\"1621\" data-end=\"1654\" class=\" translation-block\">\u26a1 <strong data-start=\"1623\" data-end=\"1654\"> \u0637\u0627\u0642\u0629 \u0645\u062a\u0641\u062c\u0631\u0629 \u0641\u0648\u0631\u064a\u0629<\/p>\n<\/li>\n<li data-start=\"1655\" data-end=\"1696\">\n<p data-start=\"1657\" data-end=\"1696\" class=\" translation-block\">\ud83e\udde0 <strong data-start=\"1660\" data-end=\"1696\"> \u062a\u0631\u0643\u064a\u0632 \u0648\u062a\u062d\u0633\u064a\u0646 \u0627\u0644\u062a\u0631\u0643\u064a\u0632<\/p>\n<\/li>\n<li data-start=\"1697\" data-end=\"1748\">\n<p data-start=\"1699\" data-end=\"1748\" class=\" translation-block\">\ud83d\udcaa <strong data-start=\"1702\" data-end=\"1748\"> \u0632\u064a\u0627\u062f\u0629 \u0627\u0644\u0642\u0648\u0629 \u0648\u0627\u0644\u062a\u062d\u0645\u0644<\/p>\n<\/li>\n<li data-start=\"1749\" data-end=\"1792\">\n<p data-start=\"1751\" data-end=\"1792\" class=\" translation-block\">\ud83d\udd25 <strong data-start=\"1754\" data-end=\"1792\"> \u0623\u0641\u0636\u0644 \u0634\u062f\u0629 \u062a\u062f\u0631\u064a\u0628<\/p>\n<\/li>\n<li data-start=\"1793\" data-end=\"1837\">\n<p data-start=\"1795\" data-end=\"1837\">\ud83d\ude80 \u0634\u0639\u0648\u0631 \u0628\u0627\u0644\u062f\u0627\u0641\u0639 \u0648\u0627\u0644\u0642\u0648\u0629<\/p>\n<\/li>\n<li data-start=\"1838\" data-end=\"1886\">\n<p data-start=\"1840\" data-end=\"1886\">\u2699\ufe0f \u0627\u0644\u062a\u0631\u0643\u064a\u0628\u0629 \u0627\u0644\u0645\u062b\u0627\u0644\u064a\u0629 \u0642\u0628\u0644 \u0627\u0644\u062a\u062f\u0631\u064a\u0628\u0627\u062a \u0627\u0644\u0645\u0643\u062b\u0641\u0629<\/p>\n<\/li>\n<\/ul>\n<h3 data-start=\"1893\" data-end=\"1935\">\ud83e\uddec \u0644\u0645\u0627\u0630\u0627 \u062a\u062e\u062a\u0627\u0631 Pre Workout RAGE\u061f<\/h3>\n<p data-start=\"1937\" data-end=\"2177\" class=\" translation-block\">\u0628\u0641\u0636\u0644 \u0645\u0632\u064a\u062c \u0645\u0633\u062a\u0647\u062f\u0641 \u0645\u0646 \u0627\u0644\u0645\u0643\u0648\u0646\u0627\u062a \u0627\u0644\u0645\u0646\u0634\u0637\u0629 \u0648\u0627\u0644\u0648\u0638\u064a\u0641\u064a\u0629\u060c <strong data-start=\"2011\" data-end=\"2031\"> \u064a\u062f\u0639\u0645 Pre Workout RAGE \u0643\u0644 \u0645\u0646 <strong data-start=\"2054\" data-end=\"2078\">\u0627\u0644\u0623\u062f\u0627\u0621 \u0627\u0644\u0628\u062f\u0646\u064a<\/strong> \u0648 <strong data-start=\"2085\" data-end=\"2103\">\u0627\u0644\u0648\u0636\u0648\u062d \u0627\u0644\u0630\u0647\u0646\u064a<\/strong>\u060c \u0648\u0647\u0645\u0627 \u0639\u0646\u0635\u0631\u0627\u0646 \u0623\u0633\u0627\u0633\u064a\u0627\u0646 \u0644\u062a\u062d\u0642\u064a\u0642 \u062a\u062f\u0631\u064a\u0628\u0627\u062a \u0641\u0639\u0627\u0644\u0629 \u0648\u0645\u0646\u062a\u062c\u0629.<\/p>\n<p data-start=\"2179\" data-end=\"2279\" class=\" translation-block\">\u062a\u0645 \u062a\u0635\u0645\u064a\u0645\u0647 \u0644\u0644\u0631\u064a\u0627\u0636\u064a\u064a\u0646 \u0627\u0644\u0630\u064a\u0646 \u064a\u0628\u062d\u062b\u0648\u0646 \u0639\u0646 <strong data-start=\"2225\" data-end=\"2245\">\u0645\u0639\u0632\u0632 \u0642\u0648\u064a<\/strong>\u060c \u062f\u0648\u0646 \u0623\u064a \u062a\u0646\u0627\u0632\u0644\u0627\u062a \u0641\u064a \u0627\u0644\u0641\u0639\u0627\u0644\u064a\u0629.<\/p>\n<h3 data-start=\"2286\" data-end=\"2315\">\ud83d\udd52 \u0646\u0635\u0627\u0626\u062d \u0627\u0644\u0627\u0633\u062a\u062e\u062f\u0627\u0645<\/h3>\n<ul data-start=\"2317\" data-end=\"2457\">\n<li data-start=\"2317\" data-end=\"2382\">\n<p data-start=\"2319\" data-end=\"2382\" class=\" translation-block\">\u0623\u062e\u0630 <strong data-start=\"2327\" data-end=\"2382\"> \u062c\u0631\u0639\u0629 \u0648\u0627\u062d\u062f\u0629 \u062d\u0648\u0627\u0644\u064a 20 \u0625\u0644\u0649 30 \u062f\u0642\u064a\u0642\u0629 \u0642\u0628\u0644 \u0627\u0644\u062a\u0645\u0631\u064a\u0646<\/p>\n<\/li>\n<li data-start=\"2383\" data-end=\"2407\">\n<p data-start=\"2385\" data-end=\"2407\">\u0645\u0632\u062c \u0645\u0639 \u0627\u0644\u0645\u0627\u0621<\/p>\n<\/li>\n<li data-start=\"2408\" data-end=\"2457\">\n<p data-start=\"2410\" data-end=\"2457\">\u0644\u0627 \u062a\u062a\u062c\u0627\u0648\u0632 \u0627\u0644\u062c\u0631\u0639\u0629 \u0627\u0644\u064a\u0648\u0645\u064a\u0629 \u0627\u0644\u0645\u0648\u0635\u0649 \u0628\u0647\u0627<\/p>\n<\/li>\n<\/ul>\n<p><img decoding=\"async\" class=\"alignnone size-medium wp-image-19486\" src=\"https:\/\/elitenutritionmaroc.com\/wp-content\/uploads\/2025\/07\/PRE-WORKOUT-RAGE-1x50ML-UNITES-4-300x300.jpg\" alt=\"Pre Workout RAGE\" width=\"300\" height=\"300\" srcset=\"https:\/\/elitenutritionmaroc.com\/wp-content\/uploads\/2025\/07\/PRE-WORKOUT-RAGE-1x50ML-UNITES-4-300x300.jpg 300w, https:\/\/elitenutritionmaroc.com\/wp-content\/uploads\/2025\/07\/PRE-WORKOUT-RAGE-1x50ML-UNITES-4-800x800.jpg 800w, https:\/\/elitenutritionmaroc.com\/wp-content\/uploads\/2025\/07\/PRE-WORKOUT-RAGE-1x50ML-UNITES-4-150x150.jpg 150w, https:\/\/elitenutritionmaroc.com\/wp-content\/uploads\/2025\/07\/PRE-WORKOUT-RAGE-1x50ML-UNITES-4-768x768.jpg 768w, https:\/\/elitenutritionmaroc.com\/wp-content\/uploads\/2025\/07\/PRE-WORKOUT-RAGE-1x50ML-UNITES-4-430x430.jpg 430w, https:\/\/elitenutritionmaroc.com\/wp-content\/uploads\/2025\/07\/PRE-WORKOUT-RAGE-1x50ML-UNITES-4-700x700.jpg 700w, https:\/\/elitenutritionmaroc.com\/wp-content\/uploads\/2025\/07\/PRE-WORKOUT-RAGE-1x50ML-UNITES-4.jpg 851w\" sizes=\"(max-width: 300px) 100vw, 300px\" \/><\/p>\n<h3 data-start=\"2464\" data-end=\"2481\">\ud83c\udfaf \u0644\u0645\u0646\u061f<\/h3>\n<ul data-start=\"2483\" data-end=\"2676\">\n<li data-start=\"2483\" data-end=\"2527\">\n<p data-start=\"2485\" data-end=\"2527\">\u0631\u064a\u0627\u0636\u064a\u0648\u0646 \u0645\u062d\u062a\u0631\u0641\u0648\u0646 \u0648\u0647\u0648\u0627\u0629 \u0645\u062a\u0637\u0644\u0628\u0648\u0646<\/p>\n<\/li>\n<li data-start=\"2528\" data-end=\"2568\">\n<p data-start=\"2530\" data-end=\"2568\">\u0631\u064a\u0627\u0636\u064a\u0648\u0646 \u0641\u064a \u0645\u062c\u0627\u0644 \u0643\u0645\u0627\u0644 \u0627\u0644\u0623\u062c\u0633\u0627\u0645 \u0648\u0627\u0644\u0644\u064a\u0627\u0642\u0629 \u0627\u0644\u0628\u062f\u0646\u064a\u0629 \u0648\u0627\u0644\u062a\u062f\u0631\u064a\u0628 \u0627\u0644\u0645\u062a\u0639\u062f\u062f \u0627\u0644\u062a\u062e\u0635\u0635\u0627\u062a<\/p>\n<\/li>\n<li data-start=\"2569\" data-end=\"2621\">\n<p data-start=\"2571\" data-end=\"2621\">\u0627\u0644\u0631\u064a\u0627\u0636\u064a\u0648\u0646 \u0627\u0644\u0630\u064a\u0646 \u064a\u0628\u062d\u062b\u0648\u0646 \u0639\u0646 \u0627\u0644\u0637\u0627\u0642\u0629 \u0648\u0627\u0644\u062a\u0631\u0643\u064a\u0632 \u0648\u0627\u0644\u062a\u062d\u0645\u0644<\/p>\n<\/li>\n<li data-start=\"2622\" data-end=\"2676\">\n<p data-start=\"2624\" data-end=\"2676\">\u0623\u0634\u062e\u0627\u0635 \u064a\u0631\u063a\u0628\u0648\u0646 \u0641\u064a \u062a\u062f\u0631\u064a\u0628\u0627\u062a \u0623\u0643\u062b\u0631 \u0643\u062b\u0627\u0641\u0629<\/p>\n<\/li>\n<\/ul>\n<h3 data-start=\"2683\" data-end=\"2710\">\u26a0\ufe0f \u0627\u062d\u062a\u064a\u0627\u0637\u0627\u062a \u0627\u0644\u0627\u0633\u062a\u062e\u062f\u0627\u0645<\/h3>\n<p data-start=\"2712\" data-end=\"2971\">\u0645\u0643\u0645\u0644 \u063a\u0630\u0627\u0626\u064a \u0645\u062e\u0635\u0635 \u0644\u0644\u0628\u0627\u0644\u063a\u064a\u0646. \u064a\u062d\u062a\u0648\u064a \u0639\u0644\u0649 \u0645\u0643\u0648\u0646\u0627\u062a \u0645\u0646\u0634\u0637\u0629. \u0645\u0645\u0646\u0648\u0639 \u0644\u0644\u0646\u0633\u0627\u0621 \u0627\u0644\u062d\u0648\u0627\u0645\u0644 \u0623\u0648 \u0627\u0644\u0645\u0631\u0636\u0639\u0627\u062a\u060c \u0648\u0644\u0644\u0623\u0634\u062e\u0627\u0635 \u0627\u0644\u062d\u0633\u0627\u0633\u064a\u0646 \u0644\u0644\u0643\u0627\u0641\u064a\u064a\u0646 \u0623\u0648 \u0627\u0644\u0630\u064a\u0646 \u064a\u0639\u0627\u0646\u0648\u0646 \u0645\u0646 \u0627\u0636\u0637\u0631\u0627\u0628\u0627\u062a \u0642\u0644\u0628\u064a\u0629 \u0648\u0639\u0627\u0626\u064a\u0629. \u064a\u064f\u0633\u062a\u0647\u0644\u0643 \u0641\u064a \u0625\u0637\u0627\u0631 \u0646\u0645\u0637 \u062d\u064a\u0627\u0629 \u0635\u062d\u064a.<\/p>\n<p data-start=\"2712\" data-end=\"2971\"><img decoding=\"async\" class=\"alignnone size-medium wp-image-19485\" src=\"https:\/\/elitenutritionmaroc.com\/wp-content\/uploads\/2025\/07\/PRE-WORKOUT-RAGE-1x50ML-UNITES-3-300x300.jpg\" alt=\"Pre Workout RAGE\" width=\"300\" height=\"300\" srcset=\"https:\/\/elitenutritionmaroc.com\/wp-content\/uploads\/2025\/07\/PRE-WORKOUT-RAGE-1x50ML-UNITES-3-300x300.jpg 300w, https:\/\/elitenutritionmaroc.com\/wp-content\/uploads\/2025\/07\/PRE-WORKOUT-RAGE-1x50ML-UNITES-3-800x800.jpg 800w, https:\/\/elitenutritionmaroc.com\/wp-content\/uploads\/2025\/07\/PRE-WORKOUT-RAGE-1x50ML-UNITES-3-150x150.jpg 150w, https:\/\/elitenutritionmaroc.com\/wp-content\/uploads\/2025\/07\/PRE-WORKOUT-RAGE-1x50ML-UNITES-3-768x768.jpg 768w, https:\/\/elitenutritionmaroc.com\/wp-content\/uploads\/2025\/07\/PRE-WORKOUT-RAGE-1x50ML-UNITES-3-860x860.jpg 860w, https:\/\/elitenutritionmaroc.com\/wp-content\/uploads\/2025\/07\/PRE-WORKOUT-RAGE-1x50ML-UNITES-3-430x430.jpg 430w, https:\/\/elitenutritionmaroc.com\/wp-content\/uploads\/2025\/07\/PRE-WORKOUT-RAGE-1x50ML-UNITES-3-700x700.jpg 700w, https:\/\/elitenutritionmaroc.com\/wp-content\/uploads\/2025\/07\/PRE-WORKOUT-RAGE-1x50ML-UNITES-3.jpg 1024w\" sizes=\"(max-width: 300px) 100vw, 300px\" \/><\/p>\n<p data-start=\"3029\" data-end=\"3147\" class=\" translation-block\">\u0627\u0644\u0646\u0635 \u0644\u0644\u062a\u0631\u062c\u0645\u0629: &lt;strong \u0627\u0641\u062a\u062d\u0648\u0627 \u0643\u0644 \u0642\u0648\u062a\u0643\u0645 \u0641\u064a \u0643\u0644 \u062c\u0644\u0633\u0629 \u0645\u0639 Pre Workout RAGE. \u0623\u0637\u0644\u0642\u0648\u0627 \u0643\u0644 \u0642\u0648\u062a\u0643\u0645 \u0641\u064a \u0643\u0644 \u062c\u0644\u0633\u0629 \u0645\u0639 Pre Workout RAGE. <br data-start=\"3099\" data-end=\"3102\"> \u0627\u0646\u062a\u0642\u0644 \u0625\u0644\u0649 \u0627\u0644\u0645\u0633\u062a\u0648\u0649 \u0627\u0644\u0623\u0639\u0644\u0649 \u0628\u062f\u0621\u064b\u0627 \u0645\u0646 \u0627\u0644\u064a\u0648\u0645. \u0627\u0646\u062a\u0642\u0644 \u0625\u0644\u0649 \u0627\u0644\u0645\u0633\u062a\u0648\u0649 \u0627\u0644\u062a\u0627\u0644\u064a \u0628\u062f\u0621\u064b\u0627 \u0645\u0646 \u0627\u0644\u064a\u0648\u0645.<\/p>","protected":false},"excerpt":{"rendered":"<p>\u26a1 PRE WORKOUT RAGE \u2013 Booster de Performance Ultime Pre Workout RAGE est un compl\u00e9ment pr\u00e9-entra\u00eenement ultra-performant, sp\u00e9cialement formul\u00e9 pour<\/p>","protected":false},"featured_media":19479,"comment_status":"open","ping_status":"closed","template":"","meta":[],"product_brand":[276],"product_cat":[489],"product_tag":[563,581,583,582,580],"class_list":{"0":"post-17058","1":"product","2":"type-product","3":"status-publish","4":"has-post-thumbnail","6":"product_brand-ericfavre","7":"product_cat-energie","8":"product_tag-energie","9":"product_tag-force","10":"product_tag-pre-workout","11":"product_tag-rage","12":"product_tag-workout","14":"first","15":"outofstock","16":"shipping-taxable","17":"product-type-simple"},"_links":{"self":[{"href":"https:\/\/elitenutritionmaroc.com\/ar\/wp-json\/wp\/v2\/product\/17058","targetHints":{"allow":["GET"]}}],"collection":[{"href":"https:\/\/elitenutritionmaroc.com\/ar\/wp-json\/wp\/v2\/product"}],"about":[{"href":"https:\/\/elitenutritionmaroc.com\/ar\/wp-json\/wp\/v2\/types\/product"}],"replies":[{"embeddable":true,"href":"https:\/\/elitenutritionmaroc.com\/ar\/wp-json\/wp\/v2\/comments?post=17058"}],"version-history":[{"count":1,"href":"https:\/\/elitenutritionmaroc.com\/ar\/wp-json\/wp\/v2\/product\/17058\/revisions"}],"predecessor-version":[{"id":20244,"href":"https:\/\/elitenutritionmaroc.com\/ar\/wp-json\/wp\/v2\/product\/17058\/revisions\/20244"}],"wp:featuredmedia":[{"embeddable":true,"href":"https:\/\/elitenutritionmaroc.com\/ar\/wp-json\/wp\/v2\/media\/19479"}],"wp:attachment":[{"href":"https:\/\/elitenutritionmaroc.com\/ar\/wp-json\/wp\/v2\/media?parent=17058"}],"wp:term":[{"taxonomy":"product_brand","embeddable":true,"href":"https:\/\/elitenutritionmaroc.com\/ar\/wp-json\/wp\/v2\/product_brand?post=17058"},{"taxonomy":"product_cat","embeddable":true,"href":"https:\/\/elitenutritionmaroc.com\/ar\/wp-json\/wp\/v2\/product_cat?post=17058"},{"taxonomy":"product_tag","embeddable":true,"href":"https:\/\/elitenutritionmaroc.com\/ar\/wp-json\/wp\/v2\/product_tag?post=17058"}],"curies":[{"name":"wp","href":"https:\/\/api.w.org\/{rel}","templated":true}]}}