{"id":17056,"date":"2025-07-09T17:20:44","date_gmt":"2025-07-09T16:20:44","guid":{"rendered":"https:\/\/elitenutritionmaroc.com\/?post_type=product&#038;p=17056"},"modified":"2026-02-06T19:01:22","modified_gmt":"2026-02-06T18:01:22","slug":"vitamine-b-max-metabolisme-energetique-60-comprimes","status":"publish","type":"product","link":"https:\/\/elitenutritionmaroc.com\/ar\/product\/vitamine-b-max-metabolisme-energetique-60-comprimes\/","title":{"rendered":"\u0641\u064a\u062a\u0627\u0645\u064a\u0646 \u0628 \u0645\u0627\u0643\u0633 \u0627\u0633\u062a\u0642\u0644\u0627\u0628 \u0627\u0644\u0637\u0627\u0642\u0629 60 \u062d\u0628\u0629"},"content":{"rendered":"<p data-start=\"1121\" data-end=\"1520\" class=\" translation-block\"><strong data-start=\"1121\" data-end=\"1180\">\u0641\u064a\u062a\u0627\u0645\u064a\u0646 \u0628 \u0645\u0627\u0643\u0633 \u2013 \u0627\u0644\u0623\u064a\u0636 \u0627\u0644\u0637\u0627\u0642\u064a \u2013 60 \u0642\u0631\u0635<\/strong>\u060c \u0645\u062a\u0648\u0641\u0631 \u0644\u062f\u0649 <strong data-start=\"1198\" data-end=\"1223\">\u0625\u064a\u0644\u064a\u062a \u0646\u064a\u0648\u062a\u0631\u0634\u0646 \u0627\u0644\u0645\u063a\u0631\u0628<\/strong>\u060c \u0647\u0648 <strong data-start=\"1232\" data-end=\"1277\">\u0645\u062c\u0645\u0648\u0639\u0629 \u0643\u0627\u0645\u0644\u0629 \u0645\u0646 \u0641\u064a\u062a\u0627\u0645\u064a\u0646\u0627\u062a \u0628<\/strong> \u0645\u0635\u0645\u0645\u0629 \u0644\u0640 <strong data-start=\"1289\" data-end=\"1325\">\u062f\u0639\u0645 \u0625\u0646\u062a\u0627\u062c \u0627\u0644\u0637\u0627\u0642\u0629<\/strong>\u060c \u062a\u0642\u0644\u064a\u0644 \u0627\u0644\u062a\u0639\u0628 \u0648\u0645\u0631\u0627\u0641\u0642\u0629 \u0627\u0644\u0623\u062f\u0627\u0621 \u0627\u0644\u062c\u064a\u062f \u0644\u0640 <strong data-start=\"1386\" data-end=\"1419\">\u0627\u0644\u062c\u0647\u0627\u0632 \u0627\u0644\u0639\u0635\u0628\u064a \u0648\u0627\u0644\u0639\u0636\u0644\u064a<\/strong>. \u0645\u062c\u0645\u0648\u0639\u0629 \u0643\u0627\u0645\u0644\u0629 \u0645\u0646 \u0641\u064a\u062a\u0627\u0645\u064a\u0646\u0627\u062a \u0627\u0644\u0645\u062c\u0645\u0648\u0639\u0629 \u0628 \u0645\u0635\u0645\u0645\u0629 \u0644\u062f\u0639\u0645 \u0625\u0646\u062a\u0627\u062c \u0627\u0644\u0637\u0627\u0642\u0629\u060c \u0648\u062a\u0642\u0644\u064a\u0644 \u0627\u0644\u062a\u0639\u0628\u060c \u0648\u062f\u0639\u0645 \u0627\u0644\u0648\u0638\u064a\u0641\u0629 \u0627\u0644\u062c\u064a\u062f\u0629 \u0644\u0644\u062c\u0647\u0627\u0632 \u0627\u0644\u0639\u0635\u0628\u064a \u0648\u0627\u0644\u0639\u0636\u0644\u064a. \u0645\u062b\u0627\u0644\u064a \u0644\u0644\u0623\u0634\u062e\u0627\u0635 \u0627\u0644\u0646\u0634\u064a\u0637\u064a\u0646\u060c \u0627\u0644\u0631\u064a\u0627\u0636\u064a\u064a\u0646 \u0648\u0641\u064a \u0641\u062a\u0631\u0627\u062a \u0627\u0644\u062a\u0648\u062a\u0631 \u0623\u0648 \u0627\u0644\u062d\u0645\u0644 \u0627\u0644\u0639\u0642\u0644\u064a \u0627\u0644\u0639\u0627\u0644\u064a.<\/p>\n<h3 data-start=\"1527\" data-end=\"1566\" class=\" translation-block\">\ud83e\uddec <strong data-start=\"1534\" data-end=\"1566\"> \u0645\u062c\u0645\u0648\u0639\u0629 \u0641\u064a\u062a\u0627\u0645\u064a\u0646\u0627\u062a \u0628 \u0627\u0644\u0643\u0627\u0645\u0644\u0629<\/h3>\n<p data-start=\"1567\" data-end=\"1836\" class=\" translation-block\">\u2022 \u0641\u064a\u062a\u0627\u0645\u064a\u0646 <strong data-start=\"1578\" data-end=\"1595\"> \u06281 (\u062b\u064a\u0627\u0645\u064a\u0646)<\/strong><br data-start=\"1595\" data-end=\"1598\"> \u2022 \u0641\u064a\u062a\u0627\u0645\u064a\u0646 <strong data-start=\"1609\" data-end=\"1629\"> \u06282 (\u0631\u064a\u0628\u0648\u0641\u0644\u0627\u0641\u064a\u0646) <br data-start=\"1629\" data-end=\"1632\"> \u2022 \u0641\u064a\u062a\u0627\u0645\u064a\u0646 <strong data-start=\"1643\" data-end=\"1659\"> \u06283 (\u0627\u0644\u0646\u064a\u0627\u0633\u064a\u0646)<\/strong><br data-start=\"1659\" data-end=\"1662\"> \u2022 \u0641\u064a\u062a\u0627\u0645\u064a\u0646 <strong data-start=\"1673\" data-end=\"1701\"> \u06285 (\u062d\u0645\u0636 \u0627\u0644\u0628\u0627\u0646\u062a\u0648\u062b\u064a\u0646\u064a\u0643)<\/strong><br data-start=\"1701\" data-end=\"1704\"> \u2022 \u0641\u064a\u062a\u0627\u0645\u064a\u0646 <strong data-start=\"1715\" data-end=\"1734\"> \u06286 (\u0628\u064a\u0631\u064a\u062f\u0648\u0643\u0633\u064a\u0646)<\/strong><br data-start=\"1734\" data-end=\"1737\"> \u2022 \u0641\u064a\u062a\u0627\u0645\u064a\u0646 <strong data-start=\"1748\" data-end=\"1764\"> \u06288 (\u0627\u0644\u0628\u064a\u0648\u062a\u064a\u0646)<\/strong><br data-start=\"1764\" data-end=\"1767\"> \u2022 \u0641\u064a\u062a\u0627\u0645\u064a\u0646 <strong data-start=\"1778\" data-end=\"1800\"> \u06289 (\u062d\u0645\u0636 \u0627\u0644\u0641\u0648\u0644\u064a\u0643) <br data-start=\"1800\" data-end=\"1803\"> \u2022 \u0641\u064a\u062a\u0627\u0645\u064a\u0646 <strong data-start=\"1814\" data-end=\"1834\"> \u062812 (\u0643\u0648\u0628\u0627\u0644\u0627\u0645\u064a\u0646)<\/p>\n<p data-start=\"1838\" data-end=\"1988\" class=\" translation-block\">\u062a\u0644\u0639\u0628 \u0647\u0630\u0647 \u0627\u0644\u0641\u064a\u062a\u0627\u0645\u064a\u0646\u0627\u062a \u062f\u0648\u0631\u064b\u0627 \u0631\u0626\u064a\u0633\u064a\u064b\u0627 \u0641\u064a <strong data-start=\"1879\" data-end=\"1906\">\u0627\u0644\u0623\u064a\u0636 \u0627\u0644\u0637\u0627\u0642\u064a<\/strong>\u060c \u0648\u062a\u062d\u0648\u064a\u0644 \u0627\u0644\u0645\u063a\u0630\u064a\u0627\u062a \u0625\u0644\u0649 \u0637\u0627\u0642\u0629 \u0648\u062f\u0639\u0645 \u0627\u0644\u0648\u0638\u0627\u0626\u0641 \u0627\u0644\u062d\u064a\u0648\u064a\u0629.<\/p>\n<p data-start=\"1838\" data-end=\"1988\"><img fetchpriority=\"high\" decoding=\"async\" class=\"alignnone size-medium wp-image-20093\" src=\"https:\/\/elitenutritionmaroc.com\/wp-content\/uploads\/2025\/07\/Vitamine-B-Max-Metabolisme-Energetique-60-Comprimes-3-300x300.jpg\" alt=\"\" width=\"300\" height=\"300\" srcset=\"https:\/\/elitenutritionmaroc.com\/wp-content\/uploads\/2025\/07\/Vitamine-B-Max-Metabolisme-Energetique-60-Comprimes-3-300x300.jpg 300w, https:\/\/elitenutritionmaroc.com\/wp-content\/uploads\/2025\/07\/Vitamine-B-Max-Metabolisme-Energetique-60-Comprimes-3-800x800.jpg 800w, https:\/\/elitenutritionmaroc.com\/wp-content\/uploads\/2025\/07\/Vitamine-B-Max-Metabolisme-Energetique-60-Comprimes-3-150x150.jpg 150w, https:\/\/elitenutritionmaroc.com\/wp-content\/uploads\/2025\/07\/Vitamine-B-Max-Metabolisme-Energetique-60-Comprimes-3-768x768.jpg 768w, https:\/\/elitenutritionmaroc.com\/wp-content\/uploads\/2025\/07\/Vitamine-B-Max-Metabolisme-Energetique-60-Comprimes-3-12x12.jpg 12w, https:\/\/elitenutritionmaroc.com\/wp-content\/uploads\/2025\/07\/Vitamine-B-Max-Metabolisme-Energetique-60-Comprimes-3-860x860.jpg 860w, https:\/\/elitenutritionmaroc.com\/wp-content\/uploads\/2025\/07\/Vitamine-B-Max-Metabolisme-Energetique-60-Comprimes-3-430x430.jpg 430w, https:\/\/elitenutritionmaroc.com\/wp-content\/uploads\/2025\/07\/Vitamine-B-Max-Metabolisme-Energetique-60-Comprimes-3-700x700.jpg 700w, https:\/\/elitenutritionmaroc.com\/wp-content\/uploads\/2025\/07\/Vitamine-B-Max-Metabolisme-Energetique-60-Comprimes-3.jpg 1024w\" sizes=\"(max-width: 300px) 100vw, 300px\" \/><\/p>\n<h3 data-start=\"1995\" data-end=\"2020\" class=\" translation-block\">\ud83d\udd25 <strong data-start=\"2002\" data-end=\"2020\"> \u0627\u0644\u0641\u0648\u0627\u0626\u062f \u0627\u0644\u0631\u0626\u064a\u0633\u064a\u0629<\/h3>\n<p data-start=\"2021\" data-end=\"2298\" class=\" translation-block\">\u2022 <strong data-start=\"2023\" data-end=\"2062\"> \u064a\u062f\u0639\u0645 \u0627\u0644\u0623\u064a\u0636 \u0627\u0644\u0637\u0627\u0642\u064a<\/strong><br data-start=\"2062\" data-end=\"2065\"> \u064a\u062f\u0639\u0645 \u0627\u0644\u0623\u064a\u0636 \u0627\u0644\u0637\u0627\u0642\u064a<\/strong><br data-start=\"2062\" data-end=\"2065\">\u2022 <strong data-start=\"2067\" data-end=\"2112\"> \u064a\u0633\u0627\u0639\u062f \u0641\u064a \u062a\u0642\u0644\u064a\u0644 \u0627\u0644\u062a\u0639\u0628 \u0648\u0627\u0644\u0625\u0631\u0647\u0627\u0642<\/strong><br data-start=\"2112\" data-end=\"2115\">\u2022 <strong data-start=\"2117\" data-end=\"2170\"> \u064a\u0639\u0632\u0632 \u0627\u0644\u0648\u0638\u064a\u0641\u0629 \u0627\u0644\u062c\u064a\u062f\u0629 \u0644\u0644\u062c\u0647\u0627\u0632 \u0627\u0644\u0639\u0635\u0628\u064a <br data-start=\"2170\" data-end=\"2173\"> \u2022 <strong data-start=\"2175\" data-end=\"2235\"> \u064a\u0633\u0627\u0647\u0645 \u0641\u064a \u0627\u0644\u062a\u0631\u0643\u064a\u0632 \u0648\u0627\u0644\u0623\u062f\u0627\u0621 \u0627\u0644\u0639\u0642\u0644\u064a \u2022 \u0645\u0641\u064a\u062f \u0641\u064a \u0641\u062a\u0631\u0627\u062a \u0627\u0644\u062c\u0647\u062f \u0627\u0644\u0628\u062f\u0646\u064a \u0623\u0648 \u0627\u0644\u0641\u0643\u0631\u064a \u0627\u0644\u0645\u0643\u062b\u0641<\/p>\n<h3 data-start=\"2305\" data-end=\"2348\" class=\" translation-block\">\ud83d\udcaa <strong data-start=\"2312\" data-end=\"2348\"> \u0645\u062b\u0627\u0644\u064a \u0644\u0644\u0631\u064a\u0627\u0636\u064a\u064a\u0646 \u0648\u0627\u0644\u062d\u064a\u0627\u0629 \u0627\u0644\u0646\u0634\u0637\u0629<\/h3>\n<p data-start=\"2349\" data-end=\"2556\" class=\" translation-block\">\u2022 \u064a\u0631\u0627\u0641\u0642 \u0627\u0644\u062a\u062f\u0631\u064a\u0628\u0627\u062a \u0627\u0644\u0645\u0643\u062b\u0641\u0629<br data-start=\"2389\" data-end=\"2392\"> \u2022 \u064a\u062f\u0639\u0645 \u0627\u0644\u062a\u0639\u0627\u0641\u064a \u0648\u0627\u0644\u0642\u062f\u0631\u0629 \u0639\u0644\u0649 \u0627\u0644\u062a\u062d\u0645\u0644<br data-start=\"2433\" data-end=\"2436\"> \u2022 \u0645\u0641\u064a\u062f \u0623\u062b\u0646\u0627\u0621 \u0627\u0644\u062d\u0645\u064a\u0627\u062a \u0627\u0644\u063a\u0630\u0627\u0626\u064a\u0629 \u0627\u0644\u0645\u0642\u064a\u062f\u0629 \u2022 \u0645\u0646\u0627\u0633\u0628 \u0644\u0644\u0623\u0634\u062e\u0627\u0635 \u0627\u0644\u0646\u0634\u064a\u0637\u064a\u0646 \u0648\u0627\u0644\u0645\u062d\u062a\u0631\u0641\u064a\u0646 \u0627\u0644\u0630\u064a\u0646 \u064a\u062a\u0639\u0631\u0636\u0648\u0646 \u0644\u0636\u063a\u0648\u0637 \u0643\u0628\u064a\u0631\u0629<\/p>\n<p data-start=\"2558\" data-end=\"2652\" class=\" translation-block\">\u062a\u0639\u062a\u0628\u0631 \u0641\u064a\u062a\u0627\u0645\u064a\u0646\u0627\u062a \u0628 \u0636\u0631\u0648\u0631\u064a\u0629 \u0644\u0644\u062d\u0641\u0627\u0638 \u0639\u0644\u0649 <strong data-start=\"2610\" data-end=\"2638\">\u0645\u0633\u062a\u0648\u0649 \u0637\u0627\u0642\u0629 \u0645\u062b\u0627\u0644\u064a<\/strong> \u064a\u0648\u0645\u064a\u064b\u0627.<\/p>\n<p data-start=\"2558\" data-end=\"2652\"><img decoding=\"async\" class=\"alignnone size-medium wp-image-20092\" src=\"https:\/\/elitenutritionmaroc.com\/wp-content\/uploads\/2025\/07\/Vitamine-B-Max-Metabolisme-Energetique-60-Comprimes-300x300.jpg\" alt=\"Vitamine B Max M\u00e9tabolisme \u00c9nerg\u00e9tique 60 Comprim\u00e9s\" width=\"300\" height=\"300\" srcset=\"https:\/\/elitenutritionmaroc.com\/wp-content\/uploads\/2025\/07\/Vitamine-B-Max-Metabolisme-Energetique-60-Comprimes-300x300.jpg 300w, https:\/\/elitenutritionmaroc.com\/wp-content\/uploads\/2025\/07\/Vitamine-B-Max-Metabolisme-Energetique-60-Comprimes-800x800.jpg 800w, https:\/\/elitenutritionmaroc.com\/wp-content\/uploads\/2025\/07\/Vitamine-B-Max-Metabolisme-Energetique-60-Comprimes-150x150.jpg 150w, https:\/\/elitenutritionmaroc.com\/wp-content\/uploads\/2025\/07\/Vitamine-B-Max-Metabolisme-Energetique-60-Comprimes-768x768.jpg 768w, https:\/\/elitenutritionmaroc.com\/wp-content\/uploads\/2025\/07\/Vitamine-B-Max-Metabolisme-Energetique-60-Comprimes-12x12.jpg 12w, https:\/\/elitenutritionmaroc.com\/wp-content\/uploads\/2025\/07\/Vitamine-B-Max-Metabolisme-Energetique-60-Comprimes-860x860.jpg 860w, https:\/\/elitenutritionmaroc.com\/wp-content\/uploads\/2025\/07\/Vitamine-B-Max-Metabolisme-Energetique-60-Comprimes-430x430.jpg 430w, https:\/\/elitenutritionmaroc.com\/wp-content\/uploads\/2025\/07\/Vitamine-B-Max-Metabolisme-Energetique-60-Comprimes-700x700.jpg 700w, https:\/\/elitenutritionmaroc.com\/wp-content\/uploads\/2025\/07\/Vitamine-B-Max-Metabolisme-Energetique-60-Comprimes.jpg 1024w\" sizes=\"(max-width: 300px) 100vw, 300px\" \/><\/p>\n<h3 data-start=\"2659\" data-end=\"2688\" class=\" translation-block\">\ud83e\udd57 <strong data-start=\"2666\" data-end=\"2688\"> \u0637\u0631\u064a\u0642\u0629 \u0627\u0644\u0627\u0633\u062a\u062e\u062f\u0627\u0645<\/h3>\n<p data-start=\"2689\" data-end=\"2823\" class=\" translation-block\">\u2022 \u0623\u062e\u0630 <strong data-start=\"2699\" data-end=\"2722\"> \u0642\u0631\u0635 \u0648\u0627\u062d\u062f \u0641\u064a \u0627\u0644\u064a\u0648\u0645<\/strong><br data-start=\"2722\" data-end=\"2725\"> \u2022 \u064a\u0641\u0636\u0644 <strong data-start=\"2741\" data-end=\"2764\"> \u062e\u0644\u0627\u0644 \u0648\u062c\u0628\u0629 \u2022 \u064a\u064f\u0633\u062a\u062e\u062f\u0645 \u0641\u064a \u0625\u0637\u0627\u0631 \u0646\u0638\u0627\u0645 \u063a\u0630\u0627\u0626\u064a \u0645\u062a\u0648\u0627\u0632\u0646<\/p>\n<h3 data-start=\"2830\" data-end=\"2863\" class=\" translation-block\">\u26a0\ufe0f <strong data-start=\"\u201d2722\u201c\" data-end=\"\u201d2748\u201c\">\u0646\u0635\u0627\u0626\u062d \u0648\u0625\u0631\u0634\u0627\u062f\u0627\u062a<\/strong><\/h3>\n<p data-start=\"2864\" data-end=\"3038\" class=\" translation-block\">\u2022 \u0644\u0627 \u062a\u062a\u062c\u0627\u0648\u0632 \u0627\u0644\u062c\u0631\u0639\u0629 \u0627\u0644\u0645\u0648\u0635\u0649 \u0628\u0647\u0627<br data-start=\"2901\" data-end=\"2904\"> \u2022 \u0645\u0643\u0645\u0644 \u063a\u0630\u0627\u0626\u064a\u060c \u0644\u0627 \u064a\u064f\u0639\u0648\u0636 \u0639\u0646 \u0646\u0638\u0627\u0645 \u063a\u0630\u0627\u0626\u064a \u0645\u062a\u0646\u0648\u0639 \u2022 \u064a\u064f\u062d\u0641\u0638 \u0628\u0639\u064a\u062f\u064b\u0627 \u0639\u0646 \u0645\u062a\u0646\u0627\u0648\u0644 \u0627\u0644\u0623\u0637\u0641\u0627\u0644 \u2022 \u0645\u0646\u062a\u062c \u0645\u062e\u0635\u0635 \u0644\u0644\u0628\u0627\u0644\u063a\u064a\u0646<\/p>\n<p data-start=\"2864\" data-end=\"3038\"><img decoding=\"async\" class=\"alignnone wp-image-20089 size-medium\" src=\"https:\/\/elitenutritionmaroc.com\/wp-content\/uploads\/2025\/07\/Vitamine-B-Max-Metabolisme-Energetique-60-Comprimes-1-300x300.webp\" alt=\"Vitamine B Max M\u00e9tabolisme \u00c9nerg\u00e9tique 60 Comprim\u00e9s\" width=\"300\" height=\"300\" srcset=\"https:\/\/elitenutritionmaroc.com\/wp-content\/uploads\/2025\/07\/Vitamine-B-Max-Metabolisme-Energetique-60-Comprimes-1-300x300.webp 300w, https:\/\/elitenutritionmaroc.com\/wp-content\/uploads\/2025\/07\/Vitamine-B-Max-Metabolisme-Energetique-60-Comprimes-1-150x150.webp 150w, https:\/\/elitenutritionmaroc.com\/wp-content\/uploads\/2025\/07\/Vitamine-B-Max-Metabolisme-Energetique-60-Comprimes-1-768x768.webp 768w, https:\/\/elitenutritionmaroc.com\/wp-content\/uploads\/2025\/07\/Vitamine-B-Max-Metabolisme-Energetique-60-Comprimes-1-12x12.webp 12w, https:\/\/elitenutritionmaroc.com\/wp-content\/uploads\/2025\/07\/Vitamine-B-Max-Metabolisme-Energetique-60-Comprimes-1-430x430.webp 430w, https:\/\/elitenutritionmaroc.com\/wp-content\/uploads\/2025\/07\/Vitamine-B-Max-Metabolisme-Energetique-60-Comprimes-1-700x700.webp 700w, https:\/\/elitenutritionmaroc.com\/wp-content\/uploads\/2025\/07\/Vitamine-B-Max-Metabolisme-Energetique-60-Comprimes-1.webp 800w\" sizes=\"(max-width: 300px) 100vw, 300px\" \/><\/p>\n<h3 data-start=\"3045\" data-end=\"3113\" class=\" translation-block\">\u2b50 <strong data-start=\"3051\" data-end=\"3113\"> \u0644\u0645\u0627\u0630\u0627 \u062a\u062e\u062a\u0627\u0631 \u0641\u064a\u062a\u0627\u0645\u064a\u0646 \u0628 \u0645\u0627\u0643\u0633 \u0645\u0646 \u0625\u064a\u0644\u062a \u0646\u064a\u0648\u062a\u0631\u0634\u0646 \u0627\u0644\u0645\u063a\u0631\u0628\u061f<\/h3>\n<p data-start=\"3114\" data-end=\"3448\" class=\" translation-block\">\u0641\u064a <strong data-start=\"3119\" data-end=\"3144\"> \u0625\u064a\u0644\u064a\u062a \u0646\u064a\u0648\u062a\u0631\u0634\u0646 \u0627\u0644\u0645\u063a\u0631\u0628<\/strong>\u060c \u0646\u062d\u0646 \u0646\u062e\u062a\u0627\u0631 \u0645\u0643\u0645\u0644\u0627\u062a <strong data-start=\"3184\" data-end=\"3206\">\u0639\u0627\u0644\u064a\u0629 \u0627\u0644\u062c\u0648\u062f\u0629<\/strong>\u060c \u0627\u0644\u0645\u0646\u0627\u0633\u0628\u0629 \u0644\u0627\u062d\u062a\u064a\u0627\u062c\u0627\u062a \u0627\u0644\u0637\u0627\u0642\u0629 \u0627\u0644\u064a\u0648\u0645\u064a\u0629\u060c \u0648\u0627\u0644\u0623\u062f\u0627\u0621 \u0627\u0644\u0631\u064a\u0627\u0636\u064a\u060c \u0648\u0627\u0644\u0631\u0641\u0627\u0647\u064a\u0629 \u0627\u0644\u0639\u0627\u0645\u0629. <strong data-start=\"3306\" data-end=\"3350\"> \u0641\u064a\u062a\u0627\u0645\u064a\u0646 \u0628 \u0645\u0627\u0643\u0633 \u2013 \u0627\u0644\u0623\u064a\u0636 \u0627\u0644\u0637\u0627\u0642\u064a \u0647\u0648 \u062d\u0644 \u0645\u0648\u062b\u0648\u0642 \u0644\u0627\u0633\u062a\u0639\u0627\u062f\u0629 \u0627\u0644\u062d\u064a\u0648\u064a\u0629 \u0648\u0627\u0644\u062a\u0631\u0643\u064a\u0632 \u0648\u0627\u0644\u0642\u062f\u0631\u0629 \u0639\u0644\u0649 \u0627\u0644\u062a\u062d\u0645\u0644\u060c \u064a\u0648\u0645\u064b\u0627 \u0628\u0639\u062f \u064a\u0648\u0645.<\/p>","protected":false},"excerpt":{"rendered":"<ul>\n<li>\ud83d\udc8a Full-spectrum <strong>Vitamin B Complex (B1, B2, B3, B5, B6, B8, B9, B12)<\/strong><\/li>\n<li>\u26a1 Supports <strong>energy metabolism<\/strong> and reduces fatigue<\/li>\n<li>\ud83e\uddd8\u200d\u2642\ufe0f Helps balance the <strong>nervous system &amp; mood<\/strong><\/li>\n<li>\ud83e\udde0 Contributes to <strong>mental clarity, focus, and memory<\/strong><\/li>\n<li>\ud83d\udc85 Promotes healthy <strong>skin, hair &amp; nails<\/strong><\/li>\n<li>\ud83c\uddeb\ud83c\uddf7 Made in France \u2013 pharmaceutical-grade quality<\/li>\n<\/ul>\n<div id=\"gtx-trans\" style=\"position: absolute; left: 236px; top: 37.8px;\">\n<div class=\"gtx-trans-icon\"><\/div>\n<\/div>","protected":false},"featured_media":20090,"comment_status":"open","ping_status":"closed","template":"","meta":[],"product_brand":[276],"product_cat":[486],"product_tag":[638,565,637,636],"class_list":{"0":"post-17056","1":"product","2":"type-product","3":"status-publish","4":"has-post-thumbnail","6":"product_brand-ericfavre","7":"product_cat-vitamines-et-mineraux","8":"product_tag-b-complex","9":"product_tag-energy","10":"product_tag-vitamin","11":"product_tag-vitamine-b-max","13":"first","14":"outofstock","15":"shipping-taxable","16":"purchasable","17":"product-type-simple"},"_links":{"self":[{"href":"https:\/\/elitenutritionmaroc.com\/ar\/wp-json\/wp\/v2\/product\/17056","targetHints":{"allow":["GET"]}}],"collection":[{"href":"https:\/\/elitenutritionmaroc.com\/ar\/wp-json\/wp\/v2\/product"}],"about":[{"href":"https:\/\/elitenutritionmaroc.com\/ar\/wp-json\/wp\/v2\/types\/product"}],"replies":[{"embeddable":true,"href":"https:\/\/elitenutritionmaroc.com\/ar\/wp-json\/wp\/v2\/comments?post=17056"}],"version-history":[{"count":1,"href":"https:\/\/elitenutritionmaroc.com\/ar\/wp-json\/wp\/v2\/product\/17056\/revisions"}],"predecessor-version":[{"id":20243,"href":"https:\/\/elitenutritionmaroc.com\/ar\/wp-json\/wp\/v2\/product\/17056\/revisions\/20243"}],"wp:featuredmedia":[{"embeddable":true,"href":"https:\/\/elitenutritionmaroc.com\/ar\/wp-json\/wp\/v2\/media\/20090"}],"wp:attachment":[{"href":"https:\/\/elitenutritionmaroc.com\/ar\/wp-json\/wp\/v2\/media?parent=17056"}],"wp:term":[{"taxonomy":"product_brand","embeddable":true,"href":"https:\/\/elitenutritionmaroc.com\/ar\/wp-json\/wp\/v2\/product_brand?post=17056"},{"taxonomy":"product_cat","embeddable":true,"href":"https:\/\/elitenutritionmaroc.com\/ar\/wp-json\/wp\/v2\/product_cat?post=17056"},{"taxonomy":"product_tag","embeddable":true,"href":"https:\/\/elitenutritionmaroc.com\/ar\/wp-json\/wp\/v2\/product_tag?post=17056"}],"curies":[{"name":"wp","href":"https:\/\/api.w.org\/{rel}","templated":true}]}}