{"id":16818,"date":"2025-04-11T17:11:47","date_gmt":"2025-04-11T16:11:47","guid":{"rendered":"https:\/\/elitenutritionmaroc.com\/?post_type=product&#038;p=16818"},"modified":"2026-04-12T18:25:38","modified_gmt":"2026-04-12T17:25:38","slug":"super-mass-gainer-2-7-kg","status":"publish","type":"product","link":"https:\/\/elitenutritionmaroc.com\/ar\/product\/super-mass-gainer-2-7-kg\/","title":{"rendered":"\u0645\u0643\u0645\u0644 \u063a\u0630\u0627\u0626\u064a \u0644\u0632\u064a\u0627\u062f\u0629 \u0627\u0644\u0648\u0632\u0646 2.7 \u0643\u062c\u0645"},"content":{"rendered":"<p data-start=\"1075\" data-end=\"1445\" class=\" translation-block\"><strong data-start=\"\u201d1075\u201c\" data-end=\"\u20191103\u2018\">\u0633\u0648\u0628\u0631 \u0645\u0627\u0633 \u062c\u0627\u064a\u0646\u0631 2.7 \u0643\u062c\u0645<\/strong>\u060c \u0645\u062a\u0648\u0641\u0631 \u0644\u062f\u0649 <strong data-start=\"\u201d1121\u201c\" data-end=\"\u201d1146\u201c\">Elite Nutrition Morocco<\/strong>\u060c \u0647\u0648 <strong data-start=\"\u201d1155\u201c\" data-end=\"\u201d1196\u201c\">\u0645\u0643\u0645\u0644 \u063a\u0630\u0627\u0626\u064a \u0639\u0627\u0644\u064a \u0627\u0644\u0633\u0639\u0631\u0627\u062a \u0627\u0644\u062d\u0631\u0627\u0631\u064a\u0629<\/strong> \u0645\u0635\u0645\u0645 \u062e\u0635\u064a\u0635\u064b\u0627 \u0644\u062a\u0639\u0632\u064a\u0632 <strong data-start=\"\u20191237\u2018\" data-end=\"\u201d1274\u201c\">\u0632\u064a\u0627\u062f\u0629 \u0627\u0644\u0648\u0632\u0646 \u0628\u0633\u0631\u0639\u0629 \u0648\u0641\u0639\u0627\u0644\u064a\u0629<\/strong>. \u0648\u0647\u0648 \u0645\u062b\u0627\u0644\u064a \u0644\u0644\u0631\u064a\u0627\u0636\u064a\u064a\u0646 \u0648\u0643\u0645\u0627\u0644 \u0627\u0644\u0623\u062c\u0633\u0627\u0645 \u0648\u0627\u0644\u0623\u0634\u062e\u0627\u0635 \u0627\u0644\u0630\u064a\u0646 \u064a\u0639\u0627\u0646\u0648\u0646 \u0645\u0646 <strong data-start=\"\u201d1336\u201c\" data-end=\"\u201d1358\u201c\">\u0633\u0631\u0639\u0629 \u0627\u0644\u062a\u0645\u062b\u064a\u0644 \u0627\u0644\u063a\u0630\u0627\u0626\u064a<\/strong> (\u0627\u0644\u0647\u064a\u0643\u0644 \u0627\u0644\u0639\u0638\u0645\u064a) \u0648\u0627\u0644\u0630\u064a\u0646 \u064a\u062c\u062f\u0648\u0646 \u0635\u0639\u0648\u0628\u0629 \u0641\u064a \u0632\u064a\u0627\u062f\u0629 \u0648\u0632\u0646\u0647\u0645 \u0648\u0643\u062a\u0644\u0629 \u0639\u0636\u0644\u0627\u062a\u0647\u0645.<\/p>\n<h3 data-start=\"1452\" data-end=\"1485\" class=\" translation-block\">\ud83d\udd25 <strong data-start=\"\u201d1459\u201c\" data-end=\"\u201d1485\u201c\">\u0633\u0639\u0631\u0627\u062a \u062d\u0631\u0627\u0631\u064a\u0629 \u0639\u0627\u0644\u064a\u0629<\/strong><\/h3>\n<p data-start=\"1486\" data-end=\"1660\" class=\" translation-block\">\u2022 \u0646\u0633\u0628\u0629 \u0639\u0627\u0644\u064a\u0629 \u0645\u0646 <strong data-start=\"\u201d1504\u201c\" data-end=\"\u201d1528\u201c\">\u0627\u0644\u0633\u0639\u0631\u0627\u062a \u0627\u0644\u062d\u0631\u0627\u0631\u064a\u0629 \u0644\u0643\u0644 \u062d\u0635\u0629<\/strong><br data-start=\"\u20191528\u2018\" data-end=\"\u201d1531\u201c\">\u2022 \u0645\u0632\u064a\u062c \u0645\u062b\u0627\u0644\u064a \u0645\u0646 <strong data-start=\"\u201d1557\u201c\" data-end=\"\u201d1582\u201c\">\u0627\u0644\u0628\u0631\u0648\u062a\u064a\u0646\u0627\u062a \u0648\u0627\u0644\u0643\u0631\u0628\u0648\u0647\u064a\u062f\u0631\u0627\u062a<\/strong><br data-start=\"\u201d1582\u201c\" data-end=\"\u201d1585\u201c\">\u2022 \u064a\u0633\u0627\u0639\u062f \u0639\u0644\u0649 \u062a\u0643\u0648\u064a\u0646 <strong data-start=\"\u20191603\u2018\" data-end=\"\u201d1624\u201c\">\u0641\u0627\u0626\u0636 \u0633\u0639\u0631\u064a<\/strong> \u0636\u0631\u0648\u0631\u064a \u0644\u0632\u064a\u0627\u062f\u0629 \u0627\u0644\u0648\u0632\u0646<\/p>\n<p data-start=\"1662\" data-end=\"1759\">\u064a\u0633\u0627\u0639\u062f \u0647\u0630\u0627 \u0627\u0644\u0645\u0643\u0645\u0644 \u0627\u0644\u063a\u0630\u0627\u0626\u064a \u0639\u0644\u0649 \u0632\u064a\u0627\u062f\u0629 \u0627\u0644\u0633\u0639\u0631\u0627\u062a \u0627\u0644\u062d\u0631\u0627\u0631\u064a\u0629 \u0627\u0644\u064a\u0648\u0645\u064a\u0629 \u0628\u0633\u0647\u0648\u0644\u0629 \u062f\u0648\u0646 \u0627\u0644\u062d\u0627\u062c\u0629 \u0625\u0644\u0649 \u0632\u064a\u0627\u062f\u0629 \u0639\u062f\u062f \u0627\u0644\u0648\u062c\u0628\u0627\u062a.<\/p>\n<p data-start=\"1662\" data-end=\"1759\"><img fetchpriority=\"high\" decoding=\"async\" class=\"alignnone size-medium wp-image-20113\" src=\"https:\/\/elitenutritionmaroc.com\/wp-content\/uploads\/2025\/04\/Super-Mass-Gainer-27-kg-\u2013-Prise-de-Masse-Rapide-Elite-Nutrition-MarocSuper-Mass-Gainer-27-kg-\u2013-Prise-de-Masse-Rapide-Elite-Nutrition-Maroc-5-300x300.jpg\" alt=\"Super Mass Gainer 2,7 kg\" width=\"300\" height=\"300\" srcset=\"https:\/\/elitenutritionmaroc.com\/wp-content\/uploads\/2025\/04\/Super-Mass-Gainer-27-kg-\u2013-Prise-de-Masse-Rapide-Elite-Nutrition-MarocSuper-Mass-Gainer-27-kg-\u2013-Prise-de-Masse-Rapide-Elite-Nutrition-Maroc-5-300x300.jpg 300w, https:\/\/elitenutritionmaroc.com\/wp-content\/uploads\/2025\/04\/Super-Mass-Gainer-27-kg-\u2013-Prise-de-Masse-Rapide-Elite-Nutrition-MarocSuper-Mass-Gainer-27-kg-\u2013-Prise-de-Masse-Rapide-Elite-Nutrition-Maroc-5-800x800.jpg 800w, https:\/\/elitenutritionmaroc.com\/wp-content\/uploads\/2025\/04\/Super-Mass-Gainer-27-kg-\u2013-Prise-de-Masse-Rapide-Elite-Nutrition-MarocSuper-Mass-Gainer-27-kg-\u2013-Prise-de-Masse-Rapide-Elite-Nutrition-Maroc-5-150x150.jpg 150w, https:\/\/elitenutritionmaroc.com\/wp-content\/uploads\/2025\/04\/Super-Mass-Gainer-27-kg-\u2013-Prise-de-Masse-Rapide-Elite-Nutrition-MarocSuper-Mass-Gainer-27-kg-\u2013-Prise-de-Masse-Rapide-Elite-Nutrition-Maroc-5-768x768.jpg 768w, https:\/\/elitenutritionmaroc.com\/wp-content\/uploads\/2025\/04\/Super-Mass-Gainer-27-kg-\u2013-Prise-de-Masse-Rapide-Elite-Nutrition-MarocSuper-Mass-Gainer-27-kg-\u2013-Prise-de-Masse-Rapide-Elite-Nutrition-Maroc-5-12x12.jpg 12w, https:\/\/elitenutritionmaroc.com\/wp-content\/uploads\/2025\/04\/Super-Mass-Gainer-27-kg-\u2013-Prise-de-Masse-Rapide-Elite-Nutrition-MarocSuper-Mass-Gainer-27-kg-\u2013-Prise-de-Masse-Rapide-Elite-Nutrition-Maroc-5-860x860.jpg 860w, https:\/\/elitenutritionmaroc.com\/wp-content\/uploads\/2025\/04\/Super-Mass-Gainer-27-kg-\u2013-Prise-de-Masse-Rapide-Elite-Nutrition-MarocSuper-Mass-Gainer-27-kg-\u2013-Prise-de-Masse-Rapide-Elite-Nutrition-Maroc-5-430x430.jpg 430w, https:\/\/elitenutritionmaroc.com\/wp-content\/uploads\/2025\/04\/Super-Mass-Gainer-27-kg-\u2013-Prise-de-Masse-Rapide-Elite-Nutrition-MarocSuper-Mass-Gainer-27-kg-\u2013-Prise-de-Masse-Rapide-Elite-Nutrition-Maroc-5-700x700.jpg 700w, https:\/\/elitenutritionmaroc.com\/wp-content\/uploads\/2025\/04\/Super-Mass-Gainer-27-kg-\u2013-Prise-de-Masse-Rapide-Elite-Nutrition-MarocSuper-Mass-Gainer-27-kg-\u2013-Prise-de-Masse-Rapide-Elite-Nutrition-Maroc-5.jpg 900w\" sizes=\"(max-width: 300px) 100vw, 300px\" \/><\/p>\n<h3 data-start=\"1766\" data-end=\"1800\" class=\" translation-block\">\ud83d\udcaa <strong data-start=\"\u201d1773\u201c\" data-end=\"\u201d1800\u201c\">\u0628\u0646\u0627\u0621 \u0627\u0644\u0639\u0636\u0644\u0627\u062a<\/strong><\/h3>\n<p data-start=\"1801\" data-end=\"1968\" class=\" translation-block\">\u2022 \u0628\u0631\u0648\u062a\u064a\u0646\u0627\u062a \u0639\u0627\u0644\u064a\u0629 \u0627\u0644\u062c\u0648\u062f\u0629 \u0644\u062f\u0639\u0645 <strong data-start=\"\u201d1841\u201c\" data-end=\"\u201d1866\u201c\">\u0646\u0645\u0648 \u0627\u0644\u0639\u0636\u0644\u0627\u062a<\/strong><br data-start=\"\u20191866\u2018\" data-end=\"\u201d1869\u201c\">\u2022 \u064a\u0633\u0627\u0639\u062f \u0641\u064a <strong data-start=\"\u201d1879\u201c\" data-end=\"\u201d1914\u201c\">\u0627\u0644\u062d\u0641\u0627\u0638 \u0639\u0644\u0649 \u0643\u062a\u0644\u0629 \u0627\u0644\u0639\u0636\u0644\u0627\u062a<\/strong><br data-start=\"\u201d1914\u201c\" data-end=\"\u201d1917\u201c\">\u2022 \u064a\u0639\u0632\u0632 <strong data-start=\"\u20191931\u2018\" data-end=\"\u201d1968\u201c\">\u0627\u0644\u062a\u0639\u0627\u0641\u064a \u0628\u0639\u062f \u0627\u0644\u062a\u0645\u0631\u064a\u0646<\/strong><\/p>\n<p data-start=\"1970\" data-end=\"2041\">\u0645\u062b\u0627\u0644\u064a \u0643\u0645\u0643\u0645\u0644 \u0644\u0628\u0631\u0646\u0627\u0645\u062c \u062a\u062f\u0631\u064a\u0628\u0627\u062a \u0643\u0645\u0627\u0644 \u0627\u0644\u0623\u062c\u0633\u0627\u0645 \u0623\u0648 \u0627\u0644\u0631\u064a\u0627\u0636\u0629 \u0627\u0644\u0645\u0643\u062b\u0641\u0629.<\/p>\n<h3 data-start=\"2048\" data-end=\"2077\" class=\" translation-block\">\u26a1 <strong data-start=\"\u201d2054\u201c\" data-end=\"\u201d2077\u201c\">\u0627\u0644\u0637\u0627\u0642\u0629 \u0648\u0627\u0644\u0642\u062f\u0631\u0629 \u0639\u0644\u0649 \u0627\u0644\u062a\u062d\u0645\u0644<\/strong><\/h3>\n<p data-start=\"2078\" data-end=\"2229\" class=\" translation-block\">\u2022 \u0643\u0631\u0628\u0648\u0647\u064a\u062f\u0631\u0627\u062a \u0644\u062a\u0648\u0641\u064a\u0631 <strong data-start=\"\u201d2098\u201c\" data-end=\"\u201d2117\u201c\">\u0637\u0627\u0642\u0629 \u0645\u0633\u062a\u062f\u0627\u0645\u0629<\/strong><br data-start=\"\u20192117\u2018\" data-end=\"\u201d2120\u201c\">\u2022 \u064a\u062f\u0639\u0645 \u0627\u0644\u062a\u062f\u0631\u064a\u0628\u0627\u062a \u0627\u0644\u0645\u0643\u062b\u0641\u0629 \u0648\u0627\u0644\u0637\u0648\u064a\u0644\u0629<br data-start=\"\u201d2170\u201c\" data-end=\"\u201d2173\u201c\">\u2022 \u064a\u0633\u0627\u0639\u062f \u0641\u064a \u0627\u0644\u062d\u062f \u0645\u0646 \u0627\u0644\u062a\u0639\u0628 \u0648\u062a\u0642\u0648\u064a\u0636 \u0627\u0644\u0639\u0636\u0644\u0627\u062a<\/p>\n<h3 data-start=\"2236\" data-end=\"2263\" class=\" translation-block\">\ud83e\uddec <strong data-start=\"\u201d2243\u201c\" data-end=\"\u201d2263\u201c\">\u0635\u064a\u063a\u0629 \u063a\u0646\u064a\u0629<\/strong><\/h3>\n<p data-start=\"2264\" data-end=\"2419\" class=\" translation-block\">\u2022 \u0642\u062f \u064a\u062d\u062a\u0648\u064a \u0639\u0644\u0649 <strong data-start=\"\u201d2284\u201c\" data-end=\"\u201d2320\u201c\">\u0641\u064a\u062a\u0627\u0645\u064a\u0646\u0627\u062a \u0648\u0645\u0639\u0627\u062f\u0646 \u0623\u0633\u0627\u0633\u064a\u0629<\/strong><br data-start=\"\u20192320\u2018\" data-end=\"\u201d2323\u201c\">\u2022 \u064a\u062f\u0639\u0645 \u0627\u0644\u062a\u0645\u062b\u064a\u0644 \u0627\u0644\u063a\u0630\u0627\u0626\u064a \u0644\u0644\u0637\u0627\u0642\u0629<br data-start=\"\u201d2360\u201c\" data-end=\"\u201d2363\u201c\">\u2022 \u064a\u0633\u0627\u0647\u0645 \u0641\u064a \u0627\u0644\u0623\u062f\u0627\u0621 \u0627\u0644\u0639\u0627\u0645 \u0627\u0644\u062c\u064a\u062f \u0644\u0644\u062c\u0633\u0645<\/p>\n<h3 data-start=\"2426\" data-end=\"2455\" class=\" translation-block\">\ud83e\udd64 <strong data-start=\"\u201d2433\u201c\" data-end=\"\u201d2455\u201c\">\u0637\u0631\u064a\u0642\u0629 \u0627\u0644\u0627\u0633\u062a\u062e\u062f\u0627\u0645<\/strong><\/h3>\n<p data-start=\"2456\" data-end=\"2630\" class=\" translation-block\">\u2022 \u0627\u0645\u0632\u062c <strong data-start=\"\u201d2467\u201c\" data-end=\"\u201d2480\u201c\">\u062d\u0635\u0629 \u0648\u0627\u062d\u062f\u0629<\/strong> \u0645\u0639 300-500 \u0645\u0644 \u0645\u0646 \u0627\u0644\u0645\u0627\u0621 \u0623\u0648 \u0627\u0644\u062d\u0644\u064a\u0628<br data-start=\"\u20192513\u2018\" data-end=\"\u201d2516\u201c\">\u2022 \u062a\u0646\u0627\u0648\u0644 <strong data-start=\"\u201d2530\u201c\" data-end=\"\u201d2553\u201c\">1 \u0625\u0644\u0649 2 \u0645\u0631\u0627\u062a \u064a\u0648\u0645\u064a\u064b\u0627<\/strong> \u062d\u0633\u0628 \u0627\u062d\u062a\u064a\u0627\u062c\u0627\u062a\u0643<br data-start=\"\u20192571\u2018\" data-end=\"\u201d2574\u201c\">\u2022 \u0645\u062b\u0627\u0644\u064a <strong data-start=\"\u201d2582\u201c\" data-end=\"\u201d2606\u201c\">\u0628\u0639\u062f \u0627\u0644\u062a\u0645\u0631\u064a\u0646<\/strong> \u0648\/\u0623\u0648 \u0628\u064a\u0646 \u0627\u0644\u0648\u062c\u0628\u0627\u062a<\/p>\n<p data-start=\"2632\" data-end=\"2708\" class=\" translation-block\">\u0646\u0635\u064a\u062d\u0629: \u0627\u0628\u062f\u0623 \u0628\u0640 <strong data-start=\"\u201d2659\u201c\" data-end=\"\u201d2672\u201c\">\u0646\u0635\u0641 \u062d\u0635\u0629<\/strong> \u0644\u062a\u062e\u062a\u0628\u0631 \u0645\u062f\u0649 \u062a\u062d\u0645\u0644 \u062c\u0647\u0627\u0632\u0643 \u0627\u0644\u0647\u0636\u0645\u064a.<\/p>\n<p data-start=\"2632\" data-end=\"2708\"><img decoding=\"async\" class=\"alignnone size-medium wp-image-20112\" src=\"https:\/\/elitenutritionmaroc.com\/wp-content\/uploads\/2025\/04\/Super-Mass-Gainer-27-kg-\u2013-Prise-de-Masse-Rapide-Elite-Nutrition-MarocSuper-Mass-Gainer-27-kg-\u2013-Prise-de-Masse-Rapide-Elite-Nutrition-Maroc-4-300x300.jpg\" alt=\"Super Mass Gainer 2,7 kg\" width=\"300\" height=\"300\" srcset=\"https:\/\/elitenutritionmaroc.com\/wp-content\/uploads\/2025\/04\/Super-Mass-Gainer-27-kg-\u2013-Prise-de-Masse-Rapide-Elite-Nutrition-MarocSuper-Mass-Gainer-27-kg-\u2013-Prise-de-Masse-Rapide-Elite-Nutrition-Maroc-4-300x300.jpg 300w, https:\/\/elitenutritionmaroc.com\/wp-content\/uploads\/2025\/04\/Super-Mass-Gainer-27-kg-\u2013-Prise-de-Masse-Rapide-Elite-Nutrition-MarocSuper-Mass-Gainer-27-kg-\u2013-Prise-de-Masse-Rapide-Elite-Nutrition-Maroc-4-800x800.jpg 800w, https:\/\/elitenutritionmaroc.com\/wp-content\/uploads\/2025\/04\/Super-Mass-Gainer-27-kg-\u2013-Prise-de-Masse-Rapide-Elite-Nutrition-MarocSuper-Mass-Gainer-27-kg-\u2013-Prise-de-Masse-Rapide-Elite-Nutrition-Maroc-4-150x150.jpg 150w, https:\/\/elitenutritionmaroc.com\/wp-content\/uploads\/2025\/04\/Super-Mass-Gainer-27-kg-\u2013-Prise-de-Masse-Rapide-Elite-Nutrition-MarocSuper-Mass-Gainer-27-kg-\u2013-Prise-de-Masse-Rapide-Elite-Nutrition-Maroc-4-768x768.jpg 768w, https:\/\/elitenutritionmaroc.com\/wp-content\/uploads\/2025\/04\/Super-Mass-Gainer-27-kg-\u2013-Prise-de-Masse-Rapide-Elite-Nutrition-MarocSuper-Mass-Gainer-27-kg-\u2013-Prise-de-Masse-Rapide-Elite-Nutrition-Maroc-4-12x12.jpg 12w, https:\/\/elitenutritionmaroc.com\/wp-content\/uploads\/2025\/04\/Super-Mass-Gainer-27-kg-\u2013-Prise-de-Masse-Rapide-Elite-Nutrition-MarocSuper-Mass-Gainer-27-kg-\u2013-Prise-de-Masse-Rapide-Elite-Nutrition-Maroc-4-860x860.jpg 860w, https:\/\/elitenutritionmaroc.com\/wp-content\/uploads\/2025\/04\/Super-Mass-Gainer-27-kg-\u2013-Prise-de-Masse-Rapide-Elite-Nutrition-MarocSuper-Mass-Gainer-27-kg-\u2013-Prise-de-Masse-Rapide-Elite-Nutrition-Maroc-4-430x430.jpg 430w, https:\/\/elitenutritionmaroc.com\/wp-content\/uploads\/2025\/04\/Super-Mass-Gainer-27-kg-\u2013-Prise-de-Masse-Rapide-Elite-Nutrition-MarocSuper-Mass-Gainer-27-kg-\u2013-Prise-de-Masse-Rapide-Elite-Nutrition-Maroc-4-700x700.jpg 700w, https:\/\/elitenutritionmaroc.com\/wp-content\/uploads\/2025\/04\/Super-Mass-Gainer-27-kg-\u2013-Prise-de-Masse-Rapide-Elite-Nutrition-MarocSuper-Mass-Gainer-27-kg-\u2013-Prise-de-Masse-Rapide-Elite-Nutrition-Maroc-4.jpg 900w\" sizes=\"(max-width: 300px) 100vw, 300px\" \/><\/p>\n<h3 data-start=\"2715\" data-end=\"2748\" class=\" translation-block\">\u26a0\ufe0f <strong data-start=\"\u201d2722\u201c\" data-end=\"\u201d2748\u201c\">\u0646\u0635\u0627\u0626\u062d \u0648\u0625\u0631\u0634\u0627\u062f\u0627\u062a<\/strong><\/h3>\n<p data-start=\"2749\" data-end=\"2921\" class=\" translation-block\">\u2022 \u0645\u0646\u062a\u062c \u0645\u062e\u0635\u0635 \u0644\u0644\u0628\u0627\u0644\u063a\u064a\u0646<br data-start=\"\u201d2778\u201c\" data-end=\"\u201d2781\u201c\">\u2022 \u0644\u0627 \u062a\u062a\u062c\u0627\u0648\u0632 \u0627\u0644\u062c\u0631\u0639\u0629 \u0627\u0644\u0645\u0648\u0635\u0649 \u0628\u0647\u0627<br data-start=\"\u201d2818\u201c\" data-end=\"\u201d2821\u201c\">\u2022 \u064a\u0633\u062a\u062e\u062f\u0645 \u0641\u064a \u0625\u0637\u0627\u0631 <strong data-start=\"\u201d2855\u201c\" data-end=\"\u201d2882\u201c\">\u0646\u0638\u0627\u0645 \u063a\u0630\u0627\u0626\u064a \u0645\u062a\u0648\u0627\u0632\u0646<\/strong><br data-start=\"\u20192882\u2018\" data-end=\"\u201d2885\u201c\">\u2022 \u064a\u062d\u0641\u0638 \u0628\u0639\u064a\u062f\u064b\u0627 \u0639\u0646 \u0645\u062a\u0646\u0627\u0648\u0644 \u0627\u0644\u0623\u0637\u0641\u0627\u0644<\/p>\n<p data-start=\"2749\" data-end=\"2921\"><img decoding=\"async\" class=\"alignnone size-medium wp-image-20111\" src=\"https:\/\/elitenutritionmaroc.com\/wp-content\/uploads\/2025\/04\/Super-Mass-Gainer-27-kg-\u2013-Prise-de-Masse-Rapide-Elite-Nutrition-MarocSuper-Mass-Gainer-27-kg-\u2013-Prise-de-Masse-Rapide-Elite-Nutrition-Maroc-3-300x300.jpg\" alt=\"Super Mass Gainer 2,7 kg\" width=\"300\" height=\"300\" srcset=\"https:\/\/elitenutritionmaroc.com\/wp-content\/uploads\/2025\/04\/Super-Mass-Gainer-27-kg-\u2013-Prise-de-Masse-Rapide-Elite-Nutrition-MarocSuper-Mass-Gainer-27-kg-\u2013-Prise-de-Masse-Rapide-Elite-Nutrition-Maroc-3-300x300.jpg 300w, https:\/\/elitenutritionmaroc.com\/wp-content\/uploads\/2025\/04\/Super-Mass-Gainer-27-kg-\u2013-Prise-de-Masse-Rapide-Elite-Nutrition-MarocSuper-Mass-Gainer-27-kg-\u2013-Prise-de-Masse-Rapide-Elite-Nutrition-Maroc-3-800x800.jpg 800w, https:\/\/elitenutritionmaroc.com\/wp-content\/uploads\/2025\/04\/Super-Mass-Gainer-27-kg-\u2013-Prise-de-Masse-Rapide-Elite-Nutrition-MarocSuper-Mass-Gainer-27-kg-\u2013-Prise-de-Masse-Rapide-Elite-Nutrition-Maroc-3-150x150.jpg 150w, https:\/\/elitenutritionmaroc.com\/wp-content\/uploads\/2025\/04\/Super-Mass-Gainer-27-kg-\u2013-Prise-de-Masse-Rapide-Elite-Nutrition-MarocSuper-Mass-Gainer-27-kg-\u2013-Prise-de-Masse-Rapide-Elite-Nutrition-Maroc-3-768x768.jpg 768w, https:\/\/elitenutritionmaroc.com\/wp-content\/uploads\/2025\/04\/Super-Mass-Gainer-27-kg-\u2013-Prise-de-Masse-Rapide-Elite-Nutrition-MarocSuper-Mass-Gainer-27-kg-\u2013-Prise-de-Masse-Rapide-Elite-Nutrition-Maroc-3-12x12.jpg 12w, https:\/\/elitenutritionmaroc.com\/wp-content\/uploads\/2025\/04\/Super-Mass-Gainer-27-kg-\u2013-Prise-de-Masse-Rapide-Elite-Nutrition-MarocSuper-Mass-Gainer-27-kg-\u2013-Prise-de-Masse-Rapide-Elite-Nutrition-Maroc-3-860x860.jpg 860w, https:\/\/elitenutritionmaroc.com\/wp-content\/uploads\/2025\/04\/Super-Mass-Gainer-27-kg-\u2013-Prise-de-Masse-Rapide-Elite-Nutrition-MarocSuper-Mass-Gainer-27-kg-\u2013-Prise-de-Masse-Rapide-Elite-Nutrition-Maroc-3-430x430.jpg 430w, https:\/\/elitenutritionmaroc.com\/wp-content\/uploads\/2025\/04\/Super-Mass-Gainer-27-kg-\u2013-Prise-de-Masse-Rapide-Elite-Nutrition-MarocSuper-Mass-Gainer-27-kg-\u2013-Prise-de-Masse-Rapide-Elite-Nutrition-Maroc-3-700x700.jpg 700w, https:\/\/elitenutritionmaroc.com\/wp-content\/uploads\/2025\/04\/Super-Mass-Gainer-27-kg-\u2013-Prise-de-Masse-Rapide-Elite-Nutrition-MarocSuper-Mass-Gainer-27-kg-\u2013-Prise-de-Masse-Rapide-Elite-Nutrition-Maroc-3.jpg 900w\" sizes=\"(max-width: 300px) 100vw, 300px\" \/><\/p>\n<h3 data-start=\"2928\" data-end=\"2999\" class=\" translation-block\">\u2b50 <strong data-start=\"\u201d2934\u201c\" data-end=\"\u201d2999\u201c\">\u0644\u0645\u0627\u0630\u0627 \u062a\u062e\u062a\u0627\u0631 Super Mass Gainer \u0645\u0646 Elite Nutrition Morocco<\/strong><\/h3>\n<p data-start=\"3000\" data-end=\"3311\" class=\" translation-block\">\u0641\u064a <strong data-start=\"\u201d3005\u201c\" data-end=\"\u201d3030\u201c\">Elite Nutrition Maroc<\/strong>\u060c \u0646\u062e\u062a\u0627\u0631 <strong data-start=\"\u201d3055\u201c\" data-end=\"\u201d3088\u201c\">\u0645\u0643\u0645\u0644\u0627\u062a \u063a\u0630\u0627\u0626\u064a\u0629 \u0641\u0639\u0627\u0644\u0629 \u0648\u0645\u0648\u062b\u0648\u0642\u0629<\/strong>\u060c \u062a\u062a\u0646\u0627\u0633\u0628 \u0645\u0639 \u0623\u0647\u062f\u0627\u0641 <strong data-start=\"\u20193115\u2018\" data-end=\"\u201d3160\u201c\">\u0632\u064a\u0627\u062f\u0629 \u0627\u0644\u0648\u0632\u0646 \u0648\u062a\u062d\u0633\u064a\u0646 \u0627\u0644\u0623\u062f\u0627\u0621 \u0627\u0644\u0631\u064a\u0627\u0636\u064a<\/strong>. <strong data-start=\"\u201d3162\u201c\" data-end=\"\u201d3190\u201c\">Super Mass Gainer 2,7 kg<\/strong> \u0647\u0648 \u062d\u0644 \u0639\u0645\u0644\u064a \u0648\u0641\u0639\u0627\u0644 \u0644\u0632\u064a\u0627\u062f\u0629 \u0627\u0644\u0633\u0639\u0631\u0627\u062a \u0627\u0644\u062d\u0631\u0627\u0631\u064a\u0629 \u0627\u0644\u064a\u0648\u0645\u064a\u0629 \u0648<strong data-start=\"\u20193283\u2018\" data-end=\"\u201d3310\u201c\">\u062a\u0633\u0631\u064a\u0639 \u0646\u062a\u0627\u0626\u062c\u0643<\/strong>.<\/p>","protected":false},"excerpt":{"rendered":"<p>Super Mass Gainer 2,7 kg, disponible chez Elite Nutrition Maroc, est un compl\u00e9ment alimentaire hypercalorique sp\u00e9cialement formul\u00e9 pour favoriser une<\/p>","protected":false},"featured_media":20114,"comment_status":"open","ping_status":"closed","template":"","meta":[],"product_brand":[221],"product_cat":[499],"product_tag":[644,549,533,611,645,302],"class_list":{"0":"post-16818","1":"product","2":"type-product","3":"status-publish","4":"has-post-thumbnail","6":"product_brand-dymatize","7":"product_cat-gainers","8":"product_tag-dyamatize","9":"product_tag-gainer","10":"product_tag-mass","11":"product_tag-protein","12":"product_tag-super-mass","13":"product_tag-whey","15":"first","16":"instock","17":"shipping-taxable","18":"purchasable","19":"product-type-variable","20":"has-default-attributes"},"_links":{"self":[{"href":"https:\/\/elitenutritionmaroc.com\/ar\/wp-json\/wp\/v2\/product\/16818","targetHints":{"allow":["GET"]}}],"collection":[{"href":"https:\/\/elitenutritionmaroc.com\/ar\/wp-json\/wp\/v2\/product"}],"about":[{"href":"https:\/\/elitenutritionmaroc.com\/ar\/wp-json\/wp\/v2\/types\/product"}],"replies":[{"embeddable":true,"href":"https:\/\/elitenutritionmaroc.com\/ar\/wp-json\/wp\/v2\/comments?post=16818"}],"version-history":[{"count":2,"href":"https:\/\/elitenutritionmaroc.com\/ar\/wp-json\/wp\/v2\/product\/16818\/revisions"}],"predecessor-version":[{"id":20426,"href":"https:\/\/elitenutritionmaroc.com\/ar\/wp-json\/wp\/v2\/product\/16818\/revisions\/20426"}],"wp:featuredmedia":[{"embeddable":true,"href":"https:\/\/elitenutritionmaroc.com\/ar\/wp-json\/wp\/v2\/media\/20114"}],"wp:attachment":[{"href":"https:\/\/elitenutritionmaroc.com\/ar\/wp-json\/wp\/v2\/media?parent=16818"}],"wp:term":[{"taxonomy":"product_brand","embeddable":true,"href":"https:\/\/elitenutritionmaroc.com\/ar\/wp-json\/wp\/v2\/product_brand?post=16818"},{"taxonomy":"product_cat","embeddable":true,"href":"https:\/\/elitenutritionmaroc.com\/ar\/wp-json\/wp\/v2\/product_cat?post=16818"},{"taxonomy":"product_tag","embeddable":true,"href":"https:\/\/elitenutritionmaroc.com\/ar\/wp-json\/wp\/v2\/product_tag?post=16818"}],"curies":[{"name":"wp","href":"https:\/\/api.w.org\/{rel}","templated":true}]}}