{"id":16501,"date":"2025-03-27T21:01:37","date_gmt":"2025-03-27T21:01:37","guid":{"rendered":"https:\/\/elitenutritionmaroc.com\/?post_type=product&#038;p=16501"},"modified":"2026-02-08T13:38:09","modified_gmt":"2026-02-08T12:38:09","slug":"hydro-whey-nutrend-1600-g","status":"publish","type":"product","link":"https:\/\/elitenutritionmaroc.com\/ar\/product\/hydro-whey-nutrend-1600-g\/","title":{"rendered":"\u0647\u064a\u062f\u0631\u0648 \u0648\u0627\u064a \u0646\u0648\u062a\u0631\u0646\u062f 1600 \u063a\u0631\u0627\u0645"},"content":{"rendered":"<h3 data-start=\"1167\" data-end=\"1236\">\ud83d\udcaa \u0646\u0648\u062a\u0631\u064a\u062f \u0647\u064a\u062f\u0631\u0648 \u0648\u0627\u064a \u2013 \u0628\u0631\u0648\u062a\u064a\u0646 \u0648\u0627\u064a \u0645\u0647\u062f\u0631\u062c \u0644\u0644\u0623\u062f\u0627\u0621<\/h3>\n<p data-start=\"1238\" data-end=\"1552\" class=\" translation-block\"><strong data-start=\"1238\" data-end=\"1267\"> \u0647\u0627\u064a\u062f\u0631\u0648 \u0648\u0627\u064a \u0646\u0648\u062a\u0631\u064a\u062f 1600 \u062c\u0631\u0627\u0645 \u0647\u064a <strong data-start=\"1276\" data-end=\"1327\">\u0628\u0631\u0648\u062a\u064a\u0646 \u0645\u0635\u0644 \u0627\u0644\u0644\u0628\u0646 \u0627\u0644\u0645\u0647\u062f\u0631\u062c \u0627\u0644\u0641\u0627\u062e\u0631<\/strong>\u060c \u0645\u0635\u0645\u0645\u0629 \u0644\u0644\u0631\u064a\u0627\u0636\u064a\u064a\u0646 \u0627\u0644\u0630\u064a\u0646 \u064a\u0631\u063a\u0628\u0648\u0646 \u0641\u064a <strong data-start=\"1374\" data-end=\"1407\">\u062a\u0648\u0641\u064a\u0631 \u0628\u0631\u0648\u062a\u064a\u0646 \u0633\u0631\u064a\u0639 \u0644\u0644\u063a\u0627\u064a\u0629<\/strong>\u060c \u0648 <strong data-start=\"1413\" data-end=\"1439\"> \u0647\u0636\u0645 \u0645\u062b\u0627\u0644\u064a<\/strong> \u0648\u062a\u062d\u0633\u064a\u0646 <strong data-start=\"1447\" data-end=\"1484\">\u0627\u0633\u062a\u0639\u0627\u062f\u0629 \u0627\u0644\u0639\u0636\u0644\u0627\u062a<\/strong> \u0628\u0639\u062f \u062c\u0644\u0633\u0627\u062a \u0645\u0643\u062b\u0641\u0629.<\/p>\n<p data-start=\"1554\" data-end=\"1851\" class=\" translation-block\">\u0628\u0641\u0636\u0644 \u062a\u0631\u0643\u064a\u0628\u062a\u0647 <strong data-start=\"1565\" data-end=\"1599\">\u0627\u0644\u0645\u062d\u0644\u0644\u0629 (HydroVon\u00ae)<\/strong>\u060c \u0641\u0625\u0646 \u0647\u0630\u0647 \u0627\u0644\u0648\u0627\u064a \u0628\u0631\u0648\u062a\u064a\u0646 \u0645\u0647\u0636\u0648\u0645\u0629 \u062c\u0632\u0626\u064a\u064b\u0627\u060c \u0645\u0645\u0627 \u064a\u0633\u0647\u0644 <strong data-start=\"1659\" data-end=\"1711\"> \u0627\u0644\u0627\u0645\u062a\u0635\u0627\u0635 \u0627\u0644\u0633\u0631\u064a\u0639 \u0644\u0644\u0623\u062d\u0645\u0627\u0636 \u0627\u0644\u0623\u0645\u064a\u0646\u064a\u0629 \u0627\u0644\u0623\u0633\u0627\u0633\u064a\u0629\u060c \u064a\u0639\u0632\u0632 \u062a\u062e\u0644\u064a\u0642 \u0627\u0644\u0628\u0631\u0648\u062a\u064a\u0646 \u0648\u064a\u0642\u0644\u0644 \u0645\u0646 \u0627\u0644\u0627\u0646\u0632\u0639\u0627\u062c\u0627\u062a \u0627\u0644\u0647\u0636\u0645\u064a\u0629 \u0627\u0644\u0645\u0631\u062a\u0628\u0637\u0629 \u0628\u0627\u0644\u0628\u0631\u0648\u062a\u064a\u0646\u0627\u062a \u0627\u0644\u062a\u0642\u0644\u064a\u062f\u064a\u0629.<\/p>\n<p data-start=\"1554\" data-end=\"1851\"><img fetchpriority=\"high\" decoding=\"async\" class=\"alignnone size-medium wp-image-19887\" src=\"https:\/\/elitenutritionmaroc.com\/wp-content\/uploads\/2025\/03\/8070-1-300x300.jpg\" alt=\"Hydro Whey\" width=\"300\" height=\"300\" srcset=\"https:\/\/elitenutritionmaroc.com\/wp-content\/uploads\/2025\/03\/8070-1-300x300.jpg 300w, https:\/\/elitenutritionmaroc.com\/wp-content\/uploads\/2025\/03\/8070-1-800x800.jpg 800w, https:\/\/elitenutritionmaroc.com\/wp-content\/uploads\/2025\/03\/8070-1-150x150.jpg 150w, https:\/\/elitenutritionmaroc.com\/wp-content\/uploads\/2025\/03\/8070-1-768x768.jpg 768w, https:\/\/elitenutritionmaroc.com\/wp-content\/uploads\/2025\/03\/8070-1-860x860.jpg 860w, https:\/\/elitenutritionmaroc.com\/wp-content\/uploads\/2025\/03\/8070-1-430x430.jpg 430w, https:\/\/elitenutritionmaroc.com\/wp-content\/uploads\/2025\/03\/8070-1-700x700.jpg 700w, https:\/\/elitenutritionmaroc.com\/wp-content\/uploads\/2025\/03\/8070-1.jpg 1080w\" sizes=\"(max-width: 300px) 100vw, 300px\" \/><\/p>\n<h3 data-start=\"1858\" data-end=\"1878\">\u2705 \u0627\u0644\u0645\u0632\u0627\u064a\u0627 \u0627\u0644\u0631\u0626\u064a\u0633\u064a\u0629<\/h3>\n<ul data-start=\"1880\" data-end=\"2757\">\n<li data-start=\"1880\" data-end=\"2026\">\n<p data-start=\"1882\" data-end=\"2026\" class=\" translation-block\">\ud83e\uddec <strong data-start=\"1885\" data-end=\"1915\"> \u062d\u062a\u0649 ~80% \u0645\u0646 \u0627\u0644\u0628\u0631\u0648\u062a\u064a\u0646\u0627\u062a \u0644\u0643\u0644 \u062d\u0635\u0629\u060c \u0645\u0639 ~31-32 \u062c\u0631\u0627\u0645 \u0645\u0646 \u0627\u0644\u0628\u0631\u0648\u062a\u064a\u0646\u0627\u062a \u0627\u0644\u0642\u0627\u0628\u0644\u0629 \u0644\u0644\u0647\u0636\u0645 \u0644\u0643\u0644 \u062c\u0631\u0639\u0629 \u0645\u0646 ~40 \u062c\u0631\u0627\u0645.<\/p>\n<\/li>\n<li data-start=\"2027\" data-end=\"2149\">\n<p data-start=\"2029\" data-end=\"2149\" class=\" translation-block\">\u26a1 <strong data-start=\"2031\" data-end=\"2057\"> \u0627\u0645\u062a\u0635\u0627\u0635 \u0641\u0627\u0626\u0642 \u0627\u0644\u0633\u0631\u0639\u0629 \u0645\u062b\u0627\u0644\u064a <strong data-start=\"2065\" data-end=\"2089\"> \u0628\u0639\u062f \u0627\u0644\u062a\u062f\u0631\u064a\u0628<\/strong> \u0623\u0648 \u0628\u064a\u0646 \u0627\u0644\u0648\u062c\u0628\u0627\u062a.<\/p>\n<\/li>\n<li data-start=\"2150\" data-end=\"2319\">\n<p data-start=\"2152\" data-end=\"2319\" class=\" translation-block\">\ud83e\udde0 <strong data-start=\"2155\" data-end=\"2189\"> \u0628\u0631\u0648\u0641\u0627\u064a\u0644 \u0643\u0627\u0645\u0644 \u0644\u0644\u0623\u062d\u0645\u0627\u0636 \u0627\u0644\u0623\u0645\u064a\u0646\u064a\u0629\u060c \u063a\u0646\u064a \u0628\u0627\u0644\u0623\u062d\u0645\u0627\u0636 \u0627\u0644\u0623\u0645\u064a\u0646\u064a\u0629 \u0627\u0644\u0645\u062a\u0641\u0631\u0639\u0629 \u0627\u0644\u0633\u0644\u0633\u0644\u0629 (\u0628\u0645\u0627 \u0641\u064a \u0630\u0644\u0643 \u0627\u0644\u0644\u064a\u0648\u0633\u064a\u0646\u060c \u0627\u0644\u0625\u064a\u0632\u0648\u0644\u064a\u0648\u0633\u064a\u0646\u060c \u0627\u0644\u0641\u0627\u0644\u064a\u0646) \u0644\u062a\u062d\u0641\u064a\u0632 \u0646\u0645\u0648 \u0627\u0644\u0639\u0636\u0644\u0627\u062a.<\/p>\n<\/li>\n<li data-start=\"2320\" data-end=\"2442\">\n<p data-start=\"2322\" data-end=\"2442\" class=\" translation-block\">\ud83d\udeab <strong data-start=\"2325\" data-end=\"2346\"> \u0628\u062f\u0648\u0646 \u0633\u0643\u0631 \u0645\u0636\u0627\u0641<\/strong> \u0648<strong data-start=\"2350\" data-end=\"2365\"> \u062e\u0627\u0644\u064a\u0629 \u0645\u0646 \u0627\u0644\u063a\u0644\u0648\u062a\u064a\u0646<\/strong> \u0644\u0635\u064a\u063a\u0629 \u0646\u0638\u064a\u0641\u0629 \u0648\u0631\u064a\u0627\u0636\u064a\u0629.<\/p>\n<\/li>\n<li data-start=\"2443\" data-end=\"2609\">\n<p data-start=\"2445\" data-end=\"2609\" class=\" translation-block\">\ud83e\uddea <strong data-start=\"2448\" data-end=\"2494\"> \u0627\u0644\u0625\u0646\u0632\u064a\u0645\u0627\u062a \u0627\u0644\u0647\u0636\u0645\u064a\u0629 (\u0627\u0644\u0644\u0627\u0643\u062a\u0627\u0632 \/ Tolerase\u00ae\u202fL) \u0644\u062a\u062d\u0633\u064a\u0646 \u0627\u0644\u062a\u062d\u0645\u0644 \u062d\u062a\u0649 \u0644\u062f\u0649 \u0627\u0644\u0623\u0634\u062e\u0627\u0635 \u0627\u0644\u062d\u0633\u0627\u0633\u064a\u0646 \u0644\u0644\u0627\u0643\u062a\u0648\u0632.<\/p>\n<\/li>\n<li data-start=\"2610\" data-end=\"2757\">\n<p data-start=\"2612\" data-end=\"2757\" class=\" translation-block\">\ud83d\udc8a <strong data-start=\"2615\" data-end=\"2650\"> \u0627\u0644\u0643\u0631\u0648\u0645 \u0648\u0641\u064a\u062a\u0627\u0645\u064a\u0646 B3 (\u0627\u0644\u0646\u064a\u0627\u0633\u064a\u0646): \u062f\u0639\u0645 \u0627\u0644\u0623\u064a\u0636 \u0627\u0644\u0637\u0627\u0642\u064a \u0648\u0627\u0644\u0645\u0633\u0627\u0639\u062f\u0629 \u0641\u064a \u062a\u0642\u0644\u064a\u0644 \u0627\u0644\u062a\u0639\u0628.<\/p>\n<\/li>\n<\/ul>\n<h3 data-start=\"2764\" data-end=\"2808\">\ud83e\udde0 \u0644\u0645\u0627\u0630\u0627 \u062a\u062e\u062a\u0627\u0631 \u0627\u0644\u0648\u0627\u064a \u0627\u0644\u0645\u0639\u0632\u0648\u0644\u061f<\/h3>\n<p data-start=\"2810\" data-end=\"3295\" class=\" translation-block\">\u0627\u0644\u0628\u0631\u0648\u062a\u064a\u0646\u0627\u062a <strong data-start=\"2824\" data-end=\"2839\">\u0627\u0644\u0645\u062d\u0644\u0644\u0629<\/strong> \u0647\u064a <strong data-start=\"2845\" data-end=\"2861\">\u0645\u064f\u0647\u0636\u0645\u0629 \u0645\u0633\u0628\u0642\u064b\u0627<\/strong>\u060c \u0645\u0645\u0627 \u064a\u0633\u0645\u062d \u0628<strong data-start=\"2878\" data-end=\"2940\">\u0627\u0645\u062a\u0635\u0627\u0635 \u0623\u0633\u0631\u0639 \u0645\u0646 \u0628\u0631\u0648\u062a\u064a\u0646\u0627\u062a \u0627\u0644\u0648\u0627\u064a \u0627\u0644\u062a\u0642\u0644\u064a\u062f\u064a\u0629 \u0623\u0648 \u0627\u0644\u0639\u0632\u0644\u0627\u062a<\/strong>\u060c \u0645\u0645\u0627 \u064a\u062c\u0639\u0644\u0647\u0627 \u0645\u0646\u0627\u0633\u0628\u0629 \u0628\u0634\u0643\u0644 \u062e\u0627\u0635 \u0644\u0641\u062a\u0631\u0629 <strong data-start=\"2997\" data-end=\"3013\">\u0645\u0627 \u0628\u0639\u062f \u0627\u0644\u062a\u0645\u0631\u064a\u0646<\/strong> \u0623\u0648 \u0641\u064a \u0627\u0644\u0623\u0648\u0642\u0627\u062a \u0627\u0644\u062a\u064a \u064a\u0643\u0648\u0646 \u0641\u064a\u0647\u0627 \u062a\u0646\u0627\u0648\u0644 \u0627\u0644\u0628\u0631\u0648\u062a\u064a\u0646 \u0627\u0644\u0633\u0631\u064a\u0639 \u0623\u0645\u0631\u064b\u0627 \u062d\u064a\u0648\u064a\u064b\u0627. <br>\n\u0639\u0644\u0627\u0648\u0629 \u0639\u0644\u0649 \u0630\u0644\u0643\u060c \u0641\u0625\u0646 \u062a\u0631\u0643\u064a\u0628\u0629 <strong data-start=\"3130\" data-end=\"3156\">\u062e\u0627\u0644\u064a\u0629 \u0645\u0646 \u0627\u0644\u0644\u0627\u0643\u062a\u0648\u0632 \u0648\u0627\u0644\u063a\u0644\u0648\u062a\u064a\u0646<\/strong> \u0623\u0633\u0647\u0644 \u0641\u064a \u0627\u0644\u0647\u0636\u0645 \u0644\u0644\u0639\u062f\u064a\u062f \u0645\u0646 \u0627\u0644\u0631\u064a\u0627\u0636\u064a\u064a\u0646 \u0648\u062a\u0642\u0644\u0644 \u0645\u0646 \u0645\u062e\u0627\u0637\u0631 \u0627\u0644\u0627\u0646\u0632\u0639\u0627\u062c \u0627\u0644\u0645\u0639\u0648\u064a.<\/p>\n<h3 data-start=\"3302\" data-end=\"3331\">\ud83d\udd52 \u0646\u0635\u0627\u0626\u062d \u0627\u0644\u0627\u0633\u062a\u062e\u062f\u0627\u0645<\/h3>\n<ul data-start=\"3333\" data-end=\"3694\">\n<li data-start=\"3333\" data-end=\"3390\">\n<p data-start=\"3335\" data-end=\"3390\" class=\" translation-block\"><strong data-start=\"3335\" data-end=\"3357\"> \u0627\u0644\u062c\u0631\u0639\u0629 \u0627\u0644\u0645\u0648\u0635\u0649 \u0628\u0647\u0627: \u062d\u0648\u0627\u0644\u064a 40 \u062c\u0631\u0627\u0645 \u0644\u0643\u0644 \u062d\u0635\u0629 (\u2248 1 \u0645\u0643\u064a\u0627\u0644)<\/p>\n<\/li>\n<li data-start=\"3391\" data-end=\"3566\">\n<p data-start=\"3393\" data-end=\"3416\"><strong data-start=\"3393\" data-end=\"3414\">\u0645\u062a\u0649 \u062a\u0633\u062a\u0647\u0644\u0643:<\/strong><\/p>\n<ul data-start=\"3419\" data-end=\"3566\">\n<li data-start=\"3419\" data-end=\"3489\">\n<p data-start=\"3421\" data-end=\"3489\" class=\" translation-block\"><strong data-start=\"3421\" data-end=\"3445\"> \u0628\u0639\u062f \u0627\u0644\u062a\u062f\u0631\u064a\u0628<\/strong> \u0644\u062a\u0639\u0638\u064a\u0645 \u0627\u0633\u062a\u0639\u0627\u062f\u0629 \u0627\u0644\u0639\u0636\u0644\u0627\u062a<\/p>\n<\/li>\n<li data-start=\"3492\" data-end=\"3566\">\n<p data-start=\"3494\" data-end=\"3566\" class=\" translation-block\"><strong data-start=\"3494\" data-end=\"3513\"> \u0628\u064a\u0646 \u0627\u0644\u0648\u062c\u0628\u0627\u062a<\/strong> \u0644\u062a\u0644\u0628\u064a\u0629 \u0627\u062d\u062a\u064a\u0627\u062c\u0627\u062a\u0643 \u0627\u0644\u064a\u0648\u0645\u064a\u0629 \u0645\u0646 \u0627\u0644\u0628\u0631\u0648\u062a\u064a\u0646\u0627\u062a<\/p>\n<\/li>\n<\/ul>\n<\/li>\n<li data-start=\"3567\" data-end=\"3635\">\n<p data-start=\"3569\" data-end=\"3635\" class=\" translation-block\">\u0627\u0645\u0632\u062c \u0645\u0639 <strong data-start=\"3583\" data-end=\"3603\"> 200\u2013250 \u0645\u0644 \u0645\u0646 \u0627\u0644\u0645\u0627\u0621 \u0623\u0648 \u062d\u0644\u064a\u0628 \u0645\u0646\u0632\u0648\u0639 \u0627\u0644\u062f\u0633\u0645 \u0641\u064a \u062e\u0641\u0627\u0642\u0629<\/p>\n<\/li>\n<li data-start=\"3636\" data-end=\"3694\">\n<p data-start=\"3638\" data-end=\"3694\" class=\" translation-block\"><strong data-start=\"3638\" data-end=\"3665\"> 1 \u0625\u0644\u0649 2 \u062d\u0635\u0635 \u0641\u064a \u0627\u0644\u064a\u0648\u0645 \u062d\u0633\u0628 \u0627\u062d\u062a\u064a\u0627\u062c\u0627\u062a\u0643 \u0627\u0644\u0628\u0631\u0648\u062a\u064a\u0646\u064a\u0629<\/p>\n<\/li>\n<\/ul>\n<p><img decoding=\"async\" class=\"alignnone size-medium wp-image-19888\" src=\"https:\/\/elitenutritionmaroc.com\/wp-content\/uploads\/2025\/03\/hydrowhey-16kg-300x300.webp\" alt=\"Hydro Whey\" width=\"300\" height=\"300\" srcset=\"https:\/\/elitenutritionmaroc.com\/wp-content\/uploads\/2025\/03\/hydrowhey-16kg-300x300.webp 300w, https:\/\/elitenutritionmaroc.com\/wp-content\/uploads\/2025\/03\/hydrowhey-16kg-150x150.webp 150w, https:\/\/elitenutritionmaroc.com\/wp-content\/uploads\/2025\/03\/hydrowhey-16kg-430x430.webp 430w, https:\/\/elitenutritionmaroc.com\/wp-content\/uploads\/2025\/03\/hydrowhey-16kg.webp 700w\" sizes=\"(max-width: 300px) 100vw, 300px\" \/><\/p>\n<h3 data-start=\"3701\" data-end=\"3718\">\ud83c\udfaf \u0644\u0645\u0646\u061f<\/h3>\n<ul data-start=\"3720\" data-end=\"3939\">\n<li data-start=\"3720\" data-end=\"3776\">\n<p data-start=\"3722\" data-end=\"3776\" class=\" translation-block\">\u0631\u064a\u0627\u0636\u064a\u0648\u0646 \u0641\u064a <strong data-start=\"3734\" data-end=\"3774\"> \u0643\u0645\u0627\u0644 \u0627\u0644\u0623\u062c\u0633\u0627\u0645\u060c \u0627\u0644\u062a\u062f\u0631\u064a\u0628 \u0627\u0644\u0645\u062a\u0642\u0627\u0637\u0639\u060c \u0627\u0644\u0644\u064a\u0627\u0642\u0629 \u0627\u0644\u0628\u062f\u0646\u064a\u0629<\/p>\n<\/li>\n<li data-start=\"3777\" data-end=\"3848\">\n<p data-start=\"3779\" data-end=\"3848\" class=\" translation-block\">\u0627\u0644\u0631\u064a\u0627\u0636\u064a\u0648\u0646 \u0627\u0644\u0630\u064a\u0646 \u064a\u0628\u062d\u062b\u0648\u0646 \u0639\u0646 &lt;strong \u0627\u0644\u0646\u0645\u0648 \u0627\u0644\u0639\u0636\u0644\u064a \u0648\u0627\u0644\u062a\u0639\u0627\u0641\u064a \u0627\u0644\u0633\u0631\u064a\u0639 \u0646\u0645\u0648 \u0627\u0644\u0639\u0636\u0644\u0627\u062a \u0648\u0627\u0644\u062a\u0639\u0627\u0641\u064a \u0627\u0644\u0633\u0631\u064a\u0639<\/p>\n<\/li>\n<li data-start=\"3849\" data-end=\"3913\">\n<p data-start=\"3851\" data-end=\"3913\">\u0623\u0634\u062e\u0627\u0635 \u062d\u0633\u0627\u0633\u0648\u0646 \u0644\u0644\u0627\u0643\u062a\u0648\u0632 \u0623\u0648 \u064a\u0628\u062d\u062b\u0648\u0646 \u0639\u0646 \u0628\u0631\u0648\u062a\u064a\u0646 \u0645\u0635\u0644 \u0627\u0644\u0644\u0628\u0646 \u0633\u0647\u0644 \u0627\u0644\u0647\u0636\u0645<\/p>\n<\/li>\n<li data-start=\"3914\" data-end=\"3939\">\n<p data-start=\"3916\" data-end=\"3939\">\u0631\u062c\u0627\u0644 \u0648\u0646\u0633\u0627\u0621<\/p>\n<\/li>\n<\/ul>","protected":false},"excerpt":{"rendered":"<p>\ud83d\udcaa NUTREND HYDRO WHEY \u2013 PROT\u00c9INE WHEY HYDROLYS\u00c9E POUR PERFORMANCE Hydro Whey Nutrend 1600\u202fg est une prot\u00e9ine de lactos\u00e9rum hydrolys\u00e9e<\/p>","protected":false},"featured_media":19885,"comment_status":"open","ping_status":"closed","template":"","meta":[],"product_brand":[218],"product_cat":[485],"product_tag":[],"class_list":{"0":"post-16501","1":"product","2":"type-product","3":"status-publish","4":"has-post-thumbnail","6":"product_brand-nutrend","7":"product_cat-proteines","9":"first","10":"outofstock","11":"shipping-taxable","12":"product-type-simple"},"_links":{"self":[{"href":"https:\/\/elitenutritionmaroc.com\/ar\/wp-json\/wp\/v2\/product\/16501","targetHints":{"allow":["GET"]}}],"collection":[{"href":"https:\/\/elitenutritionmaroc.com\/ar\/wp-json\/wp\/v2\/product"}],"about":[{"href":"https:\/\/elitenutritionmaroc.com\/ar\/wp-json\/wp\/v2\/types\/product"}],"replies":[{"embeddable":true,"href":"https:\/\/elitenutritionmaroc.com\/ar\/wp-json\/wp\/v2\/comments?post=16501"}],"version-history":[{"count":1,"href":"https:\/\/elitenutritionmaroc.com\/ar\/wp-json\/wp\/v2\/product\/16501\/revisions"}],"predecessor-version":[{"id":20259,"href":"https:\/\/elitenutritionmaroc.com\/ar\/wp-json\/wp\/v2\/product\/16501\/revisions\/20259"}],"wp:featuredmedia":[{"embeddable":true,"href":"https:\/\/elitenutritionmaroc.com\/ar\/wp-json\/wp\/v2\/media\/19885"}],"wp:attachment":[{"href":"https:\/\/elitenutritionmaroc.com\/ar\/wp-json\/wp\/v2\/media?parent=16501"}],"wp:term":[{"taxonomy":"product_brand","embeddable":true,"href":"https:\/\/elitenutritionmaroc.com\/ar\/wp-json\/wp\/v2\/product_brand?post=16501"},{"taxonomy":"product_cat","embeddable":true,"href":"https:\/\/elitenutritionmaroc.com\/ar\/wp-json\/wp\/v2\/product_cat?post=16501"},{"taxonomy":"product_tag","embeddable":true,"href":"https:\/\/elitenutritionmaroc.com\/ar\/wp-json\/wp\/v2\/product_tag?post=16501"}],"curies":[{"name":"wp","href":"https:\/\/api.w.org\/{rel}","templated":true}]}}