{"id":16476,"date":"2025-03-27T00:06:29","date_gmt":"2025-03-27T00:06:29","guid":{"rendered":"https:\/\/elitenutritionmaroc.com\/?post_type=product&#038;p=16476"},"modified":"2026-03-26T11:08:39","modified_gmt":"2026-03-26T10:08:39","slug":"rule-1-whey-blend","status":"publish","type":"product","link":"https:\/\/elitenutritionmaroc.com\/ar\/product\/rule-1-whey-blend\/","title":{"rendered":"\u0631\u0648\u0648\u0644 1 \u0648\u0627\u064a \u0628\u0644\u064a\u0646\u062f 2,24 \u0643\u062c\u0645"},"content":{"rendered":"<h3 data-start=\"1419\" data-end=\"1500\">\ud83d\udcaa Rule 1 Whey Blend 2,24 \u0643\u062c\u0645 \u2013 \u0628\u0631\u0648\u062a\u064a\u0646 \u0648\u0627\u064a \u0644\u0644\u0623\u062f\u0627\u0621 \u0648\u0627\u0644\u062a\u0639\u0627\u0641\u064a<\/h3>\n<p data-start=\"1502\" data-end=\"1739\" class=\" translation-block\"><strong data-start=\"1502\" data-end=\"1523\"> Rule 1 Whey Blend \u0647\u064a \u0628\u0631\u0648\u062a\u064a\u0646 \u0639\u0627\u0644\u064a \u0627\u0644\u062c\u0648\u062f\u0629 \u062a\u0645 \u062a\u0637\u0648\u064a\u0631\u0647 \u0628\u0648\u0627\u0633\u0637\u0629 Rule One Proteins\u060c \u064a\u062c\u0645\u0639 \u0628\u064a\u0646 <strong data-start=\"1602\" data-end=\"1621\">\u0628\u0631\u0648\u062a\u064a\u0646 \u0645\u0635\u0644 \u0627\u0644\u0644\u0628\u0646 \u0627\u0644\u0645\u0631\u0643\u0632<\/strong> \u0648<strong data-start=\"1625\" data-end=\"1641\">\u0628\u0631\u0648\u062a\u064a\u0646 \u0645\u0635\u0644 \u0627\u0644\u0644\u0628\u0646 \u0627\u0644\u0645\u0639\u0632\u0648\u0644<\/strong> \u0644\u062a\u0642\u062f\u064a\u0645 \u062a\u0648\u0627\u0632\u0646 \u0645\u0645\u062a\u0627\u0632 \u0628\u064a\u0646 <strong data-start=\"1683\" data-end=\"1738\">\u0627\u0644\u062c\u0648\u062f\u0629 \u0627\u0644\u063a\u0630\u0627\u0626\u064a\u0629\u060c \u0627\u0644\u0642\u0627\u0628\u0644\u064a\u0629 \u0644\u0644\u0647\u0636\u0645 \u0648\u0627\u0644\u0641\u0639\u0627\u0644\u064a\u0629<\/strong>.<\/p>\n<p data-start=\"1741\" data-end=\"1952\" class=\" translation-block\">\u0643\u0644 \u062d\u0635\u0629 \u062a\u0648\u0641\u0631 \u0643\u0645\u064a\u0629 \u0645\u062b\u0627\u0644\u064a\u0629 \u0645\u0646 <strong data-start=\"1789\" data-end=\"1802\">\u0627\u0644\u0628\u0631\u0648\u062a\u064a\u0646\u0627\u062a<\/strong> \u0648 <strong data-start=\"1809\" data-end=\"1817\">BCAA<\/strong>\u060c \u0627\u0644\u0636\u0631\u0648\u0631\u064a\u0629 \u0644\u062f\u0639\u0645 <strong data-start=\"1847\" data-end=\"1872\">\u0646\u0645\u0648 \u0627\u0644\u0639\u0636\u0644\u0627\u062a<\/strong>\u060c \u0648\u062a\u062d\u0633\u064a\u0646 <strong data-start=\"1887\" data-end=\"1903\">\u0627\u0644\u0627\u0633\u062a\u0634\u0641\u0627\u0621<\/strong> \u0648\u0627\u0644\u062d\u0641\u0627\u0638 \u0639\u0644\u0649 <strong data-start=\"1927\" data-end=\"1951\">\u0627\u0644\u0623\u062f\u0627\u0621 \u0627\u0644\u0631\u064a\u0627\u0636\u064a \u0627\u0644\u062c\u064a\u062f<\/strong>.<\/p>\n<p data-start=\"1954\" data-end=\"2095\">\u0645\u062b\u0627\u0644\u064a\u0629 \u0628\u0639\u062f \u0627\u0644\u062a\u0645\u0631\u064a\u0646 \u0623\u0648 \u0643\u0645\u0643\u0645\u0644 \u064a\u0648\u0645\u064a\u060c \u064a\u0646\u062f\u0645\u062c Rule 1 Whey Blend \u0628\u0633\u0647\u0648\u0644\u0629 \u0641\u064a \u0623\u064a \u0628\u0631\u0646\u0627\u0645\u062c \u0644\u0628\u0646\u0627\u0621 \u0627\u0644\u0639\u0636\u0644\u0627\u062a \u0623\u0648 \u0627\u0644\u0644\u064a\u0627\u0642\u0629 \u0627\u0644\u0628\u062f\u0646\u064a\u0629.<\/p>\n<p data-start=\"1954\" data-end=\"2095\"><img fetchpriority=\"high\" decoding=\"async\" class=\"alignnone size-medium wp-image-19308\" src=\"https:\/\/elitenutritionmaroc.com\/wp-content\/uploads\/2025\/03\/Rule-1-Whey-Blend-1-300x300.webp\" alt=\"\" width=\"300\" height=\"300\" srcset=\"https:\/\/elitenutritionmaroc.com\/wp-content\/uploads\/2025\/03\/Rule-1-Whey-Blend-1-300x300.webp 300w, https:\/\/elitenutritionmaroc.com\/wp-content\/uploads\/2025\/03\/Rule-1-Whey-Blend-1-800x800.webp 800w, https:\/\/elitenutritionmaroc.com\/wp-content\/uploads\/2025\/03\/Rule-1-Whey-Blend-1-150x150.webp 150w, https:\/\/elitenutritionmaroc.com\/wp-content\/uploads\/2025\/03\/Rule-1-Whey-Blend-1-768x768.webp 768w, https:\/\/elitenutritionmaroc.com\/wp-content\/uploads\/2025\/03\/Rule-1-Whey-Blend-1-860x860.webp 860w, https:\/\/elitenutritionmaroc.com\/wp-content\/uploads\/2025\/03\/Rule-1-Whey-Blend-1-430x430.webp 430w, https:\/\/elitenutritionmaroc.com\/wp-content\/uploads\/2025\/03\/Rule-1-Whey-Blend-1-700x700.webp 700w, https:\/\/elitenutritionmaroc.com\/wp-content\/uploads\/2025\/03\/Rule-1-Whey-Blend-1.webp 1000w\" sizes=\"(max-width: 300px) 100vw, 300px\" \/><\/p>\n<h3 data-start=\"2102\" data-end=\"2122\">\u2705 \u0627\u0644\u0645\u0632\u0627\u064a\u0627 \u0627\u0644\u0631\u0626\u064a\u0633\u064a\u0629<\/h3>\n<ul data-start=\"2124\" data-end=\"2396\">\n<li data-start=\"2124\" data-end=\"2164\">\n<p data-start=\"2126\" data-end=\"2164\">\u062e\u0644\u064a\u0637 \u0645\u0646 \u0628\u0631\u0648\u062a\u064a\u0646 \u0645\u0635\u0644 \u0627\u0644\u0644\u0628\u0646 \u0627\u0644\u0645\u0631\u0643\u0632 \u0648\u0627\u0644\u0645\u0639\u0632\u0648\u0644<\/p>\n<\/li>\n<li data-start=\"2165\" data-end=\"2215\">\n<p data-start=\"2167\" data-end=\"2215\">\u063a\u0646\u064a \u0628\u0627\u0644\u0628\u0631\u0648\u062a\u064a\u0646\u0627\u062a \u0648\u0627\u0644\u0623\u062d\u0645\u0627\u0636 \u0627\u0644\u0623\u0645\u064a\u0646\u064a\u0629 \u0627\u0644\u0623\u0633\u0627\u0633\u064a\u0629<\/p>\n<\/li>\n<li data-start=\"2216\" data-end=\"2255\">\n<p data-start=\"2218\" data-end=\"2255\" class=\" translation-block\">\u064a\u0639\u0632\u0632 \u0627\u0633\u062a\u0639\u0627\u062f\u0629 \u0627\u0644\u0639\u0636\u0644\u0627\u062a<\/p>\n<\/li>\n<li data-start=\"2256\" data-end=\"2309\">\n<p data-start=\"2258\" data-end=\"2309\">\u064a\u0633\u0627\u0647\u0645 \u0641\u064a \u062a\u0637\u0648\u064a\u0631 \u0627\u0644\u0643\u062a\u0644\u0629 \u0627\u0644\u0639\u0636\u0644\u064a\u0629<\/p>\n<\/li>\n<li data-start=\"2310\" data-end=\"2347\">\n<p data-start=\"2312\" data-end=\"2347\">\u0647\u0636\u0645 \u0633\u0647\u0644 \u0648\u0637\u0639\u0645 \u0644\u0630\u064a\u0630<\/p>\n<\/li>\n<li data-start=\"2348\" data-end=\"2396\">\n<p data-start=\"2350\" data-end=\"2396\">\u0645\u0646\u0627\u0633\u0628 \u0644\u0644\u0631\u064a\u0627\u0636\u064a\u064a\u0646 \u0627\u0644\u0645\u0628\u062a\u062f\u0626\u064a\u0646 \u0648\u0627\u0644\u0645\u062d\u062a\u0631\u0641\u064a\u0646<\/p>\n<\/li>\n<\/ul>\n<h3 data-start=\"2403\" data-end=\"2432\">\ud83d\udd52 \u0646\u0635\u0627\u0626\u062d \u0627\u0644\u0627\u0633\u062a\u062e\u062f\u0627\u0645<\/h3>\n<ul data-start=\"2434\" data-end=\"2611\">\n<li data-start=\"2434\" data-end=\"2495\">\n<p data-start=\"2436\" data-end=\"2495\" class=\" translation-block\">\u062a\u0646\u0627\u0648\u0644\u0647 \u0628\u0639\u062f \u0627\u0644\u062a\u0645\u0631\u064a\u0646 \u0623\u0648 \u0628\u064a\u0646 \u0627\u0644\u0648\u062c\u0628\u0627\u062a<\/p>\n<\/li>\n<li data-start=\"2496\" data-end=\"2543\">\n<p data-start=\"2498\" data-end=\"2543\">\u0645\u0632\u062c \u062d\u0635\u0629 \u0645\u0639 \u0627\u0644\u0645\u0627\u0621 \u0623\u0648 \u0627\u0644\u062d\u0644\u064a\u0628<\/p>\n<\/li>\n<li data-start=\"2544\" data-end=\"2611\">\n<p data-start=\"2546\" data-end=\"2611\">\u064a\u0645\u0643\u0646 \u0627\u0633\u062a\u062e\u062f\u0627\u0645\u0647\u0627 \u064a\u0648\u0645\u064a\u064b\u0627 \u062d\u0633\u0628 \u0627\u0644\u0627\u062d\u062a\u064a\u0627\u062c\u0627\u062a \u0645\u0646 \u0627\u0644\u0628\u0631\u0648\u062a\u064a\u0646\u0627\u062a.<\/p>\n<\/li>\n<\/ul>\n<p><img decoding=\"async\" class=\"alignnone size-medium wp-image-19305\" src=\"https:\/\/elitenutritionmaroc.com\/wp-content\/uploads\/2025\/03\/Rule-1-Whey-Blend-2-300x300.webp\" alt=\"\" width=\"300\" height=\"300\" srcset=\"https:\/\/elitenutritionmaroc.com\/wp-content\/uploads\/2025\/03\/Rule-1-Whey-Blend-2-300x300.webp 300w, https:\/\/elitenutritionmaroc.com\/wp-content\/uploads\/2025\/03\/Rule-1-Whey-Blend-2-150x150.webp 150w, https:\/\/elitenutritionmaroc.com\/wp-content\/uploads\/2025\/03\/Rule-1-Whey-Blend-2-768x768.webp 768w, https:\/\/elitenutritionmaroc.com\/wp-content\/uploads\/2025\/03\/Rule-1-Whey-Blend-2-430x430.webp 430w, https:\/\/elitenutritionmaroc.com\/wp-content\/uploads\/2025\/03\/Rule-1-Whey-Blend-2-700x700.webp 700w, https:\/\/elitenutritionmaroc.com\/wp-content\/uploads\/2025\/03\/Rule-1-Whey-Blend-2.webp 800w\" sizes=\"(max-width: 300px) 100vw, 300px\" \/><\/p>\n<h3 data-start=\"2618\" data-end=\"2635\">\ud83c\udfaf \u0644\u0645\u0646\u061f<\/h3>\n<ul data-start=\"2637\" data-end=\"2847\">\n<li data-start=\"2637\" data-end=\"2678\">\n<p data-start=\"2639\" data-end=\"2678\">\u0645\u0645\u0627\u0631\u0633\u0648 \u0643\u0645\u0627\u0644 \u0627\u0644\u0623\u062c\u0633\u0627\u0645 \u0648\u0627\u0644\u0644\u064a\u0627\u0642\u0629 \u0627\u0644\u0628\u062f\u0646\u064a\u0629<\/p>\n<\/li>\n<li data-start=\"2679\" data-end=\"2736\">\n<p data-start=\"2681\" data-end=\"2736\">Sportifs recherchant une whey efficace et polyvalente<\/p>\n<\/li>\n<li data-start=\"2737\" data-end=\"2796\">\n<p data-start=\"2739\" data-end=\"2796\">Personnes souhaitant compl\u00e9ter leur apport en prot\u00e9ines<\/p>\n<\/li>\n<li data-start=\"2797\" data-end=\"2847\">\n<p data-start=\"2799\" data-end=\"2847\">Phase de prise de masse ou maintien musculaire<\/p>\n<\/li>\n<\/ul>\n<p><img decoding=\"async\" class=\"alignnone size-medium wp-image-19306\" src=\"https:\/\/elitenutritionmaroc.com\/wp-content\/uploads\/2025\/03\/Rule-1-Whey-Blend-2-300x300.jpg\" alt=\"\" width=\"300\" height=\"300\" srcset=\"https:\/\/elitenutritionmaroc.com\/wp-content\/uploads\/2025\/03\/Rule-1-Whey-Blend-2-300x300.jpg 300w, https:\/\/elitenutritionmaroc.com\/wp-content\/uploads\/2025\/03\/Rule-1-Whey-Blend-2-150x150.jpg 150w, https:\/\/elitenutritionmaroc.com\/wp-content\/uploads\/2025\/03\/Rule-1-Whey-Blend-2-430x430.jpg 430w, https:\/\/elitenutritionmaroc.com\/wp-content\/uploads\/2025\/03\/Rule-1-Whey-Blend-2.jpg 550w\" sizes=\"(max-width: 300px) 100vw, 300px\" \/><\/p>\n<h4>Boostez votre r\u00e9cup\u00e9ration et d\u00e9veloppez votre masse musculaire avec Rule 1 Whey Blend.<br data-start=\"3023\" data-end=\"3026\" \/>Commandez d\u00e8s maintenant et passez au niveau sup\u00e9rieur.<\/h4>","protected":false},"excerpt":{"rendered":"<p>\ud83d\udcaa Rule 1 Whey Blend 2,24 kg \u2013 Prot\u00e9ine Whey pour Performance et R\u00e9cup\u00e9ration Rule 1 Whey Blend est une<\/p>","protected":false},"featured_media":19293,"comment_status":"open","ping_status":"closed","template":"","meta":[],"product_brand":[236],"product_cat":[485],"product_tag":[],"class_list":{"0":"post-16476","1":"product","2":"type-product","3":"status-publish","4":"has-post-thumbnail","6":"product_brand-rule-1","7":"product_cat-proteines","9":"first","10":"outofstock","11":"shipping-taxable","12":"purchasable","13":"product-type-variable"},"_links":{"self":[{"href":"https:\/\/elitenutritionmaroc.com\/ar\/wp-json\/wp\/v2\/product\/16476","targetHints":{"allow":["GET"]}}],"collection":[{"href":"https:\/\/elitenutritionmaroc.com\/ar\/wp-json\/wp\/v2\/product"}],"about":[{"href":"https:\/\/elitenutritionmaroc.com\/ar\/wp-json\/wp\/v2\/types\/product"}],"replies":[{"embeddable":true,"href":"https:\/\/elitenutritionmaroc.com\/ar\/wp-json\/wp\/v2\/comments?post=16476"}],"version-history":[{"count":1,"href":"https:\/\/elitenutritionmaroc.com\/ar\/wp-json\/wp\/v2\/product\/16476\/revisions"}],"predecessor-version":[{"id":20340,"href":"https:\/\/elitenutritionmaroc.com\/ar\/wp-json\/wp\/v2\/product\/16476\/revisions\/20340"}],"wp:featuredmedia":[{"embeddable":true,"href":"https:\/\/elitenutritionmaroc.com\/ar\/wp-json\/wp\/v2\/media\/19293"}],"wp:attachment":[{"href":"https:\/\/elitenutritionmaroc.com\/ar\/wp-json\/wp\/v2\/media?parent=16476"}],"wp:term":[{"taxonomy":"product_brand","embeddable":true,"href":"https:\/\/elitenutritionmaroc.com\/ar\/wp-json\/wp\/v2\/product_brand?post=16476"},{"taxonomy":"product_cat","embeddable":true,"href":"https:\/\/elitenutritionmaroc.com\/ar\/wp-json\/wp\/v2\/product_cat?post=16476"},{"taxonomy":"product_tag","embeddable":true,"href":"https:\/\/elitenutritionmaroc.com\/ar\/wp-json\/wp\/v2\/product_tag?post=16476"}],"curies":[{"name":"wp","href":"https:\/\/api.w.org\/{rel}","templated":true}]}}