{"id":16356,"date":"2025-03-23T06:05:27","date_gmt":"2025-03-23T06:05:27","guid":{"rendered":"https:\/\/elitenutritionmaroc.com\/?post_type=product&#038;p=16356"},"modified":"2026-04-01T14:41:35","modified_gmt":"2026-04-01T13:41:35","slug":"multivitamin-one-a-day-biotech-100-tablettes","status":"publish","type":"product","link":"https:\/\/elitenutritionmaroc.com\/ar\/product\/multivitamin-one-a-day-biotech-100-tablettes\/","title":{"rendered":"\u0645\u0648\u0644\u062a\u064a \u0641\u064a\u062a\u0627\u0645\u064a\u0646 \u0648\u0627\u0646 \u0627\u064a\u0647 \u062f\u0627\u064a \u0628\u064a\u0648\u062a\u064a\u0643 100 \u062d\u0628\u0629"},"content":{"rendered":"<h3 data-start=\"1087\" data-end=\"1147\">\ud83d\udc8a \u0645\u0648\u0644\u062a\u064a\u0641\u064a\u062a\u0627\u0645\u064a\u0646 \u0648\u0627\u0646-\u0623-\u062f\u0627\u064a \u0628\u064a\u0648\u062a\u0643 \u2013 \u0627\u0644\u062a\u0648\u0627\u0632\u0646 \u0648\u0627\u0644\u062d\u064a\u0648\u064a\u0629<\/h3>\n<p data-start=\"1149\" data-end=\"1344\" class=\" translation-block\"><strong data-start=\"\u201d1149\u201c\" data-end=\"\u201d1183\u201c\">\u0645\u062a\u0639\u062f\u062f \u0627\u0644\u0641\u064a\u062a\u0627\u0645\u064a\u0646\u0627\u062a One-A-Day BioTech<\/strong> \u0647\u0648 <strong data-start=\"\u201d1191\u201c\" data-end=\"\u201d1225\u201c\">\u0645\u0643\u0645\u0644 \u063a\u0630\u0627\u0626\u064a \u0643\u0627\u0645\u0644<\/strong>\u060c \u0645\u0635\u0645\u0645 \u0644\u062a\u063a\u0637\u064a\u0629 <strong data-start=\"\u201d1250\u201c\" data-end=\"\u201d1308\u201c\">\u0627\u0644\u0627\u062d\u062a\u064a\u0627\u062c\u0627\u062a \u0627\u0644\u064a\u0648\u0645\u064a\u0629 \u0645\u0646 \u0627\u0644\u0641\u064a\u062a\u0627\u0645\u064a\u0646\u0627\u062a \u0648\u0627\u0644\u0645\u0639\u0627\u062f\u0646 \u0627\u0644\u0623\u0633\u0627\u0633\u064a\u0629<\/strong> \u0628\u0640 <strong data-start=\"\u20191314\u2018\" data-end=\"\u201d1343\u201c\">\u062d\u0628\u0629 \u0648\u0627\u062d\u062f\u0629 \u064a\u0648\u0645\u064a\u064b\u0627<\/strong>.<\/p>\n<p data-start=\"1346\" data-end=\"1522\" class=\" translation-block\">\u0645\u062b\u0627\u0644\u064a \u0644\u0644\u0631\u064a\u0627\u0636\u064a\u064a\u0646 \u0648\u0627\u0644\u0623\u0634\u062e\u0627\u0635 \u0627\u0644\u0646\u0634\u0637\u064a\u0646 \u0648\u0623\u064a \u0634\u062e\u0635 \u064a\u0631\u063a\u0628 \u0641\u064a \u062f\u0639\u0645 \u0637\u0627\u0642\u062a\u0647 <strong data-start=\"\u201d1456\u201c\" data-end=\"\u201d1479\u201c\">\u062c\u0647\u0627\u0632\u0647 \u0627\u0644\u0645\u0646\u0627\u0639\u064a<\/strong> \u0648<strong data-start=\"\u20191487\u2018\" data-end=\"\u201d1508\u201c\">\u0631\u0641\u0627\u0647\u0647 \u0627\u0644\u0639\u0627\u0645<\/strong> \u064a\u0648\u0645\u064a\u064b\u0627.<\/p>\n<p data-start=\"1346\" data-end=\"1522\"><img fetchpriority=\"high\" decoding=\"async\" class=\"alignnone size-medium wp-image-19603\" src=\"https:\/\/elitenutritionmaroc.com\/wp-content\/uploads\/2025\/03\/Multivitamin-One-A-Day-BioTech-100-Tablettes-3-300x300.jpg\" alt=\"Multivitamin One-A-Day BioTech \u2013 100 Tablettes\" width=\"300\" height=\"300\" srcset=\"https:\/\/elitenutritionmaroc.com\/wp-content\/uploads\/2025\/03\/Multivitamin-One-A-Day-BioTech-100-Tablettes-3-300x300.jpg 300w, https:\/\/elitenutritionmaroc.com\/wp-content\/uploads\/2025\/03\/Multivitamin-One-A-Day-BioTech-100-Tablettes-3-800x800.jpg 800w, https:\/\/elitenutritionmaroc.com\/wp-content\/uploads\/2025\/03\/Multivitamin-One-A-Day-BioTech-100-Tablettes-3-150x150.jpg 150w, https:\/\/elitenutritionmaroc.com\/wp-content\/uploads\/2025\/03\/Multivitamin-One-A-Day-BioTech-100-Tablettes-3-768x768.jpg 768w, https:\/\/elitenutritionmaroc.com\/wp-content\/uploads\/2025\/03\/Multivitamin-One-A-Day-BioTech-100-Tablettes-3-860x860.jpg 860w, https:\/\/elitenutritionmaroc.com\/wp-content\/uploads\/2025\/03\/Multivitamin-One-A-Day-BioTech-100-Tablettes-3-430x430.jpg 430w, https:\/\/elitenutritionmaroc.com\/wp-content\/uploads\/2025\/03\/Multivitamin-One-A-Day-BioTech-100-Tablettes-3-700x700.jpg 700w, https:\/\/elitenutritionmaroc.com\/wp-content\/uploads\/2025\/03\/Multivitamin-One-A-Day-BioTech-100-Tablettes-3.jpg 1500w\" sizes=\"(max-width: 300px) 100vw, 300px\" \/><\/p>\n<h3 data-start=\"1529\" data-end=\"1549\">\u2705 \u0627\u0644\u0641\u0648\u0627\u0626\u062f \u0627\u0644\u0631\u0626\u064a\u0633\u064a\u0629<\/h3>\n<ul data-start=\"1551\" data-end=\"1873\">\n<li data-start=\"1551\" data-end=\"1600\">\n<p data-start=\"1553\" data-end=\"1600\" class=\" translation-block\">\u26a1 \u064a\u062f\u0639\u0645 <strong data-start=\"\u201d1566\u201c\" data-end=\"\u201d1577\u201c\">\u0627\u0644\u0637\u0627\u0642\u0629<\/strong> \u0648\u064a\u0642\u0644\u0644 \u0645\u0646 \u0627\u0644\u062a\u0639\u0628<\/p>\n<\/li>\n<li data-start=\"1601\" data-end=\"1667\">\n<p data-start=\"1603\" data-end=\"1667\" class=\" translation-block\">\ud83d\udee1\ufe0f \u064a\u0633\u0627\u0647\u0645 \u0641\u064a <strong data-start=\"\u201d1620\u201c\" data-end=\"\u201d1665\u201c\">\u0627\u0644\u062d\u0641\u0627\u0638 \u0639\u0644\u0649 \u0633\u0644\u0627\u0645\u0629 \u0627\u0644\u062c\u0647\u0627\u0632 \u0627\u0644\u0645\u0646\u0627\u0639\u064a<\/strong><\/p>\n<\/li>\n<li data-start=\"1668\" data-end=\"1726\">\n<p data-start=\"1670\" data-end=\"1726\">\ud83e\udde0 \u064a\u062f\u0639\u0645 \u0627\u0644\u0648\u0638\u0627\u0626\u0641 \u0627\u0644\u0639\u0642\u0644\u064a\u0629 \u0648\u0627\u0644\u062a\u0631\u0643\u064a\u0632<\/p>\n<\/li>\n<li data-start=\"1727\" data-end=\"1776\">\n<p data-start=\"1729\" data-end=\"1776\">\ud83d\udcaa \u064a\u0639\u0632\u0632 \u0627\u0644\u0623\u062f\u0627\u0621 \u0648\u0627\u0644\u0627\u0646\u062a\u0639\u0627\u0634<\/p>\n<\/li>\n<li data-start=\"1777\" data-end=\"1827\">\n<p data-start=\"1779\" data-end=\"1827\" class=\" translation-block\">\ud83d\udc8a <strong data-start=\"\u201d1782\u201c\" data-end=\"\u201d1805\u201c\">\u062d\u0628\u0629 \u0648\u0627\u062d\u062f\u0629 \u064a\u0648\u0645\u064a\u064b\u0627<\/strong>\u060c \u0628\u0633\u064a\u0637\u0629 \u0648\u0639\u0645\u0644\u064a\u0629<\/p>\n<\/li>\n<li data-start=\"1828\" data-end=\"1873\">\n<p data-start=\"1830\" data-end=\"1873\">\ud83c\udfcb\ufe0f \u0645\u0646\u0627\u0633\u0628 \u0644\u0644\u0631\u064a\u0627\u0636\u064a\u064a\u0646 \u0648\u063a\u064a\u0631 \u0627\u0644\u0631\u064a\u0627\u0636\u064a\u064a\u0646<\/p>\n<\/li>\n<\/ul>\n<h3 data-start=\"1880\" data-end=\"1923\">\ud83e\uddec \u0644\u0645\u0627\u0630\u0627 \u062a\u062e\u062a\u0627\u0631 \u0623\u0648\u0646-\u0623-\u062f\u0627\u064a \u0628\u064a\u0648\u062a\u0643\u061f<\/h3>\n<p data-start=\"1925\" data-end=\"2144\" class=\" translation-block\">\u062a\u0645 \u062a\u0637\u0648\u064a\u0631 \u062a\u0631\u0643\u064a\u0628\u0629 <strong data-start=\"\u201d1936\u201c\" data-end=\"\u201d1951\u201c\">\u0628\u064a\u0627\u0648\u062a\u064a\u0643 \u064a\u0648 \u0625\u0633 \u0625\u064a\u0647<\/strong> \u0644\u062a\u0648\u0641\u064a\u0631 <strong data-start=\"\u201d1982\u201c\" data-end=\"\u201d2022\u201c\">\u062a\u0648\u0627\u0632\u0646 \u0645\u062b\u0627\u0644\u064a \u0645\u0646 \u0627\u0644\u0645\u063a\u0630\u064a\u0627\u062a \u0627\u0644\u062f\u0642\u064a\u0642\u0629<\/strong>\u060c \u0627\u0644\u0636\u0631\u0648\u0631\u064a\u0629 \u0644\u0639\u0645\u0644 \u0627\u0644\u062c\u0633\u0645 \u0628\u0634\u0643\u0644 \u0633\u0644\u064a\u0645\u060c \u062e\u0627\u0635\u0629 \u0641\u064a \u0641\u062a\u0631\u0627\u062a \u0627\u0644\u0645\u062c\u0647\u0648\u062f \u0627\u0644\u0628\u062f\u0646\u064a \u0623\u0648 \u0627\u0644\u0625\u062c\u0647\u0627\u062f \u0623\u0648 \u0627\u0644\u062a\u0639\u0628.<\/p>\n<p data-start=\"1925\" data-end=\"2144\"><img decoding=\"async\" class=\"alignnone size-medium wp-image-19602\" src=\"https:\/\/elitenutritionmaroc.com\/wp-content\/uploads\/2025\/03\/Multivitamin-One-A-Day-BioTech-100-Tablettes-2-300x300.jpg\" alt=\"Multivitamin One-A-Day BioTech \u2013 100 Tablettes\" width=\"300\" height=\"300\" srcset=\"https:\/\/elitenutritionmaroc.com\/wp-content\/uploads\/2025\/03\/Multivitamin-One-A-Day-BioTech-100-Tablettes-2-300x300.jpg 300w, https:\/\/elitenutritionmaroc.com\/wp-content\/uploads\/2025\/03\/Multivitamin-One-A-Day-BioTech-100-Tablettes-2-800x800.jpg 800w, https:\/\/elitenutritionmaroc.com\/wp-content\/uploads\/2025\/03\/Multivitamin-One-A-Day-BioTech-100-Tablettes-2-150x150.jpg 150w, https:\/\/elitenutritionmaroc.com\/wp-content\/uploads\/2025\/03\/Multivitamin-One-A-Day-BioTech-100-Tablettes-2-768x768.jpg 768w, https:\/\/elitenutritionmaroc.com\/wp-content\/uploads\/2025\/03\/Multivitamin-One-A-Day-BioTech-100-Tablettes-2-860x860.jpg 860w, https:\/\/elitenutritionmaroc.com\/wp-content\/uploads\/2025\/03\/Multivitamin-One-A-Day-BioTech-100-Tablettes-2-430x430.jpg 430w, https:\/\/elitenutritionmaroc.com\/wp-content\/uploads\/2025\/03\/Multivitamin-One-A-Day-BioTech-100-Tablettes-2-700x700.jpg 700w, https:\/\/elitenutritionmaroc.com\/wp-content\/uploads\/2025\/03\/Multivitamin-One-A-Day-BioTech-100-Tablettes-2.jpg 1500w\" sizes=\"(max-width: 300px) 100vw, 300px\" \/><\/p>\n<h3 data-start=\"2151\" data-end=\"2180\">\ud83d\udd52 \u0646\u0635\u0627\u0626\u062d \u0627\u0644\u0627\u0633\u062a\u062e\u062f\u0627\u0645<\/h3>\n<ul data-start=\"2182\" data-end=\"2336\">\n<li data-start=\"2182\" data-end=\"2246\">\n<p data-start=\"2184\" data-end=\"2246\" class=\" translation-block\">\u062a\u0646\u0627\u0648\u0644 <strong data-start=\"\u201d2192\u201c\" data-end=\"\u201d2215\u201c\">\u062d\u0628\u0629 \u0648\u0627\u062d\u062f\u0629 \u064a\u0648\u0645\u064a\u064b\u0627<\/strong>\u060c \u0648\u064a\u0641\u0636\u0644 \u0623\u0646 \u062a\u0643\u0648\u0646 \u0645\u0639 \u0648\u062c\u0628\u0629 \u0637\u0639\u0627\u0645.<\/p>\n<\/li>\n<li data-start=\"2247\" data-end=\"2286\">\n<p data-start=\"2249\" data-end=\"2286\">\u0644\u0627 \u062a\u062a\u062c\u0627\u0648\u0632 \u0627\u0644\u062c\u0631\u0639\u0629 \u0627\u0644\u0645\u0648\u0635\u0649 \u0628\u0647\u0627<\/p>\n<\/li>\n<li data-start=\"2287\" data-end=\"2336\">\n<p data-start=\"2289\" data-end=\"2336\">\u064a\u0633\u062a\u0647\u0644\u0643 \u0641\u064a \u0625\u0637\u0627\u0631 \u0646\u0645\u0637 \u062d\u064a\u0627\u0629 \u0635\u062d\u064a<\/p>\n<\/li>\n<\/ul>\n<p><img decoding=\"async\" class=\"alignnone size-medium wp-image-19605\" src=\"https:\/\/elitenutritionmaroc.com\/wp-content\/uploads\/2025\/03\/Multivitamin-One-A-Day-BioTech-100-Tablettes-2-300x300.webp\" alt=\"Multivitamin One-A-Day BioTech \u2013 100 Tablettes\" width=\"300\" height=\"300\" srcset=\"https:\/\/elitenutritionmaroc.com\/wp-content\/uploads\/2025\/03\/Multivitamin-One-A-Day-BioTech-100-Tablettes-2-300x300.webp 300w, https:\/\/elitenutritionmaroc.com\/wp-content\/uploads\/2025\/03\/Multivitamin-One-A-Day-BioTech-100-Tablettes-2-150x150.webp 150w, https:\/\/elitenutritionmaroc.com\/wp-content\/uploads\/2025\/03\/Multivitamin-One-A-Day-BioTech-100-Tablettes-2.webp 361w\" sizes=\"(max-width: 300px) 100vw, 300px\" \/><\/p>\n<h3 data-start=\"2343\" data-end=\"2360\">\ud83c\udfaf \u0644\u0645\u0646\u061f<\/h3>\n<ul data-start=\"2362\" data-end=\"2511\">\n<li data-start=\"2362\" data-end=\"2395\">\n<p data-start=\"2364\" data-end=\"2395\">\u0627\u0644\u0631\u064a\u0627\u0636\u064a\u0648\u0646 \u0648\u0627\u0644\u0623\u0634\u062e\u0627\u0635 \u0627\u0644\u0646\u0634\u0637\u0648\u0646<\/p>\n<\/li>\n<li data-start=\"2396\" data-end=\"2416\">\n<p data-start=\"2398\" data-end=\"2416\">\u0631\u062c\u0627\u0644 \u0648\u0646\u0633\u0627\u0621<\/p>\n<\/li>\n<li data-start=\"2417\" data-end=\"2472\">\n<p data-start=\"2419\" data-end=\"2472\">\u0627\u0644\u0623\u0634\u062e\u0627\u0635 \u0627\u0644\u0630\u064a\u0646 \u064a\u0628\u062d\u062b\u0648\u0646 \u0639\u0646 \u0645\u0643\u0645\u0644\u0627\u062a \u0641\u064a\u062a\u0627\u0645\u064a\u0646\u064a\u0629 \u064a\u0648\u0645\u064a\u0629<\/p>\n<\/li>\n<li data-start=\"2473\" data-end=\"2511\">\n<p data-start=\"2475\" data-end=\"2511\">\u062f\u0639\u0645 \u0627\u0644\u0635\u062d\u0629 \u0648\u0627\u0644\u0637\u0627\u0642\u0629 \u0648\u0627\u0644\u0645\u0646\u0627\u0639\u0629<\/p>\n<\/li>\n<\/ul>\n<p><img loading=\"lazy\" decoding=\"async\" class=\"alignnone size-medium wp-image-19604\" src=\"https:\/\/elitenutritionmaroc.com\/wp-content\/uploads\/2025\/03\/Multivitamin-One-A-Day-BioTech-100-Tablettes-1-300x300.png\" alt=\"Multivitamin One-A-Day BioTech \u2013 100 Tablettes\" width=\"300\" height=\"300\" srcset=\"https:\/\/elitenutritionmaroc.com\/wp-content\/uploads\/2025\/03\/Multivitamin-One-A-Day-BioTech-100-Tablettes-1-300x300.png 300w, https:\/\/elitenutritionmaroc.com\/wp-content\/uploads\/2025\/03\/Multivitamin-One-A-Day-BioTech-100-Tablettes-1-150x150.png 150w, https:\/\/elitenutritionmaroc.com\/wp-content\/uploads\/2025\/03\/Multivitamin-One-A-Day-BioTech-100-Tablettes-1-430x430.png 430w, https:\/\/elitenutritionmaroc.com\/wp-content\/uploads\/2025\/03\/Multivitamin-One-A-Day-BioTech-100-Tablettes-1.png 526w\" sizes=\"(max-width: 300px) 100vw, 300px\" \/><\/p>\n<h3 data-start=\"2518\" data-end=\"2536\">\u26a0\ufe0f \u0627\u062d\u062a\u064a\u0627\u0637\u0627\u062a<\/h3>\n<p data-start=\"2538\" data-end=\"2640\">\u0645\u0643\u0645\u0644 \u063a\u0630\u0627\u0626\u064a. \u0644\u0627 \u064a\u062d\u0644 \u0645\u062d\u0644 \u0646\u0638\u0627\u0645 \u063a\u0630\u0627\u0626\u064a \u0645\u062a\u0648\u0627\u0632\u0646. \u064a\u062d\u0641\u0638 \u0628\u0639\u064a\u062f\u0627\u064b \u0639\u0646 \u0645\u062a\u0646\u0627\u0648\u0644 \u0627\u0644\u0623\u0637\u0641\u0627\u0644.<\/p>","protected":false},"excerpt":{"rendered":"<p>\ud83d\udc8a MULTIVITAMIN ONE-A-DAY BIOTECH \u2013 \u00c9QUILIBRE &amp; VITALIT\u00c9 Multivitamin One-A-Day BioTech est un compl\u00e9ment alimentaire complet, con\u00e7u pour couvrir les<\/p>","protected":false},"featured_media":19600,"comment_status":"open","ping_status":"closed","template":"","meta":[],"product_brand":[228],"product_cat":[486],"product_tag":[],"class_list":{"0":"post-16356","1":"product","2":"type-product","3":"status-publish","4":"has-post-thumbnail","6":"product_brand-biotesh","7":"product_cat-vitamines-et-mineraux","9":"first","10":"outofstock","11":"sale","12":"shipping-taxable","13":"purchasable","14":"product-type-simple"},"_links":{"self":[{"href":"https:\/\/elitenutritionmaroc.com\/ar\/wp-json\/wp\/v2\/product\/16356","targetHints":{"allow":["GET"]}}],"collection":[{"href":"https:\/\/elitenutritionmaroc.com\/ar\/wp-json\/wp\/v2\/product"}],"about":[{"href":"https:\/\/elitenutritionmaroc.com\/ar\/wp-json\/wp\/v2\/types\/product"}],"replies":[{"embeddable":true,"href":"https:\/\/elitenutritionmaroc.com\/ar\/wp-json\/wp\/v2\/comments?post=16356"}],"version-history":[{"count":2,"href":"https:\/\/elitenutritionmaroc.com\/ar\/wp-json\/wp\/v2\/product\/16356\/revisions"}],"predecessor-version":[{"id":20400,"href":"https:\/\/elitenutritionmaroc.com\/ar\/wp-json\/wp\/v2\/product\/16356\/revisions\/20400"}],"wp:featuredmedia":[{"embeddable":true,"href":"https:\/\/elitenutritionmaroc.com\/ar\/wp-json\/wp\/v2\/media\/19600"}],"wp:attachment":[{"href":"https:\/\/elitenutritionmaroc.com\/ar\/wp-json\/wp\/v2\/media?parent=16356"}],"wp:term":[{"taxonomy":"product_brand","embeddable":true,"href":"https:\/\/elitenutritionmaroc.com\/ar\/wp-json\/wp\/v2\/product_brand?post=16356"},{"taxonomy":"product_cat","embeddable":true,"href":"https:\/\/elitenutritionmaroc.com\/ar\/wp-json\/wp\/v2\/product_cat?post=16356"},{"taxonomy":"product_tag","embeddable":true,"href":"https:\/\/elitenutritionmaroc.com\/ar\/wp-json\/wp\/v2\/product_tag?post=16356"}],"curies":[{"name":"wp","href":"https:\/\/api.w.org\/{rel}","templated":true}]}}