{"id":16353,"date":"2025-03-23T05:55:53","date_gmt":"2025-03-23T05:55:53","guid":{"rendered":"https:\/\/elitenutritionmaroc.com\/?post_type=product&#038;p=16353"},"modified":"2026-02-21T16:31:14","modified_gmt":"2026-02-21T16:31:14","slug":"platinum-multivitamin","status":"publish","type":"product","link":"https:\/\/elitenutritionmaroc.com\/ar\/product\/platinum-multivitamin\/","title":{"rendered":"Platinum multivitamin Muscletech"},"content":{"rendered":"<div style=\"color: #cba74b; font-family: Arial, sans-serif; line-height: 1.6; text-align: left;\">\n<p data-start=\"0\" data-end=\"83\"><strong data-start=\"3\" data-end=\"83\">MUSCLETECH PLATINUM MULTIVITAMIN \u2013 SOUTIEN COMPLET &amp; PERFORMANCE QUOTIDIENNE<\/strong><\/p>\n<p data-start=\"85\" data-end=\"457\"><strong data-start=\"85\" data-end=\"151\">Platinum Multivitamin de <span class=\"hover:entity-accent entity-underline inline cursor-pointer align-baseline\"><span class=\"whitespace-normal\">MuscleTech<\/span><\/span><\/strong> est une formule avanc\u00e9e sp\u00e9cialement con\u00e7ue pour les sportifs et les personnes actives qui souhaitent optimiser leur sant\u00e9, leur \u00e9nergie et leurs performances. Ce complexe complet apporte des vitamines et min\u00e9raux essentiels pour soutenir le m\u00e9tabolisme, renforcer l\u2019immunit\u00e9 et am\u00e9liorer la r\u00e9cup\u00e9ration.<\/p>\n<p data-start=\"459\" data-end=\"573\">C\u2019est le bouclier nutritionnel quotidien qui comble les carences et aide le corps \u00e0 fonctionner \u00e0 pleine capacit\u00e9.<\/p>\n<hr data-start=\"575\" data-end=\"578\" \/>\n<h2 data-start=\"580\" data-end=\"599\">\u2705 \u0627\u0644\u0645\u0632\u0627\u064a\u0627 \u0627\u0644\u0631\u0626\u064a\u0633\u064a\u0629<\/h2>\n<p data-start=\"601\" data-end=\"904\">\u26a1 Soutient la production d\u2019\u00e9nergie et r\u00e9duit la fatigue<br data-start=\"656\" data-end=\"659\" \/>\ud83d\udee1\ufe0f Renforce le syst\u00e8me immunitaire<br data-start=\"694\" data-end=\"697\" \/>\ud83d\udcaa Favorise la r\u00e9cup\u00e9ration et la performance sportive<br data-start=\"751\" data-end=\"754\" \/>\ud83e\uddec Apporte des vitamines et min\u00e9raux essentiels<br data-start=\"801\" data-end=\"804\" \/>\ud83e\udde0 Soutient le bon fonctionnement du m\u00e9tabolisme<br data-start=\"852\" data-end=\"855\" \/>\ud83c\udfcb\ufe0f\u200d\u2642\ufe0f Id\u00e9al pour sportifs et personnes actives<\/p>\n<hr data-start=\"906\" data-end=\"909\" \/>\n<h2 data-start=\"911\" data-end=\"957\">\ud83e\udde0 Pourquoi choisir Platinum Multivitamin ?<\/h2>\n<p data-start=\"959\" data-end=\"1077\">L\u2019entra\u00eenement intensif, le stress et le rythme quotidien augmentent les besoins nutritionnels. Cette formule aide \u00e0 :<\/p>\n<p data-start=\"1079\" data-end=\"1233\">\u2022 Combler les carences nutritionnelles<br data-start=\"1117\" data-end=\"1120\" \/>\u2022 Am\u00e9liorer les performances physiques<br data-start=\"1158\" data-end=\"1161\" \/>\u2022 Soutenir la r\u00e9cup\u00e9ration musculaire<br data-start=\"1198\" data-end=\"1201\" \/>\u2022 Maintenir une sant\u00e9 optimale<\/p>\n<p data-start=\"1235\" data-end=\"1332\">Il agit comme une base essentielle pour maximiser les r\u00e9sultats sportifs et le bien-\u00eatre g\u00e9n\u00e9ral.<\/p>\n<\/div>","protected":false},"excerpt":{"rendered":"<h3>\ud83d\udce6 Available Sizes:<\/h3>\n<ul>\n<li>\ud83d\udccf <strong>90 Tablets<\/strong> \u2013 30-day supply.<\/li>\n<\/ul>\n<ul>\n<li>\u2714 <strong>Advanced daily multivitamin for athletes<\/strong><\/li>\n<li>\u2714 Supports immune system and overall health<\/li>\n<li>\u2714 Packed with 18 vitamins and minerals, including antioxidants<\/li>\n<li>\u2714 Enhances energy production and metabolism<\/li>\n<li>\u2714 Promotes muscle recovery and performance<\/li>\n<li>\u2714 Scientifically designed for active individuals<\/li>\n<\/ul>","protected":false},"featured_media":16354,"comment_status":"open","ping_status":"closed","template":"","meta":[],"product_brand":[220],"product_cat":[685],"product_tag":[],"class_list":{"0":"post-16353","1":"product","2":"type-product","3":"status-publish","4":"has-post-thumbnail","6":"product_brand-muscletech","7":"product_cat-non-classe","9":"first","10":"instock","11":"shipping-taxable","12":"purchasable","13":"product-type-simple"},"_links":{"self":[{"href":"https:\/\/elitenutritionmaroc.com\/ar\/wp-json\/wp\/v2\/product\/16353","targetHints":{"allow":["GET"]}}],"collection":[{"href":"https:\/\/elitenutritionmaroc.com\/ar\/wp-json\/wp\/v2\/product"}],"about":[{"href":"https:\/\/elitenutritionmaroc.com\/ar\/wp-json\/wp\/v2\/types\/product"}],"replies":[{"embeddable":true,"href":"https:\/\/elitenutritionmaroc.com\/ar\/wp-json\/wp\/v2\/comments?post=16353"}],"version-history":[{"count":3,"href":"https:\/\/elitenutritionmaroc.com\/ar\/wp-json\/wp\/v2\/product\/16353\/revisions"}],"predecessor-version":[{"id":20287,"href":"https:\/\/elitenutritionmaroc.com\/ar\/wp-json\/wp\/v2\/product\/16353\/revisions\/20287"}],"wp:featuredmedia":[{"embeddable":true,"href":"https:\/\/elitenutritionmaroc.com\/ar\/wp-json\/wp\/v2\/media\/16354"}],"wp:attachment":[{"href":"https:\/\/elitenutritionmaroc.com\/ar\/wp-json\/wp\/v2\/media?parent=16353"}],"wp:term":[{"taxonomy":"product_brand","embeddable":true,"href":"https:\/\/elitenutritionmaroc.com\/ar\/wp-json\/wp\/v2\/product_brand?post=16353"},{"taxonomy":"product_cat","embeddable":true,"href":"https:\/\/elitenutritionmaroc.com\/ar\/wp-json\/wp\/v2\/product_cat?post=16353"},{"taxonomy":"product_tag","embeddable":true,"href":"https:\/\/elitenutritionmaroc.com\/ar\/wp-json\/wp\/v2\/product_tag?post=16353"}],"curies":[{"name":"wp","href":"https:\/\/api.w.org\/{rel}","templated":true}]}}