{"id":16345,"date":"2025-03-23T05:39:17","date_gmt":"2025-03-23T05:39:17","guid":{"rendered":"https:\/\/elitenutritionmaroc.com\/?post_type=product&#038;p=16345"},"modified":"2026-04-03T19:23:03","modified_gmt":"2026-04-03T18:23:03","slug":"nitrotech-100-wheygold-muscletech","status":"publish","type":"product","link":"https:\/\/elitenutritionmaroc.com\/ar\/product\/nitrotech-100-wheygold-muscletech\/","title":{"rendered":"Nitro-Tech 100% Whey Gold MuscleTech"},"content":{"rendered":"<article class=\"text-token-text-primary w-full focus:outline-none [--shadow-height:45px] has-data-writing-block:pointer-events-none has-data-writing-block:-mt-(--shadow-height) has-data-writing-block:pt-(--shadow-height) [&amp;:has([data-writing-block])&gt;*]:pointer-events-auto scroll-mt-(--header-height)\" dir=\"auto\" data-turn-id=\"5f4771fa-7179-4b48-b3a2-74040b428420\" data-testid=\"conversation-turn-3\" data-scroll-anchor=\"false\" data-turn=\"user\"><\/article>\n<article class=\"text-token-text-primary w-full focus:outline-none [--shadow-height:45px] has-data-writing-block:pointer-events-none has-data-writing-block:-mt-(--shadow-height) has-data-writing-block:pt-(--shadow-height) [&amp;:has([data-writing-block])&gt;*]:pointer-events-auto scroll-mt-[calc(var(--header-height)+min(200px,max(70px,20svh)))]\" dir=\"auto\" data-turn-id=\"request-WEB:2ab231d7-54d4-4848-a338-686e4796eed4-1\" data-testid=\"conversation-turn-4\" data-scroll-anchor=\"true\" data-turn=\"assistant\">\n<div class=\"text-base my-auto mx-auto pb-10 [--thread-content-margin:--spacing(4)] @w-sm\/main:[--thread-content-margin:--spacing(6)] @w-lg\/main:[--thread-content-margin:--spacing(16)] px-(--thread-content-margin)\">\n<div class=\"[--thread-content-max-width:40rem] @w-lg\/main:[--thread-content-max-width:48rem] mx-auto max-w-(--thread-content-max-width) flex-1 group\/turn-messages focus-visible:outline-hidden relative flex w-full min-w-0 flex-col agent-turn\">\n<div class=\"flex max-w-full flex-col grow\">\n<div class=\"min-h-8 text-message relative flex w-full flex-col items-end gap-2 text-start break-words whitespace-normal [.text-message+&amp;]:mt-1\" dir=\"auto\" data-message-author-role=\"assistant\" data-message-id=\"31fad13e-3fad-42a8-a037-82d3bd051a63\" data-message-model-slug=\"gpt-5-2\">\n<div class=\"flex w-full flex-col gap-1 empty:hidden first:pt-[1px]\">\n<div class=\"markdown prose dark:prose-invert w-full wrap-break-word light markdown-new-styling\">\n<p data-start=\"0\" data-end=\"83\"><strong data-start=\"3\" data-end=\"83\">PROT\u00c9INE NITRO-TECH 100% WHEY GOLD 2,27 KG \u2013 PURET\u00c9 &amp; PERFORMANCE SUP\u00c9RIEURE<\/strong><\/p>\n<p data-start=\"85\" data-end=\"401\"><strong data-start=\"85\" data-end=\"163\">Nitro-Tech 100% Whey Gold 2,27 kg de <span class=\"hover:entity-accent entity-underline inline cursor-pointer align-baseline\"><span class=\"whitespace-normal\">MuscleTech<\/span><\/span><\/strong> est une prot\u00e9ine premium formul\u00e9e \u00e0 partir de whey isolate et de peptides de whey de haute qualit\u00e9, id\u00e9ale pour les sportifs qui veulent d\u00e9velopper une masse musculaire propre, am\u00e9liorer leur r\u00e9cup\u00e9ration et maximiser leurs performances.<\/p>\n<p data-start=\"403\" data-end=\"602\">Sa filtration avanc\u00e9e garantit une prot\u00e9ine pure, rapidement assimil\u00e9e par l\u2019organisme, avec un profil complet en acides amin\u00e9s essentiels et BCAA pour soutenir efficacement la croissance musculaire.<\/p>\n<hr data-start=\"604\" data-end=\"607\" \/>\n<h2 data-start=\"609\" data-end=\"628\">\u2705 Avantages cl\u00e9s<\/h2>\n<p data-start=\"630\" data-end=\"923\">\ud83d\ude80 Absorption rapide gr\u00e2ce \u00e0 la whey isolate et peptides<br data-start=\"686\" data-end=\"689\" \/>\ud83d\udcaa Favorise la construction de muscle sec<br data-start=\"730\" data-end=\"733\" \/>\ud83d\udd04 Am\u00e9liore la r\u00e9cup\u00e9ration post-entra\u00eenement<br data-start=\"778\" data-end=\"781\" \/>\ud83e\uddec Riche en BCAA et acides amin\u00e9s essentiels<br data-start=\"825\" data-end=\"828\" \/>\u2696\ufe0f Faible en sucres et mati\u00e8res grasses<br data-start=\"867\" data-end=\"870\" \/>\ud83c\udfcb\ufe0f\u200d\u2642\ufe0f Parfaite pour prise de masse propre ou s\u00e8che<\/p>\n<hr data-start=\"925\" data-end=\"928\" \/>\n<h2 data-start=\"930\" data-end=\"980\">\ud83e\udde0 Pourquoi choisir Nitro-Tech 100% Whey Gold ?<\/h2>\n<p data-start=\"982\" data-end=\"1038\">Cette formule combine puret\u00e9 et efficacit\u00e9 pour offrir :<\/p>\n<p data-start=\"1040\" data-end=\"1242\">\u2022 Une digestion rapide et confortable<br data-start=\"1077\" data-end=\"1080\" \/>\u2022 Une assimilation optimale des nutriments<br data-start=\"1122\" data-end=\"1125\" \/>\u2022 Un soutien maximal \u00e0 la r\u00e9cup\u00e9ration musculaire<br data-start=\"1174\" data-end=\"1177\" \/>\u2022 Une prot\u00e9ine de haute qualit\u00e9 adapt\u00e9e aux objectifs exigeants<\/p>\n<p data-start=\"1244\" data-end=\"1352\">Elle repr\u00e9sente un excellent choix pour les sportifs recherchant performance, qualit\u00e9 et r\u00e9sultats visibles.<\/p>\n<hr data-start=\"1354\" data-end=\"1357\" \/>\n<h2 data-start=\"1359\" data-end=\"1387\">\ud83d\udd52 Conseils d\u2019utilisation<\/h2>\n<p data-start=\"1389\" data-end=\"1572\">\u2022 M\u00e9langer 1 dose (~30 g) avec 200\u2013250 ml d\u2019eau ou lait<br data-start=\"1444\" data-end=\"1447\" \/>\u2022 Consommer apr\u00e8s l\u2019entra\u00eenement pour optimiser la r\u00e9cup\u00e9ration<br data-start=\"1510\" data-end=\"1513\" \/>\u2022 Peut \u00eatre utilis\u00e9e au petit-d\u00e9jeuner ou entre les repas<\/p>\n<hr data-start=\"1574\" data-end=\"1577\" \/>\n<h2 data-start=\"1579\" data-end=\"1595\">\ud83c\udfaf Pour qui ?<\/h2>\n<p data-start=\"1597\" data-end=\"1812\">\ud83c\udfcb\ufe0f\u200d\u2642\ufe0f Pratiquants de musculation et fitness<br data-start=\"1641\" data-end=\"1644\" \/>\u26a1 Athl\u00e8tes et sportifs intensifs<br data-start=\"1676\" data-end=\"1679\" \/>\ud83d\udd25 Personnes en phase de s\u00e8che<br data-start=\"1709\" data-end=\"1712\" \/>\ud83d\udcc8 Objectif prise de masse propre<br data-start=\"1745\" data-end=\"1748\" \/>\ud83e\udd64 Toute personne souhaitant augmenter son apport en prot\u00e9ines<\/p>\n<hr data-start=\"1814\" data-end=\"1817\" \/>\n<h2 data-start=\"1819\" data-end=\"1836\">\u26a0\ufe0f Pr\u00e9cautions<\/h2>\n<p data-start=\"1838\" data-end=\"1961\">Compl\u00e9ment alimentaire. \u00c0 utiliser dans le cadre d\u2019une alimentation vari\u00e9e et \u00e9quilibr\u00e9e. Respecter les doses recommand\u00e9es.<\/p>\n<\/div>\n<\/div>\n<\/div>\n<\/div>\n<\/div>\n<\/div>\n<\/article>\n","protected":false},"excerpt":{"rendered":"<h3>\ud83d\udd25 Key Benefits:<\/h3>\n<ul>\n<li>\ud83d\udca5 <strong>High-Quality Whey Protein<\/strong> \u2013 30g of protein per serving from whey peptides and isolate.<\/li>\n<li>\u26a1 <strong>Enhanced with 3g of Creatine<\/strong> \u2013 Supports strength, power, and muscle mass.<\/li>\n<li>\ud83c\udfcb\ufe0f\u200d\u2642\ufe0f <strong>Rich in BCAAs &amp; Glutamine<\/strong> \u2013 6.6g of BCAAs and 5g of glutamine for muscle recovery.<\/li>\n<li>\ud83d\ude80 <strong>Fast Absorption<\/strong> \u2013 Quick digestion for optimal post-workout muscle repair.<\/li>\n<li>\ud83c\udf43 <strong>Low in Fat &amp; Sugar<\/strong> \u2013 A clean protein source with minimal additives.<\/li>\n<\/ul>","protected":false},"featured_media":20279,"comment_status":"open","ping_status":"closed","template":"","meta":[],"product_brand":[220],"product_cat":[485],"product_tag":[],"class_list":{"0":"post-16345","1":"product","2":"type-product","3":"status-publish","4":"has-post-thumbnail","6":"product_brand-muscletech","7":"product_cat-proteines","9":"first","10":"instock","11":"shipping-taxable","12":"purchasable","13":"product-type-simple"},"_links":{"self":[{"href":"https:\/\/elitenutritionmaroc.com\/ar\/wp-json\/wp\/v2\/product\/16345","targetHints":{"allow":["GET"]}}],"collection":[{"href":"https:\/\/elitenutritionmaroc.com\/ar\/wp-json\/wp\/v2\/product"}],"about":[{"href":"https:\/\/elitenutritionmaroc.com\/ar\/wp-json\/wp\/v2\/types\/product"}],"replies":[{"embeddable":true,"href":"https:\/\/elitenutritionmaroc.com\/ar\/wp-json\/wp\/v2\/comments?post=16345"}],"version-history":[{"count":4,"href":"https:\/\/elitenutritionmaroc.com\/ar\/wp-json\/wp\/v2\/product\/16345\/revisions"}],"predecessor-version":[{"id":20389,"href":"https:\/\/elitenutritionmaroc.com\/ar\/wp-json\/wp\/v2\/product\/16345\/revisions\/20389"}],"wp:featuredmedia":[{"embeddable":true,"href":"https:\/\/elitenutritionmaroc.com\/ar\/wp-json\/wp\/v2\/media\/20279"}],"wp:attachment":[{"href":"https:\/\/elitenutritionmaroc.com\/ar\/wp-json\/wp\/v2\/media?parent=16345"}],"wp:term":[{"taxonomy":"product_brand","embeddable":true,"href":"https:\/\/elitenutritionmaroc.com\/ar\/wp-json\/wp\/v2\/product_brand?post=16345"},{"taxonomy":"product_cat","embeddable":true,"href":"https:\/\/elitenutritionmaroc.com\/ar\/wp-json\/wp\/v2\/product_cat?post=16345"},{"taxonomy":"product_tag","embeddable":true,"href":"https:\/\/elitenutritionmaroc.com\/ar\/wp-json\/wp\/v2\/product_tag?post=16345"}],"curies":[{"name":"wp","href":"https:\/\/api.w.org\/{rel}","templated":true}]}}