{"id":16118,"date":"2025-03-19T17:31:15","date_gmt":"2025-03-19T17:31:15","guid":{"rendered":"https:\/\/elitenutritionmaroc.com\/?post_type=product&#038;p=16118"},"modified":"2026-04-24T14:13:35","modified_gmt":"2026-04-24T13:13:35","slug":"mass-tech-extreme","status":"publish","type":"product","link":"https:\/\/elitenutritionmaroc.com\/ar\/product\/mass-tech-extreme\/","title":{"rendered":"Mass Tech Extreme 2,7 Kg"},"content":{"rendered":"<p data-start=\"0\" data-end=\"72\"><strong data-start=\"3\" data-end=\"72\">Gainer MASS-TECH EXTREME 2000 2,7 KG \u2013 MASSE MAXIMALE &amp; PUISSANCE<\/strong><\/p>\n<p data-start=\"74\" data-end=\"481\"><strong data-start=\"74\" data-end=\"148\">Mass-Tech Extreme 2000 2,7 kg de <span class=\"hover:entity-accent entity-underline inline cursor-pointer align-baseline\"><span class=\"whitespace-normal\">MuscleTech<\/span><\/span><\/strong> est un gainer haute performance sp\u00e9cialement con\u00e7u pour les sportifs qui souhaitent prendre rapidement de la masse musculaire, augmenter leur force et am\u00e9liorer leur r\u00e9cup\u00e9ration. Sa formule avanc\u00e9e combine des prot\u00e9ines de qualit\u00e9, des glucides complexes et des calories \u00e9lev\u00e9es pour soutenir efficacement la croissance musculaire.<\/p>\n<p data-start=\"483\" data-end=\"611\">Ce gainer est id\u00e9al pour les personnes ayant un m\u00e9tabolisme rapide ou qui ont des difficult\u00e9s \u00e0 prendre du poids et de la masse.<\/p>\n<hr data-start=\"613\" data-end=\"616\" \/>\n<h2 data-start=\"618\" data-end=\"637\">\u2705 \u0627\u0644\u0645\u0632\u0627\u064a\u0627 \u0627\u0644\u0631\u0626\u064a\u0633\u064a\u0629<\/h2>\n<p data-start=\"639\" data-end=\"978\">\ud83d\udcc8 Apport calorique \u00e9lev\u00e9 pour une prise de masse rapide<br data-start=\"695\" data-end=\"698\" \/>\ud83d\udcaa Favorise la croissance musculaire et la force<br data-start=\"746\" data-end=\"749\" \/>\ud83d\udd04 Am\u00e9liore la r\u00e9cup\u00e9ration apr\u00e8s l\u2019entra\u00eenement<br data-start=\"797\" data-end=\"800\" \/>\ud83e\uddec Contient des prot\u00e9ines de haute qualit\u00e9 et BCAA<br data-start=\"850\" data-end=\"853\" \/>\u26a1 Apporte l\u2019\u00e9nergie n\u00e9cessaire aux entra\u00eenements intensifs<br data-start=\"911\" data-end=\"914\" \/>\ud83c\udfcb\ufe0f\u200d\u2642\ufe0f Id\u00e9al pour les hard gainers et phases de prise de masse<\/p>\n<hr data-start=\"980\" data-end=\"983\" \/>\n<h2 data-start=\"985\" data-end=\"1032\">\ud83e\udde0 Pourquoi choisir Mass-Tech Extreme 2000 ?<\/h2>\n<p data-start=\"1034\" data-end=\"1133\">Sa formule compl\u00e8te fournit tout ce dont le corps a besoin pour construire du muscle efficacement :<\/p>\n<p data-start=\"1135\" data-end=\"1359\">\u2022 M\u00e9lange de prot\u00e9ines pour soutenir la synth\u00e8se musculaire<br data-start=\"1194\" data-end=\"1197\" \/>\u2022 Glucides pour restaurer les r\u00e9serves d\u2019\u00e9nergie<br data-start=\"1245\" data-end=\"1248\" \/>\u2022 Apport calorique optimal pour favoriser la prise de poids<br data-start=\"1307\" data-end=\"1310\" \/>\u2022 Soutien \u00e0 la performance et \u00e0 la r\u00e9cup\u00e9ration<\/p>\n<p data-start=\"1361\" data-end=\"1457\">Il aide \u00e0 cr\u00e9er un environnement anabolique favorable \u00e0 une prise de masse rapide et de qualit\u00e9.<\/p>\n<hr data-start=\"1459\" data-end=\"1462\" \/>\n<h2 data-start=\"1464\" data-end=\"1492\">\ud83d\udd52 \u0646\u0635\u0627\u0626\u062d \u0627\u0644\u0627\u0633\u062a\u062e\u062f\u0627\u0645<\/h2>\n<p data-start=\"1494\" data-end=\"1697\">\u2022 M\u00e9langer 1 portion avec 400\u2013500 ml d\u2019eau ou de lait<br data-start=\"1547\" data-end=\"1550\" \/>\u2022 Consommer apr\u00e8s l\u2019entra\u00eenement pour optimiser la r\u00e9cup\u00e9ration<br data-start=\"1613\" data-end=\"1616\" \/>\u2022 Peut \u00eatre utilis\u00e9 entre les repas pour augmenter l\u2019apport calorique quotidien<\/p>\n<hr data-start=\"1699\" data-end=\"1702\" \/>\n<h2 data-start=\"1704\" data-end=\"1720\">\ud83c\udfaf \u0644\u0645\u0646\u061f<\/h2>\n<p data-start=\"1722\" data-end=\"1997\">\ud83c\udfcb\ufe0f\u200d\u2642\ufe0f Pratiquants de musculation en prise de masse<br data-start=\"1773\" data-end=\"1776\" \/>\u26a1 Hard gainers ayant du mal \u00e0 prendre du poids<br data-start=\"1822\" data-end=\"1825\" \/>\ud83d\udd25 Sportifs cherchant \u00e0 augmenter leur masse et leur force<br data-start=\"1883\" data-end=\"1886\" \/>\ud83d\udcc8 Athl\u00e8tes en phase de d\u00e9veloppement musculaire<br data-start=\"1934\" data-end=\"1937\" \/>\ud83e\udd64 Toute personne ayant besoin d\u2019un apport calorique \u00e9lev\u00e9<\/p>\n<hr data-start=\"1999\" data-end=\"2002\" \/>\n<h2 data-start=\"2004\" data-end=\"2021\">\u26a0\ufe0f \u0627\u062d\u062a\u064a\u0627\u0637\u0627\u062a<\/h2>\n<p data-start=\"2023\" data-end=\"2156\">Compl\u00e9ment alimentaire. Ne remplace pas une alimentation \u00e9quilibr\u00e9e. Respecter les doses recommand\u00e9es et adopter un mode de vie sain.<\/p>","protected":false},"excerpt":{"rendered":"<p>Gainer MASS-TECH EXTREME 2000 2,7 KG \u2013 MASSE MAXIMALE &amp; PUISSANCE Mass-Tech Extreme 2000 2,7 kg de MuscleTech est un<\/p>","protected":false},"featured_media":20283,"comment_status":"open","ping_status":"closed","template":"","meta":[],"product_brand":[220],"product_cat":[499],"product_tag":[],"class_list":{"0":"post-16118","1":"product","2":"type-product","3":"status-publish","4":"has-post-thumbnail","6":"product_brand-muscletech","7":"product_cat-gainers","9":"first","10":"outofstock","11":"shipping-taxable","12":"purchasable","13":"product-type-simple"},"_links":{"self":[{"href":"https:\/\/elitenutritionmaroc.com\/ar\/wp-json\/wp\/v2\/product\/16118","targetHints":{"allow":["GET"]}}],"collection":[{"href":"https:\/\/elitenutritionmaroc.com\/ar\/wp-json\/wp\/v2\/product"}],"about":[{"href":"https:\/\/elitenutritionmaroc.com\/ar\/wp-json\/wp\/v2\/types\/product"}],"replies":[{"embeddable":true,"href":"https:\/\/elitenutritionmaroc.com\/ar\/wp-json\/wp\/v2\/comments?post=16118"}],"version-history":[{"count":3,"href":"https:\/\/elitenutritionmaroc.com\/ar\/wp-json\/wp\/v2\/product\/16118\/revisions"}],"predecessor-version":[{"id":20282,"href":"https:\/\/elitenutritionmaroc.com\/ar\/wp-json\/wp\/v2\/product\/16118\/revisions\/20282"}],"wp:featuredmedia":[{"embeddable":true,"href":"https:\/\/elitenutritionmaroc.com\/ar\/wp-json\/wp\/v2\/media\/20283"}],"wp:attachment":[{"href":"https:\/\/elitenutritionmaroc.com\/ar\/wp-json\/wp\/v2\/media?parent=16118"}],"wp:term":[{"taxonomy":"product_brand","embeddable":true,"href":"https:\/\/elitenutritionmaroc.com\/ar\/wp-json\/wp\/v2\/product_brand?post=16118"},{"taxonomy":"product_cat","embeddable":true,"href":"https:\/\/elitenutritionmaroc.com\/ar\/wp-json\/wp\/v2\/product_cat?post=16118"},{"taxonomy":"product_tag","embeddable":true,"href":"https:\/\/elitenutritionmaroc.com\/ar\/wp-json\/wp\/v2\/product_tag?post=16118"}],"curies":[{"name":"wp","href":"https:\/\/api.w.org\/{rel}","templated":true}]}}